{"id":98485,"date":"2024-12-10T13:21:48","date_gmt":"2024-12-10T13:21:48","guid":{"rendered":"https:\/\/www.les-balcons.com\/les-balcons-and-you-fidelite\/"},"modified":"2026-02-25T10:57:02","modified_gmt":"2026-02-25T10:57:02","slug":"les-balcons-and-you-loyalty-program","status":"publish","type":"page","link":"https:\/\/www.les-balcons.com\/en\/les-balcons-and-you-loyalty-program\/","title":{"rendered":"Les Balcons and you &#8211; loyalty program"},"content":{"rendered":"\n<div class=\"wp-block-uagb-container uagb-block-cdbf8193 alignfull uagb-is-root-container\"><div class=\"uagb-container-inner-blocks-wrap\">\n<div style=\"height:10px\" aria-hidden=\"true\" class=\"wp-block-spacer\"><\/div>\n\n\n\n<h1 class=\"wp-block-heading has-text-align-center has-large-font-size wp-container-content-9cfa9a5a\">Discover the new Les Balcons loyalty program<\/h1>\n\n\n\n<div style=\"height:10px\" aria-hidden=\"true\" class=\"wp-block-spacer\"><\/div>\n\n\n<div class=\"wp-block-image\">\n<figure class=\"aligncenter size-full is-resized\"><img loading=\"lazy\" decoding=\"async\" width=\"1152\" height=\"648\" src=\"https:\/\/www.les-balcons.com\/wp-content\/uploads\/les-balcons-and-you.gif\" alt=\"\" class=\"wp-image-98480\" style=\"width:1152px\"\/><\/figure>\n<\/div>\n\n\n<div style=\"height:10px\" aria-hidden=\"true\" class=\"wp-block-spacer\"><\/div>\n\n\n\n<div class=\"wp-block-group\"><div class=\"wp-block-group__inner-container is-layout-constrained wp-block-group-is-layout-constrained\">\n<h2 class=\"wp-block-heading has-text-align-left has-medium-font-size wp-container-content-9cfa9a5a\">Join now<\/h2>\n\n\n\n<h2 class=\"titre-DS\"><span style=\"color:#28638a;\"> Les Balcons &#038; You<\/span><\/h2>\r\n<\/div><\/div>\n\n\n\n<div class=\"wp-block-columns is-layout-flex wp-container-core-columns-is-layout-9d6595d7 wp-block-columns-is-layout-flex\">\n<div class=\"wp-block-column is-layout-flow wp-block-column-is-layout-flow\">\n<p><span style=\"font-weight: 400;\">At the <\/span><b>Les Balcons<\/b><span style=\"font-weight: 400;\"> group, we are committed to rewarding your loyalty. You&#8217;ve chosen to stay in our residences or hotels for your mountain getaways, and we want to thank you for your trust.<\/span><\/p>\n\n\n\n<p><span style=\"font-weight: 400;\">That&#8217;s why we&#8217;ve set up a brand-new <\/span><b>loyalty program<\/b><span style=\"font-weight: 400;\"> to enable you to accumulate points and benefit from <\/span><b>exclusive discounts<\/b><span style=\"font-weight: 400;\"> on your future stays.<\/span><\/p>\n<\/div>\n\n\n\n<div class=\"wp-block-column is-layout-flow wp-block-column-is-layout-flow\"><div class=\"wp-block-image\">\n<figure class=\"aligncenter size-full is-resized\"><img loading=\"lazy\" decoding=\"async\" width=\"921\" height=\"518\" src=\"https:\/\/www.les-balcons.com\/wp-content\/uploads\/coeur-gif.gif\" alt=\"\" class=\"wp-image-96385\" style=\"object-fit:cover;width:250px;height:220px\"\/><\/figure>\n<\/div><\/div>\n<\/div>\n\n\n\n<h2 class=\"titre-DS\"><span style=\"color:#28638a;\">How does it work ?<\/span><\/h2>\r\n\n\n\n<p>Each time you book a stay online (excluding tour operators, owners and other partners), you accumulate points based on the amount you spend on accommodation in our establishments*.<br\/>The more you stay, the more points you earn, and the more discounts you&#8217;ll get on your next stays!<\/p>\n\n\n\n<figure class=\"wp-block-image size-large\"><img loading=\"lazy\" decoding=\"async\" width=\"1024\" height=\"706\" src=\"https:\/\/www.les-balcons.com\/wp-content\/uploads\/graphique-points-1024x706.png\" alt=\"\" class=\"wp-image-98486\" srcset=\"https:\/\/www.les-balcons.com\/wp-content\/uploads\/graphique-points-1024x706.png 1024w, https:\/\/www.les-balcons.com\/wp-content\/uploads\/graphique-points-300x207.png 300w, https:\/\/www.les-balcons.com\/wp-content\/uploads\/graphique-points-768x529.png 768w, https:\/\/www.les-balcons.com\/wp-content\/uploads\/graphique-points-1536x1059.png 1536w, https:\/\/www.les-balcons.com\/wp-content\/uploads\/graphique-points.png 1600w\" sizes=\"auto, (max-width: 1024px) 100vw, 1024px\" \/><\/figure>\n\n\n\n<p><span style=\"font-weight: 400;\">Points are awarded after each stay, once the stay has been completed and invoiced.&#13;\n<\/span><span style=\"font-weight: 400;\">Collect points and turn them into gift vouchers! As soon as you reach 200 points, a gift voucher (minimum \u20ac50) is automatically generated, equivalent to the amount of your account balance.<\/span> <span style=\"font-weight: 400;\">You can then use your gift vouchers in the form of a discount on your next stay.&#13;\n<\/span><span style=\"font-weight: 400;\">* as well as half-board and breakfast packages for hotel bookings.<\/span><\/p>\n\n\n\n<div style=\"height:15px\" aria-hidden=\"true\" class=\"wp-block-spacer\"><\/div>\n\n\n\n<h2 class=\"titre-DS\"><span style=\"color:#28638a;\">Is this your first stay? Welcome to our loyalty program!<\/span><\/h2>\r\n\n\n\n<div class=\"wp-block-group uag-hide-mob is-horizontal is-content-justification-left is-nowrap is-layout-flex wp-container-core-group-is-layout-531651d8 wp-block-group-is-layout-flex\">\n<figure class=\"wp-block-image size-full uag-hide-mob\"><img loading=\"lazy\" decoding=\"async\" width=\"1600\" height=\"1066\" src=\"https:\/\/www.les-balcons.com\/wp-content\/uploads\/photo-2-bu.jpg\" alt=\"\" class=\"wp-image-97955\" style=\"object-fit:cover\" srcset=\"https:\/\/www.les-balcons.com\/wp-content\/uploads\/photo-2-bu.jpg?v=1735050536 1600w, https:\/\/www.les-balcons.com\/wp-content\/uploads\/photo-2-bu-300x200.jpg?v=1735050536 300w, https:\/\/www.les-balcons.com\/wp-content\/uploads\/photo-2-bu-1024x682.jpg?v=1735050536 1024w, https:\/\/www.les-balcons.com\/wp-content\/uploads\/photo-2-bu-768x512.jpg?v=1735050536 768w, https:\/\/www.les-balcons.com\/wp-content\/uploads\/photo-2-bu-1536x1023.jpg?v=1735050536 1536w\" sizes=\"auto, (max-width: 1600px) 100vw, 1600px\" \/><\/figure>\n\n\n\n<div style=\"height:5px;width:0px\" aria-hidden=\"true\" class=\"wp-block-spacer wp-container-content-b0b89ccb\"><\/div>\n\n\n\n<p class=\"has-text-align-left\"><span style=\"font-weight: 400;\">As soon as your stay is over and you&#8217;ve paid in full, you&#8217;ll earn your first points! Points are automatically credited to your account, so you don&#8217;t have to do a thing.\u00a0\u00a0<\/span><br\/><br\/><span style=\"font-weight: 400;\">Points are converted into gift vouchers as soon as 200 points have been accumulated &#8211; the start of a beautiful story with Les Balcons!<\/span><\/p>\n<\/div>\n\n\n\n<div class=\"wp-block-group uag-hide-desktop uag-hide-tab is-vertical is-content-justification-stretch is-layout-flex wp-container-core-group-is-layout-b16ad781 wp-block-group-is-layout-flex\">\n<figure class=\"wp-block-image size-full\"><img loading=\"lazy\" decoding=\"async\" width=\"1600\" height=\"1066\" src=\"https:\/\/www.les-balcons.com\/wp-content\/uploads\/photo-2-bu.jpg\" alt=\"\" class=\"wp-image-97955\" style=\"object-fit:cover\" srcset=\"https:\/\/www.les-balcons.com\/wp-content\/uploads\/photo-2-bu.jpg?v=1735050536 1600w, https:\/\/www.les-balcons.com\/wp-content\/uploads\/photo-2-bu-300x200.jpg?v=1735050536 300w, https:\/\/www.les-balcons.com\/wp-content\/uploads\/photo-2-bu-1024x682.jpg?v=1735050536 1024w, https:\/\/www.les-balcons.com\/wp-content\/uploads\/photo-2-bu-768x512.jpg?v=1735050536 768w, https:\/\/www.les-balcons.com\/wp-content\/uploads\/photo-2-bu-1536x1023.jpg?v=1735050536 1536w\" sizes=\"auto, (max-width: 1600px) 100vw, 1600px\" \/><\/figure>\n\n\n\n<p class=\"has-text-align-left uag-hide-desktop uag-hide-tab\"><span style=\"font-weight: 400;\">As soon as your stay is over and you&#8217;ve paid in full, you&#8217;ll earn your first points! Points are automatically credited to your account, so you don&#8217;t have to do a thing.\u00a0\u00a0<\/span><br\/><br\/><span style=\"font-weight: 400;\">Points are converted into gift vouchers as soon as 200 points have been accumulated &#8211; the start of a beautiful story with Les Balcons!<\/span><\/p>\n<\/div>\n\n\n\n<p><span style=\"font-weight: 400;\">With <\/span><b>Les Balcons<\/b><span style=\"font-weight: 400;\">, we are committed to providing you with an unforgettable stay experience. The loyalty program is our way of thanking you and making you enjoy your mountain vacations even more.<\/span><\/p>\n\n\n\n<div style=\"height:15px\" aria-hidden=\"true\" class=\"wp-block-spacer\"><\/div>\n\n\n\n<h3 class=\"wp-block-heading\"><b>Join the Les Balcons &amp; You program&#13;\nand earn points with every stay!<\/b><\/h3>\n\n\n\n<h2 class=\"titre-DS\"><span style=\"color:#28638a;\">Do you have any questions?<\/span><\/h2>\r\n\n\n\n<p><span style=\"font-weight: 400;\">Do you have any questions about our Les Balcons &amp; You loyalty program? You&#8217;ll find the answer below! <\/span><span style=\"font-weight: 400;\">&#13;\n<\/span><span style=\"font-weight: 400;\">If not, don&#8217;t hesitate to contact our team: <\/span><a href=\"mailto:lesbalconsandyou@les-balcons.com\"><span style=\"font-weight: 400;\">lesbalconsandyou@les-balcons.com<\/span><\/a><\/p>\n\n\n\n<h4 class=\"wp-block-heading has-text-color has-link-color wp-elements-1e9e44f252fc1b51be7039da89b35749\" style=\"color:#bcaf9c\"><strong>Aqcuiring points<\/strong><\/h4>\n\n\n\n<p><b>Am I eligible for the loyalty program if I booked via Booking or another partner?<\/b><span style=\"font-weight: 400;\"> The loyalty program only concerns individual customers who have made personal reservations directly via our website or by contacting our teams. Bookings via partners are not included.<\/span><br\/><br\/>Reservations by owners of Balcony flats are not eligible for the loyalty programme.<\/p>\n\n\n\n<p><b>Do the points generated have a limited duration? <\/b><span style=\"font-weight: 400;\">The points validity period is <\/span><b>3 years<\/b><span style=\"font-weight: 400;\">. If you do not make any stays or do not redeem your points before the expiry date, they will be cancelled.<\/span><\/p>\n\n\n\n<p><b>Does booking an additional service generate points? <\/b><span style=\"font-weight: 400;\">No, ancillary sales (ski passes, equipment rental, parking, spa treatments, bar drinks, etc.) do not generate loyalty points, only accommodation bookings are counted.&#13;\n<\/span>With the exception of pre-booked breakfast or half-board in a hotel package at the time of booking.<\/p>\n\n\n\n\n\n<p><b>I always book my stay with my family or friends, who collects the points?<\/b><span style=\"font-weight: 400;\"> We allocate points to the account of the main occupant (name used when booking) of the stay.<\/span><\/p>\n\n\n\n<p><b>How do I track and manage my points? <\/b><span style=\"font-weight: 400;\">You can check your points balance directly from your customer account as well as your gift voucher history online on the Les Balcons website or on the Alparena website for customers who have booked directly via this site, and track the evolution of your points after each stay.<\/span><\/p>\n\n\n\n<h4 class=\"wp-block-heading has-text-color has-link-color wp-elements-8da9da0eb85b9c8b7481ac40ae7c0b30\" style=\"color:#bcaf9c\"><b>Use of gift vouchers<\/b><\/h4>\n\n\n\n<p><b>Does the gift voucher have a limited duration? <\/b><span style=\"font-weight: 400;\">The validity period of the gift voucher is <\/span><b>2 years. <\/b><span style=\"font-weight: 400;\">If you do not use the voucher during the two years, it will be cancelled and your points cannot be recovered.<\/span><\/p>\n\n\n\n<p><b>Is the amount of the gift voucher fixed? <\/b><span style=\"font-weight: 400;\">The amount of the gift voucher will be generated automatically according to your points balance and from 200 points. If you do not use your gift voucher and make a new stay with us, the points will automatically accumulate on your gift voucher.<\/span><\/p>\n\n\n\n<p><b>Can I transform my points into a gift voucher directly from my account? <\/b><span style=\"font-weight: 400;\">No<\/span><b>, <\/b><span style=\"font-weight: 400;\">\u00a0this is not necessary, it is done automatically from 200 points ( = 50 euros in gift voucher). If you accumulate additional points, the amount of the gift voucher increases as you go along.<\/span><\/p>\n\n\n\n<p><b>Is it possible to use a gift voucher in addition to a discount? <\/b><span style=\"font-weight: 400;\">Yes this is possible, especially with early booking offers.<\/span><\/p>\n\n\n\n<div class=\"wp-block-buttons is-content-justification-center is-layout-flex wp-container-core-buttons-is-layout-16018d1d wp-block-buttons-is-layout-flex\">\n<div class=\"wp-block-button\"><a class=\"wp-block-button__link has-white-color has-text-color has-background has-link-color wp-element-button\" href=\"mailto:lesbalconsandyou@les-balcons.com\" style=\"background-color:#28638a\" target=\"_blank\" rel=\"noreferrer noopener\">Contact-us<\/a><\/div>\n<\/div>\n<\/div><\/div>\n\n<p><\/p>\n","protected":false},"excerpt":{"rendered":"<p>Discover the new Les Balcons loyalty program Join now Les Balcons &#038; You At the Les Balcons group, we are committed to rewarding your loyalty. You&#8217;ve chosen to stay in our residences or hotels for your mountain getaways, and we want to thank you for your trust. That&#8217;s why we&#8217;ve set up a brand-new loyalty [&hellip;]<\/p>\n","protected":false},"author":2,"featured_media":0,"parent":0,"menu_order":0,"comment_status":"closed","ping_status":"closed","template":"","meta":{"_acf_changed":false,"_uag_custom_page_level_css":".h2 {\nfont-family: \"Arvo\", Arial, sans-serif;\n}","footnotes":""},"class_list":["post-98485","page","type-page","status-publish","hentry"],"acf":[],"yoast_head":"<!-- This site is optimized with the Yoast SEO plugin v27.4 - https:\/\/yoast.com\/product\/yoast-seo-wordpress\/ -->\n<title>Les Balcons and you - loyalty program<\/title>\n<meta name=\"description\" content=\"Discover the new Les Balcons loyalty program Join now Les Balcons &amp; You At the Les Balcons group, we are committed to rewarding your loyalty. You&#039;ve\" \/>\n<meta name=\"robots\" content=\"index, follow, max-snippet:-1, max-image-preview:large, max-video-preview:-1\" \/>\n<link rel=\"canonical\" href=\"https:\/\/www.les-balcons.com\/en\/les-balcons-and-you-loyalty-program\/\" \/>\n<meta property=\"og:locale\" content=\"en_US\" \/>\n<meta property=\"og:type\" content=\"article\" \/>\n<meta property=\"og:title\" content=\"Les Balcons and you - loyalty program\" \/>\n<meta property=\"og:description\" content=\"Discover the new Les Balcons loyalty program Join now Les Balcons &amp; You At the Les Balcons group, we are committed to rewarding your loyalty. You&#039;ve\" \/>\n<meta property=\"og:url\" content=\"https:\/\/www.les-balcons.com\/en\/les-balcons-and-you-loyalty-program\/\" \/>\n<meta property=\"og:site_name\" content=\"Les Balcons \u2013 R\u00e9sidences et s\u00e9jours Alpes du Nord\" \/>\n<meta property=\"article:modified_time\" content=\"2026-02-25T10:57:02+00:00\" \/>\n<meta property=\"og:image\" content=\"https:\/\/www.les-balcons.com\/wp-content\/uploads\/les-balcons-and-you-1024x576.gif\" \/>\n\t<meta property=\"og:image:width\" content=\"1024\" \/>\n\t<meta property=\"og:image:height\" content=\"576\" \/>\n\t<meta property=\"og:image:type\" content=\"image\/gif\" \/>\n<meta name=\"twitter:card\" content=\"summary_large_image\" \/>\n<meta name=\"twitter:label1\" content=\"Est. reading time\" \/>\n\t<meta name=\"twitter:data1\" content=\"8 minutes\" \/>\n<script type=\"application\/ld+json\" class=\"yoast-schema-graph\">{\"@context\":\"https:\\\/\\\/schema.org\",\"@graph\":[{\"@type\":\"WebPage\",\"@id\":\"https:\\\/\\\/www.les-balcons.com\\\/en\\\/les-balcons-and-you-loyalty-program\\\/\",\"url\":\"https:\\\/\\\/www.les-balcons.com\\\/en\\\/les-balcons-and-you-loyalty-program\\\/\",\"name\":\"Les Balcons and you - loyalty program\",\"isPartOf\":{\"@id\":\"https:\\\/\\\/www.les-balcons.com\\\/en\\\/#website\"},\"primaryImageOfPage\":{\"@id\":\"https:\\\/\\\/www.les-balcons.com\\\/en\\\/les-balcons-and-you-loyalty-program\\\/#primaryimage\"},\"image\":{\"@id\":\"https:\\\/\\\/www.les-balcons.com\\\/en\\\/les-balcons-and-you-loyalty-program\\\/#primaryimage\"},\"thumbnailUrl\":\"https:\\\/\\\/www.les-balcons.com\\\/wp-content\\\/uploads\\\/les-balcons-and-you.gif\",\"datePublished\":\"2024-12-10T13:21:48+00:00\",\"dateModified\":\"2026-02-25T10:57:02+00:00\",\"description\":\"Discover the new Les Balcons loyalty program Join now Les Balcons & You At the Les Balcons group, we are committed to rewarding your loyalty. You've\",\"breadcrumb\":{\"@id\":\"https:\\\/\\\/www.les-balcons.com\\\/en\\\/les-balcons-and-you-loyalty-program\\\/#breadcrumb\"},\"inLanguage\":\"en-US\",\"potentialAction\":[{\"@type\":\"ReadAction\",\"target\":[\"https:\\\/\\\/www.les-balcons.com\\\/en\\\/les-balcons-and-you-loyalty-program\\\/\"]}]},{\"@type\":\"ImageObject\",\"inLanguage\":\"en-US\",\"@id\":\"https:\\\/\\\/www.les-balcons.com\\\/en\\\/les-balcons-and-you-loyalty-program\\\/#primaryimage\",\"url\":\"https:\\\/\\\/www.les-balcons.com\\\/wp-content\\\/uploads\\\/les-balcons-and-you.gif\",\"contentUrl\":\"https:\\\/\\\/www.les-balcons.com\\\/wp-content\\\/uploads\\\/les-balcons-and-you.gif\"},{\"@type\":\"BreadcrumbList\",\"@id\":\"https:\\\/\\\/www.les-balcons.com\\\/en\\\/les-balcons-and-you-loyalty-program\\\/#breadcrumb\",\"itemListElement\":[{\"@type\":\"ListItem\",\"position\":1,\"name\":\"Homepage\",\"item\":\"https:\\\/\\\/www.les-balcons.com\\\/en\\\/fr\\\/\"},{\"@type\":\"ListItem\",\"position\":2,\"name\":\"Les Balcons and you &#8211; loyalty program\"}]},{\"@type\":\"WebSite\",\"@id\":\"https:\\\/\\\/www.les-balcons.com\\\/en\\\/#website\",\"url\":\"https:\\\/\\\/www.les-balcons.com\\\/en\\\/\",\"name\":\"Les Balcons \u2013 R\u00e9sidences et s\u00e9jours Alpes du Nord\",\"description\":\"10 \u00e9tablissements, H\u00f4tel et R\u00e9sidences pour vos vacances \u00e0 la montagne\",\"publisher\":{\"@id\":\"https:\\\/\\\/www.les-balcons.com\\\/en\\\/#organization\"},\"potentialAction\":[{\"@type\":\"SearchAction\",\"target\":{\"@type\":\"EntryPoint\",\"urlTemplate\":\"https:\\\/\\\/www.les-balcons.com\\\/en\\\/?s={search_term_string}\"},\"query-input\":{\"@type\":\"PropertyValueSpecification\",\"valueRequired\":true,\"valueName\":\"search_term_string\"}}],\"inLanguage\":\"en-US\"},{\"@type\":\"Organization\",\"@id\":\"https:\\\/\\\/www.les-balcons.com\\\/en\\\/#organization\",\"name\":\"Les Balcons\",\"url\":\"https:\\\/\\\/www.les-balcons.com\\\/en\\\/\",\"logo\":{\"@type\":\"ImageObject\",\"inLanguage\":\"en-US\",\"@id\":\"https:\\\/\\\/www.les-balcons.com\\\/en\\\/#\\\/schema\\\/logo\\\/image\\\/\",\"url\":\"https:\\\/\\\/les-balcons.com\\\/wp-content\\\/uploads\\\/communs\\\/logos-et-gammes\\\/logo-les-balcons-base.png\",\"contentUrl\":\"https:\\\/\\\/les-balcons.com\\\/wp-content\\\/uploads\\\/communs\\\/logos-et-gammes\\\/logo-les-balcons-base.png\",\"width\":3508,\"height\":2481,\"caption\":\"Les Balcons\"},\"image\":{\"@id\":\"https:\\\/\\\/www.les-balcons.com\\\/en\\\/#\\\/schema\\\/logo\\\/image\\\/\"}}]}<\/script>\n<!-- \/ Yoast SEO plugin. -->","yoast_head_json":{"title":"Les Balcons and you - loyalty program","description":"Discover the new Les Balcons loyalty program Join now Les Balcons & You At the Les Balcons group, we are committed to rewarding your loyalty. You've","robots":{"index":"index","follow":"follow","max-snippet":"max-snippet:-1","max-image-preview":"max-image-preview:large","max-video-preview":"max-video-preview:-1"},"canonical":"https:\/\/www.les-balcons.com\/en\/les-balcons-and-you-loyalty-program\/","og_locale":"en_US","og_type":"article","og_title":"Les Balcons and you - loyalty program","og_description":"Discover the new Les Balcons loyalty program Join now Les Balcons & You At the Les Balcons group, we are committed to rewarding your loyalty. You've","og_url":"https:\/\/www.les-balcons.com\/en\/les-balcons-and-you-loyalty-program\/","og_site_name":"Les Balcons \u2013 R\u00e9sidences et s\u00e9jours Alpes du Nord","article_modified_time":"2026-02-25T10:57:02+00:00","og_image":[{"width":1024,"height":576,"url":"https:\/\/www.les-balcons.com\/wp-content\/uploads\/les-balcons-and-you-1024x576.gif","type":"image\/gif"}],"twitter_card":"summary_large_image","twitter_misc":{"Est. reading time":"8 minutes"},"schema":{"@context":"https:\/\/schema.org","@graph":[{"@type":"WebPage","@id":"https:\/\/www.les-balcons.com\/en\/les-balcons-and-you-loyalty-program\/","url":"https:\/\/www.les-balcons.com\/en\/les-balcons-and-you-loyalty-program\/","name":"Les Balcons and you - loyalty program","isPartOf":{"@id":"https:\/\/www.les-balcons.com\/en\/#website"},"primaryImageOfPage":{"@id":"https:\/\/www.les-balcons.com\/en\/les-balcons-and-you-loyalty-program\/#primaryimage"},"image":{"@id":"https:\/\/www.les-balcons.com\/en\/les-balcons-and-you-loyalty-program\/#primaryimage"},"thumbnailUrl":"https:\/\/www.les-balcons.com\/wp-content\/uploads\/les-balcons-and-you.gif","datePublished":"2024-12-10T13:21:48+00:00","dateModified":"2026-02-25T10:57:02+00:00","description":"Discover the new Les Balcons loyalty program Join now Les Balcons & You At the Les Balcons group, we are committed to rewarding your loyalty. You've","breadcrumb":{"@id":"https:\/\/www.les-balcons.com\/en\/les-balcons-and-you-loyalty-program\/#breadcrumb"},"inLanguage":"en-US","potentialAction":[{"@type":"ReadAction","target":["https:\/\/www.les-balcons.com\/en\/les-balcons-and-you-loyalty-program\/"]}]},{"@type":"ImageObject","inLanguage":"en-US","@id":"https:\/\/www.les-balcons.com\/en\/les-balcons-and-you-loyalty-program\/#primaryimage","url":"https:\/\/www.les-balcons.com\/wp-content\/uploads\/les-balcons-and-you.gif","contentUrl":"https:\/\/www.les-balcons.com\/wp-content\/uploads\/les-balcons-and-you.gif"},{"@type":"BreadcrumbList","@id":"https:\/\/www.les-balcons.com\/en\/les-balcons-and-you-loyalty-program\/#breadcrumb","itemListElement":[{"@type":"ListItem","position":1,"name":"Homepage","item":"https:\/\/www.les-balcons.com\/en\/fr\/"},{"@type":"ListItem","position":2,"name":"Les Balcons and you &#8211; loyalty program"}]},{"@type":"WebSite","@id":"https:\/\/www.les-balcons.com\/en\/#website","url":"https:\/\/www.les-balcons.com\/en\/","name":"Les Balcons \u2013 R\u00e9sidences et s\u00e9jours Alpes du Nord","description":"10 \u00e9tablissements, H\u00f4tel et R\u00e9sidences pour vos vacances \u00e0 la montagne","publisher":{"@id":"https:\/\/www.les-balcons.com\/en\/#organization"},"potentialAction":[{"@type":"SearchAction","target":{"@type":"EntryPoint","urlTemplate":"https:\/\/www.les-balcons.com\/en\/?s={search_term_string}"},"query-input":{"@type":"PropertyValueSpecification","valueRequired":true,"valueName":"search_term_string"}}],"inLanguage":"en-US"},{"@type":"Organization","@id":"https:\/\/www.les-balcons.com\/en\/#organization","name":"Les Balcons","url":"https:\/\/www.les-balcons.com\/en\/","logo":{"@type":"ImageObject","inLanguage":"en-US","@id":"https:\/\/www.les-balcons.com\/en\/#\/schema\/logo\/image\/","url":"https:\/\/les-balcons.com\/wp-content\/uploads\/communs\/logos-et-gammes\/logo-les-balcons-base.png","contentUrl":"https:\/\/les-balcons.com\/wp-content\/uploads\/communs\/logos-et-gammes\/logo-les-balcons-base.png","width":3508,"height":2481,"caption":"Les Balcons"},"image":{"@id":"https:\/\/www.les-balcons.com\/en\/#\/schema\/logo\/image\/"}}]}},"uagb_featured_image_src":{"full":false,"thumbnail":false,"medium":false,"medium_large":false,"large":false,"1536x1536":false,"2048x2048":false,"size-365x220":false},"uagb_author_info":{"display_name":"admin_balcons","author_link":"https:\/\/www.les-balcons.com\/en\/author\/admin_balcons\/"},"uagb_comment_info":0,"uagb_excerpt":"Discover the new Les Balcons loyalty program Join now Les Balcons &#038; You At the Les Balcons group, we are committed to rewarding your loyalty. You&#8217;ve chosen to stay in our residences or hotels for your mountain getaways, and we want to thank you for your trust. That&#8217;s why we&#8217;ve set up a brand-new loyalty&hellip;","post_mailing_queue_ids":[],"_links":{"self":[{"href":"https:\/\/www.les-balcons.com\/en\/wp-json\/wp\/v2\/pages\/98485","targetHints":{"allow":["GET"]}}],"collection":[{"href":"https:\/\/www.les-balcons.com\/en\/wp-json\/wp\/v2\/pages"}],"about":[{"href":"https:\/\/www.les-balcons.com\/en\/wp-json\/wp\/v2\/types\/page"}],"author":[{"embeddable":true,"href":"https:\/\/www.les-balcons.com\/en\/wp-json\/wp\/v2\/users\/2"}],"replies":[{"embeddable":true,"href":"https:\/\/www.les-balcons.com\/en\/wp-json\/wp\/v2\/comments?post=98485"}],"version-history":[{"count":0,"href":"https:\/\/www.les-balcons.com\/en\/wp-json\/wp\/v2\/pages\/98485\/revisions"}],"wp:attachment":[{"href":"https:\/\/www.les-balcons.com\/en\/wp-json\/wp\/v2\/media?parent=98485"}],"curies":[{"name":"wp","href":"https:\/\/api.w.org\/{rel}","templated":true}]}}