{"id":51017,"date":"2024-09-17T13:29:24","date_gmt":"2024-09-17T13:29:24","guid":{"rendered":"https:\/\/preprod2.les-balcons.com\/?page_id=51017\/"},"modified":"2024-09-17T13:32:12","modified_gmt":"2024-09-17T13:32:12","slug":"la-plagne-stay","status":"publish","type":"page","link":"https:\/\/www.les-balcons.com\/en\/la-plagne-stay\/","title":{"rendered":"La Plagne Stay"},"content":{"rendered":"\n<p>You want a mountain getaway and especially in La Plagne, come discover our Les Balcons de Belle Plagne accommodation. With its hotel and its residence, Les Balcons are answering all your needs by offering various stay that will fit your desires. Whether you want to relax in a hotel with a stunning view on the valley, or you want the freedom of an apartment stay, Les Balcons have an answer to everything you might want. Week-end, long stay or even a romantic getaway of a few days, your happiness is in Les Balcons. Come discover our typical Chalet in La Plagne and have dream holidays with us !<\/p>\n\n\n\n<h3 class=\"wp-block-heading\">Our offers of the moment<\/h3>\n\n\n\n<p>Our special offers will finish to convince you if you have trouble deciding. With our flash sales, our last minute offers and our early booking campain, all budget will find their happiness and nobody is forgotten. Whether you live romantic getaway or holiday with your friends, our good deals will delight you. Don\u2019t hesitate no more and book your stay in La Plagne with Les Balcons, you won\u2019t be disappointed ! To make sure to have the best holiday ever, plan your vacation in advance or go last minute: Whatever you choose, we have yummy deals to offer !<\/p>\n\n\n\n<h3 class=\"wp-block-heading\">All inclusive ski stay<\/h3>\n\n\n\n<p>You want to enjoy the freedom of an apartment stay without any stress ? Our services will allow you to have stressless all inclusive holidays ! Massages, ski rental, ski passes, everything is cared for and you just have to enjoy ! Your quietness is our priority. For every stay booked in our residences and hotel, you can book your ski passes, ESF ski and snowboard lessons, ski equipment rental and massages and treatments by Thalgo during your reservation. The room is clear for you to enjoy without any difficulties, everything you have to do is unwind, relax and enjoy your stay ! You can also plan your meals with all of our services and all of our residences are close to a mini-market, happy ?<\/p>\n\n\n\n<h3 class=\"wp-block-heading\">Discounted ski stay<\/h3>\n\n\n\n<p>Small budget are very welcome in Les Balcons. With our many kind of offers all season long, the more tight budget will find their happiness ! Whether you want to enjoy a nice week-end with your friends, a longer stay with your family or with your significant other, everything is possible ! Our residence and our hotel are welcoming you during winter or summer with many discounted offers ! Flash sales, last minute and early booking campain will be your best friends for you to have a nice vacation at a soft price ! The apartment all has a sofa bed in the living-room for you to have two more persons, more and more savings !<\/p>\n\n\n\n<h4 class=\"wp-block-heading\">You want a nice Christmas holiday in La Plagne ?<\/h4>\n\n\n\n<p>Nous avons tout ce qu\u2019il faut pour vous accueillir. Des offres s\u00e9jour court pour les plus press\u00e9s, des offres plus longues pour ceux qui veulent prendre le temps. Tout le monde y trouve son compte et l\u2019ambiance de la station promet un no\u00ebl magique pour tout le monde. La neige en abondance, l\u2019ambiance familiale de la station vous promet une immersion totale et des souvenirs m\u00e9morables. Quoi de mieux que de d\u00e9guster une raclette ou une fondue le soir du r\u00e9veillon de No\u00ebl ? Nos h\u00f4tels et r\u00e9sidence vous accueillent pour vos s\u00e9jours de tout type, entre amis ou en famille.<\/p>\n\n\n\n<p>We have everything you need ! Offers for a short stay, longer one for those who want to take time. Everyone is delighted and the station atmosphere will give you the most magical Christmas you have known. Lot of snow, family friendly atmosphere of the station will allow you to dive in and make some amazing memories. What\u2019s best than having a nice raclette or a fondue the night of the Christmas Eve ? Our hotel and residence are welcoming you for all kind of stay, with friends or family.<\/p>\n\n\n\n<h5 class=\"wp-block-heading\">Summer stay<\/h5>\n\n\n\n<p>You hate snow and cold ? La Plagne is welcoming you during summer for you mountain holidays ! Come discover the mountain pastures, the wilderness and the beauty of our savoy region. The burning heat will seem very far when you will be enjoying the nice weather after a short hike to access a wild mountain lake. And if you love relaxing, our spa is welcoming you for a nice resting moment by the pool. Kids and adults will be delighted and no one will be forgotten. La Plagne during summer is beautiful and full of life !<\/p>\n","protected":false},"excerpt":{"rendered":"<p>You want a mountain getaway and especially in La Plagne, come discover our Les Balcons de Belle Plagne accommodation. With its hotel and its residence, Les Balcons are answering all your needs by offering various stay that will fit your desires. Whether you want to relax in a hotel with a stunning view on the [&hellip;]<\/p>\n","protected":false},"author":2,"featured_media":28577,"parent":0,"menu_order":0,"comment_status":"closed","ping_status":"closed","template":"template-thematique.php","meta":{"_acf_changed":false,"_uag_custom_page_level_css":"","footnotes":""},"class_list":["post-51017","page","type-page","status-publish","has-post-thumbnail","hentry"],"acf":[],"yoast_head":"<!-- This site is optimized with the Yoast SEO plugin v27.5 - https:\/\/yoast.com\/product\/yoast-seo-wordpress\/ -->\n<title>La Plagne Stay - Holidays and weekends - something for everyone<\/title>\n<meta name=\"description\" content=\"You want a mountain getaway and especially in La Plagne, come discover our Les Balcons de Belle Plagne accommodation. With its hotel and its residence, Les Balcons are answering all your needs by offering various stay that will fit your desires.\" \/>\n<meta name=\"robots\" content=\"index, follow, max-snippet:-1, max-image-preview:large, max-video-preview:-1\" \/>\n<link rel=\"canonical\" href=\"https:\/\/www.les-balcons.com\/en\/la-plagne-stay\/\" \/>\n<meta property=\"og:locale\" content=\"en_US\" \/>\n<meta property=\"og:type\" content=\"article\" \/>\n<meta property=\"og:title\" content=\"La Plagne Stay - Holidays and weekends - something for everyone\" \/>\n<meta property=\"og:description\" content=\"You want a mountain getaway and especially in La Plagne, come discover our Les Balcons de Belle Plagne accommodation. With its hotel and its residence, Les Balcons are answering all your needs by offering various stay that will fit your desires.\" \/>\n<meta property=\"og:url\" content=\"https:\/\/www.les-balcons.com\/en\/la-plagne-stay\/\" \/>\n<meta property=\"og:site_name\" content=\"Les Balcons \u2013 R\u00e9sidences et s\u00e9jours Alpes du Nord\" \/>\n<meta property=\"article:modified_time\" content=\"2024-09-17T13:32:12+00:00\" \/>\n<meta property=\"og:image\" content=\"https:\/\/www.les-balcons.com\/wp-content\/uploads\/024-lesbalcons_belleplagne(c)manureyboz.jpeg\" \/>\n\t<meta property=\"og:image:width\" content=\"1200\" \/>\n\t<meta property=\"og:image:height\" content=\"800\" \/>\n\t<meta property=\"og:image:type\" content=\"image\/jpeg\" \/>\n<meta name=\"twitter:card\" content=\"summary_large_image\" \/>\n<meta name=\"twitter:label1\" content=\"Est. reading time\" \/>\n\t<meta name=\"twitter:data1\" content=\"4 minutes\" \/>\n<script type=\"application\/ld+json\" class=\"yoast-schema-graph\">{\"@context\":\"https:\\\/\\\/schema.org\",\"@graph\":[{\"@type\":\"WebPage\",\"@id\":\"https:\\\/\\\/www.les-balcons.com\\\/en\\\/la-plagne-stay\\\/\",\"url\":\"https:\\\/\\\/www.les-balcons.com\\\/en\\\/la-plagne-stay\\\/\",\"name\":\"La Plagne Stay - Holidays and weekends - something for everyone\",\"isPartOf\":{\"@id\":\"https:\\\/\\\/www.les-balcons.com\\\/en\\\/#website\"},\"primaryImageOfPage\":{\"@id\":\"https:\\\/\\\/www.les-balcons.com\\\/en\\\/la-plagne-stay\\\/#primaryimage\"},\"image\":{\"@id\":\"https:\\\/\\\/www.les-balcons.com\\\/en\\\/la-plagne-stay\\\/#primaryimage\"},\"thumbnailUrl\":\"https:\\\/\\\/www.les-balcons.com\\\/wp-content\\\/uploads\\\/024-lesbalcons_belleplagne(c)manureyboz.jpeg\",\"datePublished\":\"2024-09-17T13:29:24+00:00\",\"dateModified\":\"2024-09-17T13:32:12+00:00\",\"description\":\"You want a mountain getaway and especially in La Plagne, come discover our Les Balcons de Belle Plagne accommodation. With its hotel and its residence, Les Balcons are answering all your needs by offering various stay that will fit your desires.\",\"breadcrumb\":{\"@id\":\"https:\\\/\\\/www.les-balcons.com\\\/en\\\/la-plagne-stay\\\/#breadcrumb\"},\"inLanguage\":\"en-US\",\"potentialAction\":[{\"@type\":\"ReadAction\",\"target\":[\"https:\\\/\\\/www.les-balcons.com\\\/en\\\/la-plagne-stay\\\/\"]}]},{\"@type\":\"ImageObject\",\"inLanguage\":\"en-US\",\"@id\":\"https:\\\/\\\/www.les-balcons.com\\\/en\\\/la-plagne-stay\\\/#primaryimage\",\"url\":\"https:\\\/\\\/www.les-balcons.com\\\/wp-content\\\/uploads\\\/024-lesbalcons_belleplagne(c)manureyboz.jpeg\",\"contentUrl\":\"https:\\\/\\\/www.les-balcons.com\\\/wp-content\\\/uploads\\\/024-lesbalcons_belleplagne(c)manureyboz.jpeg\",\"width\":1200,\"height\":800,\"caption\":\"Residence les Balcons Belle Plagne\"},{\"@type\":\"BreadcrumbList\",\"@id\":\"https:\\\/\\\/www.les-balcons.com\\\/en\\\/la-plagne-stay\\\/#breadcrumb\",\"itemListElement\":[{\"@type\":\"ListItem\",\"position\":1,\"name\":\"Homepage\",\"item\":\"https:\\\/\\\/www.les-balcons.com\\\/en\\\/fr\\\/\"},{\"@type\":\"ListItem\",\"position\":2,\"name\":\"La Plagne Stay\"}]},{\"@type\":\"WebSite\",\"@id\":\"https:\\\/\\\/www.les-balcons.com\\\/en\\\/#website\",\"url\":\"https:\\\/\\\/www.les-balcons.com\\\/en\\\/\",\"name\":\"Les Balcons \u2013 R\u00e9sidences et s\u00e9jours Alpes du Nord\",\"description\":\"10 \u00e9tablissements, H\u00f4tel et R\u00e9sidences pour vos vacances \u00e0 la montagne\",\"publisher\":{\"@id\":\"https:\\\/\\\/www.les-balcons.com\\\/en\\\/#organization\"},\"potentialAction\":[{\"@type\":\"SearchAction\",\"target\":{\"@type\":\"EntryPoint\",\"urlTemplate\":\"https:\\\/\\\/www.les-balcons.com\\\/en\\\/?s={search_term_string}\"},\"query-input\":{\"@type\":\"PropertyValueSpecification\",\"valueRequired\":true,\"valueName\":\"search_term_string\"}}],\"inLanguage\":\"en-US\"},{\"@type\":\"Organization\",\"@id\":\"https:\\\/\\\/www.les-balcons.com\\\/en\\\/#organization\",\"name\":\"Les Balcons\",\"url\":\"https:\\\/\\\/www.les-balcons.com\\\/en\\\/\",\"logo\":{\"@type\":\"ImageObject\",\"inLanguage\":\"en-US\",\"@id\":\"https:\\\/\\\/www.les-balcons.com\\\/en\\\/#\\\/schema\\\/logo\\\/image\\\/\",\"url\":\"https:\\\/\\\/les-balcons.com\\\/wp-content\\\/uploads\\\/communs\\\/logos-et-gammes\\\/logo-les-balcons-base.png\",\"contentUrl\":\"https:\\\/\\\/les-balcons.com\\\/wp-content\\\/uploads\\\/communs\\\/logos-et-gammes\\\/logo-les-balcons-base.png\",\"width\":3508,\"height\":2481,\"caption\":\"Les Balcons\"},\"image\":{\"@id\":\"https:\\\/\\\/www.les-balcons.com\\\/en\\\/#\\\/schema\\\/logo\\\/image\\\/\"}}]}<\/script>\n<!-- \/ Yoast SEO plugin. -->","yoast_head_json":{"title":"La Plagne Stay - Holidays and weekends - something for everyone","description":"You want a mountain getaway and especially in La Plagne, come discover our Les Balcons de Belle Plagne accommodation. With its hotel and its residence, Les Balcons are answering all your needs by offering various stay that will fit your desires.","robots":{"index":"index","follow":"follow","max-snippet":"max-snippet:-1","max-image-preview":"max-image-preview:large","max-video-preview":"max-video-preview:-1"},"canonical":"https:\/\/www.les-balcons.com\/en\/la-plagne-stay\/","og_locale":"en_US","og_type":"article","og_title":"La Plagne Stay - Holidays and weekends - something for everyone","og_description":"You want a mountain getaway and especially in La Plagne, come discover our Les Balcons de Belle Plagne accommodation. With its hotel and its residence, Les Balcons are answering all your needs by offering various stay that will fit your desires.","og_url":"https:\/\/www.les-balcons.com\/en\/la-plagne-stay\/","og_site_name":"Les Balcons \u2013 R\u00e9sidences et s\u00e9jours Alpes du Nord","article_modified_time":"2024-09-17T13:32:12+00:00","og_image":[{"width":1200,"height":800,"url":"https:\/\/www.les-balcons.com\/wp-content\/uploads\/024-lesbalcons_belleplagne(c)manureyboz.jpeg","type":"image\/jpeg"}],"twitter_card":"summary_large_image","twitter_misc":{"Est. reading time":"4 minutes"},"schema":{"@context":"https:\/\/schema.org","@graph":[{"@type":"WebPage","@id":"https:\/\/www.les-balcons.com\/en\/la-plagne-stay\/","url":"https:\/\/www.les-balcons.com\/en\/la-plagne-stay\/","name":"La Plagne Stay - Holidays and weekends - something for everyone","isPartOf":{"@id":"https:\/\/www.les-balcons.com\/en\/#website"},"primaryImageOfPage":{"@id":"https:\/\/www.les-balcons.com\/en\/la-plagne-stay\/#primaryimage"},"image":{"@id":"https:\/\/www.les-balcons.com\/en\/la-plagne-stay\/#primaryimage"},"thumbnailUrl":"https:\/\/www.les-balcons.com\/wp-content\/uploads\/024-lesbalcons_belleplagne(c)manureyboz.jpeg","datePublished":"2024-09-17T13:29:24+00:00","dateModified":"2024-09-17T13:32:12+00:00","description":"You want a mountain getaway and especially in La Plagne, come discover our Les Balcons de Belle Plagne accommodation. With its hotel and its residence, Les Balcons are answering all your needs by offering various stay that will fit your desires.","breadcrumb":{"@id":"https:\/\/www.les-balcons.com\/en\/la-plagne-stay\/#breadcrumb"},"inLanguage":"en-US","potentialAction":[{"@type":"ReadAction","target":["https:\/\/www.les-balcons.com\/en\/la-plagne-stay\/"]}]},{"@type":"ImageObject","inLanguage":"en-US","@id":"https:\/\/www.les-balcons.com\/en\/la-plagne-stay\/#primaryimage","url":"https:\/\/www.les-balcons.com\/wp-content\/uploads\/024-lesbalcons_belleplagne(c)manureyboz.jpeg","contentUrl":"https:\/\/www.les-balcons.com\/wp-content\/uploads\/024-lesbalcons_belleplagne(c)manureyboz.jpeg","width":1200,"height":800,"caption":"Residence les Balcons Belle Plagne"},{"@type":"BreadcrumbList","@id":"https:\/\/www.les-balcons.com\/en\/la-plagne-stay\/#breadcrumb","itemListElement":[{"@type":"ListItem","position":1,"name":"Homepage","item":"https:\/\/www.les-balcons.com\/en\/fr\/"},{"@type":"ListItem","position":2,"name":"La Plagne Stay"}]},{"@type":"WebSite","@id":"https:\/\/www.les-balcons.com\/en\/#website","url":"https:\/\/www.les-balcons.com\/en\/","name":"Les Balcons \u2013 R\u00e9sidences et s\u00e9jours Alpes du Nord","description":"10 \u00e9tablissements, H\u00f4tel et R\u00e9sidences pour vos vacances \u00e0 la montagne","publisher":{"@id":"https:\/\/www.les-balcons.com\/en\/#organization"},"potentialAction":[{"@type":"SearchAction","target":{"@type":"EntryPoint","urlTemplate":"https:\/\/www.les-balcons.com\/en\/?s={search_term_string}"},"query-input":{"@type":"PropertyValueSpecification","valueRequired":true,"valueName":"search_term_string"}}],"inLanguage":"en-US"},{"@type":"Organization","@id":"https:\/\/www.les-balcons.com\/en\/#organization","name":"Les Balcons","url":"https:\/\/www.les-balcons.com\/en\/","logo":{"@type":"ImageObject","inLanguage":"en-US","@id":"https:\/\/www.les-balcons.com\/en\/#\/schema\/logo\/image\/","url":"https:\/\/les-balcons.com\/wp-content\/uploads\/communs\/logos-et-gammes\/logo-les-balcons-base.png","contentUrl":"https:\/\/les-balcons.com\/wp-content\/uploads\/communs\/logos-et-gammes\/logo-les-balcons-base.png","width":3508,"height":2481,"caption":"Les Balcons"},"image":{"@id":"https:\/\/www.les-balcons.com\/en\/#\/schema\/logo\/image\/"}}]}},"uagb_featured_image_src":{"full":["https:\/\/www.les-balcons.com\/wp-content\/uploads\/024-lesbalcons_belleplagne(c)manureyboz.jpeg",1200,800,false],"thumbnail":["https:\/\/www.les-balcons.com\/wp-content\/uploads\/024-lesbalcons_belleplagne(c)manureyboz-150x150.jpeg",150,150,true],"medium":["https:\/\/www.les-balcons.com\/wp-content\/uploads\/024-lesbalcons_belleplagne(c)manureyboz-300x200.jpeg",300,200,true],"medium_large":["https:\/\/www.les-balcons.com\/wp-content\/uploads\/024-lesbalcons_belleplagne(c)manureyboz-768x512.jpeg",768,512,true],"large":["https:\/\/www.les-balcons.com\/wp-content\/uploads\/024-lesbalcons_belleplagne(c)manureyboz-1024x683.jpeg",1024,683,true],"1536x1536":["https:\/\/www.les-balcons.com\/wp-content\/uploads\/024-lesbalcons_belleplagne(c)manureyboz.jpeg",1200,800,false],"2048x2048":["https:\/\/www.les-balcons.com\/wp-content\/uploads\/024-lesbalcons_belleplagne(c)manureyboz.jpeg",1200,800,false],"size-365x220":["https:\/\/www.les-balcons.com\/wp-content\/uploads\/024-lesbalcons_belleplagne(c)manureyboz-365x220.jpeg",365,220,true]},"uagb_author_info":{"display_name":"admin_balcons","author_link":"https:\/\/www.les-balcons.com\/en\/author\/admin_balcons\/"},"uagb_comment_info":0,"uagb_excerpt":"You want a mountain getaway and especially in La Plagne, come discover our Les Balcons de Belle Plagne accommodation. With its hotel and its residence, Les Balcons are answering all your needs by offering various stay that will fit your desires. Whether you want to relax in a hotel with a stunning view on the&hellip;","post_mailing_queue_ids":[],"_links":{"self":[{"href":"https:\/\/www.les-balcons.com\/en\/wp-json\/wp\/v2\/pages\/51017","targetHints":{"allow":["GET"]}}],"collection":[{"href":"https:\/\/www.les-balcons.com\/en\/wp-json\/wp\/v2\/pages"}],"about":[{"href":"https:\/\/www.les-balcons.com\/en\/wp-json\/wp\/v2\/types\/page"}],"author":[{"embeddable":true,"href":"https:\/\/www.les-balcons.com\/en\/wp-json\/wp\/v2\/users\/2"}],"replies":[{"embeddable":true,"href":"https:\/\/www.les-balcons.com\/en\/wp-json\/wp\/v2\/comments?post=51017"}],"version-history":[{"count":0,"href":"https:\/\/www.les-balcons.com\/en\/wp-json\/wp\/v2\/pages\/51017\/revisions"}],"wp:featuredmedia":[{"embeddable":true,"href":"https:\/\/www.les-balcons.com\/en\/wp-json\/wp\/v2\/media\/28577"}],"wp:attachment":[{"href":"https:\/\/www.les-balcons.com\/en\/wp-json\/wp\/v2\/media?parent=51017"}],"curies":[{"name":"wp","href":"https:\/\/api.w.org\/{rel}","templated":true}]}}