{"id":333414,"date":"2026-03-23T13:35:51","date_gmt":"2026-03-23T13:35:51","guid":{"rendered":"https:\/\/www.les-balcons.com\/cosmic-mountain\/"},"modified":"2026-03-23T14:32:53","modified_gmt":"2026-03-23T14:32:53","slug":"cosmic-mountain","status":"publish","type":"page","link":"https:\/\/www.les-balcons.com\/en\/cosmic-mountain\/","title":{"rendered":"Cosmic Mountain"},"content":{"rendered":"\n<div class=\"wp-block-uagb-image uagb-block-611727d6 wp-block-uagb-image--layout-default wp-block-uagb-image--effect-static wp-block-uagb-image--align-none\"><figure class=\"wp-block-uagb-image__figure\"><img decoding=\"async\" srcset=\"https:\/\/www.les-balcons.com\/wp-content\/uploads\/banniere-lp-cosmic-mountain-1024x192.png?v=1774259997 ,https:\/\/www.les-balcons.com\/wp-content\/uploads\/banniere-lp-cosmic-mountain.png 780w, https:\/\/www.les-balcons.com\/wp-content\/uploads\/banniere-lp-cosmic-mountain.png 360w\" sizes=\"auto, (max-width: 480px) 150px\" src=\"https:\/\/www.les-balcons.com\/wp-content\/uploads\/banniere-lp-cosmic-mountain-1024x192.png?v=1774259997\" alt=\"\" class=\"uag-image-333406\" width=\"1024\" height=\"191\" title=\"banniere-lp-cosmic-mountain\" loading=\"lazy\" role=\"img\"\/><\/figure><\/div>\n\n\n\n<div class=\"wp-block-group\"><div class=\"wp-block-group__inner-container is-layout-constrained wp-block-group-is-layout-constrained\">\n<div class=\"wp-block-group\"><div class=\"wp-block-group__inner-container is-layout-constrained wp-block-group-is-layout-constrained\">\n<p><\/p>\n\n\n\n<p><\/p>\n\n\n\n<p class=\"has-text-align-left\">VAL THO ELECTRO<br><i>Ski &#8211; Dance &#8211; Repeat<\/i><br><b>\r\nDon\u2019t miss the&nbsp;<\/b><br><b>\ud83c\udfb6<\/b>Cosmic Mountain&nbsp;Festival&nbsp;<b>\ud83c\udfb6<\/b><br><b>in Val Thorens&nbsp;<\/b><br>from 17th to 19th April 2026!<br><br><br>Book your stay now and enjoy:<br><br>Your accommodation<b>&nbsp;from \u20ac702 for the weekend\r\n<\/b><strong>30% off<\/strong> your festival tickets<br><br><b>Ski by day, festivals by night \u2013 everything\u2019s ready for you<\/b><\/p>\n\n\n\n<p class=\"has-text-align-left\">Book your stay now and enjoy:<\/p>\n<\/div><\/div>\n\n\n\n<blockquote class=\"wp-block-quote has-text-align-left is-layout-flow wp-block-quote-is-layout-flow\">\n<p class=\"has-text-align-left\">Your accommodation<b>&nbsp;from \u20ac702 for the weekend<\/b><\/p>\n\n\n\n<p class=\"has-text-align-left\"><strong>30% off<\/strong> your festival tickets<\/p>\n<\/blockquote>\n\n\n\n<blockquote class=\"wp-block-quote has-text-align-center is-layout-flow wp-block-quote-is-layout-flow\">\n<p><\/p>\n<\/blockquote>\n\n\n\n<p class=\"has-text-align-left has-medium-font-size\"><b>Ski by day, festivals by night \u2013 everything\u2019s ready for you<\/b><\/p>\n<\/div><\/div>\n\n\n\n<p><\/p>\n","protected":false},"excerpt":{"rendered":"<p>VAL THO ELECTROSki &#8211; Dance &#8211; Repeat Don\u2019t miss the&nbsp;\ud83c\udfb6Cosmic Mountain&nbsp;Festival&nbsp;\ud83c\udfb6in Val Thorens&nbsp;from 17th to 19th April 2026! Book your stay now and enjoy: Your accommodation&nbsp;from \u20ac702 for the weekend 30% off your festival tickets Ski by day, festivals by night \u2013 everything\u2019s ready for you Book your stay now and enjoy: Your accommodation&nbsp;from \u20ac702 [&hellip;]<\/p>\n","protected":false},"author":2,"featured_media":0,"parent":0,"menu_order":0,"comment_status":"closed","ping_status":"closed","template":"template-thematique.php","meta":{"_acf_changed":true,"_uag_custom_page_level_css":"","footnotes":""},"class_list":["post-333414","page","type-page","status-publish","hentry"],"acf":[],"yoast_head":"<!-- This site is optimized with the Yoast SEO plugin v27.5 - https:\/\/yoast.com\/product\/yoast-seo-wordpress\/ -->\n<title>Cosmic Mountain - 30% off your festival tickets<\/title>\n<meta name=\"description\" content=\"Don\u2019t miss the Cosmic Mountain Festival in Val Thorens from 17th to 19th April 2026!\" \/>\n<meta name=\"robots\" content=\"index, follow, max-snippet:-1, max-image-preview:large, max-video-preview:-1\" \/>\n<link rel=\"canonical\" href=\"https:\/\/www.les-balcons.com\/en\/cosmic-mountain\/\" \/>\n<meta property=\"og:locale\" content=\"en_US\" \/>\n<meta property=\"og:type\" content=\"article\" \/>\n<meta property=\"og:title\" content=\"Cosmic Mountain - 30% off your festival tickets\" \/>\n<meta property=\"og:description\" content=\"Don\u2019t miss the Cosmic Mountain Festival in Val Thorens from 17th to 19th April 2026!\" \/>\n<meta property=\"og:url\" content=\"https:\/\/www.les-balcons.com\/en\/cosmic-mountain\/\" \/>\n<meta property=\"og:site_name\" content=\"Les Balcons \u2013 R\u00e9sidences et s\u00e9jours Alpes du Nord\" \/>\n<meta property=\"article:modified_time\" content=\"2026-03-23T14:32:53+00:00\" \/>\n<meta property=\"og:image\" content=\"https:\/\/www.les-balcons.com\/wp-content\/uploads\/banniere-lp-cosmic-mountain-1024x192.png?v=1774259997\" \/>\n<meta name=\"twitter:card\" content=\"summary_large_image\" \/>\n<meta name=\"twitter:label1\" content=\"Est. reading time\" \/>\n\t<meta name=\"twitter:data1\" content=\"1 minute\" \/>\n<script type=\"application\/ld+json\" class=\"yoast-schema-graph\">{\"@context\":\"https:\\\/\\\/schema.org\",\"@graph\":[{\"@type\":\"WebPage\",\"@id\":\"https:\\\/\\\/www.les-balcons.com\\\/en\\\/cosmic-mountain\\\/\",\"url\":\"https:\\\/\\\/www.les-balcons.com\\\/en\\\/cosmic-mountain\\\/\",\"name\":\"Cosmic Mountain - 30% off your festival tickets\",\"isPartOf\":{\"@id\":\"https:\\\/\\\/www.les-balcons.com\\\/en\\\/#website\"},\"primaryImageOfPage\":{\"@id\":\"https:\\\/\\\/www.les-balcons.com\\\/en\\\/cosmic-mountain\\\/#primaryimage\"},\"image\":{\"@id\":\"https:\\\/\\\/www.les-balcons.com\\\/en\\\/cosmic-mountain\\\/#primaryimage\"},\"thumbnailUrl\":\"https:\\\/\\\/www.les-balcons.com\\\/wp-content\\\/uploads\\\/banniere-lp-cosmic-mountain-1024x192.png?v=1774259997\",\"datePublished\":\"2026-03-23T13:35:51+00:00\",\"dateModified\":\"2026-03-23T14:32:53+00:00\",\"description\":\"Don\u2019t miss the Cosmic Mountain Festival in Val Thorens from 17th to 19th April 2026!\",\"breadcrumb\":{\"@id\":\"https:\\\/\\\/www.les-balcons.com\\\/en\\\/cosmic-mountain\\\/#breadcrumb\"},\"inLanguage\":\"en-US\",\"potentialAction\":[{\"@type\":\"ReadAction\",\"target\":[\"https:\\\/\\\/www.les-balcons.com\\\/en\\\/cosmic-mountain\\\/\"]}]},{\"@type\":\"ImageObject\",\"inLanguage\":\"en-US\",\"@id\":\"https:\\\/\\\/www.les-balcons.com\\\/en\\\/cosmic-mountain\\\/#primaryimage\",\"url\":\"https:\\\/\\\/www.les-balcons.com\\\/wp-content\\\/uploads\\\/banniere-lp-cosmic-mountain-1024x192.png?v=1774259997\",\"contentUrl\":\"https:\\\/\\\/www.les-balcons.com\\\/wp-content\\\/uploads\\\/banniere-lp-cosmic-mountain-1024x192.png?v=1774259997\"},{\"@type\":\"BreadcrumbList\",\"@id\":\"https:\\\/\\\/www.les-balcons.com\\\/en\\\/cosmic-mountain\\\/#breadcrumb\",\"itemListElement\":[{\"@type\":\"ListItem\",\"position\":1,\"name\":\"Homepage\",\"item\":\"https:\\\/\\\/www.les-balcons.com\\\/en\\\/fr\\\/\"},{\"@type\":\"ListItem\",\"position\":2,\"name\":\"Cosmic Mountain\"}]},{\"@type\":\"WebSite\",\"@id\":\"https:\\\/\\\/www.les-balcons.com\\\/en\\\/#website\",\"url\":\"https:\\\/\\\/www.les-balcons.com\\\/en\\\/\",\"name\":\"Les Balcons \u2013 R\u00e9sidences et s\u00e9jours Alpes du Nord\",\"description\":\"10 \u00e9tablissements, H\u00f4tel et R\u00e9sidences pour vos vacances \u00e0 la montagne\",\"publisher\":{\"@id\":\"https:\\\/\\\/www.les-balcons.com\\\/en\\\/#organization\"},\"potentialAction\":[{\"@type\":\"SearchAction\",\"target\":{\"@type\":\"EntryPoint\",\"urlTemplate\":\"https:\\\/\\\/www.les-balcons.com\\\/en\\\/?s={search_term_string}\"},\"query-input\":{\"@type\":\"PropertyValueSpecification\",\"valueRequired\":true,\"valueName\":\"search_term_string\"}}],\"inLanguage\":\"en-US\"},{\"@type\":\"Organization\",\"@id\":\"https:\\\/\\\/www.les-balcons.com\\\/en\\\/#organization\",\"name\":\"Les Balcons\",\"url\":\"https:\\\/\\\/www.les-balcons.com\\\/en\\\/\",\"logo\":{\"@type\":\"ImageObject\",\"inLanguage\":\"en-US\",\"@id\":\"https:\\\/\\\/www.les-balcons.com\\\/en\\\/#\\\/schema\\\/logo\\\/image\\\/\",\"url\":\"https:\\\/\\\/les-balcons.com\\\/wp-content\\\/uploads\\\/communs\\\/logos-et-gammes\\\/logo-les-balcons-base.png\",\"contentUrl\":\"https:\\\/\\\/les-balcons.com\\\/wp-content\\\/uploads\\\/communs\\\/logos-et-gammes\\\/logo-les-balcons-base.png\",\"width\":3508,\"height\":2481,\"caption\":\"Les Balcons\"},\"image\":{\"@id\":\"https:\\\/\\\/www.les-balcons.com\\\/en\\\/#\\\/schema\\\/logo\\\/image\\\/\"}}]}<\/script>\n<!-- \/ Yoast SEO plugin. -->","yoast_head_json":{"title":"Cosmic Mountain - 30% off your festival tickets","description":"Don\u2019t miss the Cosmic Mountain Festival in Val Thorens from 17th to 19th April 2026!","robots":{"index":"index","follow":"follow","max-snippet":"max-snippet:-1","max-image-preview":"max-image-preview:large","max-video-preview":"max-video-preview:-1"},"canonical":"https:\/\/www.les-balcons.com\/en\/cosmic-mountain\/","og_locale":"en_US","og_type":"article","og_title":"Cosmic Mountain - 30% off your festival tickets","og_description":"Don\u2019t miss the Cosmic Mountain Festival in Val Thorens from 17th to 19th April 2026!","og_url":"https:\/\/www.les-balcons.com\/en\/cosmic-mountain\/","og_site_name":"Les Balcons \u2013 R\u00e9sidences et s\u00e9jours Alpes du Nord","article_modified_time":"2026-03-23T14:32:53+00:00","og_image":[{"url":"https:\/\/www.les-balcons.com\/wp-content\/uploads\/banniere-lp-cosmic-mountain-1024x192.png?v=1774259997","type":"","width":"","height":""}],"twitter_card":"summary_large_image","twitter_misc":{"Est. reading time":"1 minute"},"schema":{"@context":"https:\/\/schema.org","@graph":[{"@type":"WebPage","@id":"https:\/\/www.les-balcons.com\/en\/cosmic-mountain\/","url":"https:\/\/www.les-balcons.com\/en\/cosmic-mountain\/","name":"Cosmic Mountain - 30% off your festival tickets","isPartOf":{"@id":"https:\/\/www.les-balcons.com\/en\/#website"},"primaryImageOfPage":{"@id":"https:\/\/www.les-balcons.com\/en\/cosmic-mountain\/#primaryimage"},"image":{"@id":"https:\/\/www.les-balcons.com\/en\/cosmic-mountain\/#primaryimage"},"thumbnailUrl":"https:\/\/www.les-balcons.com\/wp-content\/uploads\/banniere-lp-cosmic-mountain-1024x192.png?v=1774259997","datePublished":"2026-03-23T13:35:51+00:00","dateModified":"2026-03-23T14:32:53+00:00","description":"Don\u2019t miss the Cosmic Mountain Festival in Val Thorens from 17th to 19th April 2026!","breadcrumb":{"@id":"https:\/\/www.les-balcons.com\/en\/cosmic-mountain\/#breadcrumb"},"inLanguage":"en-US","potentialAction":[{"@type":"ReadAction","target":["https:\/\/www.les-balcons.com\/en\/cosmic-mountain\/"]}]},{"@type":"ImageObject","inLanguage":"en-US","@id":"https:\/\/www.les-balcons.com\/en\/cosmic-mountain\/#primaryimage","url":"https:\/\/www.les-balcons.com\/wp-content\/uploads\/banniere-lp-cosmic-mountain-1024x192.png?v=1774259997","contentUrl":"https:\/\/www.les-balcons.com\/wp-content\/uploads\/banniere-lp-cosmic-mountain-1024x192.png?v=1774259997"},{"@type":"BreadcrumbList","@id":"https:\/\/www.les-balcons.com\/en\/cosmic-mountain\/#breadcrumb","itemListElement":[{"@type":"ListItem","position":1,"name":"Homepage","item":"https:\/\/www.les-balcons.com\/en\/fr\/"},{"@type":"ListItem","position":2,"name":"Cosmic Mountain"}]},{"@type":"WebSite","@id":"https:\/\/www.les-balcons.com\/en\/#website","url":"https:\/\/www.les-balcons.com\/en\/","name":"Les Balcons \u2013 R\u00e9sidences et s\u00e9jours Alpes du Nord","description":"10 \u00e9tablissements, H\u00f4tel et R\u00e9sidences pour vos vacances \u00e0 la montagne","publisher":{"@id":"https:\/\/www.les-balcons.com\/en\/#organization"},"potentialAction":[{"@type":"SearchAction","target":{"@type":"EntryPoint","urlTemplate":"https:\/\/www.les-balcons.com\/en\/?s={search_term_string}"},"query-input":{"@type":"PropertyValueSpecification","valueRequired":true,"valueName":"search_term_string"}}],"inLanguage":"en-US"},{"@type":"Organization","@id":"https:\/\/www.les-balcons.com\/en\/#organization","name":"Les Balcons","url":"https:\/\/www.les-balcons.com\/en\/","logo":{"@type":"ImageObject","inLanguage":"en-US","@id":"https:\/\/www.les-balcons.com\/en\/#\/schema\/logo\/image\/","url":"https:\/\/les-balcons.com\/wp-content\/uploads\/communs\/logos-et-gammes\/logo-les-balcons-base.png","contentUrl":"https:\/\/les-balcons.com\/wp-content\/uploads\/communs\/logos-et-gammes\/logo-les-balcons-base.png","width":3508,"height":2481,"caption":"Les Balcons"},"image":{"@id":"https:\/\/www.les-balcons.com\/en\/#\/schema\/logo\/image\/"}}]}},"uagb_featured_image_src":{"full":false,"thumbnail":false,"medium":false,"medium_large":false,"large":false,"1536x1536":false,"2048x2048":false,"size-365x220":false},"uagb_author_info":{"display_name":"admin_balcons","author_link":"https:\/\/www.les-balcons.com\/en\/author\/admin_balcons\/"},"uagb_comment_info":0,"uagb_excerpt":"VAL THO ELECTROSki &#8211; Dance &#8211; Repeat Don\u2019t miss the&nbsp;\ud83c\udfb6Cosmic Mountain&nbsp;Festival&nbsp;\ud83c\udfb6in Val Thorens&nbsp;from 17th to 19th April 2026! Book your stay now and enjoy: Your accommodation&nbsp;from \u20ac702 for the weekend 30% off your festival tickets Ski by day, festivals by night \u2013 everything\u2019s ready for you Book your stay now and enjoy: Your accommodation&nbsp;from \u20ac702&hellip;","post_mailing_queue_ids":[],"_links":{"self":[{"href":"https:\/\/www.les-balcons.com\/en\/wp-json\/wp\/v2\/pages\/333414","targetHints":{"allow":["GET"]}}],"collection":[{"href":"https:\/\/www.les-balcons.com\/en\/wp-json\/wp\/v2\/pages"}],"about":[{"href":"https:\/\/www.les-balcons.com\/en\/wp-json\/wp\/v2\/types\/page"}],"author":[{"embeddable":true,"href":"https:\/\/www.les-balcons.com\/en\/wp-json\/wp\/v2\/users\/2"}],"replies":[{"embeddable":true,"href":"https:\/\/www.les-balcons.com\/en\/wp-json\/wp\/v2\/comments?post=333414"}],"version-history":[{"count":0,"href":"https:\/\/www.les-balcons.com\/en\/wp-json\/wp\/v2\/pages\/333414\/revisions"}],"wp:attachment":[{"href":"https:\/\/www.les-balcons.com\/en\/wp-json\/wp\/v2\/media?parent=333414"}],"curies":[{"name":"wp","href":"https:\/\/api.w.org\/{rel}","templated":true}]}}