{"id":32485,"date":"2023-09-13T06:47:25","date_gmt":"2023-09-13T06:47:25","guid":{"rendered":"http:\/\/les-balcons.com\/?page_id=32485\/"},"modified":"2024-08-27T10:11:57","modified_gmt":"2024-08-27T10:11:57","slug":"december-christmas-ski-vacations","status":"publish","type":"page","link":"https:\/\/www.les-balcons.com\/en\/december-christmas-ski-vacations\/","title":{"rendered":"December \/ Christmas ski vacations"},"content":{"rendered":"\n<p>&nbsp;Ho ho ho ! It&#8217;s Santa calling.<\/p>\n\n\n\n<p>There is still time to book your holiday in the snow for the end-of-year festivities!<\/p>\n\n\n\n<p>Live a magical experience in Val Thorens, Belle Plagne, Val Cenis or La Rosi\u00e8re! The snowy landscapes, the light of the stars and lanterns in the narrow streets, the Christmas activities, everything is combined to guarantee a joyful and relaxing&nbsp; end of year holiday with family or friends!<\/p>\n\n\n\n<h2 class=\"wp-block-heading\">Christmas holidays with the family<\/h2>\n\n\n\n<p>Our accommodations can welcome 2 to 20 people and have warm interiours where wood and stone combine with quality furniture and decoration in a traditional mountain spirit.<\/p>\n\n\n\n<p>During the Christmas period, the resorts go the extra mile to capture this magical moment: descent of the slopes by torchlight, appearance of Santa Claus, night markets, immersion in the elves&#8217; village&#8230; a wide range of activities and events are offered to enchant the young and the old!<\/p>\n\n\n\n<h2 class=\"wp-block-heading\">A festive stay yes! but also sporty<\/h2>\n\n\n\n<p>What is the priority when skiing ? Our rentals benefit from exceptional locations at the foot of the slopes for instant access to the area and on skis. Equip yourself peacefully in the comfort of the ski room of your accommodation, open the door: the slope is there, the landscape is before you, that&#8217;s it, you&#8217;re skiing!<\/p>\n\n\n\n<h3 class=\"wp-block-heading\">A 100% relaxing and regenerating end-of-year holiday to get off to a good start in January<\/h3>\n\n\n\n<p>Treat yourself to an enchanted break by enjoying moments of relaxation in the spas of our establishments, with a view of the snow-capped peaks. The rental of our apartments in the mountains includes, for the most part, free access to the wellness area: swimming pool, whirlpool bath, Nordic bath, treatment and massage service&#8230; A pleasurable combination to be&nbsp; consumed without moderation after long sliding sessions.<\/p>\n\n\n\n<h3 class=\"wp-block-heading\">A gourmet Christmas in a magical setting<\/h3>\n\n\n\n<p>It is in a breathtaking but&nbsp; friendly setting that we invite you to spend your end of year celebrations. Our teams will pull out all the stops to create special menus for you for the holidays.<\/p>\n\n\n\n<p>And when you think of Christmas holiday in the mountains, you think of traditional Alpine meals by the fire with your whole group. Fondues, raclettes and tartiflettes will please everyone. Santa Claus also told us that he leaves gifts in accommodations where there is a smell of melted cheese as a priority!<\/p>\n\n\n\n<p>To experience the magical atmosphere of Christmas in the mountains and enjoy its powerful moments full of emotions to share, benefit from advantageous rates on rentals and book your ski apartment now for Christmas thanks to our<a href=\"http:\/\/les-balcons.com\/en\/early-booking\/\"> Early Booking discounts!<\/a><\/p>\n","protected":false},"excerpt":{"rendered":"<p>&nbsp;Ho ho ho ! It&#8217;s Santa calling. There is still time to book your holiday in the snow for the end-of-year festivities! Live a magical experience in Val Thorens, Belle Plagne, Val Cenis or La Rosi\u00e8re! The snowy landscapes, the light of the stars and lanterns in the narrow streets, the Christmas activities, everything is [&hellip;]<\/p>\n","protected":false},"author":2,"featured_media":0,"parent":0,"menu_order":0,"comment_status":"closed","ping_status":"closed","template":"template-thematique.php","meta":{"_acf_changed":false,"_uag_custom_page_level_css":"","footnotes":""},"class_list":["post-32485","page","type-page","status-publish","hentry"],"acf":[],"yoast_head":"<!-- This site is optimized with the Yoast SEO plugin v27.4 - https:\/\/yoast.com\/product\/yoast-seo-wordpress\/ -->\n<title>December \/ Christmas ski vacations<\/title>\n<meta name=\"description\" content=\"&nbsp;Ho ho ho ! It&#039;s Santa calling. There is still time to book your holiday in the snow for the end-of-year festivities! Live a magical experience in\" \/>\n<meta name=\"robots\" content=\"index, follow, max-snippet:-1, max-image-preview:large, max-video-preview:-1\" \/>\n<link rel=\"canonical\" href=\"https:\/\/www.les-balcons.com\/en\/december-christmas-ski-vacations\/\" \/>\n<meta property=\"og:locale\" content=\"en_US\" \/>\n<meta property=\"og:type\" content=\"article\" \/>\n<meta property=\"og:title\" content=\"December \/ Christmas ski vacations\" \/>\n<meta property=\"og:description\" content=\"&nbsp;Ho ho ho ! It&#039;s Santa calling. There is still time to book your holiday in the snow for the end-of-year festivities! Live a magical experience in\" \/>\n<meta property=\"og:url\" content=\"https:\/\/www.les-balcons.com\/en\/december-christmas-ski-vacations\/\" \/>\n<meta property=\"og:site_name\" content=\"Les Balcons \u2013 R\u00e9sidences et s\u00e9jours Alpes du Nord\" \/>\n<meta property=\"article:modified_time\" content=\"2024-08-27T10:11:57+00:00\" \/>\n<meta name=\"twitter:card\" content=\"summary_large_image\" \/>\n<meta name=\"twitter:label1\" content=\"Est. reading time\" \/>\n\t<meta name=\"twitter:data1\" content=\"3 minutes\" \/>\n<script type=\"application\/ld+json\" class=\"yoast-schema-graph\">{\"@context\":\"https:\\\/\\\/schema.org\",\"@graph\":[{\"@type\":\"WebPage\",\"@id\":\"https:\\\/\\\/www.les-balcons.com\\\/en\\\/december-christmas-ski-vacations\\\/\",\"url\":\"https:\\\/\\\/www.les-balcons.com\\\/en\\\/december-christmas-ski-vacations\\\/\",\"name\":\"December \\\/ Christmas ski vacations\",\"isPartOf\":{\"@id\":\"https:\\\/\\\/www.les-balcons.com\\\/en\\\/#website\"},\"datePublished\":\"2023-09-13T06:47:25+00:00\",\"dateModified\":\"2024-08-27T10:11:57+00:00\",\"description\":\"&nbsp;Ho ho ho ! It's Santa calling. There is still time to book your holiday in the snow for the end-of-year festivities! Live a magical experience in\",\"breadcrumb\":{\"@id\":\"https:\\\/\\\/www.les-balcons.com\\\/en\\\/december-christmas-ski-vacations\\\/#breadcrumb\"},\"inLanguage\":\"en-US\",\"potentialAction\":[{\"@type\":\"ReadAction\",\"target\":[\"https:\\\/\\\/www.les-balcons.com\\\/en\\\/december-christmas-ski-vacations\\\/\"]}]},{\"@type\":\"BreadcrumbList\",\"@id\":\"https:\\\/\\\/www.les-balcons.com\\\/en\\\/december-christmas-ski-vacations\\\/#breadcrumb\",\"itemListElement\":[{\"@type\":\"ListItem\",\"position\":1,\"name\":\"Homepage\",\"item\":\"https:\\\/\\\/www.les-balcons.com\\\/en\\\/fr\\\/\"},{\"@type\":\"ListItem\",\"position\":2,\"name\":\"December \\\/ Christmas ski vacations\"}]},{\"@type\":\"WebSite\",\"@id\":\"https:\\\/\\\/www.les-balcons.com\\\/en\\\/#website\",\"url\":\"https:\\\/\\\/www.les-balcons.com\\\/en\\\/\",\"name\":\"Les Balcons \u2013 R\u00e9sidences et s\u00e9jours Alpes du Nord\",\"description\":\"10 \u00e9tablissements, H\u00f4tel et R\u00e9sidences pour vos vacances \u00e0 la montagne\",\"publisher\":{\"@id\":\"https:\\\/\\\/www.les-balcons.com\\\/en\\\/#organization\"},\"potentialAction\":[{\"@type\":\"SearchAction\",\"target\":{\"@type\":\"EntryPoint\",\"urlTemplate\":\"https:\\\/\\\/www.les-balcons.com\\\/en\\\/?s={search_term_string}\"},\"query-input\":{\"@type\":\"PropertyValueSpecification\",\"valueRequired\":true,\"valueName\":\"search_term_string\"}}],\"inLanguage\":\"en-US\"},{\"@type\":\"Organization\",\"@id\":\"https:\\\/\\\/www.les-balcons.com\\\/en\\\/#organization\",\"name\":\"Les Balcons\",\"url\":\"https:\\\/\\\/www.les-balcons.com\\\/en\\\/\",\"logo\":{\"@type\":\"ImageObject\",\"inLanguage\":\"en-US\",\"@id\":\"https:\\\/\\\/www.les-balcons.com\\\/en\\\/#\\\/schema\\\/logo\\\/image\\\/\",\"url\":\"https:\\\/\\\/les-balcons.com\\\/wp-content\\\/uploads\\\/communs\\\/logos-et-gammes\\\/logo-les-balcons-base.png\",\"contentUrl\":\"https:\\\/\\\/les-balcons.com\\\/wp-content\\\/uploads\\\/communs\\\/logos-et-gammes\\\/logo-les-balcons-base.png\",\"width\":3508,\"height\":2481,\"caption\":\"Les Balcons\"},\"image\":{\"@id\":\"https:\\\/\\\/www.les-balcons.com\\\/en\\\/#\\\/schema\\\/logo\\\/image\\\/\"}}]}<\/script>\n<!-- \/ Yoast SEO plugin. -->","yoast_head_json":{"title":"December \/ Christmas ski vacations","description":"&nbsp;Ho ho ho ! It's Santa calling. There is still time to book your holiday in the snow for the end-of-year festivities! Live a magical experience in","robots":{"index":"index","follow":"follow","max-snippet":"max-snippet:-1","max-image-preview":"max-image-preview:large","max-video-preview":"max-video-preview:-1"},"canonical":"https:\/\/www.les-balcons.com\/en\/december-christmas-ski-vacations\/","og_locale":"en_US","og_type":"article","og_title":"December \/ Christmas ski vacations","og_description":"&nbsp;Ho ho ho ! It's Santa calling. There is still time to book your holiday in the snow for the end-of-year festivities! Live a magical experience in","og_url":"https:\/\/www.les-balcons.com\/en\/december-christmas-ski-vacations\/","og_site_name":"Les Balcons \u2013 R\u00e9sidences et s\u00e9jours Alpes du Nord","article_modified_time":"2024-08-27T10:11:57+00:00","twitter_card":"summary_large_image","twitter_misc":{"Est. reading time":"3 minutes"},"schema":{"@context":"https:\/\/schema.org","@graph":[{"@type":"WebPage","@id":"https:\/\/www.les-balcons.com\/en\/december-christmas-ski-vacations\/","url":"https:\/\/www.les-balcons.com\/en\/december-christmas-ski-vacations\/","name":"December \/ Christmas ski vacations","isPartOf":{"@id":"https:\/\/www.les-balcons.com\/en\/#website"},"datePublished":"2023-09-13T06:47:25+00:00","dateModified":"2024-08-27T10:11:57+00:00","description":"&nbsp;Ho ho ho ! It's Santa calling. There is still time to book your holiday in the snow for the end-of-year festivities! Live a magical experience in","breadcrumb":{"@id":"https:\/\/www.les-balcons.com\/en\/december-christmas-ski-vacations\/#breadcrumb"},"inLanguage":"en-US","potentialAction":[{"@type":"ReadAction","target":["https:\/\/www.les-balcons.com\/en\/december-christmas-ski-vacations\/"]}]},{"@type":"BreadcrumbList","@id":"https:\/\/www.les-balcons.com\/en\/december-christmas-ski-vacations\/#breadcrumb","itemListElement":[{"@type":"ListItem","position":1,"name":"Homepage","item":"https:\/\/www.les-balcons.com\/en\/fr\/"},{"@type":"ListItem","position":2,"name":"December \/ Christmas ski vacations"}]},{"@type":"WebSite","@id":"https:\/\/www.les-balcons.com\/en\/#website","url":"https:\/\/www.les-balcons.com\/en\/","name":"Les Balcons \u2013 R\u00e9sidences et s\u00e9jours Alpes du Nord","description":"10 \u00e9tablissements, H\u00f4tel et R\u00e9sidences pour vos vacances \u00e0 la montagne","publisher":{"@id":"https:\/\/www.les-balcons.com\/en\/#organization"},"potentialAction":[{"@type":"SearchAction","target":{"@type":"EntryPoint","urlTemplate":"https:\/\/www.les-balcons.com\/en\/?s={search_term_string}"},"query-input":{"@type":"PropertyValueSpecification","valueRequired":true,"valueName":"search_term_string"}}],"inLanguage":"en-US"},{"@type":"Organization","@id":"https:\/\/www.les-balcons.com\/en\/#organization","name":"Les Balcons","url":"https:\/\/www.les-balcons.com\/en\/","logo":{"@type":"ImageObject","inLanguage":"en-US","@id":"https:\/\/www.les-balcons.com\/en\/#\/schema\/logo\/image\/","url":"https:\/\/les-balcons.com\/wp-content\/uploads\/communs\/logos-et-gammes\/logo-les-balcons-base.png","contentUrl":"https:\/\/les-balcons.com\/wp-content\/uploads\/communs\/logos-et-gammes\/logo-les-balcons-base.png","width":3508,"height":2481,"caption":"Les Balcons"},"image":{"@id":"https:\/\/www.les-balcons.com\/en\/#\/schema\/logo\/image\/"}}]}},"uagb_featured_image_src":{"full":false,"thumbnail":false,"medium":false,"medium_large":false,"large":false,"1536x1536":false,"2048x2048":false,"size-365x220":false},"uagb_author_info":{"display_name":"admin_balcons","author_link":"https:\/\/www.les-balcons.com\/en\/author\/admin_balcons\/"},"uagb_comment_info":0,"uagb_excerpt":"&nbsp;Ho ho ho ! It&#8217;s Santa calling. There is still time to book your holiday in the snow for the end-of-year festivities! Live a magical experience in Val Thorens, Belle Plagne, Val Cenis or La Rosi\u00e8re! The snowy landscapes, the light of the stars and lanterns in the narrow streets, the Christmas activities, everything is&hellip;","post_mailing_queue_ids":[],"_links":{"self":[{"href":"https:\/\/www.les-balcons.com\/en\/wp-json\/wp\/v2\/pages\/32485","targetHints":{"allow":["GET"]}}],"collection":[{"href":"https:\/\/www.les-balcons.com\/en\/wp-json\/wp\/v2\/pages"}],"about":[{"href":"https:\/\/www.les-balcons.com\/en\/wp-json\/wp\/v2\/types\/page"}],"author":[{"embeddable":true,"href":"https:\/\/www.les-balcons.com\/en\/wp-json\/wp\/v2\/users\/2"}],"replies":[{"embeddable":true,"href":"https:\/\/www.les-balcons.com\/en\/wp-json\/wp\/v2\/comments?post=32485"}],"version-history":[{"count":0,"href":"https:\/\/www.les-balcons.com\/en\/wp-json\/wp\/v2\/pages\/32485\/revisions"}],"wp:attachment":[{"href":"https:\/\/www.les-balcons.com\/en\/wp-json\/wp\/v2\/media?parent=32485"}],"curies":[{"name":"wp","href":"https:\/\/api.w.org\/{rel}","templated":true}]}}