{"id":19468,"date":"2024-08-27T12:16:13","date_gmt":"2024-08-27T12:16:13","guid":{"rendered":"http:\/\/les-balcons.com\/?page_id=19468\/"},"modified":"2024-11-19T11:14:28","modified_gmt":"2024-11-19T11:14:28","slug":"tictactrip","status":"publish","type":"page","link":"https:\/\/www.les-balcons.com\/en\/tictactrip\/","title":{"rendered":"Tictactrip toutes stations"},"content":{"rendered":"<p><a href=\"https:\/\/www.tictactrip.eu\" id=\"ttt-widget\" data-iframe-partnerId=\"WB-HBT-LES-BALCONS-HP\">. <\/a> <script async type=\"text\/javascript\" src=\"https:\/\/widgetbooking.tictactrip.eu\/index.js\"><\/script><\/p>\n","protected":false},"excerpt":{"rendered":"<p>.<\/p>\n","protected":false},"author":2,"featured_media":0,"parent":0,"menu_order":0,"comment_status":"closed","ping_status":"closed","template":"","meta":{"_acf_changed":false,"_uag_custom_page_level_css":"","footnotes":""},"class_list":["post-19468","page","type-page","status-publish","hentry"],"acf":[],"yoast_head":"<!-- This site is optimized with the Yoast SEO plugin v27.5 - https:\/\/yoast.com\/product\/yoast-seo-wordpress\/ -->\n<title>Tictactrip toutes stations trains, bus, covoiturage<\/title>\n<meta name=\"description\" content=\". Find the easiest way to get to one of the 4 Savoie resorts with the Tictactrip transport comparator.\" \/>\n<meta name=\"robots\" content=\"index, follow, max-snippet:-1, max-image-preview:large, max-video-preview:-1\" \/>\n<link rel=\"canonical\" href=\"https:\/\/www.les-balcons.com\/en\/tictactrip\/\" \/>\n<meta property=\"og:locale\" content=\"en_US\" \/>\n<meta property=\"og:type\" content=\"article\" \/>\n<meta property=\"og:title\" content=\"Tictactrip toutes stations trains, bus, covoiturage\" \/>\n<meta property=\"og:description\" content=\". Find the easiest way to get to one of the 4 Savoie resorts with the Tictactrip transport comparator.\" \/>\n<meta property=\"og:url\" content=\"https:\/\/www.les-balcons.com\/en\/tictactrip\/\" \/>\n<meta property=\"og:site_name\" content=\"Les Balcons \u2013 R\u00e9sidences et s\u00e9jours Alpes du Nord\" \/>\n<meta property=\"article:modified_time\" content=\"2024-11-19T11:14:28+00:00\" \/>\n<meta name=\"twitter:card\" content=\"summary_large_image\" \/>\n<script type=\"application\/ld+json\" class=\"yoast-schema-graph\">{\"@context\":\"https:\\\/\\\/schema.org\",\"@graph\":[{\"@type\":\"WebPage\",\"@id\":\"https:\\\/\\\/www.les-balcons.com\\\/en\\\/tictactrip\\\/\",\"url\":\"https:\\\/\\\/www.les-balcons.com\\\/en\\\/tictactrip\\\/\",\"name\":\"Tictactrip toutes stations trains, bus, covoiturage\",\"isPartOf\":{\"@id\":\"https:\\\/\\\/www.les-balcons.com\\\/en\\\/#website\"},\"datePublished\":\"2024-08-27T12:16:13+00:00\",\"dateModified\":\"2024-11-19T11:14:28+00:00\",\"description\":\". Find the easiest way to get to one of the 4 Savoie resorts with the Tictactrip transport comparator.\",\"breadcrumb\":{\"@id\":\"https:\\\/\\\/www.les-balcons.com\\\/en\\\/tictactrip\\\/#breadcrumb\"},\"inLanguage\":\"en-US\",\"potentialAction\":[{\"@type\":\"ReadAction\",\"target\":[\"https:\\\/\\\/www.les-balcons.com\\\/en\\\/tictactrip\\\/\"]}]},{\"@type\":\"BreadcrumbList\",\"@id\":\"https:\\\/\\\/www.les-balcons.com\\\/en\\\/tictactrip\\\/#breadcrumb\",\"itemListElement\":[{\"@type\":\"ListItem\",\"position\":1,\"name\":\"Homepage\",\"item\":\"https:\\\/\\\/www.les-balcons.com\\\/en\\\/fr\\\/\"},{\"@type\":\"ListItem\",\"position\":2,\"name\":\"Tictactrip toutes stations\"}]},{\"@type\":\"WebSite\",\"@id\":\"https:\\\/\\\/www.les-balcons.com\\\/en\\\/#website\",\"url\":\"https:\\\/\\\/www.les-balcons.com\\\/en\\\/\",\"name\":\"Les Balcons \u2013 R\u00e9sidences et s\u00e9jours Alpes du Nord\",\"description\":\"10 \u00e9tablissements, H\u00f4tel et R\u00e9sidences pour vos vacances \u00e0 la montagne\",\"publisher\":{\"@id\":\"https:\\\/\\\/www.les-balcons.com\\\/en\\\/#organization\"},\"potentialAction\":[{\"@type\":\"SearchAction\",\"target\":{\"@type\":\"EntryPoint\",\"urlTemplate\":\"https:\\\/\\\/www.les-balcons.com\\\/en\\\/?s={search_term_string}\"},\"query-input\":{\"@type\":\"PropertyValueSpecification\",\"valueRequired\":true,\"valueName\":\"search_term_string\"}}],\"inLanguage\":\"en-US\"},{\"@type\":\"Organization\",\"@id\":\"https:\\\/\\\/www.les-balcons.com\\\/en\\\/#organization\",\"name\":\"Les Balcons\",\"url\":\"https:\\\/\\\/www.les-balcons.com\\\/en\\\/\",\"logo\":{\"@type\":\"ImageObject\",\"inLanguage\":\"en-US\",\"@id\":\"https:\\\/\\\/www.les-balcons.com\\\/en\\\/#\\\/schema\\\/logo\\\/image\\\/\",\"url\":\"https:\\\/\\\/les-balcons.com\\\/wp-content\\\/uploads\\\/communs\\\/logos-et-gammes\\\/logo-les-balcons-base.png\",\"contentUrl\":\"https:\\\/\\\/les-balcons.com\\\/wp-content\\\/uploads\\\/communs\\\/logos-et-gammes\\\/logo-les-balcons-base.png\",\"width\":3508,\"height\":2481,\"caption\":\"Les Balcons\"},\"image\":{\"@id\":\"https:\\\/\\\/www.les-balcons.com\\\/en\\\/#\\\/schema\\\/logo\\\/image\\\/\"}}]}<\/script>\n<!-- \/ Yoast SEO plugin. -->","yoast_head_json":{"title":"Tictactrip toutes stations trains, bus, covoiturage","description":". Find the easiest way to get to one of the 4 Savoie resorts with the Tictactrip transport comparator.","robots":{"index":"index","follow":"follow","max-snippet":"max-snippet:-1","max-image-preview":"max-image-preview:large","max-video-preview":"max-video-preview:-1"},"canonical":"https:\/\/www.les-balcons.com\/en\/tictactrip\/","og_locale":"en_US","og_type":"article","og_title":"Tictactrip toutes stations trains, bus, covoiturage","og_description":". Find the easiest way to get to one of the 4 Savoie resorts with the Tictactrip transport comparator.","og_url":"https:\/\/www.les-balcons.com\/en\/tictactrip\/","og_site_name":"Les Balcons \u2013 R\u00e9sidences et s\u00e9jours Alpes du Nord","article_modified_time":"2024-11-19T11:14:28+00:00","twitter_card":"summary_large_image","schema":{"@context":"https:\/\/schema.org","@graph":[{"@type":"WebPage","@id":"https:\/\/www.les-balcons.com\/en\/tictactrip\/","url":"https:\/\/www.les-balcons.com\/en\/tictactrip\/","name":"Tictactrip toutes stations trains, bus, covoiturage","isPartOf":{"@id":"https:\/\/www.les-balcons.com\/en\/#website"},"datePublished":"2024-08-27T12:16:13+00:00","dateModified":"2024-11-19T11:14:28+00:00","description":". Find the easiest way to get to one of the 4 Savoie resorts with the Tictactrip transport comparator.","breadcrumb":{"@id":"https:\/\/www.les-balcons.com\/en\/tictactrip\/#breadcrumb"},"inLanguage":"en-US","potentialAction":[{"@type":"ReadAction","target":["https:\/\/www.les-balcons.com\/en\/tictactrip\/"]}]},{"@type":"BreadcrumbList","@id":"https:\/\/www.les-balcons.com\/en\/tictactrip\/#breadcrumb","itemListElement":[{"@type":"ListItem","position":1,"name":"Homepage","item":"https:\/\/www.les-balcons.com\/en\/fr\/"},{"@type":"ListItem","position":2,"name":"Tictactrip toutes stations"}]},{"@type":"WebSite","@id":"https:\/\/www.les-balcons.com\/en\/#website","url":"https:\/\/www.les-balcons.com\/en\/","name":"Les Balcons \u2013 R\u00e9sidences et s\u00e9jours Alpes du Nord","description":"10 \u00e9tablissements, H\u00f4tel et R\u00e9sidences pour vos vacances \u00e0 la montagne","publisher":{"@id":"https:\/\/www.les-balcons.com\/en\/#organization"},"potentialAction":[{"@type":"SearchAction","target":{"@type":"EntryPoint","urlTemplate":"https:\/\/www.les-balcons.com\/en\/?s={search_term_string}"},"query-input":{"@type":"PropertyValueSpecification","valueRequired":true,"valueName":"search_term_string"}}],"inLanguage":"en-US"},{"@type":"Organization","@id":"https:\/\/www.les-balcons.com\/en\/#organization","name":"Les Balcons","url":"https:\/\/www.les-balcons.com\/en\/","logo":{"@type":"ImageObject","inLanguage":"en-US","@id":"https:\/\/www.les-balcons.com\/en\/#\/schema\/logo\/image\/","url":"https:\/\/les-balcons.com\/wp-content\/uploads\/communs\/logos-et-gammes\/logo-les-balcons-base.png","contentUrl":"https:\/\/les-balcons.com\/wp-content\/uploads\/communs\/logos-et-gammes\/logo-les-balcons-base.png","width":3508,"height":2481,"caption":"Les Balcons"},"image":{"@id":"https:\/\/www.les-balcons.com\/en\/#\/schema\/logo\/image\/"}}]}},"uagb_featured_image_src":{"full":false,"thumbnail":false,"medium":false,"medium_large":false,"large":false,"1536x1536":false,"2048x2048":false,"size-365x220":false},"uagb_author_info":{"display_name":"admin_balcons","author_link":"https:\/\/www.les-balcons.com\/en\/author\/admin_balcons\/"},"uagb_comment_info":0,"uagb_excerpt":".","post_mailing_queue_ids":[],"_links":{"self":[{"href":"https:\/\/www.les-balcons.com\/en\/wp-json\/wp\/v2\/pages\/19468","targetHints":{"allow":["GET"]}}],"collection":[{"href":"https:\/\/www.les-balcons.com\/en\/wp-json\/wp\/v2\/pages"}],"about":[{"href":"https:\/\/www.les-balcons.com\/en\/wp-json\/wp\/v2\/types\/page"}],"author":[{"embeddable":true,"href":"https:\/\/www.les-balcons.com\/en\/wp-json\/wp\/v2\/users\/2"}],"replies":[{"embeddable":true,"href":"https:\/\/www.les-balcons.com\/en\/wp-json\/wp\/v2\/comments?post=19468"}],"version-history":[{"count":0,"href":"https:\/\/www.les-balcons.com\/en\/wp-json\/wp\/v2\/pages\/19468\/revisions"}],"wp:attachment":[{"href":"https:\/\/www.les-balcons.com\/en\/wp-json\/wp\/v2\/media?parent=19468"}],"curies":[{"name":"wp","href":"https:\/\/api.w.org\/{rel}","templated":true}]}}