{"id":14206,"date":"2021-06-21T09:01:47","date_gmt":"2021-06-21T09:01:47","guid":{"rendered":"https:\/\/www.les-balcons.com\/chalet-la-plagne-copy\/"},"modified":"2024-09-17T15:05:25","modified_gmt":"2024-09-17T15:05:25","slug":"la-plagne-chalet-summer","status":"publish","type":"page","link":"https:\/\/www.les-balcons.com\/en\/la-plagne-chalet-summer\/","title":{"rendered":"La Plagne Chalet Summer"},"content":{"rendered":"<p>You&#8217;re looking for a place to rest this summer ? You&#8217;re more of a nature person than a sea and sand person ?<br \/>\nDiscover all the joy that holidays in the mountain can offer when you rent a chalet with Les Balcons de Belle Plagne !<\/p>\n<h2>A stay in nature, in a chalet in Belle Plagne<\/h2>\n<p>No more crowd and pollution, with your choice to have your summer holiday in the mountains, you get back to the calm of the forrest. Ski resort are converting themselves for a green season and put at your disposal many services to make sure you&#8217;ll have fun. With your family, rend a chalet in summer and have family friendly holidays while being close to nature. Go on a hike on the hiking paths and explore the landscapes and have a bit of exercise with your kids. And who knows, maybe you&#8217;ll cross the path of one of the beautiful animal species that live here : ibexes, marmot, chamois, birds of prey&#8230;.<\/p>\n<p>The activities in the mountains are numerous, variated and entertaining during summer. First of all, hiking, which allow you to discover a new face of the mountains than the white one you&#8217;re used to during winter. Green and somptuous, the mountains are gorgeous during summer. Those landscapes can be explored by foot, with your mountain bike, or horseback riding, depending on your taste. Thrill lovers, choose climbing, via ferrata, or glacier climbing.<\/p>\n<p>Tempted by all these activities ? All you have to do is rent a chalet apartment with Les Balcons de Belle Plagne, at the feet of the hiking paths and the leisure parks. Les Balcons de Belle Plagne chalet are giving you a typical savoy experience around stone, wood and warm colours. The chalet apartment are offering wide spaces for you to enjoy your stay. The balcony allows you to gaze at nature while the sun is going down behind the mountains, a glass of fresh local fruit juice in your hand.<\/p>\n<p>At the ground-floor, you&#8217;ll find a 400sqm spa with its pool, a whirlpool bath, a sauna and a fitness room.<\/p>\n<h3>Book your summer stay in the mountains in a chalet of Belle Plagne<\/h3>\n<p>The green meadow, the marmots, the wooden chalet overhanging above the valley, who never dreamed of holidays in a chalet ? By booking your stay in Les Balcons de Belle Plagne, you can enjoy a 100% savoy-like stay. Put your luggage in your chalet with view on the alpine peaks and the Mont Saint-Jacques.<\/p>\n<p>So, when are you leaving ?<\/p>\n<hr>\n<h5 style=\"text-align: center;\"><a href=\"\/en\/accommodation-rental-la-plagne-summer\/\">See all accommodations in La Plagne<\/a><\/h5>\n<hr>\n","protected":false},"excerpt":{"rendered":"<p>You&#8217;re looking for a place to rest this summer ? You&#8217;re more of a nature person than a sea and sand person ? Discover all the joy that holidays in the mountain can offer when you rent a chalet with Les Balcons de Belle Plagne ! A stay in nature, in a chalet in Belle [&hellip;]<\/p>\n","protected":false},"author":2,"featured_media":0,"parent":0,"menu_order":0,"comment_status":"closed","ping_status":"closed","template":"template-heberegements-filtres.php","meta":{"_acf_changed":false,"_uag_custom_page_level_css":"","footnotes":""},"class_list":["post-14206","page","type-page","status-publish","hentry"],"acf":[],"yoast_head":"<!-- This site is optimized with the Yoast SEO plugin v27.6 - https:\/\/yoast.com\/product\/yoast-seo-wordpress\/ -->\n<title>La Plagne Chalet Summer rental - Belle plagne Savoie summer stay chalet style<\/title>\n<meta name=\"description\" content=\"Your successful summer stay in a comfortable chalet in La Plagne, authentic Savoyard accommodation for couples, friends or family\" \/>\n<meta name=\"robots\" content=\"index, follow, max-snippet:-1, max-image-preview:large, max-video-preview:-1\" \/>\n<link rel=\"canonical\" href=\"https:\/\/www.les-balcons.com\/en\/la-plagne-chalet-summer\/\" \/>\n<meta property=\"og:locale\" content=\"en_US\" \/>\n<meta property=\"og:type\" content=\"article\" \/>\n<meta property=\"og:title\" content=\"La Plagne Chalet Summer rental - Belle plagne Savoie summer stay chalet style\" \/>\n<meta property=\"og:description\" content=\"Your successful summer stay in a comfortable chalet in La Plagne, authentic Savoyard accommodation for couples, friends or family\" \/>\n<meta property=\"og:url\" content=\"https:\/\/www.les-balcons.com\/en\/la-plagne-chalet-summer\/\" \/>\n<meta property=\"og:site_name\" content=\"Les Balcons \u2013 R\u00e9sidences et s\u00e9jours Alpes du Nord\" \/>\n<meta property=\"article:modified_time\" content=\"2024-09-17T15:05:25+00:00\" \/>\n<meta name=\"twitter:card\" content=\"summary_large_image\" \/>\n<meta name=\"twitter:label1\" content=\"Est. reading time\" \/>\n\t<meta name=\"twitter:data1\" content=\"3 minutes\" \/>\n<script type=\"application\/ld+json\" class=\"yoast-schema-graph\">{\"@context\":\"https:\\\/\\\/schema.org\",\"@graph\":[{\"@type\":\"WebPage\",\"@id\":\"https:\\\/\\\/www.les-balcons.com\\\/en\\\/la-plagne-chalet-summer\\\/\",\"url\":\"https:\\\/\\\/www.les-balcons.com\\\/en\\\/la-plagne-chalet-summer\\\/\",\"name\":\"La Plagne Chalet Summer rental - Belle plagne Savoie summer stay chalet style\",\"isPartOf\":{\"@id\":\"https:\\\/\\\/www.les-balcons.com\\\/en\\\/#website\"},\"datePublished\":\"2021-06-21T09:01:47+00:00\",\"dateModified\":\"2024-09-17T15:05:25+00:00\",\"description\":\"Your successful summer stay in a comfortable chalet in La Plagne, authentic Savoyard accommodation for couples, friends or family\",\"breadcrumb\":{\"@id\":\"https:\\\/\\\/www.les-balcons.com\\\/en\\\/la-plagne-chalet-summer\\\/#breadcrumb\"},\"inLanguage\":\"en-US\",\"potentialAction\":[{\"@type\":\"ReadAction\",\"target\":[\"https:\\\/\\\/www.les-balcons.com\\\/en\\\/la-plagne-chalet-summer\\\/\"]}]},{\"@type\":\"BreadcrumbList\",\"@id\":\"https:\\\/\\\/www.les-balcons.com\\\/en\\\/la-plagne-chalet-summer\\\/#breadcrumb\",\"itemListElement\":[{\"@type\":\"ListItem\",\"position\":1,\"name\":\"Homepage\",\"item\":\"https:\\\/\\\/www.les-balcons.com\\\/en\\\/fr\\\/\"},{\"@type\":\"ListItem\",\"position\":2,\"name\":\"La Plagne Chalet Summer\"}]},{\"@type\":\"WebSite\",\"@id\":\"https:\\\/\\\/www.les-balcons.com\\\/en\\\/#website\",\"url\":\"https:\\\/\\\/www.les-balcons.com\\\/en\\\/\",\"name\":\"Les Balcons \u2013 R\u00e9sidences et s\u00e9jours Alpes du Nord\",\"description\":\"10 \u00e9tablissements, H\u00f4tel et R\u00e9sidences pour vos vacances \u00e0 la montagne\",\"publisher\":{\"@id\":\"https:\\\/\\\/www.les-balcons.com\\\/en\\\/#organization\"},\"potentialAction\":[{\"@type\":\"SearchAction\",\"target\":{\"@type\":\"EntryPoint\",\"urlTemplate\":\"https:\\\/\\\/www.les-balcons.com\\\/en\\\/?s={search_term_string}\"},\"query-input\":{\"@type\":\"PropertyValueSpecification\",\"valueRequired\":true,\"valueName\":\"search_term_string\"}}],\"inLanguage\":\"en-US\"},{\"@type\":\"Organization\",\"@id\":\"https:\\\/\\\/www.les-balcons.com\\\/en\\\/#organization\",\"name\":\"Les Balcons\",\"url\":\"https:\\\/\\\/www.les-balcons.com\\\/en\\\/\",\"logo\":{\"@type\":\"ImageObject\",\"inLanguage\":\"en-US\",\"@id\":\"https:\\\/\\\/www.les-balcons.com\\\/en\\\/#\\\/schema\\\/logo\\\/image\\\/\",\"url\":\"https:\\\/\\\/les-balcons.com\\\/wp-content\\\/uploads\\\/communs\\\/logos-et-gammes\\\/logo-les-balcons-base.png\",\"contentUrl\":\"https:\\\/\\\/les-balcons.com\\\/wp-content\\\/uploads\\\/communs\\\/logos-et-gammes\\\/logo-les-balcons-base.png\",\"width\":3508,\"height\":2481,\"caption\":\"Les Balcons\"},\"image\":{\"@id\":\"https:\\\/\\\/www.les-balcons.com\\\/en\\\/#\\\/schema\\\/logo\\\/image\\\/\"}}]}<\/script>\n<!-- \/ Yoast SEO plugin. -->","yoast_head_json":{"title":"La Plagne Chalet Summer rental - Belle plagne Savoie summer stay chalet style","description":"Your successful summer stay in a comfortable chalet in La Plagne, authentic Savoyard accommodation for couples, friends or family","robots":{"index":"index","follow":"follow","max-snippet":"max-snippet:-1","max-image-preview":"max-image-preview:large","max-video-preview":"max-video-preview:-1"},"canonical":"https:\/\/www.les-balcons.com\/en\/la-plagne-chalet-summer\/","og_locale":"en_US","og_type":"article","og_title":"La Plagne Chalet Summer rental - Belle plagne Savoie summer stay chalet style","og_description":"Your successful summer stay in a comfortable chalet in La Plagne, authentic Savoyard accommodation for couples, friends or family","og_url":"https:\/\/www.les-balcons.com\/en\/la-plagne-chalet-summer\/","og_site_name":"Les Balcons \u2013 R\u00e9sidences et s\u00e9jours Alpes du Nord","article_modified_time":"2024-09-17T15:05:25+00:00","twitter_card":"summary_large_image","twitter_misc":{"Est. reading time":"3 minutes"},"schema":{"@context":"https:\/\/schema.org","@graph":[{"@type":"WebPage","@id":"https:\/\/www.les-balcons.com\/en\/la-plagne-chalet-summer\/","url":"https:\/\/www.les-balcons.com\/en\/la-plagne-chalet-summer\/","name":"La Plagne Chalet Summer rental - Belle plagne Savoie summer stay chalet style","isPartOf":{"@id":"https:\/\/www.les-balcons.com\/en\/#website"},"datePublished":"2021-06-21T09:01:47+00:00","dateModified":"2024-09-17T15:05:25+00:00","description":"Your successful summer stay in a comfortable chalet in La Plagne, authentic Savoyard accommodation for couples, friends or family","breadcrumb":{"@id":"https:\/\/www.les-balcons.com\/en\/la-plagne-chalet-summer\/#breadcrumb"},"inLanguage":"en-US","potentialAction":[{"@type":"ReadAction","target":["https:\/\/www.les-balcons.com\/en\/la-plagne-chalet-summer\/"]}]},{"@type":"BreadcrumbList","@id":"https:\/\/www.les-balcons.com\/en\/la-plagne-chalet-summer\/#breadcrumb","itemListElement":[{"@type":"ListItem","position":1,"name":"Homepage","item":"https:\/\/www.les-balcons.com\/en\/fr\/"},{"@type":"ListItem","position":2,"name":"La Plagne Chalet Summer"}]},{"@type":"WebSite","@id":"https:\/\/www.les-balcons.com\/en\/#website","url":"https:\/\/www.les-balcons.com\/en\/","name":"Les Balcons \u2013 R\u00e9sidences et s\u00e9jours Alpes du Nord","description":"10 \u00e9tablissements, H\u00f4tel et R\u00e9sidences pour vos vacances \u00e0 la montagne","publisher":{"@id":"https:\/\/www.les-balcons.com\/en\/#organization"},"potentialAction":[{"@type":"SearchAction","target":{"@type":"EntryPoint","urlTemplate":"https:\/\/www.les-balcons.com\/en\/?s={search_term_string}"},"query-input":{"@type":"PropertyValueSpecification","valueRequired":true,"valueName":"search_term_string"}}],"inLanguage":"en-US"},{"@type":"Organization","@id":"https:\/\/www.les-balcons.com\/en\/#organization","name":"Les Balcons","url":"https:\/\/www.les-balcons.com\/en\/","logo":{"@type":"ImageObject","inLanguage":"en-US","@id":"https:\/\/www.les-balcons.com\/en\/#\/schema\/logo\/image\/","url":"https:\/\/les-balcons.com\/wp-content\/uploads\/communs\/logos-et-gammes\/logo-les-balcons-base.png","contentUrl":"https:\/\/les-balcons.com\/wp-content\/uploads\/communs\/logos-et-gammes\/logo-les-balcons-base.png","width":3508,"height":2481,"caption":"Les Balcons"},"image":{"@id":"https:\/\/www.les-balcons.com\/en\/#\/schema\/logo\/image\/"}}]}},"uagb_featured_image_src":{"full":false,"thumbnail":false,"medium":false,"medium_large":false,"large":false,"1536x1536":false,"2048x2048":false,"size-365x220":false},"uagb_author_info":{"display_name":"admin_balcons","author_link":"https:\/\/www.les-balcons.com\/en\/author\/admin_balcons\/"},"uagb_comment_info":0,"uagb_excerpt":"You&#8217;re looking for a place to rest this summer ? You&#8217;re more of a nature person than a sea and sand person ? Discover all the joy that holidays in the mountain can offer when you rent a chalet with Les Balcons de Belle Plagne ! A stay in nature, in a chalet in Belle&hellip;","post_mailing_queue_ids":[],"_links":{"self":[{"href":"https:\/\/www.les-balcons.com\/en\/wp-json\/wp\/v2\/pages\/14206","targetHints":{"allow":["GET"]}}],"collection":[{"href":"https:\/\/www.les-balcons.com\/en\/wp-json\/wp\/v2\/pages"}],"about":[{"href":"https:\/\/www.les-balcons.com\/en\/wp-json\/wp\/v2\/types\/page"}],"author":[{"embeddable":true,"href":"https:\/\/www.les-balcons.com\/en\/wp-json\/wp\/v2\/users\/2"}],"replies":[{"embeddable":true,"href":"https:\/\/www.les-balcons.com\/en\/wp-json\/wp\/v2\/comments?post=14206"}],"version-history":[{"count":0,"href":"https:\/\/www.les-balcons.com\/en\/wp-json\/wp\/v2\/pages\/14206\/revisions"}],"wp:attachment":[{"href":"https:\/\/www.les-balcons.com\/en\/wp-json\/wp\/v2\/media?parent=14206"}],"curies":[{"name":"wp","href":"https:\/\/api.w.org\/{rel}","templated":true}]}}