{"id":14204,"date":"2021-06-21T08:55:32","date_gmt":"2021-06-21T08:55:32","guid":{"rendered":"https:\/\/www.les-balcons.com\/appartement-la-rosiere-copy\/"},"modified":"2024-09-17T07:20:13","modified_gmt":"2024-09-17T07:20:13","slug":"la-rosiere-apartment-summer","status":"publish","type":"page","link":"https:\/\/www.les-balcons.com\/en\/la-rosiere-apartment-summer\/","title":{"rendered":"La Rosi\u00e8re Apartment"},"content":{"rendered":"<p>Nested between the peaks and a few steps away from Italy, La Rosi\u00e8re is mostly well known for its international ski area (San Bernardo Space), but, during summer, the resort has many treasure for your to explore ! The snow is melting and is letting the resort putting on its summer coat ! If you decide to put your luggage in La Rosi\u00e8re, here is an excellent apartment address for you to put in your savoy good deal notebook right away ! Follow us for a quick tour !<\/p>\n<h2>Rent a cozy apartment in La Rosi\u00e8re<\/h2>\n<p>The mountain flower are blooming all over and are offering you a true colorful festival ! The lauze roofs are clear from all snow. The water from the stream is running again and you will probably encouter a few wild animals on the heights of the resort during a hike. It&#8217;s now time for you to put on your hiking shoes to discover a new face of La Rosi\u00e8re resort. Bikes are out and the boldest will try the Iseran Pass climb, you can, as well, enjoy the Bike Park with your mountain bike and its 160km of track.<\/p>\n<p>So you can enjoy those differents moments in the mountains, Les Balcons are offering a large range of apartment located just a few steps away from the hiking paths and the leisure parks. Imagine yourself in the morning in your holiday rental, sharing a yummy breakfast facing the mountains. A true relaxing life moment making sure your day in nature will be great ! At the end of the day, on your balcony, get yourself comfortable in the deck chair and enjoy a blueberry pie while the kids are playing in the Galopins Club !<\/p>\n<p>Les Balcons de La Rosi\u00e8re apartments are wide, with all mod cons and close to every hiking paths and leisure center. Perfectly adapted for you to have a vacation with your family !<\/p>\n<h3>An apartment with an altitude spa<\/h3>\n<p>By renting an apartment in Les Balcons de La Rosi\u00e8re, you have an access to the Alparena**** &amp; Spa hotel spa. You will love having a swim in the gorgeous pool with its amazing view on the mountains. The kids aren&#8217;t left behind since there is also a kid pool ! Two whirlpool bath are there for you to relax. For a real moment of true relaxation, book a treatment or a Thalgo massage !<\/p>\n<h3>For a successful holiday<\/h3>\n<p>Book a stay with Les Balcons de La Rosi\u00e8re and experience funny, athletic activities, enjoy beautiful landscapes and taste at the local gastronomy. The mountains are the perfect example of a relaxing destination to go back home the head filled with memories.<\/p>\n<hr \/>\n<h5 style=\"text-align: center;\"><a href=\"\/en\/accommodation-rental-la-rosiere-summer\/\">See all accommodations in la Rosi\u00e8re<\/a><\/h5>\n<hr \/>\n","protected":false},"excerpt":{"rendered":"<p>Nested between the peaks and a few steps away from Italy, La Rosi\u00e8re is mostly well known for its international ski area (San Bernardo Space), but, during summer, the resort has many treasure for your to explore ! The snow is melting and is letting the resort putting on its summer coat ! If you [&hellip;]<\/p>\n","protected":false},"author":2,"featured_media":0,"parent":0,"menu_order":0,"comment_status":"closed","ping_status":"closed","template":"template-heberegements-filtres.php","meta":{"_acf_changed":false,"_uag_custom_page_level_css":"","footnotes":""},"class_list":["post-14204","page","type-page","status-publish","hentry"],"acf":[],"yoast_head":"<!-- This site is optimized with the Yoast SEO plugin v27.5 - https:\/\/yoast.com\/product\/yoast-seo-wordpress\/ -->\n<title>Summer apartment rental in La Rosi\u00e8re resort, near Italy<\/title>\n<meta name=\"description\" content=\"Rent your apartment this summer in La Rosi\u00e8re and enjoy your \u00e0 la carte stay with an all-inclusive stay or accommodation formula\" \/>\n<meta name=\"robots\" content=\"index, follow, max-snippet:-1, max-image-preview:large, max-video-preview:-1\" \/>\n<link rel=\"canonical\" href=\"https:\/\/www.les-balcons.com\/en\/la-rosiere-apartment-summer\/\" \/>\n<meta property=\"og:locale\" content=\"en_US\" \/>\n<meta property=\"og:type\" content=\"article\" \/>\n<meta property=\"og:title\" content=\"Summer apartment rental in La Rosi\u00e8re resort, near Italy\" \/>\n<meta property=\"og:description\" content=\"Rent your apartment this summer in La Rosi\u00e8re and enjoy your \u00e0 la carte stay with an all-inclusive stay or accommodation formula\" \/>\n<meta property=\"og:url\" content=\"https:\/\/www.les-balcons.com\/en\/la-rosiere-apartment-summer\/\" \/>\n<meta property=\"og:site_name\" content=\"Les Balcons \u2013 R\u00e9sidences et s\u00e9jours Alpes du Nord\" \/>\n<meta property=\"article:modified_time\" content=\"2024-09-17T07:20:13+00:00\" \/>\n<meta name=\"twitter:card\" content=\"summary_large_image\" \/>\n<meta name=\"twitter:label1\" content=\"Est. reading time\" \/>\n\t<meta name=\"twitter:data1\" content=\"3 minutes\" \/>\n<script type=\"application\/ld+json\" class=\"yoast-schema-graph\">{\"@context\":\"https:\\\/\\\/schema.org\",\"@graph\":[{\"@type\":\"WebPage\",\"@id\":\"https:\\\/\\\/www.les-balcons.com\\\/en\\\/la-rosiere-apartment-summer\\\/\",\"url\":\"https:\\\/\\\/www.les-balcons.com\\\/en\\\/la-rosiere-apartment-summer\\\/\",\"name\":\"Summer apartment rental in La Rosi\u00e8re resort, near Italy\",\"isPartOf\":{\"@id\":\"https:\\\/\\\/www.les-balcons.com\\\/en\\\/#website\"},\"datePublished\":\"2021-06-21T08:55:32+00:00\",\"dateModified\":\"2024-09-17T07:20:13+00:00\",\"description\":\"Rent your apartment this summer in La Rosi\u00e8re and enjoy your \u00e0 la carte stay with an all-inclusive stay or accommodation formula\",\"breadcrumb\":{\"@id\":\"https:\\\/\\\/www.les-balcons.com\\\/en\\\/la-rosiere-apartment-summer\\\/#breadcrumb\"},\"inLanguage\":\"en-US\",\"potentialAction\":[{\"@type\":\"ReadAction\",\"target\":[\"https:\\\/\\\/www.les-balcons.com\\\/en\\\/la-rosiere-apartment-summer\\\/\"]}]},{\"@type\":\"BreadcrumbList\",\"@id\":\"https:\\\/\\\/www.les-balcons.com\\\/en\\\/la-rosiere-apartment-summer\\\/#breadcrumb\",\"itemListElement\":[{\"@type\":\"ListItem\",\"position\":1,\"name\":\"Homepage\",\"item\":\"https:\\\/\\\/www.les-balcons.com\\\/en\\\/fr\\\/\"},{\"@type\":\"ListItem\",\"position\":2,\"name\":\"La Rosi\u00e8re Apartment\"}]},{\"@type\":\"WebSite\",\"@id\":\"https:\\\/\\\/www.les-balcons.com\\\/en\\\/#website\",\"url\":\"https:\\\/\\\/www.les-balcons.com\\\/en\\\/\",\"name\":\"Les Balcons \u2013 R\u00e9sidences et s\u00e9jours Alpes du Nord\",\"description\":\"10 \u00e9tablissements, H\u00f4tel et R\u00e9sidences pour vos vacances \u00e0 la montagne\",\"publisher\":{\"@id\":\"https:\\\/\\\/www.les-balcons.com\\\/en\\\/#organization\"},\"potentialAction\":[{\"@type\":\"SearchAction\",\"target\":{\"@type\":\"EntryPoint\",\"urlTemplate\":\"https:\\\/\\\/www.les-balcons.com\\\/en\\\/?s={search_term_string}\"},\"query-input\":{\"@type\":\"PropertyValueSpecification\",\"valueRequired\":true,\"valueName\":\"search_term_string\"}}],\"inLanguage\":\"en-US\"},{\"@type\":\"Organization\",\"@id\":\"https:\\\/\\\/www.les-balcons.com\\\/en\\\/#organization\",\"name\":\"Les Balcons\",\"url\":\"https:\\\/\\\/www.les-balcons.com\\\/en\\\/\",\"logo\":{\"@type\":\"ImageObject\",\"inLanguage\":\"en-US\",\"@id\":\"https:\\\/\\\/www.les-balcons.com\\\/en\\\/#\\\/schema\\\/logo\\\/image\\\/\",\"url\":\"https:\\\/\\\/les-balcons.com\\\/wp-content\\\/uploads\\\/communs\\\/logos-et-gammes\\\/logo-les-balcons-base.png\",\"contentUrl\":\"https:\\\/\\\/les-balcons.com\\\/wp-content\\\/uploads\\\/communs\\\/logos-et-gammes\\\/logo-les-balcons-base.png\",\"width\":3508,\"height\":2481,\"caption\":\"Les Balcons\"},\"image\":{\"@id\":\"https:\\\/\\\/www.les-balcons.com\\\/en\\\/#\\\/schema\\\/logo\\\/image\\\/\"}}]}<\/script>\n<!-- \/ Yoast SEO plugin. -->","yoast_head_json":{"title":"Summer apartment rental in La Rosi\u00e8re resort, near Italy","description":"Rent your apartment this summer in La Rosi\u00e8re and enjoy your \u00e0 la carte stay with an all-inclusive stay or accommodation formula","robots":{"index":"index","follow":"follow","max-snippet":"max-snippet:-1","max-image-preview":"max-image-preview:large","max-video-preview":"max-video-preview:-1"},"canonical":"https:\/\/www.les-balcons.com\/en\/la-rosiere-apartment-summer\/","og_locale":"en_US","og_type":"article","og_title":"Summer apartment rental in La Rosi\u00e8re resort, near Italy","og_description":"Rent your apartment this summer in La Rosi\u00e8re and enjoy your \u00e0 la carte stay with an all-inclusive stay or accommodation formula","og_url":"https:\/\/www.les-balcons.com\/en\/la-rosiere-apartment-summer\/","og_site_name":"Les Balcons \u2013 R\u00e9sidences et s\u00e9jours Alpes du Nord","article_modified_time":"2024-09-17T07:20:13+00:00","twitter_card":"summary_large_image","twitter_misc":{"Est. reading time":"3 minutes"},"schema":{"@context":"https:\/\/schema.org","@graph":[{"@type":"WebPage","@id":"https:\/\/www.les-balcons.com\/en\/la-rosiere-apartment-summer\/","url":"https:\/\/www.les-balcons.com\/en\/la-rosiere-apartment-summer\/","name":"Summer apartment rental in La Rosi\u00e8re resort, near Italy","isPartOf":{"@id":"https:\/\/www.les-balcons.com\/en\/#website"},"datePublished":"2021-06-21T08:55:32+00:00","dateModified":"2024-09-17T07:20:13+00:00","description":"Rent your apartment this summer in La Rosi\u00e8re and enjoy your \u00e0 la carte stay with an all-inclusive stay or accommodation formula","breadcrumb":{"@id":"https:\/\/www.les-balcons.com\/en\/la-rosiere-apartment-summer\/#breadcrumb"},"inLanguage":"en-US","potentialAction":[{"@type":"ReadAction","target":["https:\/\/www.les-balcons.com\/en\/la-rosiere-apartment-summer\/"]}]},{"@type":"BreadcrumbList","@id":"https:\/\/www.les-balcons.com\/en\/la-rosiere-apartment-summer\/#breadcrumb","itemListElement":[{"@type":"ListItem","position":1,"name":"Homepage","item":"https:\/\/www.les-balcons.com\/en\/fr\/"},{"@type":"ListItem","position":2,"name":"La Rosi\u00e8re Apartment"}]},{"@type":"WebSite","@id":"https:\/\/www.les-balcons.com\/en\/#website","url":"https:\/\/www.les-balcons.com\/en\/","name":"Les Balcons \u2013 R\u00e9sidences et s\u00e9jours Alpes du Nord","description":"10 \u00e9tablissements, H\u00f4tel et R\u00e9sidences pour vos vacances \u00e0 la montagne","publisher":{"@id":"https:\/\/www.les-balcons.com\/en\/#organization"},"potentialAction":[{"@type":"SearchAction","target":{"@type":"EntryPoint","urlTemplate":"https:\/\/www.les-balcons.com\/en\/?s={search_term_string}"},"query-input":{"@type":"PropertyValueSpecification","valueRequired":true,"valueName":"search_term_string"}}],"inLanguage":"en-US"},{"@type":"Organization","@id":"https:\/\/www.les-balcons.com\/en\/#organization","name":"Les Balcons","url":"https:\/\/www.les-balcons.com\/en\/","logo":{"@type":"ImageObject","inLanguage":"en-US","@id":"https:\/\/www.les-balcons.com\/en\/#\/schema\/logo\/image\/","url":"https:\/\/les-balcons.com\/wp-content\/uploads\/communs\/logos-et-gammes\/logo-les-balcons-base.png","contentUrl":"https:\/\/les-balcons.com\/wp-content\/uploads\/communs\/logos-et-gammes\/logo-les-balcons-base.png","width":3508,"height":2481,"caption":"Les Balcons"},"image":{"@id":"https:\/\/www.les-balcons.com\/en\/#\/schema\/logo\/image\/"}}]}},"uagb_featured_image_src":{"full":false,"thumbnail":false,"medium":false,"medium_large":false,"large":false,"1536x1536":false,"2048x2048":false,"size-365x220":false},"uagb_author_info":{"display_name":"admin_balcons","author_link":"https:\/\/www.les-balcons.com\/en\/author\/admin_balcons\/"},"uagb_comment_info":0,"uagb_excerpt":"Nested between the peaks and a few steps away from Italy, La Rosi\u00e8re is mostly well known for its international ski area (San Bernardo Space), but, during summer, the resort has many treasure for your to explore ! The snow is melting and is letting the resort putting on its summer coat ! If you&hellip;","post_mailing_queue_ids":[],"_links":{"self":[{"href":"https:\/\/www.les-balcons.com\/en\/wp-json\/wp\/v2\/pages\/14204","targetHints":{"allow":["GET"]}}],"collection":[{"href":"https:\/\/www.les-balcons.com\/en\/wp-json\/wp\/v2\/pages"}],"about":[{"href":"https:\/\/www.les-balcons.com\/en\/wp-json\/wp\/v2\/types\/page"}],"author":[{"embeddable":true,"href":"https:\/\/www.les-balcons.com\/en\/wp-json\/wp\/v2\/users\/2"}],"replies":[{"embeddable":true,"href":"https:\/\/www.les-balcons.com\/en\/wp-json\/wp\/v2\/comments?post=14204"}],"version-history":[{"count":0,"href":"https:\/\/www.les-balcons.com\/en\/wp-json\/wp\/v2\/pages\/14204\/revisions"}],"wp:attachment":[{"href":"https:\/\/www.les-balcons.com\/en\/wp-json\/wp\/v2\/media?parent=14204"}],"curies":[{"name":"wp","href":"https:\/\/api.w.org\/{rel}","templated":true}]}}