{"id":14197,"date":"2021-08-23T12:40:51","date_gmt":"2021-08-23T12:40:51","guid":{"rendered":"https:\/\/www.les-balcons.com\/?page_id=14197\/"},"modified":"2024-08-27T10:11:04","modified_gmt":"2024-08-27T10:11:04","slug":"val-cenis-chalet-summer","status":"publish","type":"page","link":"https:\/\/www.les-balcons.com\/en\/val-cenis-chalet-summer\/","title":{"rendered":"Val Cenis Chalet Summer"},"content":{"rendered":"<p>You&#8217;re looking for a warm and comfy apartment ? The large families and group of friends enjoy meeting in a chalet. In Val Cenis, Les Balcons are offering you to stay in a chalet. Fitting perfectly with the architecture and local atmisphere, it&#8217;s the perfect place for you to have a wonderful stay in the mountains during your summer holidays. No more crowded beaches and highway. The mountains are offering a true moment of relaxation in a typical mountain-like atmosphere.<\/p>\n<h2>Renting a chalet in Savoy<\/h2>\n<p>In a chalet, you enjoy a typical decoration and a gorgeous view on the mountains. You&#8217;re in the right place to enjoy fully your holidays, with the nice setting that the mountains during summer have to offer. No way you could resist the charm of the chalet, it&#8217;s the perfect place for you to have successful holidays in nature with your family.<\/p>\n<p>In Val Cenis, Les Balcons are offering three type of chalet :<\/p>\n<h3>Les Balcons de Val Cenis Le Haut**** Chalet<\/h3>\n<p>This residential chalet with a typical savoy-like aspect is welcoming you for you summer holiday in a chalet. With its priviledged view on the Dent Parrach\u00e9e peak, those chalet apartment are welcoming you for you family get-together. Being capable of welcoming up to 14 persons, you ensure sucessful holidays. The chalet have two saunas, put at your disposal, as well as the fitness room. You can stay in shape, relax or just enjoy the surrounding space. You also have a free access to the swimming pool of the Gli\u00e8re&#8217;s park.<\/p>\n<h3>Les Balcons de Val Cenis Village*** Chalet<\/h3>\n<p>Close to every hiking paths, this chalet holds comfy and welcoming apartments. Their warm living-rooms are offering a balcony with a view on the mountains and the bedrooms, quiet and fresh offers restful nights.<br \/>\nNo more unbearable heat, you just have to enjoy. You also enjoy an access to the Balcons Platinium***** Val Cenis wellness area, located just near your residence ! A 5 star spa for you to enjoy even more your holidays, amazing right ?<\/p>\n<h3>Les Balcons Platinium***** Val Cenis chalet<\/h3>\n<p>In the heart of Lanslevillard village and close to Les Balcons de Val Cenis Village residence is the brand new residence Les Balcons. With its polished decoration and its luxury equipments, you will love having your summer holidays in this soft cocoon. With its spa, its closness to the hiking paths starts and its comfy apartments, you will love you summer holidays in Val Cenis.<\/p>\n<h4>Book a chalet stay in Val Cenis<\/h4>\n<p>Les Balcons are welcoming you even during summer ! Our team are at your disposal for any informations and advise you on the best destination regarding your needs !<br \/>\nOur promotional offer allow you to benefit from discounted prices on our stay, but also discounts on any stay of two weeks and more ! Enjoy our wide range of offer to book your holidays in a chalet.<\/p>\n<hr>\n<h5 style=\"text-align: center;\"><a href=\"https:\/\/www.les-balcons.com\/en\/summer\/accommodation-rental-val-cenis\/\">See all accommodations in Val Cenis<\/a><\/h5>\n<hr>\n","protected":false},"excerpt":{"rendered":"<p>You&#8217;re looking for a warm and comfy apartment ? The large families and group of friends enjoy meeting in a chalet. In Val Cenis, Les Balcons are offering you to stay in a chalet. Fitting perfectly with the architecture and local atmisphere, it&#8217;s the perfect place for you to have a wonderful stay in the [&hellip;]<\/p>\n","protected":false},"author":2,"featured_media":0,"parent":0,"menu_order":0,"comment_status":"closed","ping_status":"closed","template":"template-heberegements-filtres.php","meta":{"_acf_changed":false,"_uag_custom_page_level_css":"","footnotes":""},"class_list":["post-14197","page","type-page","status-publish","hentry"],"acf":[],"yoast_head":"<!-- This site is optimized with the Yoast SEO plugin v27.4 - https:\/\/yoast.com\/product\/yoast-seo-wordpress\/ -->\n<title>Val Cenis Chalet Summer Rental - Summer stay and holidays in a family resort<\/title>\n<meta name=\"description\" content=\"A successful summer stay in the mountains in a comfortable chalet in Val Cenis, authentic Savoyard accommodation for couples, friends or family\" \/>\n<meta name=\"robots\" content=\"index, follow, max-snippet:-1, max-image-preview:large, max-video-preview:-1\" \/>\n<link rel=\"canonical\" href=\"https:\/\/www.les-balcons.com\/en\/val-cenis-chalet-summer\/\" \/>\n<meta property=\"og:locale\" content=\"en_US\" \/>\n<meta property=\"og:type\" content=\"article\" \/>\n<meta property=\"og:title\" content=\"Val Cenis Chalet Summer Rental - Summer stay and holidays in a family resort\" \/>\n<meta property=\"og:description\" content=\"A successful summer stay in the mountains in a comfortable chalet in Val Cenis, authentic Savoyard accommodation for couples, friends or family\" \/>\n<meta property=\"og:url\" content=\"https:\/\/www.les-balcons.com\/en\/val-cenis-chalet-summer\/\" \/>\n<meta property=\"og:site_name\" content=\"Les Balcons \u2013 R\u00e9sidences et s\u00e9jours Alpes du Nord\" \/>\n<meta property=\"article:modified_time\" content=\"2024-08-27T10:11:04+00:00\" \/>\n<meta name=\"twitter:card\" content=\"summary_large_image\" \/>\n<meta name=\"twitter:label1\" content=\"Est. reading time\" \/>\n\t<meta name=\"twitter:data1\" content=\"3 minutes\" \/>\n<script type=\"application\/ld+json\" class=\"yoast-schema-graph\">{\"@context\":\"https:\\\/\\\/schema.org\",\"@graph\":[{\"@type\":\"WebPage\",\"@id\":\"https:\\\/\\\/www.les-balcons.com\\\/en\\\/val-cenis-chalet-summer\\\/\",\"url\":\"https:\\\/\\\/www.les-balcons.com\\\/en\\\/val-cenis-chalet-summer\\\/\",\"name\":\"Val Cenis Chalet Summer Rental - Summer stay and holidays in a family resort\",\"isPartOf\":{\"@id\":\"https:\\\/\\\/www.les-balcons.com\\\/en\\\/#website\"},\"datePublished\":\"2021-08-23T12:40:51+00:00\",\"dateModified\":\"2024-08-27T10:11:04+00:00\",\"description\":\"A successful summer stay in the mountains in a comfortable chalet in Val Cenis, authentic Savoyard accommodation for couples, friends or family\",\"breadcrumb\":{\"@id\":\"https:\\\/\\\/www.les-balcons.com\\\/en\\\/val-cenis-chalet-summer\\\/#breadcrumb\"},\"inLanguage\":\"en-US\",\"potentialAction\":[{\"@type\":\"ReadAction\",\"target\":[\"https:\\\/\\\/www.les-balcons.com\\\/en\\\/val-cenis-chalet-summer\\\/\"]}]},{\"@type\":\"BreadcrumbList\",\"@id\":\"https:\\\/\\\/www.les-balcons.com\\\/en\\\/val-cenis-chalet-summer\\\/#breadcrumb\",\"itemListElement\":[{\"@type\":\"ListItem\",\"position\":1,\"name\":\"Homepage\",\"item\":\"https:\\\/\\\/www.les-balcons.com\\\/en\\\/fr\\\/\"},{\"@type\":\"ListItem\",\"position\":2,\"name\":\"Val Cenis Chalet Summer\"}]},{\"@type\":\"WebSite\",\"@id\":\"https:\\\/\\\/www.les-balcons.com\\\/en\\\/#website\",\"url\":\"https:\\\/\\\/www.les-balcons.com\\\/en\\\/\",\"name\":\"Les Balcons \u2013 R\u00e9sidences et s\u00e9jours Alpes du Nord\",\"description\":\"10 \u00e9tablissements, H\u00f4tel et R\u00e9sidences pour vos vacances \u00e0 la montagne\",\"publisher\":{\"@id\":\"https:\\\/\\\/www.les-balcons.com\\\/en\\\/#organization\"},\"potentialAction\":[{\"@type\":\"SearchAction\",\"target\":{\"@type\":\"EntryPoint\",\"urlTemplate\":\"https:\\\/\\\/www.les-balcons.com\\\/en\\\/?s={search_term_string}\"},\"query-input\":{\"@type\":\"PropertyValueSpecification\",\"valueRequired\":true,\"valueName\":\"search_term_string\"}}],\"inLanguage\":\"en-US\"},{\"@type\":\"Organization\",\"@id\":\"https:\\\/\\\/www.les-balcons.com\\\/en\\\/#organization\",\"name\":\"Les Balcons\",\"url\":\"https:\\\/\\\/www.les-balcons.com\\\/en\\\/\",\"logo\":{\"@type\":\"ImageObject\",\"inLanguage\":\"en-US\",\"@id\":\"https:\\\/\\\/www.les-balcons.com\\\/en\\\/#\\\/schema\\\/logo\\\/image\\\/\",\"url\":\"https:\\\/\\\/les-balcons.com\\\/wp-content\\\/uploads\\\/communs\\\/logos-et-gammes\\\/logo-les-balcons-base.png\",\"contentUrl\":\"https:\\\/\\\/les-balcons.com\\\/wp-content\\\/uploads\\\/communs\\\/logos-et-gammes\\\/logo-les-balcons-base.png\",\"width\":3508,\"height\":2481,\"caption\":\"Les Balcons\"},\"image\":{\"@id\":\"https:\\\/\\\/www.les-balcons.com\\\/en\\\/#\\\/schema\\\/logo\\\/image\\\/\"}}]}<\/script>\n<!-- \/ Yoast SEO plugin. -->","yoast_head_json":{"title":"Val Cenis Chalet Summer Rental - Summer stay and holidays in a family resort","description":"A successful summer stay in the mountains in a comfortable chalet in Val Cenis, authentic Savoyard accommodation for couples, friends or family","robots":{"index":"index","follow":"follow","max-snippet":"max-snippet:-1","max-image-preview":"max-image-preview:large","max-video-preview":"max-video-preview:-1"},"canonical":"https:\/\/www.les-balcons.com\/en\/val-cenis-chalet-summer\/","og_locale":"en_US","og_type":"article","og_title":"Val Cenis Chalet Summer Rental - Summer stay and holidays in a family resort","og_description":"A successful summer stay in the mountains in a comfortable chalet in Val Cenis, authentic Savoyard accommodation for couples, friends or family","og_url":"https:\/\/www.les-balcons.com\/en\/val-cenis-chalet-summer\/","og_site_name":"Les Balcons \u2013 R\u00e9sidences et s\u00e9jours Alpes du Nord","article_modified_time":"2024-08-27T10:11:04+00:00","twitter_card":"summary_large_image","twitter_misc":{"Est. reading time":"3 minutes"},"schema":{"@context":"https:\/\/schema.org","@graph":[{"@type":"WebPage","@id":"https:\/\/www.les-balcons.com\/en\/val-cenis-chalet-summer\/","url":"https:\/\/www.les-balcons.com\/en\/val-cenis-chalet-summer\/","name":"Val Cenis Chalet Summer Rental - Summer stay and holidays in a family resort","isPartOf":{"@id":"https:\/\/www.les-balcons.com\/en\/#website"},"datePublished":"2021-08-23T12:40:51+00:00","dateModified":"2024-08-27T10:11:04+00:00","description":"A successful summer stay in the mountains in a comfortable chalet in Val Cenis, authentic Savoyard accommodation for couples, friends or family","breadcrumb":{"@id":"https:\/\/www.les-balcons.com\/en\/val-cenis-chalet-summer\/#breadcrumb"},"inLanguage":"en-US","potentialAction":[{"@type":"ReadAction","target":["https:\/\/www.les-balcons.com\/en\/val-cenis-chalet-summer\/"]}]},{"@type":"BreadcrumbList","@id":"https:\/\/www.les-balcons.com\/en\/val-cenis-chalet-summer\/#breadcrumb","itemListElement":[{"@type":"ListItem","position":1,"name":"Homepage","item":"https:\/\/www.les-balcons.com\/en\/fr\/"},{"@type":"ListItem","position":2,"name":"Val Cenis Chalet Summer"}]},{"@type":"WebSite","@id":"https:\/\/www.les-balcons.com\/en\/#website","url":"https:\/\/www.les-balcons.com\/en\/","name":"Les Balcons \u2013 R\u00e9sidences et s\u00e9jours Alpes du Nord","description":"10 \u00e9tablissements, H\u00f4tel et R\u00e9sidences pour vos vacances \u00e0 la montagne","publisher":{"@id":"https:\/\/www.les-balcons.com\/en\/#organization"},"potentialAction":[{"@type":"SearchAction","target":{"@type":"EntryPoint","urlTemplate":"https:\/\/www.les-balcons.com\/en\/?s={search_term_string}"},"query-input":{"@type":"PropertyValueSpecification","valueRequired":true,"valueName":"search_term_string"}}],"inLanguage":"en-US"},{"@type":"Organization","@id":"https:\/\/www.les-balcons.com\/en\/#organization","name":"Les Balcons","url":"https:\/\/www.les-balcons.com\/en\/","logo":{"@type":"ImageObject","inLanguage":"en-US","@id":"https:\/\/www.les-balcons.com\/en\/#\/schema\/logo\/image\/","url":"https:\/\/les-balcons.com\/wp-content\/uploads\/communs\/logos-et-gammes\/logo-les-balcons-base.png","contentUrl":"https:\/\/les-balcons.com\/wp-content\/uploads\/communs\/logos-et-gammes\/logo-les-balcons-base.png","width":3508,"height":2481,"caption":"Les Balcons"},"image":{"@id":"https:\/\/www.les-balcons.com\/en\/#\/schema\/logo\/image\/"}}]}},"uagb_featured_image_src":{"full":false,"thumbnail":false,"medium":false,"medium_large":false,"large":false,"1536x1536":false,"2048x2048":false,"size-365x220":false},"uagb_author_info":{"display_name":"admin_balcons","author_link":"https:\/\/www.les-balcons.com\/en\/author\/admin_balcons\/"},"uagb_comment_info":0,"uagb_excerpt":"You&#8217;re looking for a warm and comfy apartment ? The large families and group of friends enjoy meeting in a chalet. In Val Cenis, Les Balcons are offering you to stay in a chalet. Fitting perfectly with the architecture and local atmisphere, it&#8217;s the perfect place for you to have a wonderful stay in the&hellip;","post_mailing_queue_ids":[],"_links":{"self":[{"href":"https:\/\/www.les-balcons.com\/en\/wp-json\/wp\/v2\/pages\/14197","targetHints":{"allow":["GET"]}}],"collection":[{"href":"https:\/\/www.les-balcons.com\/en\/wp-json\/wp\/v2\/pages"}],"about":[{"href":"https:\/\/www.les-balcons.com\/en\/wp-json\/wp\/v2\/types\/page"}],"author":[{"embeddable":true,"href":"https:\/\/www.les-balcons.com\/en\/wp-json\/wp\/v2\/users\/2"}],"replies":[{"embeddable":true,"href":"https:\/\/www.les-balcons.com\/en\/wp-json\/wp\/v2\/comments?post=14197"}],"version-history":[{"count":0,"href":"https:\/\/www.les-balcons.com\/en\/wp-json\/wp\/v2\/pages\/14197\/revisions"}],"wp:attachment":[{"href":"https:\/\/www.les-balcons.com\/en\/wp-json\/wp\/v2\/media?parent=14197"}],"curies":[{"name":"wp","href":"https:\/\/api.w.org\/{rel}","templated":true}]}}