{"id":14196,"date":"2021-08-23T09:53:39","date_gmt":"2021-08-23T09:53:39","guid":{"rendered":"https:\/\/www.les-balcons.com\/?page_id=14196\/"},"modified":"2024-08-27T12:07:33","modified_gmt":"2024-08-27T12:07:33","slug":"accommodation-rental-val-cenis-summer","status":"publish","type":"page","link":"https:\/\/www.les-balcons.com\/en\/accommodation-rental-val-cenis-summer\/","title":{"rendered":"Summer Accommodation rental Val Cenis"},"content":{"rendered":"<p>In the collective imaginary, the mountains are automaticaly associated to winter. Indeed, when we talk about mountains, we think about winter sports, skiing, raclette and snowy peaks. Big mistake ! Going in the mountains during summer is the best way for you to enjoy big spaces without having to endure a massive tourist crowd. But an essential question is asked : The mountains in summer, alright, but where ? We are here to give you the answer : Val Cenis, Northern Alps resort and more precisely in the Haute-Maurienne territory. And the best in all of that, two good adresses for you to choose, all built in the respect of the savoy traditions : Les Balcons de Val Cenis le Haut residence and Les Balcons de Val Cenis Village residencen, The third housing address in Val Cenis is Les Balcons Platinium***** Val Cenis. First 5 stars residence of Maurienne.<\/p>\n<h2>Breathe the fresh air of the mountains in Val Cenis<\/h2>\n<p>Val Cenis is a mountain resort with the perfect altitude for you to oxygenate and unwind in a nice natural environment with many faces : Family friendly and athletic, authentic and inovating, restful and animated.<br \/>\nVal Cenis defines itself with its historical heritage (Saint-Sebastien chapel, Chappe telegraph, archeology museum&#8230;) and exceptional sites as the Mont-Cenis plateau, the italian border, or Bellecombe, in the heart of the National Park of the Vanoise.<\/p>\n<h3>Book your accommodation with Les Balcons de Val Cenis<\/h3>\n<p>This summer, choose holidays in the mountains, away from the crowd of the seaside resort. Going in the mountains during summer is an excellent choice for your budget. Indeed, renting in the mountains offer reasonable prices with a medium cost of 400\u20ac for a week. If you decide to go in summer vacation in Val Cenis with les Balcons, you will be able to choose between three accommodation type :<\/p>\n<h3>Les Balcons de Val Cenis Le Haut*** residence<\/h3>\n<p>If you love gorgeous views on the mountains, quietness and authentic decoration, this residence will fit your needs ! Located on the heights of Val Cenis resort, it offer apartments that can welcome from 2 to 14 persons, will all mod cons to make your stay in the mountains easier. And there is other equipment for you to enjoy as well : 2 Saunas and a fitness room.<\/p>\n<h3>Les Balcons de Val Cenis Village residence<\/h3>\n<p>The other housing address in Val Cenis is Les Balcons de Val Cenis Village residence, composed with 9 wooden chalet. The apartments can welcome from 2 to 16 persons and are gifted with a balcony for you to gaze at the Dent Parrach\u00e9e peak, the village or the surrounding mountains.<br \/>\nTo make your stay even easier, the Sherpa mini-market is two steps away from the residence.<\/p>\n<h3>Les Balcons Platinium***** Val Cenis Residence<\/h3>\n<p>The third housing address in Val Cenis is Les Balcons Platinium***** Val Cenis. First 5 stars residence of Maurienne, this luxury residence is welcoming you for your mountain summer holidays without having to cut on comfort. Enjoy its wide apartment welcoming up to 16 persons to discover the mountains during summer and enjoy the wide range of activites offered by Val Cenis resort. Yours are the long moment gazing at the sunset from the balcony of your apartment.<br \/>\nBook your housing in Les Balcons de Val Cenis<br \/>\nIf you haven&#8217;t choose your destination for the summer holidays yet, we hope this article helped you !<\/p>\n","protected":false},"excerpt":{"rendered":"<p>In the collective imaginary, the mountains are automaticaly associated to winter. Indeed, when we talk about mountains, we think about winter sports, skiing, raclette and snowy peaks. Big mistake ! Going in the mountains during summer is the best way for you to enjoy big spaces without having to endure a massive tourist crowd. But [&hellip;]<\/p>\n","protected":false},"author":2,"featured_media":0,"parent":0,"menu_order":0,"comment_status":"closed","ping_status":"closed","template":"template-heberegements-filtres.php","meta":{"_acf_changed":false,"_uag_custom_page_level_css":"","footnotes":""},"class_list":["post-14196","page","type-page","status-publish","hentry"],"acf":[],"yoast_head":"<!-- This site is optimized with the Yoast SEO plugin v27.3 - https:\/\/yoast.com\/product\/yoast-seo-wordpress\/ -->\n<title>Summer Accommodation rental Val Cenis - stay in residence chalet atmosphere<\/title>\n<meta name=\"description\" content=\"Your summer holidays in Val Cenis, a family resort in Haute-Maurienne, book your accommodation in Val Cenis Le Haut and Val Cenis Villlage.\" \/>\n<meta name=\"robots\" content=\"index, follow, max-snippet:-1, max-image-preview:large, max-video-preview:-1\" \/>\n<link rel=\"canonical\" href=\"https:\/\/www.les-balcons.com\/en\/accommodation-rental-val-cenis-summer\/\" \/>\n<meta property=\"og:locale\" content=\"en_US\" \/>\n<meta property=\"og:type\" content=\"article\" \/>\n<meta property=\"og:title\" content=\"Summer Accommodation rental Val Cenis - stay in residence chalet atmosphere\" \/>\n<meta property=\"og:description\" content=\"Your summer holidays in Val Cenis, a family resort in Haute-Maurienne, book your accommodation in Val Cenis Le Haut and Val Cenis Villlage.\" \/>\n<meta property=\"og:url\" content=\"https:\/\/www.les-balcons.com\/en\/accommodation-rental-val-cenis-summer\/\" \/>\n<meta property=\"og:site_name\" content=\"Les Balcons \u2013 R\u00e9sidences et s\u00e9jours Alpes du Nord\" \/>\n<meta property=\"article:modified_time\" content=\"2024-08-27T12:07:33+00:00\" \/>\n<meta name=\"twitter:card\" content=\"summary_large_image\" \/>\n<meta name=\"twitter:label1\" content=\"Est. reading time\" \/>\n\t<meta name=\"twitter:data1\" content=\"3 minutes\" \/>\n<script type=\"application\/ld+json\" class=\"yoast-schema-graph\">{\"@context\":\"https:\\\/\\\/schema.org\",\"@graph\":[{\"@type\":\"WebPage\",\"@id\":\"https:\\\/\\\/www.les-balcons.com\\\/en\\\/accommodation-rental-val-cenis-summer\\\/\",\"url\":\"https:\\\/\\\/www.les-balcons.com\\\/en\\\/accommodation-rental-val-cenis-summer\\\/\",\"name\":\"Summer Accommodation rental Val Cenis - stay in residence chalet atmosphere\",\"isPartOf\":{\"@id\":\"https:\\\/\\\/www.les-balcons.com\\\/en\\\/#website\"},\"datePublished\":\"2021-08-23T09:53:39+00:00\",\"dateModified\":\"2024-08-27T12:07:33+00:00\",\"description\":\"Your summer holidays in Val Cenis, a family resort in Haute-Maurienne, book your accommodation in Val Cenis Le Haut and Val Cenis Villlage.\",\"breadcrumb\":{\"@id\":\"https:\\\/\\\/www.les-balcons.com\\\/en\\\/accommodation-rental-val-cenis-summer\\\/#breadcrumb\"},\"inLanguage\":\"en-US\",\"potentialAction\":[{\"@type\":\"ReadAction\",\"target\":[\"https:\\\/\\\/www.les-balcons.com\\\/en\\\/accommodation-rental-val-cenis-summer\\\/\"]}]},{\"@type\":\"BreadcrumbList\",\"@id\":\"https:\\\/\\\/www.les-balcons.com\\\/en\\\/accommodation-rental-val-cenis-summer\\\/#breadcrumb\",\"itemListElement\":[{\"@type\":\"ListItem\",\"position\":1,\"name\":\"Homepage\",\"item\":\"https:\\\/\\\/www.les-balcons.com\\\/en\\\/fr\\\/\"},{\"@type\":\"ListItem\",\"position\":2,\"name\":\"Summer Accommodation rental Val Cenis\"}]},{\"@type\":\"WebSite\",\"@id\":\"https:\\\/\\\/www.les-balcons.com\\\/en\\\/#website\",\"url\":\"https:\\\/\\\/www.les-balcons.com\\\/en\\\/\",\"name\":\"Les Balcons \u2013 R\u00e9sidences et s\u00e9jours Alpes du Nord\",\"description\":\"10 \u00e9tablissements, H\u00f4tel et R\u00e9sidences pour vos vacances \u00e0 la montagne\",\"publisher\":{\"@id\":\"https:\\\/\\\/www.les-balcons.com\\\/en\\\/#organization\"},\"potentialAction\":[{\"@type\":\"SearchAction\",\"target\":{\"@type\":\"EntryPoint\",\"urlTemplate\":\"https:\\\/\\\/www.les-balcons.com\\\/en\\\/?s={search_term_string}\"},\"query-input\":{\"@type\":\"PropertyValueSpecification\",\"valueRequired\":true,\"valueName\":\"search_term_string\"}}],\"inLanguage\":\"en-US\"},{\"@type\":\"Organization\",\"@id\":\"https:\\\/\\\/www.les-balcons.com\\\/en\\\/#organization\",\"name\":\"Les Balcons\",\"url\":\"https:\\\/\\\/www.les-balcons.com\\\/en\\\/\",\"logo\":{\"@type\":\"ImageObject\",\"inLanguage\":\"en-US\",\"@id\":\"https:\\\/\\\/www.les-balcons.com\\\/en\\\/#\\\/schema\\\/logo\\\/image\\\/\",\"url\":\"https:\\\/\\\/les-balcons.com\\\/wp-content\\\/uploads\\\/communs\\\/logos-et-gammes\\\/logo-les-balcons-base.png\",\"contentUrl\":\"https:\\\/\\\/les-balcons.com\\\/wp-content\\\/uploads\\\/communs\\\/logos-et-gammes\\\/logo-les-balcons-base.png\",\"width\":3508,\"height\":2481,\"caption\":\"Les Balcons\"},\"image\":{\"@id\":\"https:\\\/\\\/www.les-balcons.com\\\/en\\\/#\\\/schema\\\/logo\\\/image\\\/\"}}]}<\/script>\n<!-- \/ Yoast SEO plugin. -->","yoast_head_json":{"title":"Summer Accommodation rental Val Cenis - stay in residence chalet atmosphere","description":"Your summer holidays in Val Cenis, a family resort in Haute-Maurienne, book your accommodation in Val Cenis Le Haut and Val Cenis Villlage.","robots":{"index":"index","follow":"follow","max-snippet":"max-snippet:-1","max-image-preview":"max-image-preview:large","max-video-preview":"max-video-preview:-1"},"canonical":"https:\/\/www.les-balcons.com\/en\/accommodation-rental-val-cenis-summer\/","og_locale":"en_US","og_type":"article","og_title":"Summer Accommodation rental Val Cenis - stay in residence chalet atmosphere","og_description":"Your summer holidays in Val Cenis, a family resort in Haute-Maurienne, book your accommodation in Val Cenis Le Haut and Val Cenis Villlage.","og_url":"https:\/\/www.les-balcons.com\/en\/accommodation-rental-val-cenis-summer\/","og_site_name":"Les Balcons \u2013 R\u00e9sidences et s\u00e9jours Alpes du Nord","article_modified_time":"2024-08-27T12:07:33+00:00","twitter_card":"summary_large_image","twitter_misc":{"Est. reading time":"3 minutes"},"schema":{"@context":"https:\/\/schema.org","@graph":[{"@type":"WebPage","@id":"https:\/\/www.les-balcons.com\/en\/accommodation-rental-val-cenis-summer\/","url":"https:\/\/www.les-balcons.com\/en\/accommodation-rental-val-cenis-summer\/","name":"Summer Accommodation rental Val Cenis - stay in residence chalet atmosphere","isPartOf":{"@id":"https:\/\/www.les-balcons.com\/en\/#website"},"datePublished":"2021-08-23T09:53:39+00:00","dateModified":"2024-08-27T12:07:33+00:00","description":"Your summer holidays in Val Cenis, a family resort in Haute-Maurienne, book your accommodation in Val Cenis Le Haut and Val Cenis Villlage.","breadcrumb":{"@id":"https:\/\/www.les-balcons.com\/en\/accommodation-rental-val-cenis-summer\/#breadcrumb"},"inLanguage":"en-US","potentialAction":[{"@type":"ReadAction","target":["https:\/\/www.les-balcons.com\/en\/accommodation-rental-val-cenis-summer\/"]}]},{"@type":"BreadcrumbList","@id":"https:\/\/www.les-balcons.com\/en\/accommodation-rental-val-cenis-summer\/#breadcrumb","itemListElement":[{"@type":"ListItem","position":1,"name":"Homepage","item":"https:\/\/www.les-balcons.com\/en\/fr\/"},{"@type":"ListItem","position":2,"name":"Summer Accommodation rental Val Cenis"}]},{"@type":"WebSite","@id":"https:\/\/www.les-balcons.com\/en\/#website","url":"https:\/\/www.les-balcons.com\/en\/","name":"Les Balcons \u2013 R\u00e9sidences et s\u00e9jours Alpes du Nord","description":"10 \u00e9tablissements, H\u00f4tel et R\u00e9sidences pour vos vacances \u00e0 la montagne","publisher":{"@id":"https:\/\/www.les-balcons.com\/en\/#organization"},"potentialAction":[{"@type":"SearchAction","target":{"@type":"EntryPoint","urlTemplate":"https:\/\/www.les-balcons.com\/en\/?s={search_term_string}"},"query-input":{"@type":"PropertyValueSpecification","valueRequired":true,"valueName":"search_term_string"}}],"inLanguage":"en-US"},{"@type":"Organization","@id":"https:\/\/www.les-balcons.com\/en\/#organization","name":"Les Balcons","url":"https:\/\/www.les-balcons.com\/en\/","logo":{"@type":"ImageObject","inLanguage":"en-US","@id":"https:\/\/www.les-balcons.com\/en\/#\/schema\/logo\/image\/","url":"https:\/\/les-balcons.com\/wp-content\/uploads\/communs\/logos-et-gammes\/logo-les-balcons-base.png","contentUrl":"https:\/\/les-balcons.com\/wp-content\/uploads\/communs\/logos-et-gammes\/logo-les-balcons-base.png","width":3508,"height":2481,"caption":"Les Balcons"},"image":{"@id":"https:\/\/www.les-balcons.com\/en\/#\/schema\/logo\/image\/"}}]}},"uagb_featured_image_src":{"full":false,"thumbnail":false,"medium":false,"medium_large":false,"large":false,"1536x1536":false,"2048x2048":false,"size-365x220":false},"uagb_author_info":{"display_name":"admin_balcons","author_link":"https:\/\/www.les-balcons.com\/en\/author\/admin_balcons\/"},"uagb_comment_info":0,"uagb_excerpt":"In the collective imaginary, the mountains are automaticaly associated to winter. Indeed, when we talk about mountains, we think about winter sports, skiing, raclette and snowy peaks. Big mistake ! Going in the mountains during summer is the best way for you to enjoy big spaces without having to endure a massive tourist crowd. But&hellip;","post_mailing_queue_ids":[],"_links":{"self":[{"href":"https:\/\/www.les-balcons.com\/en\/wp-json\/wp\/v2\/pages\/14196","targetHints":{"allow":["GET"]}}],"collection":[{"href":"https:\/\/www.les-balcons.com\/en\/wp-json\/wp\/v2\/pages"}],"about":[{"href":"https:\/\/www.les-balcons.com\/en\/wp-json\/wp\/v2\/types\/page"}],"author":[{"embeddable":true,"href":"https:\/\/www.les-balcons.com\/en\/wp-json\/wp\/v2\/users\/2"}],"replies":[{"embeddable":true,"href":"https:\/\/www.les-balcons.com\/en\/wp-json\/wp\/v2\/comments?post=14196"}],"version-history":[{"count":0,"href":"https:\/\/www.les-balcons.com\/en\/wp-json\/wp\/v2\/pages\/14196\/revisions"}],"wp:attachment":[{"href":"https:\/\/www.les-balcons.com\/en\/wp-json\/wp\/v2\/media?parent=14196"}],"curies":[{"name":"wp","href":"https:\/\/api.w.org\/{rel}","templated":true}]}}