{"id":14195,"date":"2021-08-23T09:49:23","date_gmt":"2021-08-23T09:49:23","guid":{"rendered":"https:\/\/www.les-balcons.com\/?page_id=14195\/"},"modified":"2024-08-27T12:09:58","modified_gmt":"2024-08-27T12:09:58","slug":"accommodation-rental-la-plagne-summer","status":"publish","type":"page","link":"https:\/\/www.les-balcons.com\/en\/accommodation-rental-la-plagne-summer\/","title":{"rendered":"Accommodation rental La Plagne in summer"},"content":{"rendered":"<p>The mountains are usualy prefered during winter. We get there to ski, have a big fresh bowl of air, get tons of savoy cheese and enjoy the beautiful snowy landscapes. With these many assets, the mountains are also a great summer destination. Let yourself get tempted by La Plagne, nice resort in Savoy ! Many outdoor activities, big spaces and beautiful housing, everything is reunited for you to have the best holidays in the Northern Alps.<\/p>\n<p>Located at 2050m altitude, La Plagne offers a large amount of activities : Paragliding, treetop climbing, via ferrata, mountain bike, hiking etc. With the Mont-Blanc and the Alpine chain as a background !<br \/>\nHave a stroll on the hiking paths, climbing the peaks, progress on the crest, La Plagne offers a thousand landscapes, each one are more and more beautiful than the other.<\/p>\n<h2>A beautiful residence at the feet of the hiking paths and the Mont Saint-Jacques<\/h2>\n<p>Unwind, share nice moments in the mountains, being able to explore easily, here is the promises of a stay in Les Balcons de Belle Plagne residence. Behind its wooden frontage, hides cozy nest, with all needed comfort that can welcome from 2 persons to 20 persons.<\/p>\n<p>This holiday rental will open to you the doors of a peace heaven, quiet and serene, with a view on the valley, the village and the Mont Saint-Jacques.<br \/>\nYou just have to walk 250m to start your hike on the hiking paths. You&#8217;ll have enought to get away for the day, explore the whole resort.<\/p>\n<h3>A Savoy housing with spa !<\/h3>\n<p>Inside the residence, hides a 430sqm spa for you to relax with a gorgeous view on the valley. Push the doors of the sauna to experience its dry heat and get its benefits for your body. Unless you&#8217;re more of a jacuzzi kind of person ? For the most athletic, the residence also has a fitness room.<\/p>\n<h3>Book your summer rental in La Plagne<\/h3>\n<p>Between mountain pastures and glaciers, La Plagne offers a naturel setting prone to a change of scenery and offering many hiking possibilities. Live the &#8220;summer in the mountains&#8221; experience while enjoy the comfort of your apartment. Get yourself into a typical and warm setting in Savoy by booking your accommodation with Les Balcons ! And the best news in all of that ? Our special offers allowing you to enjoy discounted prices. Summer holidays won&#8217;t be a reason for you to break the piggy bank, you can enjoy and build many memories without coming back broke !<\/p>\n<p>So why should you resist much longer the mountain call ? With its fresh air and extraordinary lansdcapes, the relaxation are there for your summer holidays in the mountains ! Why hesitate ? Our stay advisor are at your disposal to help you get the perfect stay ! Last but not least, the prices are even more discounted when you stay for 2 weeks and more ! So, ready ?<\/p>\n","protected":false},"excerpt":{"rendered":"<p>The mountains are usualy prefered during winter. We get there to ski, have a big fresh bowl of air, get tons of savoy cheese and enjoy the beautiful snowy landscapes. With these many assets, the mountains are also a great summer destination. Let yourself get tempted by La Plagne, nice resort in Savoy ! Many [&hellip;]<\/p>\n","protected":false},"author":2,"featured_media":0,"parent":0,"menu_order":0,"comment_status":"closed","ping_status":"closed","template":"template-heberegements-filtres.php","meta":{"_acf_changed":false,"_uag_custom_page_level_css":"","footnotes":""},"class_list":["post-14195","page","type-page","status-publish","hentry"],"acf":[],"yoast_head":"<!-- This site is optimized with the Yoast SEO plugin v27.5 - https:\/\/yoast.com\/product\/yoast-seo-wordpress\/ -->\n<title>Accommodation rental La Plagne in summer - Stay in a residence or hotel<\/title>\n<meta name=\"description\" content=\"Looking for new sensations this winter in Savoie? Come and discover La Plagne\" \/>\n<meta name=\"robots\" content=\"index, follow, max-snippet:-1, max-image-preview:large, max-video-preview:-1\" \/>\n<link rel=\"canonical\" href=\"https:\/\/www.les-balcons.com\/en\/accommodation-rental-la-plagne-summer\/\" \/>\n<meta property=\"og:locale\" content=\"en_US\" \/>\n<meta property=\"og:type\" content=\"article\" \/>\n<meta property=\"og:title\" content=\"Accommodation rental La Plagne in summer - Stay in a residence or hotel\" \/>\n<meta property=\"og:description\" content=\"Looking for new sensations this winter in Savoie? Come and discover La Plagne\" \/>\n<meta property=\"og:url\" content=\"https:\/\/www.les-balcons.com\/en\/accommodation-rental-la-plagne-summer\/\" \/>\n<meta property=\"og:site_name\" content=\"Les Balcons \u2013 R\u00e9sidences et s\u00e9jours Alpes du Nord\" \/>\n<meta property=\"article:modified_time\" content=\"2024-08-27T12:09:58+00:00\" \/>\n<meta name=\"twitter:card\" content=\"summary_large_image\" \/>\n<meta name=\"twitter:label1\" content=\"Est. reading time\" \/>\n\t<meta name=\"twitter:data1\" content=\"3 minutes\" \/>\n<script type=\"application\/ld+json\" class=\"yoast-schema-graph\">{\"@context\":\"https:\\\/\\\/schema.org\",\"@graph\":[{\"@type\":\"WebPage\",\"@id\":\"https:\\\/\\\/www.les-balcons.com\\\/en\\\/accommodation-rental-la-plagne-summer\\\/\",\"url\":\"https:\\\/\\\/www.les-balcons.com\\\/en\\\/accommodation-rental-la-plagne-summer\\\/\",\"name\":\"Accommodation rental La Plagne in summer - Stay in a residence or hotel\",\"isPartOf\":{\"@id\":\"https:\\\/\\\/www.les-balcons.com\\\/en\\\/#website\"},\"datePublished\":\"2021-08-23T09:49:23+00:00\",\"dateModified\":\"2024-08-27T12:09:58+00:00\",\"description\":\"Looking for new sensations this winter in Savoie? Come and discover La Plagne\",\"breadcrumb\":{\"@id\":\"https:\\\/\\\/www.les-balcons.com\\\/en\\\/accommodation-rental-la-plagne-summer\\\/#breadcrumb\"},\"inLanguage\":\"en-US\",\"potentialAction\":[{\"@type\":\"ReadAction\",\"target\":[\"https:\\\/\\\/www.les-balcons.com\\\/en\\\/accommodation-rental-la-plagne-summer\\\/\"]}]},{\"@type\":\"BreadcrumbList\",\"@id\":\"https:\\\/\\\/www.les-balcons.com\\\/en\\\/accommodation-rental-la-plagne-summer\\\/#breadcrumb\",\"itemListElement\":[{\"@type\":\"ListItem\",\"position\":1,\"name\":\"Homepage\",\"item\":\"https:\\\/\\\/www.les-balcons.com\\\/en\\\/fr\\\/\"},{\"@type\":\"ListItem\",\"position\":2,\"name\":\"Accommodation rental La Plagne in summer\"}]},{\"@type\":\"WebSite\",\"@id\":\"https:\\\/\\\/www.les-balcons.com\\\/en\\\/#website\",\"url\":\"https:\\\/\\\/www.les-balcons.com\\\/en\\\/\",\"name\":\"Les Balcons \u2013 R\u00e9sidences et s\u00e9jours Alpes du Nord\",\"description\":\"10 \u00e9tablissements, H\u00f4tel et R\u00e9sidences pour vos vacances \u00e0 la montagne\",\"publisher\":{\"@id\":\"https:\\\/\\\/www.les-balcons.com\\\/en\\\/#organization\"},\"potentialAction\":[{\"@type\":\"SearchAction\",\"target\":{\"@type\":\"EntryPoint\",\"urlTemplate\":\"https:\\\/\\\/www.les-balcons.com\\\/en\\\/?s={search_term_string}\"},\"query-input\":{\"@type\":\"PropertyValueSpecification\",\"valueRequired\":true,\"valueName\":\"search_term_string\"}}],\"inLanguage\":\"en-US\"},{\"@type\":\"Organization\",\"@id\":\"https:\\\/\\\/www.les-balcons.com\\\/en\\\/#organization\",\"name\":\"Les Balcons\",\"url\":\"https:\\\/\\\/www.les-balcons.com\\\/en\\\/\",\"logo\":{\"@type\":\"ImageObject\",\"inLanguage\":\"en-US\",\"@id\":\"https:\\\/\\\/www.les-balcons.com\\\/en\\\/#\\\/schema\\\/logo\\\/image\\\/\",\"url\":\"https:\\\/\\\/les-balcons.com\\\/wp-content\\\/uploads\\\/communs\\\/logos-et-gammes\\\/logo-les-balcons-base.png\",\"contentUrl\":\"https:\\\/\\\/les-balcons.com\\\/wp-content\\\/uploads\\\/communs\\\/logos-et-gammes\\\/logo-les-balcons-base.png\",\"width\":3508,\"height\":2481,\"caption\":\"Les Balcons\"},\"image\":{\"@id\":\"https:\\\/\\\/www.les-balcons.com\\\/en\\\/#\\\/schema\\\/logo\\\/image\\\/\"}}]}<\/script>\n<!-- \/ Yoast SEO plugin. -->","yoast_head_json":{"title":"Accommodation rental La Plagne in summer - Stay in a residence or hotel","description":"Looking for new sensations this winter in Savoie? Come and discover La Plagne","robots":{"index":"index","follow":"follow","max-snippet":"max-snippet:-1","max-image-preview":"max-image-preview:large","max-video-preview":"max-video-preview:-1"},"canonical":"https:\/\/www.les-balcons.com\/en\/accommodation-rental-la-plagne-summer\/","og_locale":"en_US","og_type":"article","og_title":"Accommodation rental La Plagne in summer - Stay in a residence or hotel","og_description":"Looking for new sensations this winter in Savoie? Come and discover La Plagne","og_url":"https:\/\/www.les-balcons.com\/en\/accommodation-rental-la-plagne-summer\/","og_site_name":"Les Balcons \u2013 R\u00e9sidences et s\u00e9jours Alpes du Nord","article_modified_time":"2024-08-27T12:09:58+00:00","twitter_card":"summary_large_image","twitter_misc":{"Est. reading time":"3 minutes"},"schema":{"@context":"https:\/\/schema.org","@graph":[{"@type":"WebPage","@id":"https:\/\/www.les-balcons.com\/en\/accommodation-rental-la-plagne-summer\/","url":"https:\/\/www.les-balcons.com\/en\/accommodation-rental-la-plagne-summer\/","name":"Accommodation rental La Plagne in summer - Stay in a residence or hotel","isPartOf":{"@id":"https:\/\/www.les-balcons.com\/en\/#website"},"datePublished":"2021-08-23T09:49:23+00:00","dateModified":"2024-08-27T12:09:58+00:00","description":"Looking for new sensations this winter in Savoie? Come and discover La Plagne","breadcrumb":{"@id":"https:\/\/www.les-balcons.com\/en\/accommodation-rental-la-plagne-summer\/#breadcrumb"},"inLanguage":"en-US","potentialAction":[{"@type":"ReadAction","target":["https:\/\/www.les-balcons.com\/en\/accommodation-rental-la-plagne-summer\/"]}]},{"@type":"BreadcrumbList","@id":"https:\/\/www.les-balcons.com\/en\/accommodation-rental-la-plagne-summer\/#breadcrumb","itemListElement":[{"@type":"ListItem","position":1,"name":"Homepage","item":"https:\/\/www.les-balcons.com\/en\/fr\/"},{"@type":"ListItem","position":2,"name":"Accommodation rental La Plagne in summer"}]},{"@type":"WebSite","@id":"https:\/\/www.les-balcons.com\/en\/#website","url":"https:\/\/www.les-balcons.com\/en\/","name":"Les Balcons \u2013 R\u00e9sidences et s\u00e9jours Alpes du Nord","description":"10 \u00e9tablissements, H\u00f4tel et R\u00e9sidences pour vos vacances \u00e0 la montagne","publisher":{"@id":"https:\/\/www.les-balcons.com\/en\/#organization"},"potentialAction":[{"@type":"SearchAction","target":{"@type":"EntryPoint","urlTemplate":"https:\/\/www.les-balcons.com\/en\/?s={search_term_string}"},"query-input":{"@type":"PropertyValueSpecification","valueRequired":true,"valueName":"search_term_string"}}],"inLanguage":"en-US"},{"@type":"Organization","@id":"https:\/\/www.les-balcons.com\/en\/#organization","name":"Les Balcons","url":"https:\/\/www.les-balcons.com\/en\/","logo":{"@type":"ImageObject","inLanguage":"en-US","@id":"https:\/\/www.les-balcons.com\/en\/#\/schema\/logo\/image\/","url":"https:\/\/les-balcons.com\/wp-content\/uploads\/communs\/logos-et-gammes\/logo-les-balcons-base.png","contentUrl":"https:\/\/les-balcons.com\/wp-content\/uploads\/communs\/logos-et-gammes\/logo-les-balcons-base.png","width":3508,"height":2481,"caption":"Les Balcons"},"image":{"@id":"https:\/\/www.les-balcons.com\/en\/#\/schema\/logo\/image\/"}}]}},"uagb_featured_image_src":{"full":false,"thumbnail":false,"medium":false,"medium_large":false,"large":false,"1536x1536":false,"2048x2048":false,"size-365x220":false},"uagb_author_info":{"display_name":"admin_balcons","author_link":"https:\/\/www.les-balcons.com\/en\/author\/admin_balcons\/"},"uagb_comment_info":0,"uagb_excerpt":"The mountains are usualy prefered during winter. We get there to ski, have a big fresh bowl of air, get tons of savoy cheese and enjoy the beautiful snowy landscapes. With these many assets, the mountains are also a great summer destination. Let yourself get tempted by La Plagne, nice resort in Savoy ! Many&hellip;","post_mailing_queue_ids":[],"_links":{"self":[{"href":"https:\/\/www.les-balcons.com\/en\/wp-json\/wp\/v2\/pages\/14195","targetHints":{"allow":["GET"]}}],"collection":[{"href":"https:\/\/www.les-balcons.com\/en\/wp-json\/wp\/v2\/pages"}],"about":[{"href":"https:\/\/www.les-balcons.com\/en\/wp-json\/wp\/v2\/types\/page"}],"author":[{"embeddable":true,"href":"https:\/\/www.les-balcons.com\/en\/wp-json\/wp\/v2\/users\/2"}],"replies":[{"embeddable":true,"href":"https:\/\/www.les-balcons.com\/en\/wp-json\/wp\/v2\/comments?post=14195"}],"version-history":[{"count":0,"href":"https:\/\/www.les-balcons.com\/en\/wp-json\/wp\/v2\/pages\/14195\/revisions"}],"wp:attachment":[{"href":"https:\/\/www.les-balcons.com\/en\/wp-json\/wp\/v2\/media?parent=14195"}],"curies":[{"name":"wp","href":"https:\/\/api.w.org\/{rel}","templated":true}]}}