{"id":14194,"date":"2021-08-23T09:28:04","date_gmt":"2021-08-23T09:28:04","guid":{"rendered":"https:\/\/www.les-balcons.com\/?page_id=14194\/"},"modified":"2024-08-27T12:10:29","modified_gmt":"2024-08-27T12:10:29","slug":"accommodation-rental-la-rosiere-summer","status":"publish","type":"page","link":"https:\/\/www.les-balcons.com\/en\/accommodation-rental-la-rosiere-summer\/","title":{"rendered":"Summer accommodation rental La Rosi\u00e8re"},"content":{"rendered":"<p>Shells, crustacean, sand in your hair and (too much) proximity with your towel neighbours aren&#8217;t your thing ? You prefer the fresh air of the mountains and you&#8217;re considering a stay in La Rosi\u00e8re ? Well you&#8217;re right and have good taste to thing about this Northern Alps resort ! And you know what ? We have one good housing address to offer ! You&#8217;re in ?<\/p>\n<h2>La Rosi\u00e8re, Savoy resort a few steps away from La Dolce Vita<\/h2>\n<p>Piking at 1850m height, a few minute away from Italy, La Rosi\u00e8re is considered a true gem of High Tarentaise. In summer, La Rosi\u00e8re, is a south facing jewell where quietness and wellness are queens.<br \/>\nThe occasion for you to try on many new activities : Take the Skyway to climb at 3500m altitude and have an encounter with the Mont Blanc, practice mountain bike on the tracks of La Rosi\u00e8re, have a paragliding session or dive into rafting to refresh yourself ! You got it, in summer, La Rosi\u00e8re have many things to offer !<\/p>\n<h2>Book your accomodation in La Rosi\u00e8re with Les Balcons<\/h2>\n<p>Find all Les Balcons accommodations offer for La Rosi\u00e8re resort. From the 2 persons apartment to the 16 persons apartment, you&#8217;ll find a large choice. Each will find whatever they think is best. The Les Balcons accommodations are located near hiking paths and shops. Les Balcons de La Rosi\u00e8re residence is made of 9 stone and wood chalet and offer all the comfort you need to have the best holiday in the mountains : Equipped kitchen, balcony with view on the Mont-Pourri. Get yourself comfortable on the deck chair in the morning to enjoy your coffee. Or in the evening to gaze at the sunset.<\/p>\n<p>Don&#8217;t hesitate much longer, book your accommodation in La Rosi\u00e8re with Les Balcons ! Contact our stay advisor if you need to !<\/p>\n<h2>Holiday rental in La Rosi\u00e8re with spa, please<\/h2>\n<p>If you had your share of pollution and stress for this year, it&#8217;s in the mountains that you have to go spend your next summer holidays. With its fresh air, you can have a relaxing moment in a spa, have a true wellness moment. Holidays are a time for you to relax, unwind. And what&#8217;s best for that than a spa to take care of your body. By booking an apartment with Les Balcons, you have an access to two wellness area :<\/p>\n<h3>Alparena**** &amp; Spa hotel spa<\/h3>\n<p>True temple of wellness in altitude, you will love swimming in the pool with its amazing view on the surrounding alpine peaks or just relax in one of the whirlpool baths. Just you reading this article make you feel how much you&#8217;ll be relaxed after that, right ?<\/p>\n<h3>Thalgo brand treatments<\/h3>\n<p>On appointment only, you could get a Thalgo massage or treatment.<\/p>\n<p>So it&#8217;s a true relaxing &#8220;made in Savoy&#8221; moment you&#8217;ll get with Les Balcons<\/p>\n<p>Book now your accommodation with Les Balcons de La Rosi\u00e8re !<\/p>\n","protected":false},"excerpt":{"rendered":"<p>Shells, crustacean, sand in your hair and (too much) proximity with your towel neighbours aren&#8217;t your thing ? You prefer the fresh air of the mountains and you&#8217;re considering a stay in La Rosi\u00e8re ? Well you&#8217;re right and have good taste to thing about this Northern Alps resort ! And you know what ? [&hellip;]<\/p>\n","protected":false},"author":2,"featured_media":0,"parent":0,"menu_order":0,"comment_status":"closed","ping_status":"closed","template":"template-heberegements-filtres.php","meta":{"_acf_changed":false,"_uag_custom_page_level_css":"","footnotes":""},"class_list":["post-14194","page","type-page","status-publish","hentry"],"acf":[],"yoast_head":"<!-- This site is optimized with the Yoast SEO plugin v27.5 - https:\/\/yoast.com\/product\/yoast-seo-wordpress\/ -->\n<title>Summer accommodation rental La Rosi\u00e8re - Stay in residence or hotel<\/title>\n<meta name=\"description\" content=\"The resort of La Rosi\u00e8re and its good accommodation addresses suitable for a stay with family, couple or friends!\" \/>\n<meta name=\"robots\" content=\"index, follow, max-snippet:-1, max-image-preview:large, max-video-preview:-1\" \/>\n<link rel=\"canonical\" href=\"https:\/\/www.les-balcons.com\/en\/accommodation-rental-la-rosiere-summer\/\" \/>\n<meta property=\"og:locale\" content=\"en_US\" \/>\n<meta property=\"og:type\" content=\"article\" \/>\n<meta property=\"og:title\" content=\"Summer accommodation rental La Rosi\u00e8re - Stay in residence or hotel\" \/>\n<meta property=\"og:description\" content=\"The resort of La Rosi\u00e8re and its good accommodation addresses suitable for a stay with family, couple or friends!\" \/>\n<meta property=\"og:url\" content=\"https:\/\/www.les-balcons.com\/en\/accommodation-rental-la-rosiere-summer\/\" \/>\n<meta property=\"og:site_name\" content=\"Les Balcons \u2013 R\u00e9sidences et s\u00e9jours Alpes du Nord\" \/>\n<meta property=\"article:modified_time\" content=\"2024-08-27T12:10:29+00:00\" \/>\n<meta name=\"twitter:card\" content=\"summary_large_image\" \/>\n<meta name=\"twitter:label1\" content=\"Est. reading time\" \/>\n\t<meta name=\"twitter:data1\" content=\"3 minutes\" \/>\n<script type=\"application\/ld+json\" class=\"yoast-schema-graph\">{\"@context\":\"https:\\\/\\\/schema.org\",\"@graph\":[{\"@type\":\"WebPage\",\"@id\":\"https:\\\/\\\/www.les-balcons.com\\\/en\\\/accommodation-rental-la-rosiere-summer\\\/\",\"url\":\"https:\\\/\\\/www.les-balcons.com\\\/en\\\/accommodation-rental-la-rosiere-summer\\\/\",\"name\":\"Summer accommodation rental La Rosi\u00e8re - Stay in residence or hotel\",\"isPartOf\":{\"@id\":\"https:\\\/\\\/www.les-balcons.com\\\/en\\\/#website\"},\"datePublished\":\"2021-08-23T09:28:04+00:00\",\"dateModified\":\"2024-08-27T12:10:29+00:00\",\"description\":\"The resort of La Rosi\u00e8re and its good accommodation addresses suitable for a stay with family, couple or friends!\",\"breadcrumb\":{\"@id\":\"https:\\\/\\\/www.les-balcons.com\\\/en\\\/accommodation-rental-la-rosiere-summer\\\/#breadcrumb\"},\"inLanguage\":\"en-US\",\"potentialAction\":[{\"@type\":\"ReadAction\",\"target\":[\"https:\\\/\\\/www.les-balcons.com\\\/en\\\/accommodation-rental-la-rosiere-summer\\\/\"]}]},{\"@type\":\"BreadcrumbList\",\"@id\":\"https:\\\/\\\/www.les-balcons.com\\\/en\\\/accommodation-rental-la-rosiere-summer\\\/#breadcrumb\",\"itemListElement\":[{\"@type\":\"ListItem\",\"position\":1,\"name\":\"Homepage\",\"item\":\"https:\\\/\\\/www.les-balcons.com\\\/en\\\/fr\\\/\"},{\"@type\":\"ListItem\",\"position\":2,\"name\":\"Summer accommodation rental La Rosi\u00e8re\"}]},{\"@type\":\"WebSite\",\"@id\":\"https:\\\/\\\/www.les-balcons.com\\\/en\\\/#website\",\"url\":\"https:\\\/\\\/www.les-balcons.com\\\/en\\\/\",\"name\":\"Les Balcons \u2013 R\u00e9sidences et s\u00e9jours Alpes du Nord\",\"description\":\"10 \u00e9tablissements, H\u00f4tel et R\u00e9sidences pour vos vacances \u00e0 la montagne\",\"publisher\":{\"@id\":\"https:\\\/\\\/www.les-balcons.com\\\/en\\\/#organization\"},\"potentialAction\":[{\"@type\":\"SearchAction\",\"target\":{\"@type\":\"EntryPoint\",\"urlTemplate\":\"https:\\\/\\\/www.les-balcons.com\\\/en\\\/?s={search_term_string}\"},\"query-input\":{\"@type\":\"PropertyValueSpecification\",\"valueRequired\":true,\"valueName\":\"search_term_string\"}}],\"inLanguage\":\"en-US\"},{\"@type\":\"Organization\",\"@id\":\"https:\\\/\\\/www.les-balcons.com\\\/en\\\/#organization\",\"name\":\"Les Balcons\",\"url\":\"https:\\\/\\\/www.les-balcons.com\\\/en\\\/\",\"logo\":{\"@type\":\"ImageObject\",\"inLanguage\":\"en-US\",\"@id\":\"https:\\\/\\\/www.les-balcons.com\\\/en\\\/#\\\/schema\\\/logo\\\/image\\\/\",\"url\":\"https:\\\/\\\/les-balcons.com\\\/wp-content\\\/uploads\\\/communs\\\/logos-et-gammes\\\/logo-les-balcons-base.png\",\"contentUrl\":\"https:\\\/\\\/les-balcons.com\\\/wp-content\\\/uploads\\\/communs\\\/logos-et-gammes\\\/logo-les-balcons-base.png\",\"width\":3508,\"height\":2481,\"caption\":\"Les Balcons\"},\"image\":{\"@id\":\"https:\\\/\\\/www.les-balcons.com\\\/en\\\/#\\\/schema\\\/logo\\\/image\\\/\"}}]}<\/script>\n<!-- \/ Yoast SEO plugin. -->","yoast_head_json":{"title":"Summer accommodation rental La Rosi\u00e8re - Stay in residence or hotel","description":"The resort of La Rosi\u00e8re and its good accommodation addresses suitable for a stay with family, couple or friends!","robots":{"index":"index","follow":"follow","max-snippet":"max-snippet:-1","max-image-preview":"max-image-preview:large","max-video-preview":"max-video-preview:-1"},"canonical":"https:\/\/www.les-balcons.com\/en\/accommodation-rental-la-rosiere-summer\/","og_locale":"en_US","og_type":"article","og_title":"Summer accommodation rental La Rosi\u00e8re - Stay in residence or hotel","og_description":"The resort of La Rosi\u00e8re and its good accommodation addresses suitable for a stay with family, couple or friends!","og_url":"https:\/\/www.les-balcons.com\/en\/accommodation-rental-la-rosiere-summer\/","og_site_name":"Les Balcons \u2013 R\u00e9sidences et s\u00e9jours Alpes du Nord","article_modified_time":"2024-08-27T12:10:29+00:00","twitter_card":"summary_large_image","twitter_misc":{"Est. reading time":"3 minutes"},"schema":{"@context":"https:\/\/schema.org","@graph":[{"@type":"WebPage","@id":"https:\/\/www.les-balcons.com\/en\/accommodation-rental-la-rosiere-summer\/","url":"https:\/\/www.les-balcons.com\/en\/accommodation-rental-la-rosiere-summer\/","name":"Summer accommodation rental La Rosi\u00e8re - Stay in residence or hotel","isPartOf":{"@id":"https:\/\/www.les-balcons.com\/en\/#website"},"datePublished":"2021-08-23T09:28:04+00:00","dateModified":"2024-08-27T12:10:29+00:00","description":"The resort of La Rosi\u00e8re and its good accommodation addresses suitable for a stay with family, couple or friends!","breadcrumb":{"@id":"https:\/\/www.les-balcons.com\/en\/accommodation-rental-la-rosiere-summer\/#breadcrumb"},"inLanguage":"en-US","potentialAction":[{"@type":"ReadAction","target":["https:\/\/www.les-balcons.com\/en\/accommodation-rental-la-rosiere-summer\/"]}]},{"@type":"BreadcrumbList","@id":"https:\/\/www.les-balcons.com\/en\/accommodation-rental-la-rosiere-summer\/#breadcrumb","itemListElement":[{"@type":"ListItem","position":1,"name":"Homepage","item":"https:\/\/www.les-balcons.com\/en\/fr\/"},{"@type":"ListItem","position":2,"name":"Summer accommodation rental La Rosi\u00e8re"}]},{"@type":"WebSite","@id":"https:\/\/www.les-balcons.com\/en\/#website","url":"https:\/\/www.les-balcons.com\/en\/","name":"Les Balcons \u2013 R\u00e9sidences et s\u00e9jours Alpes du Nord","description":"10 \u00e9tablissements, H\u00f4tel et R\u00e9sidences pour vos vacances \u00e0 la montagne","publisher":{"@id":"https:\/\/www.les-balcons.com\/en\/#organization"},"potentialAction":[{"@type":"SearchAction","target":{"@type":"EntryPoint","urlTemplate":"https:\/\/www.les-balcons.com\/en\/?s={search_term_string}"},"query-input":{"@type":"PropertyValueSpecification","valueRequired":true,"valueName":"search_term_string"}}],"inLanguage":"en-US"},{"@type":"Organization","@id":"https:\/\/www.les-balcons.com\/en\/#organization","name":"Les Balcons","url":"https:\/\/www.les-balcons.com\/en\/","logo":{"@type":"ImageObject","inLanguage":"en-US","@id":"https:\/\/www.les-balcons.com\/en\/#\/schema\/logo\/image\/","url":"https:\/\/les-balcons.com\/wp-content\/uploads\/communs\/logos-et-gammes\/logo-les-balcons-base.png","contentUrl":"https:\/\/les-balcons.com\/wp-content\/uploads\/communs\/logos-et-gammes\/logo-les-balcons-base.png","width":3508,"height":2481,"caption":"Les Balcons"},"image":{"@id":"https:\/\/www.les-balcons.com\/en\/#\/schema\/logo\/image\/"}}]}},"uagb_featured_image_src":{"full":false,"thumbnail":false,"medium":false,"medium_large":false,"large":false,"1536x1536":false,"2048x2048":false,"size-365x220":false},"uagb_author_info":{"display_name":"admin_balcons","author_link":"https:\/\/www.les-balcons.com\/en\/author\/admin_balcons\/"},"uagb_comment_info":0,"uagb_excerpt":"Shells, crustacean, sand in your hair and (too much) proximity with your towel neighbours aren&#8217;t your thing ? You prefer the fresh air of the mountains and you&#8217;re considering a stay in La Rosi\u00e8re ? Well you&#8217;re right and have good taste to thing about this Northern Alps resort ! And you know what ?&hellip;","post_mailing_queue_ids":[],"_links":{"self":[{"href":"https:\/\/www.les-balcons.com\/en\/wp-json\/wp\/v2\/pages\/14194","targetHints":{"allow":["GET"]}}],"collection":[{"href":"https:\/\/www.les-balcons.com\/en\/wp-json\/wp\/v2\/pages"}],"about":[{"href":"https:\/\/www.les-balcons.com\/en\/wp-json\/wp\/v2\/types\/page"}],"author":[{"embeddable":true,"href":"https:\/\/www.les-balcons.com\/en\/wp-json\/wp\/v2\/users\/2"}],"replies":[{"embeddable":true,"href":"https:\/\/www.les-balcons.com\/en\/wp-json\/wp\/v2\/comments?post=14194"}],"version-history":[{"count":0,"href":"https:\/\/www.les-balcons.com\/en\/wp-json\/wp\/v2\/pages\/14194\/revisions"}],"wp:attachment":[{"href":"https:\/\/www.les-balcons.com\/en\/wp-json\/wp\/v2\/media?parent=14194"}],"curies":[{"name":"wp","href":"https:\/\/api.w.org\/{rel}","templated":true}]}}