{"id":14191,"date":"2021-08-23T07:32:37","date_gmt":"2021-08-23T07:32:37","guid":{"rendered":"https:\/\/www.les-balcons.com\/?page_id=14191\/"},"modified":"2024-09-17T14:49:28","modified_gmt":"2024-09-17T14:49:28","slug":"northern-alps-apartment-summer","status":"publish","type":"page","link":"https:\/\/www.les-balcons.com\/en\/northern-alps-apartment-summer\/","title":{"rendered":"Summer Northern Alps apartment"},"content":{"rendered":"<p>You&#8217;re looking for a peace heaven away from the noise and pollution ? Renting an apartment in the Northern Alps is ideal ! At the program : Sun, quietness, fresh air and green landscapes. The perfect receipe for you to hve nice holidays. Thanks who ? Thanks Les Balcons for offering nice apartments close to the savoy peaks !<\/p>\n<h2>Summer vacation in Savoy<\/h2>\n<p>A lot of vacationer love spending their holidays in the mountains, away from the crowded cities. With your family or your friends, no more crowds, you&#8217;re free to enjoy the wide spaces and healthy life. Summer vacation in the mountains are for evertone. Whether you love hiking, just spending time in nature, biking, horse riding of any other outdoor activity, you will spend amazing vacations.<\/p>\n<p>Mountains activities are numerous. As we said, you can hike, bike, climb, and even try to hike a glacier or maybe water activities like cano\u00eb, rafting, canyoning. You can also visit the surrounding villages and discover their history or maybe try an adventure park. You&#8217;ve understood, you won&#8217;t get bored in the mountains during summer.<\/p>\n<p>Les Balcons apartment are all located in the most beautiful Northern Alps resort : La Plagne, La Rosi\u00e8re, Val Cenis and Val Thorens. You&#8217;re free to choose the one that fit your needs the best.<\/p>\n<h3>Rent an apartment in the mountains with Les Balcons<\/h3>\n<p>Discover the pleasure of holidays in the mountains during summer with Les Balcons accommodations. And don&#8217;t miss our summer stay with spa ! Renting for the holidays are a budget friendly solution for you to be free and independant.<\/p>\n<h3>Les Balcons de La Rosi\u00e8re apartments<\/h3>\n<p>The residence is composed with 9 chalets and is offering wide and cocooning apartments with a balcony. The occasion for you to have your morning coffee on the balcony or to gaze at the beautiful sunsets. By renting an apartment in La Rosi\u00e8re, you have access to the spa of the residence AND to the gorgeous spa of the Alparena hotel.<\/p>\n<h3>Les Balcons de Val Thorens apartments<\/h3>\n<p>Comfy and wide apartments, all mod cons, a spa with a gorgeous view on the valley. You&#8217;ve understood what we were talking about, you&#8217;re going to have the nicest stay in Les Balcons de Val Thorens !<\/p>\n<h3>Les Balcons de Belle-Plagne apartments<\/h3>\n<p>The Mont Saint Jacques, the valley, the surrounding peaks, the flowery meadows, welcome in Les Balcons de Belle Plagne, idealy located at the feet of the hiking tracks. The apartments are perfect for your stay with your significant other or with your family. And the cherry on the top: a 430sqm spa for you to relax.<\/p>\n<h3>Les Balcons de Val Cenis apartments<\/h3>\n<p>In a quiet location, just near the village and the outdoor activities, Les Balcons de Val Cenis residences are perfect for you holidays with your family, your friends and other mountain enthusiast. The apartments are cosy, wide, comfy and just near the Sherpa mini-market. Practical right ?<\/p>\n<p>Discover the pleasure of summer vacation in the Northern Alps by renting an apartment with Les Balcons.<\/p>\n<h4 style=\"text-align: center;\"><strong>By ski resort :<\/strong> <a href=\"\/en\/la-rosiere-apartment-summer\/\">La Rosi\u00e8re<\/a> | <a href=\"\/en\/val-cenis-apartment-summer\/\">Val Cenis<\/a>\u00a0 | <a href=\"\/en\/la-plagne-apartment-summer\/\">La Plagne<\/a><\/h4>\n","protected":false},"excerpt":{"rendered":"<p>You&#8217;re looking for a peace heaven away from the noise and pollution ? Renting an apartment in the Northern Alps is ideal ! At the program : Sun, quietness, fresh air and green landscapes. The perfect receipe for you to hve nice holidays. Thanks who ? Thanks Les Balcons for offering nice apartments close to [&hellip;]<\/p>\n","protected":false},"author":2,"featured_media":0,"parent":0,"menu_order":0,"comment_status":"closed","ping_status":"closed","template":"template-heberegements-filtres.php","meta":{"_acf_changed":false,"_uag_custom_page_level_css":"","footnotes":""},"class_list":["post-14191","page","type-page","status-publish","hentry"],"acf":[],"yoast_head":"<!-- This site is optimized with the Yoast SEO plugin v27.5 - https:\/\/yoast.com\/product\/yoast-seo-wordpress\/ -->\n<title>Summer Northern Alps apartment - Summer stay accommodation in Savoie resorts<\/title>\n<meta name=\"description\" content=\"Spend your summer vacation in a comfortable and warm apartment in one of the four Savoy resorts that we offer\" \/>\n<meta name=\"robots\" content=\"index, follow, max-snippet:-1, max-image-preview:large, max-video-preview:-1\" \/>\n<link rel=\"canonical\" href=\"https:\/\/www.les-balcons.com\/en\/northern-alps-apartment-summer\/\" \/>\n<meta property=\"og:locale\" content=\"en_US\" \/>\n<meta property=\"og:type\" content=\"article\" \/>\n<meta property=\"og:title\" content=\"Summer Northern Alps apartment - Summer stay accommodation in Savoie resorts\" \/>\n<meta property=\"og:description\" content=\"Spend your summer vacation in a comfortable and warm apartment in one of the four Savoy resorts that we offer\" \/>\n<meta property=\"og:url\" content=\"https:\/\/www.les-balcons.com\/en\/northern-alps-apartment-summer\/\" \/>\n<meta property=\"og:site_name\" content=\"Les Balcons \u2013 R\u00e9sidences et s\u00e9jours Alpes du Nord\" \/>\n<meta property=\"article:modified_time\" content=\"2024-09-17T14:49:28+00:00\" \/>\n<meta name=\"twitter:card\" content=\"summary_large_image\" \/>\n<meta name=\"twitter:label1\" content=\"Est. reading time\" \/>\n\t<meta name=\"twitter:data1\" content=\"3 minutes\" \/>\n<script type=\"application\/ld+json\" class=\"yoast-schema-graph\">{\"@context\":\"https:\\\/\\\/schema.org\",\"@graph\":[{\"@type\":\"WebPage\",\"@id\":\"https:\\\/\\\/www.les-balcons.com\\\/en\\\/northern-alps-apartment-summer\\\/\",\"url\":\"https:\\\/\\\/www.les-balcons.com\\\/en\\\/northern-alps-apartment-summer\\\/\",\"name\":\"Summer Northern Alps apartment - Summer stay accommodation in Savoie resorts\",\"isPartOf\":{\"@id\":\"https:\\\/\\\/www.les-balcons.com\\\/en\\\/#website\"},\"datePublished\":\"2021-08-23T07:32:37+00:00\",\"dateModified\":\"2024-09-17T14:49:28+00:00\",\"description\":\"Spend your summer vacation in a comfortable and warm apartment in one of the four Savoy resorts that we offer\",\"breadcrumb\":{\"@id\":\"https:\\\/\\\/www.les-balcons.com\\\/en\\\/northern-alps-apartment-summer\\\/#breadcrumb\"},\"inLanguage\":\"en-US\",\"potentialAction\":[{\"@type\":\"ReadAction\",\"target\":[\"https:\\\/\\\/www.les-balcons.com\\\/en\\\/northern-alps-apartment-summer\\\/\"]}]},{\"@type\":\"BreadcrumbList\",\"@id\":\"https:\\\/\\\/www.les-balcons.com\\\/en\\\/northern-alps-apartment-summer\\\/#breadcrumb\",\"itemListElement\":[{\"@type\":\"ListItem\",\"position\":1,\"name\":\"Homepage\",\"item\":\"https:\\\/\\\/www.les-balcons.com\\\/en\\\/fr\\\/\"},{\"@type\":\"ListItem\",\"position\":2,\"name\":\"Summer Northern Alps apartment\"}]},{\"@type\":\"WebSite\",\"@id\":\"https:\\\/\\\/www.les-balcons.com\\\/en\\\/#website\",\"url\":\"https:\\\/\\\/www.les-balcons.com\\\/en\\\/\",\"name\":\"Les Balcons \u2013 R\u00e9sidences et s\u00e9jours Alpes du Nord\",\"description\":\"10 \u00e9tablissements, H\u00f4tel et R\u00e9sidences pour vos vacances \u00e0 la montagne\",\"publisher\":{\"@id\":\"https:\\\/\\\/www.les-balcons.com\\\/en\\\/#organization\"},\"potentialAction\":[{\"@type\":\"SearchAction\",\"target\":{\"@type\":\"EntryPoint\",\"urlTemplate\":\"https:\\\/\\\/www.les-balcons.com\\\/en\\\/?s={search_term_string}\"},\"query-input\":{\"@type\":\"PropertyValueSpecification\",\"valueRequired\":true,\"valueName\":\"search_term_string\"}}],\"inLanguage\":\"en-US\"},{\"@type\":\"Organization\",\"@id\":\"https:\\\/\\\/www.les-balcons.com\\\/en\\\/#organization\",\"name\":\"Les Balcons\",\"url\":\"https:\\\/\\\/www.les-balcons.com\\\/en\\\/\",\"logo\":{\"@type\":\"ImageObject\",\"inLanguage\":\"en-US\",\"@id\":\"https:\\\/\\\/www.les-balcons.com\\\/en\\\/#\\\/schema\\\/logo\\\/image\\\/\",\"url\":\"https:\\\/\\\/les-balcons.com\\\/wp-content\\\/uploads\\\/communs\\\/logos-et-gammes\\\/logo-les-balcons-base.png\",\"contentUrl\":\"https:\\\/\\\/les-balcons.com\\\/wp-content\\\/uploads\\\/communs\\\/logos-et-gammes\\\/logo-les-balcons-base.png\",\"width\":3508,\"height\":2481,\"caption\":\"Les Balcons\"},\"image\":{\"@id\":\"https:\\\/\\\/www.les-balcons.com\\\/en\\\/#\\\/schema\\\/logo\\\/image\\\/\"}}]}<\/script>\n<!-- \/ Yoast SEO plugin. -->","yoast_head_json":{"title":"Summer Northern Alps apartment - Summer stay accommodation in Savoie resorts","description":"Spend your summer vacation in a comfortable and warm apartment in one of the four Savoy resorts that we offer","robots":{"index":"index","follow":"follow","max-snippet":"max-snippet:-1","max-image-preview":"max-image-preview:large","max-video-preview":"max-video-preview:-1"},"canonical":"https:\/\/www.les-balcons.com\/en\/northern-alps-apartment-summer\/","og_locale":"en_US","og_type":"article","og_title":"Summer Northern Alps apartment - Summer stay accommodation in Savoie resorts","og_description":"Spend your summer vacation in a comfortable and warm apartment in one of the four Savoy resorts that we offer","og_url":"https:\/\/www.les-balcons.com\/en\/northern-alps-apartment-summer\/","og_site_name":"Les Balcons \u2013 R\u00e9sidences et s\u00e9jours Alpes du Nord","article_modified_time":"2024-09-17T14:49:28+00:00","twitter_card":"summary_large_image","twitter_misc":{"Est. reading time":"3 minutes"},"schema":{"@context":"https:\/\/schema.org","@graph":[{"@type":"WebPage","@id":"https:\/\/www.les-balcons.com\/en\/northern-alps-apartment-summer\/","url":"https:\/\/www.les-balcons.com\/en\/northern-alps-apartment-summer\/","name":"Summer Northern Alps apartment - Summer stay accommodation in Savoie resorts","isPartOf":{"@id":"https:\/\/www.les-balcons.com\/en\/#website"},"datePublished":"2021-08-23T07:32:37+00:00","dateModified":"2024-09-17T14:49:28+00:00","description":"Spend your summer vacation in a comfortable and warm apartment in one of the four Savoy resorts that we offer","breadcrumb":{"@id":"https:\/\/www.les-balcons.com\/en\/northern-alps-apartment-summer\/#breadcrumb"},"inLanguage":"en-US","potentialAction":[{"@type":"ReadAction","target":["https:\/\/www.les-balcons.com\/en\/northern-alps-apartment-summer\/"]}]},{"@type":"BreadcrumbList","@id":"https:\/\/www.les-balcons.com\/en\/northern-alps-apartment-summer\/#breadcrumb","itemListElement":[{"@type":"ListItem","position":1,"name":"Homepage","item":"https:\/\/www.les-balcons.com\/en\/fr\/"},{"@type":"ListItem","position":2,"name":"Summer Northern Alps apartment"}]},{"@type":"WebSite","@id":"https:\/\/www.les-balcons.com\/en\/#website","url":"https:\/\/www.les-balcons.com\/en\/","name":"Les Balcons \u2013 R\u00e9sidences et s\u00e9jours Alpes du Nord","description":"10 \u00e9tablissements, H\u00f4tel et R\u00e9sidences pour vos vacances \u00e0 la montagne","publisher":{"@id":"https:\/\/www.les-balcons.com\/en\/#organization"},"potentialAction":[{"@type":"SearchAction","target":{"@type":"EntryPoint","urlTemplate":"https:\/\/www.les-balcons.com\/en\/?s={search_term_string}"},"query-input":{"@type":"PropertyValueSpecification","valueRequired":true,"valueName":"search_term_string"}}],"inLanguage":"en-US"},{"@type":"Organization","@id":"https:\/\/www.les-balcons.com\/en\/#organization","name":"Les Balcons","url":"https:\/\/www.les-balcons.com\/en\/","logo":{"@type":"ImageObject","inLanguage":"en-US","@id":"https:\/\/www.les-balcons.com\/en\/#\/schema\/logo\/image\/","url":"https:\/\/les-balcons.com\/wp-content\/uploads\/communs\/logos-et-gammes\/logo-les-balcons-base.png","contentUrl":"https:\/\/les-balcons.com\/wp-content\/uploads\/communs\/logos-et-gammes\/logo-les-balcons-base.png","width":3508,"height":2481,"caption":"Les Balcons"},"image":{"@id":"https:\/\/www.les-balcons.com\/en\/#\/schema\/logo\/image\/"}}]}},"uagb_featured_image_src":{"full":false,"thumbnail":false,"medium":false,"medium_large":false,"large":false,"1536x1536":false,"2048x2048":false,"size-365x220":false},"uagb_author_info":{"display_name":"admin_balcons","author_link":"https:\/\/www.les-balcons.com\/en\/author\/admin_balcons\/"},"uagb_comment_info":0,"uagb_excerpt":"You&#8217;re looking for a peace heaven away from the noise and pollution ? Renting an apartment in the Northern Alps is ideal ! At the program : Sun, quietness, fresh air and green landscapes. The perfect receipe for you to hve nice holidays. Thanks who ? Thanks Les Balcons for offering nice apartments close to&hellip;","post_mailing_queue_ids":[],"_links":{"self":[{"href":"https:\/\/www.les-balcons.com\/en\/wp-json\/wp\/v2\/pages\/14191","targetHints":{"allow":["GET"]}}],"collection":[{"href":"https:\/\/www.les-balcons.com\/en\/wp-json\/wp\/v2\/pages"}],"about":[{"href":"https:\/\/www.les-balcons.com\/en\/wp-json\/wp\/v2\/types\/page"}],"author":[{"embeddable":true,"href":"https:\/\/www.les-balcons.com\/en\/wp-json\/wp\/v2\/users\/2"}],"replies":[{"embeddable":true,"href":"https:\/\/www.les-balcons.com\/en\/wp-json\/wp\/v2\/comments?post=14191"}],"version-history":[{"count":0,"href":"https:\/\/www.les-balcons.com\/en\/wp-json\/wp\/v2\/pages\/14191\/revisions"}],"wp:attachment":[{"href":"https:\/\/www.les-balcons.com\/en\/wp-json\/wp\/v2\/media?parent=14191"}],"curies":[{"name":"wp","href":"https:\/\/api.w.org\/{rel}","templated":true}]}}