{"id":14136,"date":"2021-02-19T09:56:14","date_gmt":"2021-02-19T09:56:14","guid":{"rendered":"https:\/\/www.les-balcons.com\/service-superette\/"},"modified":"2024-08-27T12:01:19","modified_gmt":"2024-08-27T12:01:19","slug":"mini-market-service","status":"publish","type":"page","link":"https:\/\/www.les-balcons.com\/en\/mini-market-service\/","title":{"rendered":"Mini market Service"},"content":{"rendered":"<p>You&#8217;re preparing your stay in your Les Balcons accomodation and are asking yourself how you&#8217;re gonna deal with the groceries in the station, it can be quite difficult depending on the level of snow in the station. Well, we have a good new for you.<\/p>\n<p>Our Les Balcons residence are almost all equipped with a mini market Sherpa in which you will find everything you need for you holidays. Nor you&#8217;re a big fan of local gastronomy and will like to try a raclette evening. Nor you prefer eating like all year long, you will find whatever makes you happy in our Sherpas.<\/p>\n<p>Newspaper, pastries, fresh bread cooked on the spot for your full energy breakfast. You got it, in our Sherpas, everything is accessible and way more simple. Let yourself be seduced by their large choice of fresh fruits and vegetables, their selection of savoy cheese. This way, you will discover even more the local gastronomy, and will keep the comfort of your Les Balcons rental or room.<\/p>\n","protected":false},"excerpt":{"rendered":"<p>You&#8217;re preparing your stay in your Les Balcons accomodation and are asking yourself how you&#8217;re gonna deal with the groceries in the station, it can be quite difficult depending on the level of snow in the station. Well, we have a good new for you. Our Les Balcons residence are almost all equipped with a [&hellip;]<\/p>\n","protected":false},"author":2,"featured_media":0,"parent":0,"menu_order":0,"comment_status":"closed","ping_status":"closed","template":"template-services-station.php","meta":{"_acf_changed":false,"_uag_custom_page_level_css":"","footnotes":""},"class_list":["post-14136","page","type-page","status-publish","hentry"],"acf":[],"yoast_head":"<!-- This site is optimized with the Yoast SEO plugin v27.6 - https:\/\/yoast.com\/product\/yoast-seo-wordpress\/ -->\n<title>Les Balcons Mini market - Val Cenis, La Rosi\u00e8re, Val Thorens<\/title>\n<meta name=\"description\" content=\"You&#039;re preparing your stay in your Les Balcons accomodation and are asking yourself how you&#039;re gonna deal with the groceries in the station, it can be\" \/>\n<meta name=\"robots\" content=\"index, follow, max-snippet:-1, max-image-preview:large, max-video-preview:-1\" \/>\n<link rel=\"canonical\" href=\"https:\/\/www.les-balcons.com\/en\/mini-market-service\/\" \/>\n<meta property=\"og:locale\" content=\"en_US\" \/>\n<meta property=\"og:type\" content=\"article\" \/>\n<meta property=\"og:title\" content=\"Les Balcons Mini market - Val Cenis, La Rosi\u00e8re, Val Thorens\" \/>\n<meta property=\"og:description\" content=\"You&#039;re preparing your stay in your Les Balcons accomodation and are asking yourself how you&#039;re gonna deal with the groceries in the station, it can be\" \/>\n<meta property=\"og:url\" content=\"https:\/\/www.les-balcons.com\/en\/mini-market-service\/\" \/>\n<meta property=\"og:site_name\" content=\"Les Balcons \u2013 R\u00e9sidences et s\u00e9jours Alpes du Nord\" \/>\n<meta property=\"article:modified_time\" content=\"2024-08-27T12:01:19+00:00\" \/>\n<meta name=\"twitter:card\" content=\"summary_large_image\" \/>\n<meta name=\"twitter:label1\" content=\"Est. reading time\" \/>\n\t<meta name=\"twitter:data1\" content=\"1 minute\" \/>\n<script type=\"application\/ld+json\" class=\"yoast-schema-graph\">{\"@context\":\"https:\\\/\\\/schema.org\",\"@graph\":[{\"@type\":\"WebPage\",\"@id\":\"https:\\\/\\\/www.les-balcons.com\\\/en\\\/mini-market-service\\\/\",\"url\":\"https:\\\/\\\/www.les-balcons.com\\\/en\\\/mini-market-service\\\/\",\"name\":\"Les Balcons Mini market - Val Cenis, La Rosi\u00e8re, Val Thorens\",\"isPartOf\":{\"@id\":\"https:\\\/\\\/www.les-balcons.com\\\/en\\\/#website\"},\"datePublished\":\"2021-02-19T09:56:14+00:00\",\"dateModified\":\"2024-08-27T12:01:19+00:00\",\"description\":\"You're preparing your stay in your Les Balcons accomodation and are asking yourself how you're gonna deal with the groceries in the station, it can be\",\"breadcrumb\":{\"@id\":\"https:\\\/\\\/www.les-balcons.com\\\/en\\\/mini-market-service\\\/#breadcrumb\"},\"inLanguage\":\"en-US\",\"potentialAction\":[{\"@type\":\"ReadAction\",\"target\":[\"https:\\\/\\\/www.les-balcons.com\\\/en\\\/mini-market-service\\\/\"]}]},{\"@type\":\"BreadcrumbList\",\"@id\":\"https:\\\/\\\/www.les-balcons.com\\\/en\\\/mini-market-service\\\/#breadcrumb\",\"itemListElement\":[{\"@type\":\"ListItem\",\"position\":1,\"name\":\"Homepage\",\"item\":\"https:\\\/\\\/www.les-balcons.com\\\/en\\\/fr\\\/\"},{\"@type\":\"ListItem\",\"position\":2,\"name\":\"Mini market Service\"}]},{\"@type\":\"WebSite\",\"@id\":\"https:\\\/\\\/www.les-balcons.com\\\/en\\\/#website\",\"url\":\"https:\\\/\\\/www.les-balcons.com\\\/en\\\/\",\"name\":\"Les Balcons \u2013 R\u00e9sidences et s\u00e9jours Alpes du Nord\",\"description\":\"10 \u00e9tablissements, H\u00f4tel et R\u00e9sidences pour vos vacances \u00e0 la montagne\",\"publisher\":{\"@id\":\"https:\\\/\\\/www.les-balcons.com\\\/en\\\/#organization\"},\"potentialAction\":[{\"@type\":\"SearchAction\",\"target\":{\"@type\":\"EntryPoint\",\"urlTemplate\":\"https:\\\/\\\/www.les-balcons.com\\\/en\\\/?s={search_term_string}\"},\"query-input\":{\"@type\":\"PropertyValueSpecification\",\"valueRequired\":true,\"valueName\":\"search_term_string\"}}],\"inLanguage\":\"en-US\"},{\"@type\":\"Organization\",\"@id\":\"https:\\\/\\\/www.les-balcons.com\\\/en\\\/#organization\",\"name\":\"Les Balcons\",\"url\":\"https:\\\/\\\/www.les-balcons.com\\\/en\\\/\",\"logo\":{\"@type\":\"ImageObject\",\"inLanguage\":\"en-US\",\"@id\":\"https:\\\/\\\/www.les-balcons.com\\\/en\\\/#\\\/schema\\\/logo\\\/image\\\/\",\"url\":\"https:\\\/\\\/les-balcons.com\\\/wp-content\\\/uploads\\\/communs\\\/logos-et-gammes\\\/logo-les-balcons-base.png\",\"contentUrl\":\"https:\\\/\\\/les-balcons.com\\\/wp-content\\\/uploads\\\/communs\\\/logos-et-gammes\\\/logo-les-balcons-base.png\",\"width\":3508,\"height\":2481,\"caption\":\"Les Balcons\"},\"image\":{\"@id\":\"https:\\\/\\\/www.les-balcons.com\\\/en\\\/#\\\/schema\\\/logo\\\/image\\\/\"}}]}<\/script>\n<!-- \/ Yoast SEO plugin. -->","yoast_head_json":{"title":"Les Balcons Mini market - Val Cenis, La Rosi\u00e8re, Val Thorens","description":"You're preparing your stay in your Les Balcons accomodation and are asking yourself how you're gonna deal with the groceries in the station, it can be","robots":{"index":"index","follow":"follow","max-snippet":"max-snippet:-1","max-image-preview":"max-image-preview:large","max-video-preview":"max-video-preview:-1"},"canonical":"https:\/\/www.les-balcons.com\/en\/mini-market-service\/","og_locale":"en_US","og_type":"article","og_title":"Les Balcons Mini market - Val Cenis, La Rosi\u00e8re, Val Thorens","og_description":"You're preparing your stay in your Les Balcons accomodation and are asking yourself how you're gonna deal with the groceries in the station, it can be","og_url":"https:\/\/www.les-balcons.com\/en\/mini-market-service\/","og_site_name":"Les Balcons \u2013 R\u00e9sidences et s\u00e9jours Alpes du Nord","article_modified_time":"2024-08-27T12:01:19+00:00","twitter_card":"summary_large_image","twitter_misc":{"Est. reading time":"1 minute"},"schema":{"@context":"https:\/\/schema.org","@graph":[{"@type":"WebPage","@id":"https:\/\/www.les-balcons.com\/en\/mini-market-service\/","url":"https:\/\/www.les-balcons.com\/en\/mini-market-service\/","name":"Les Balcons Mini market - Val Cenis, La Rosi\u00e8re, Val Thorens","isPartOf":{"@id":"https:\/\/www.les-balcons.com\/en\/#website"},"datePublished":"2021-02-19T09:56:14+00:00","dateModified":"2024-08-27T12:01:19+00:00","description":"You're preparing your stay in your Les Balcons accomodation and are asking yourself how you're gonna deal with the groceries in the station, it can be","breadcrumb":{"@id":"https:\/\/www.les-balcons.com\/en\/mini-market-service\/#breadcrumb"},"inLanguage":"en-US","potentialAction":[{"@type":"ReadAction","target":["https:\/\/www.les-balcons.com\/en\/mini-market-service\/"]}]},{"@type":"BreadcrumbList","@id":"https:\/\/www.les-balcons.com\/en\/mini-market-service\/#breadcrumb","itemListElement":[{"@type":"ListItem","position":1,"name":"Homepage","item":"https:\/\/www.les-balcons.com\/en\/fr\/"},{"@type":"ListItem","position":2,"name":"Mini market Service"}]},{"@type":"WebSite","@id":"https:\/\/www.les-balcons.com\/en\/#website","url":"https:\/\/www.les-balcons.com\/en\/","name":"Les Balcons \u2013 R\u00e9sidences et s\u00e9jours Alpes du Nord","description":"10 \u00e9tablissements, H\u00f4tel et R\u00e9sidences pour vos vacances \u00e0 la montagne","publisher":{"@id":"https:\/\/www.les-balcons.com\/en\/#organization"},"potentialAction":[{"@type":"SearchAction","target":{"@type":"EntryPoint","urlTemplate":"https:\/\/www.les-balcons.com\/en\/?s={search_term_string}"},"query-input":{"@type":"PropertyValueSpecification","valueRequired":true,"valueName":"search_term_string"}}],"inLanguage":"en-US"},{"@type":"Organization","@id":"https:\/\/www.les-balcons.com\/en\/#organization","name":"Les Balcons","url":"https:\/\/www.les-balcons.com\/en\/","logo":{"@type":"ImageObject","inLanguage":"en-US","@id":"https:\/\/www.les-balcons.com\/en\/#\/schema\/logo\/image\/","url":"https:\/\/les-balcons.com\/wp-content\/uploads\/communs\/logos-et-gammes\/logo-les-balcons-base.png","contentUrl":"https:\/\/les-balcons.com\/wp-content\/uploads\/communs\/logos-et-gammes\/logo-les-balcons-base.png","width":3508,"height":2481,"caption":"Les Balcons"},"image":{"@id":"https:\/\/www.les-balcons.com\/en\/#\/schema\/logo\/image\/"}}]}},"uagb_featured_image_src":{"full":false,"thumbnail":false,"medium":false,"medium_large":false,"large":false,"1536x1536":false,"2048x2048":false,"size-365x220":false},"uagb_author_info":{"display_name":"admin_balcons","author_link":"https:\/\/www.les-balcons.com\/en\/author\/admin_balcons\/"},"uagb_comment_info":0,"uagb_excerpt":"You&#8217;re preparing your stay in your Les Balcons accomodation and are asking yourself how you&#8217;re gonna deal with the groceries in the station, it can be quite difficult depending on the level of snow in the station. Well, we have a good new for you. Our Les Balcons residence are almost all equipped with a&hellip;","post_mailing_queue_ids":[],"_links":{"self":[{"href":"https:\/\/www.les-balcons.com\/en\/wp-json\/wp\/v2\/pages\/14136","targetHints":{"allow":["GET"]}}],"collection":[{"href":"https:\/\/www.les-balcons.com\/en\/wp-json\/wp\/v2\/pages"}],"about":[{"href":"https:\/\/www.les-balcons.com\/en\/wp-json\/wp\/v2\/types\/page"}],"author":[{"embeddable":true,"href":"https:\/\/www.les-balcons.com\/en\/wp-json\/wp\/v2\/users\/2"}],"replies":[{"embeddable":true,"href":"https:\/\/www.les-balcons.com\/en\/wp-json\/wp\/v2\/comments?post=14136"}],"version-history":[{"count":0,"href":"https:\/\/www.les-balcons.com\/en\/wp-json\/wp\/v2\/pages\/14136\/revisions"}],"wp:attachment":[{"href":"https:\/\/www.les-balcons.com\/en\/wp-json\/wp\/v2\/media?parent=14136"}],"curies":[{"name":"wp","href":"https:\/\/api.w.org\/{rel}","templated":true}]}}