{"id":14129,"date":"2021-02-19T07:57:29","date_gmt":"2021-02-19T07:57:29","guid":{"rendered":"https:\/\/www.les-balcons.com\/service-restaurant\/"},"modified":"2024-09-10T15:32:42","modified_gmt":"2024-09-10T15:32:42","slug":"restaurant-service","status":"publish","type":"page","link":"https:\/\/www.les-balcons.com\/en\/restaurant-service\/","title":{"rendered":"Restaurant Service"},"content":{"rendered":"\n<p>Discover the restaurants located at the heart of our mountain establishments.&#13;\nAfter a day&#8217;s skiing or hiking, enjoy the conviviality of a restaurant without having to leave the comfort of your residence or hotel.<\/p>\n\n<h2 class=\"wp-block-heading\">Restaurants close to your accommodation to make your holiday easier&#13;\n<\/h2>\n\n<p>Whether you&#8217;re with family, friends or as a couple, you can enjoy typical mountain dishes without having to travel far. With restaurants located as close as possible to our residences and hotels, everything has been thought of to ensure that your holidays in the Alps are synonymous with relaxation and comfort.&#13;\n<\/p>\n\n<h2 class=\"wp-block-heading\">Menus to suit all tastes<\/h2>\n\n<p>From Savoyard specialities such as raclette, fondue or pierrade to more traditional menus and Italian dishes (pasta, pizzas), you&#8217;re bound to find what you&#8217;re looking for. The little ones are not left out either, with menus to suit their appetites!<\/p>\n\n<h2 class=\"wp-block-heading\">Packages to suit your needs<\/h2>\n\n<p> Our partner restaurants offer a range of meal options (half-board in some establishments or \u00e0 la carte menus), so that you can enjoy your holiday to the full.&#13;\n<\/p>\n\n<h2 class=\"wp-block-heading\">Relaxation and conviviality<\/h2>\n\n<p>In the warm atmosphere of a mountain inn or on a terrace with a view of the summits, restaurant teams ensure that every meal is a pleasant and convivial experience in an exceptional setting.&#13;\n<\/p>\n\n<h2 class=\"wp-block-heading\">Book now!<\/h2>\n\n<p>Don&#8217;t wait any longer for an unforgettable mountain holiday! Book your stay in one of our tourism residences or hotels in Savoie and discover quality catering close to you. Take a look at the restaurant packages available and book them now!<\/p>\n","protected":false},"excerpt":{"rendered":"<p>Discover the restaurants located at the heart of our mountain establishments.&#13; After a day&#8217;s skiing or hiking, enjoy the conviviality of a restaurant without having to leave the comfort of your residence or hotel. Restaurants close to your accommodation to make your holiday easier&#13; Whether you&#8217;re with family, friends or as a couple, you can [&hellip;]<\/p>\n","protected":false},"author":2,"featured_media":0,"parent":0,"menu_order":0,"comment_status":"closed","ping_status":"closed","template":"template-services-station.php","meta":{"_acf_changed":false,"_uag_custom_page_level_css":"","footnotes":""},"class_list":["post-14129","page","type-page","status-publish","hentry"],"acf":[],"yoast_head":"<!-- This site is optimized with the Yoast SEO plugin v27.4 - https:\/\/yoast.com\/product\/yoast-seo-wordpress\/ -->\n<title>Restaurants Les Balcons - La Plagne, Val Cenis, La Rosi\u00e8re, Val Thorens<\/title>\n<meta name=\"description\" content=\"Discover the restaurants located at the heart of our mountain establishments.&#013; After a day&#039;s skiing or hiking, enjoy the conviviality of a restaurant\" \/>\n<meta name=\"robots\" content=\"index, follow, max-snippet:-1, max-image-preview:large, max-video-preview:-1\" \/>\n<link rel=\"canonical\" href=\"https:\/\/www.les-balcons.com\/en\/restaurant-service\/\" \/>\n<meta property=\"og:locale\" content=\"en_US\" \/>\n<meta property=\"og:type\" content=\"article\" \/>\n<meta property=\"og:title\" content=\"Restaurants Les Balcons - La Plagne, Val Cenis, La Rosi\u00e8re, Val Thorens\" \/>\n<meta property=\"og:description\" content=\"Discover the restaurants located at the heart of our mountain establishments.&#013; After a day&#039;s skiing or hiking, enjoy the conviviality of a restaurant\" \/>\n<meta property=\"og:url\" content=\"https:\/\/www.les-balcons.com\/en\/restaurant-service\/\" \/>\n<meta property=\"og:site_name\" content=\"Les Balcons \u2013 R\u00e9sidences et s\u00e9jours Alpes du Nord\" \/>\n<meta property=\"article:modified_time\" content=\"2024-09-10T15:32:42+00:00\" \/>\n<meta name=\"twitter:card\" content=\"summary_large_image\" \/>\n<meta name=\"twitter:label1\" content=\"Est. reading time\" \/>\n\t<meta name=\"twitter:data1\" content=\"2 minutes\" \/>\n<script type=\"application\/ld+json\" class=\"yoast-schema-graph\">{\"@context\":\"https:\\\/\\\/schema.org\",\"@graph\":[{\"@type\":\"WebPage\",\"@id\":\"https:\\\/\\\/www.les-balcons.com\\\/en\\\/restaurant-service\\\/\",\"url\":\"https:\\\/\\\/www.les-balcons.com\\\/en\\\/restaurant-service\\\/\",\"name\":\"Restaurants Les Balcons - La Plagne, Val Cenis, La Rosi\u00e8re, Val Thorens\",\"isPartOf\":{\"@id\":\"https:\\\/\\\/www.les-balcons.com\\\/en\\\/#website\"},\"datePublished\":\"2021-02-19T07:57:29+00:00\",\"dateModified\":\"2024-09-10T15:32:42+00:00\",\"description\":\"Discover the restaurants located at the heart of our mountain establishments.&#13; After a day's skiing or hiking, enjoy the conviviality of a restaurant\",\"breadcrumb\":{\"@id\":\"https:\\\/\\\/www.les-balcons.com\\\/en\\\/restaurant-service\\\/#breadcrumb\"},\"inLanguage\":\"en-US\",\"potentialAction\":[{\"@type\":\"ReadAction\",\"target\":[\"https:\\\/\\\/www.les-balcons.com\\\/en\\\/restaurant-service\\\/\"]}]},{\"@type\":\"BreadcrumbList\",\"@id\":\"https:\\\/\\\/www.les-balcons.com\\\/en\\\/restaurant-service\\\/#breadcrumb\",\"itemListElement\":[{\"@type\":\"ListItem\",\"position\":1,\"name\":\"Homepage\",\"item\":\"https:\\\/\\\/www.les-balcons.com\\\/en\\\/fr\\\/\"},{\"@type\":\"ListItem\",\"position\":2,\"name\":\"Restaurant Service\"}]},{\"@type\":\"WebSite\",\"@id\":\"https:\\\/\\\/www.les-balcons.com\\\/en\\\/#website\",\"url\":\"https:\\\/\\\/www.les-balcons.com\\\/en\\\/\",\"name\":\"Les Balcons \u2013 R\u00e9sidences et s\u00e9jours Alpes du Nord\",\"description\":\"10 \u00e9tablissements, H\u00f4tel et R\u00e9sidences pour vos vacances \u00e0 la montagne\",\"publisher\":{\"@id\":\"https:\\\/\\\/www.les-balcons.com\\\/en\\\/#organization\"},\"potentialAction\":[{\"@type\":\"SearchAction\",\"target\":{\"@type\":\"EntryPoint\",\"urlTemplate\":\"https:\\\/\\\/www.les-balcons.com\\\/en\\\/?s={search_term_string}\"},\"query-input\":{\"@type\":\"PropertyValueSpecification\",\"valueRequired\":true,\"valueName\":\"search_term_string\"}}],\"inLanguage\":\"en-US\"},{\"@type\":\"Organization\",\"@id\":\"https:\\\/\\\/www.les-balcons.com\\\/en\\\/#organization\",\"name\":\"Les Balcons\",\"url\":\"https:\\\/\\\/www.les-balcons.com\\\/en\\\/\",\"logo\":{\"@type\":\"ImageObject\",\"inLanguage\":\"en-US\",\"@id\":\"https:\\\/\\\/www.les-balcons.com\\\/en\\\/#\\\/schema\\\/logo\\\/image\\\/\",\"url\":\"https:\\\/\\\/les-balcons.com\\\/wp-content\\\/uploads\\\/communs\\\/logos-et-gammes\\\/logo-les-balcons-base.png\",\"contentUrl\":\"https:\\\/\\\/les-balcons.com\\\/wp-content\\\/uploads\\\/communs\\\/logos-et-gammes\\\/logo-les-balcons-base.png\",\"width\":3508,\"height\":2481,\"caption\":\"Les Balcons\"},\"image\":{\"@id\":\"https:\\\/\\\/www.les-balcons.com\\\/en\\\/#\\\/schema\\\/logo\\\/image\\\/\"}}]}<\/script>\n<!-- \/ Yoast SEO plugin. -->","yoast_head_json":{"title":"Restaurants Les Balcons - La Plagne, Val Cenis, La Rosi\u00e8re, Val Thorens","description":"Discover the restaurants located at the heart of our mountain establishments.&#13; After a day's skiing or hiking, enjoy the conviviality of a restaurant","robots":{"index":"index","follow":"follow","max-snippet":"max-snippet:-1","max-image-preview":"max-image-preview:large","max-video-preview":"max-video-preview:-1"},"canonical":"https:\/\/www.les-balcons.com\/en\/restaurant-service\/","og_locale":"en_US","og_type":"article","og_title":"Restaurants Les Balcons - La Plagne, Val Cenis, La Rosi\u00e8re, Val Thorens","og_description":"Discover the restaurants located at the heart of our mountain establishments.&#13; After a day's skiing or hiking, enjoy the conviviality of a restaurant","og_url":"https:\/\/www.les-balcons.com\/en\/restaurant-service\/","og_site_name":"Les Balcons \u2013 R\u00e9sidences et s\u00e9jours Alpes du Nord","article_modified_time":"2024-09-10T15:32:42+00:00","twitter_card":"summary_large_image","twitter_misc":{"Est. reading time":"2 minutes"},"schema":{"@context":"https:\/\/schema.org","@graph":[{"@type":"WebPage","@id":"https:\/\/www.les-balcons.com\/en\/restaurant-service\/","url":"https:\/\/www.les-balcons.com\/en\/restaurant-service\/","name":"Restaurants Les Balcons - La Plagne, Val Cenis, La Rosi\u00e8re, Val Thorens","isPartOf":{"@id":"https:\/\/www.les-balcons.com\/en\/#website"},"datePublished":"2021-02-19T07:57:29+00:00","dateModified":"2024-09-10T15:32:42+00:00","description":"Discover the restaurants located at the heart of our mountain establishments.&#13; After a day's skiing or hiking, enjoy the conviviality of a restaurant","breadcrumb":{"@id":"https:\/\/www.les-balcons.com\/en\/restaurant-service\/#breadcrumb"},"inLanguage":"en-US","potentialAction":[{"@type":"ReadAction","target":["https:\/\/www.les-balcons.com\/en\/restaurant-service\/"]}]},{"@type":"BreadcrumbList","@id":"https:\/\/www.les-balcons.com\/en\/restaurant-service\/#breadcrumb","itemListElement":[{"@type":"ListItem","position":1,"name":"Homepage","item":"https:\/\/www.les-balcons.com\/en\/fr\/"},{"@type":"ListItem","position":2,"name":"Restaurant Service"}]},{"@type":"WebSite","@id":"https:\/\/www.les-balcons.com\/en\/#website","url":"https:\/\/www.les-balcons.com\/en\/","name":"Les Balcons \u2013 R\u00e9sidences et s\u00e9jours Alpes du Nord","description":"10 \u00e9tablissements, H\u00f4tel et R\u00e9sidences pour vos vacances \u00e0 la montagne","publisher":{"@id":"https:\/\/www.les-balcons.com\/en\/#organization"},"potentialAction":[{"@type":"SearchAction","target":{"@type":"EntryPoint","urlTemplate":"https:\/\/www.les-balcons.com\/en\/?s={search_term_string}"},"query-input":{"@type":"PropertyValueSpecification","valueRequired":true,"valueName":"search_term_string"}}],"inLanguage":"en-US"},{"@type":"Organization","@id":"https:\/\/www.les-balcons.com\/en\/#organization","name":"Les Balcons","url":"https:\/\/www.les-balcons.com\/en\/","logo":{"@type":"ImageObject","inLanguage":"en-US","@id":"https:\/\/www.les-balcons.com\/en\/#\/schema\/logo\/image\/","url":"https:\/\/les-balcons.com\/wp-content\/uploads\/communs\/logos-et-gammes\/logo-les-balcons-base.png","contentUrl":"https:\/\/les-balcons.com\/wp-content\/uploads\/communs\/logos-et-gammes\/logo-les-balcons-base.png","width":3508,"height":2481,"caption":"Les Balcons"},"image":{"@id":"https:\/\/www.les-balcons.com\/en\/#\/schema\/logo\/image\/"}}]}},"uagb_featured_image_src":{"full":false,"thumbnail":false,"medium":false,"medium_large":false,"large":false,"1536x1536":false,"2048x2048":false,"size-365x220":false},"uagb_author_info":{"display_name":"admin_balcons","author_link":"https:\/\/www.les-balcons.com\/en\/author\/admin_balcons\/"},"uagb_comment_info":0,"uagb_excerpt":"Discover the restaurants located at the heart of our mountain establishments.&#13; After a day&#8217;s skiing or hiking, enjoy the conviviality of a restaurant without having to leave the comfort of your residence or hotel. Restaurants close to your accommodation to make your holiday easier&#13; Whether you&#8217;re with family, friends or as a couple, you can&hellip;","post_mailing_queue_ids":[],"_links":{"self":[{"href":"https:\/\/www.les-balcons.com\/en\/wp-json\/wp\/v2\/pages\/14129","targetHints":{"allow":["GET"]}}],"collection":[{"href":"https:\/\/www.les-balcons.com\/en\/wp-json\/wp\/v2\/pages"}],"about":[{"href":"https:\/\/www.les-balcons.com\/en\/wp-json\/wp\/v2\/types\/page"}],"author":[{"embeddable":true,"href":"https:\/\/www.les-balcons.com\/en\/wp-json\/wp\/v2\/users\/2"}],"replies":[{"embeddable":true,"href":"https:\/\/www.les-balcons.com\/en\/wp-json\/wp\/v2\/comments?post=14129"}],"version-history":[{"count":0,"href":"https:\/\/www.les-balcons.com\/en\/wp-json\/wp\/v2\/pages\/14129\/revisions"}],"wp:attachment":[{"href":"https:\/\/www.les-balcons.com\/en\/wp-json\/wp\/v2\/media?parent=14129"}],"curies":[{"name":"wp","href":"https:\/\/api.w.org\/{rel}","templated":true}]}}