{"id":13416,"date":"2020-09-08T12:43:33","date_gmt":"2020-09-08T12:43:33","guid":{"rendered":"https:\/\/www.les-balcons.com\/appartement-couple-ete\/"},"modified":"2024-08-27T09:49:34","modified_gmt":"2024-08-27T09:49:34","slug":"appartment-couple-summer","status":"publish","type":"page","link":"https:\/\/www.les-balcons.com\/en\/appartment-couple-summer\/","title":{"rendered":"Summer Couple apartment"},"content":{"rendered":"<p>What&#8217;s best than having a vacation with your loved one ? Far from everything, with nature as landscape and an apartment just for the two of you ? For your holidays with your significant other in the mountains, Les Balcons is introducing you its best destination for your holidays with your loved one. So, if you love the mountains, big spaces, large bowl of fresh air and the beauty of the mountain landscapes, you&#8217;re in the right place !<\/p>\n<h2>Couple apartment in Belle Plagne<\/h2>\n<p>La Plagne is no longer to be introduced. It&#8217;s reputation is well known, but mostly because of its winter activities. What about summer ? Warm season ? Well, as you can imagine, the activities offer is as tempting. Follow us in this tour of the activities you will be able to try in La Plagne. Hiking, mountain biking, water activities, thrilling ones. The list is long in La Plagne and you won&#8217;t get bored with your lover for those vacations !<\/p>\n<h2>Couple apartment in La Rosi\u00e8re<\/h2>\n<p>La Rosi\u00e8re, international mythical resort with a wide range of winter activities. Yes, but not only. La Rosi\u00e8re, it&#8217;s also a large range of summer activities ! As much entertaining on its offer of activities as the other resort, La Rosi\u00e8re is offering you also the ability to access within minutes to Italy. Enjoy your stay to visit Aoste or even Courmayeur. You won&#8217;t have time to get bored during those holidays in La Rosi\u00e8re ! With Les Balcons de La Rosi\u00e8re, book your apartment holidays with your loved one. Enjoy the charm of the authentic typical savoy apartment, you won&#8217;t regret your choice.<\/p>\n<h2>Couple apartement in Val Cenis<\/h2>\n<p>Val Cenis is a lovely resort well known for its family friendly atmosphere. Small resort nested in the national park of the Vanoise, Val Cenis is a true jewel of nature. Enjoy this stay with your loved one to discover the wilderness and the savoy flora, or have a stroll at the Mont Cenis lake and its pyramid. You will love discovering this area at the rythm of the mountains. Nothings have ever been this nice than enjoying the passing time, the song of birds and nature during summer. The nature and outdoor activities lovers will be delighted as well as your loved one !<\/p>\n<h3>Tailored services for your holidays<\/h3>\n<p>And since in Les Balcons we never do anything halfway, our offer of services stay the same ! Book at the same time as your stay your massages in our Thalgo treatment center and benefit from discounts. We also offer a discount for every two or three week stay !<br \/>\nAnother good new ? You can benefit from discount by staying alert to any new offer ! Flash sales, last minutes or early booking campain, you will have a lot of choice to get discounted prices.<\/p>\n<p>So, why hesitate longer ?<\/p>\n","protected":false},"excerpt":{"rendered":"<p>What&#8217;s best than having a vacation with your loved one ? Far from everything, with nature as landscape and an apartment just for the two of you ? For your holidays with your significant other in the mountains, Les Balcons is introducing you its best destination for your holidays with your loved one. So, if [&hellip;]<\/p>\n","protected":false},"author":2,"featured_media":0,"parent":0,"menu_order":0,"comment_status":"closed","ping_status":"closed","template":"template-heberegements-filtres.php","meta":{"_acf_changed":false,"_uag_custom_page_level_css":"","footnotes":""},"class_list":["post-13416","page","type-page","status-publish","hentry"],"acf":[],"yoast_head":"<!-- This site is optimized with the Yoast SEO plugin v27.4 - https:\/\/yoast.com\/product\/yoast-seo-wordpress\/ -->\n<title>Summer Couple apartment<\/title>\n<meta name=\"description\" content=\"What&#039;s best than having a vacation with your loved one ? Far from everything, with nature as landscape and an apartment just for the two of you ? For your\" \/>\n<meta name=\"robots\" content=\"index, follow, max-snippet:-1, max-image-preview:large, max-video-preview:-1\" \/>\n<link rel=\"canonical\" href=\"https:\/\/www.les-balcons.com\/en\/appartment-couple-summer\/\" \/>\n<meta property=\"og:locale\" content=\"en_US\" \/>\n<meta property=\"og:type\" content=\"article\" \/>\n<meta property=\"og:title\" content=\"Summer Couple apartment\" \/>\n<meta property=\"og:description\" content=\"What&#039;s best than having a vacation with your loved one ? Far from everything, with nature as landscape and an apartment just for the two of you ? For your\" \/>\n<meta property=\"og:url\" content=\"https:\/\/www.les-balcons.com\/en\/appartment-couple-summer\/\" \/>\n<meta property=\"og:site_name\" content=\"Les Balcons \u2013 R\u00e9sidences et s\u00e9jours Alpes du Nord\" \/>\n<meta property=\"article:modified_time\" content=\"2024-08-27T09:49:34+00:00\" \/>\n<meta name=\"twitter:card\" content=\"summary_large_image\" \/>\n<meta name=\"twitter:label1\" content=\"Est. reading time\" \/>\n\t<meta name=\"twitter:data1\" content=\"3 minutes\" \/>\n<script type=\"application\/ld+json\" class=\"yoast-schema-graph\">{\"@context\":\"https:\\\/\\\/schema.org\",\"@graph\":[{\"@type\":\"WebPage\",\"@id\":\"https:\\\/\\\/www.les-balcons.com\\\/en\\\/appartment-couple-summer\\\/\",\"url\":\"https:\\\/\\\/www.les-balcons.com\\\/en\\\/appartment-couple-summer\\\/\",\"name\":\"Summer Couple apartment\",\"isPartOf\":{\"@id\":\"https:\\\/\\\/www.les-balcons.com\\\/en\\\/#website\"},\"datePublished\":\"2020-09-08T12:43:33+00:00\",\"dateModified\":\"2024-08-27T09:49:34+00:00\",\"description\":\"What's best than having a vacation with your loved one ? Far from everything, with nature as landscape and an apartment just for the two of you ? For your\",\"breadcrumb\":{\"@id\":\"https:\\\/\\\/www.les-balcons.com\\\/en\\\/appartment-couple-summer\\\/#breadcrumb\"},\"inLanguage\":\"en-US\",\"potentialAction\":[{\"@type\":\"ReadAction\",\"target\":[\"https:\\\/\\\/www.les-balcons.com\\\/en\\\/appartment-couple-summer\\\/\"]}]},{\"@type\":\"BreadcrumbList\",\"@id\":\"https:\\\/\\\/www.les-balcons.com\\\/en\\\/appartment-couple-summer\\\/#breadcrumb\",\"itemListElement\":[{\"@type\":\"ListItem\",\"position\":1,\"name\":\"Homepage\",\"item\":\"https:\\\/\\\/www.les-balcons.com\\\/en\\\/fr\\\/\"},{\"@type\":\"ListItem\",\"position\":2,\"name\":\"Summer Couple apartment\"}]},{\"@type\":\"WebSite\",\"@id\":\"https:\\\/\\\/www.les-balcons.com\\\/en\\\/#website\",\"url\":\"https:\\\/\\\/www.les-balcons.com\\\/en\\\/\",\"name\":\"Les Balcons \u2013 R\u00e9sidences et s\u00e9jours Alpes du Nord\",\"description\":\"10 \u00e9tablissements, H\u00f4tel et R\u00e9sidences pour vos vacances \u00e0 la montagne\",\"publisher\":{\"@id\":\"https:\\\/\\\/www.les-balcons.com\\\/en\\\/#organization\"},\"potentialAction\":[{\"@type\":\"SearchAction\",\"target\":{\"@type\":\"EntryPoint\",\"urlTemplate\":\"https:\\\/\\\/www.les-balcons.com\\\/en\\\/?s={search_term_string}\"},\"query-input\":{\"@type\":\"PropertyValueSpecification\",\"valueRequired\":true,\"valueName\":\"search_term_string\"}}],\"inLanguage\":\"en-US\"},{\"@type\":\"Organization\",\"@id\":\"https:\\\/\\\/www.les-balcons.com\\\/en\\\/#organization\",\"name\":\"Les Balcons\",\"url\":\"https:\\\/\\\/www.les-balcons.com\\\/en\\\/\",\"logo\":{\"@type\":\"ImageObject\",\"inLanguage\":\"en-US\",\"@id\":\"https:\\\/\\\/www.les-balcons.com\\\/en\\\/#\\\/schema\\\/logo\\\/image\\\/\",\"url\":\"https:\\\/\\\/les-balcons.com\\\/wp-content\\\/uploads\\\/communs\\\/logos-et-gammes\\\/logo-les-balcons-base.png\",\"contentUrl\":\"https:\\\/\\\/les-balcons.com\\\/wp-content\\\/uploads\\\/communs\\\/logos-et-gammes\\\/logo-les-balcons-base.png\",\"width\":3508,\"height\":2481,\"caption\":\"Les Balcons\"},\"image\":{\"@id\":\"https:\\\/\\\/www.les-balcons.com\\\/en\\\/#\\\/schema\\\/logo\\\/image\\\/\"}}]}<\/script>\n<!-- \/ Yoast SEO plugin. -->","yoast_head_json":{"title":"Summer Couple apartment","description":"What's best than having a vacation with your loved one ? Far from everything, with nature as landscape and an apartment just for the two of you ? For your","robots":{"index":"index","follow":"follow","max-snippet":"max-snippet:-1","max-image-preview":"max-image-preview:large","max-video-preview":"max-video-preview:-1"},"canonical":"https:\/\/www.les-balcons.com\/en\/appartment-couple-summer\/","og_locale":"en_US","og_type":"article","og_title":"Summer Couple apartment","og_description":"What's best than having a vacation with your loved one ? Far from everything, with nature as landscape and an apartment just for the two of you ? For your","og_url":"https:\/\/www.les-balcons.com\/en\/appartment-couple-summer\/","og_site_name":"Les Balcons \u2013 R\u00e9sidences et s\u00e9jours Alpes du Nord","article_modified_time":"2024-08-27T09:49:34+00:00","twitter_card":"summary_large_image","twitter_misc":{"Est. reading time":"3 minutes"},"schema":{"@context":"https:\/\/schema.org","@graph":[{"@type":"WebPage","@id":"https:\/\/www.les-balcons.com\/en\/appartment-couple-summer\/","url":"https:\/\/www.les-balcons.com\/en\/appartment-couple-summer\/","name":"Summer Couple apartment","isPartOf":{"@id":"https:\/\/www.les-balcons.com\/en\/#website"},"datePublished":"2020-09-08T12:43:33+00:00","dateModified":"2024-08-27T09:49:34+00:00","description":"What's best than having a vacation with your loved one ? Far from everything, with nature as landscape and an apartment just for the two of you ? For your","breadcrumb":{"@id":"https:\/\/www.les-balcons.com\/en\/appartment-couple-summer\/#breadcrumb"},"inLanguage":"en-US","potentialAction":[{"@type":"ReadAction","target":["https:\/\/www.les-balcons.com\/en\/appartment-couple-summer\/"]}]},{"@type":"BreadcrumbList","@id":"https:\/\/www.les-balcons.com\/en\/appartment-couple-summer\/#breadcrumb","itemListElement":[{"@type":"ListItem","position":1,"name":"Homepage","item":"https:\/\/www.les-balcons.com\/en\/fr\/"},{"@type":"ListItem","position":2,"name":"Summer Couple apartment"}]},{"@type":"WebSite","@id":"https:\/\/www.les-balcons.com\/en\/#website","url":"https:\/\/www.les-balcons.com\/en\/","name":"Les Balcons \u2013 R\u00e9sidences et s\u00e9jours Alpes du Nord","description":"10 \u00e9tablissements, H\u00f4tel et R\u00e9sidences pour vos vacances \u00e0 la montagne","publisher":{"@id":"https:\/\/www.les-balcons.com\/en\/#organization"},"potentialAction":[{"@type":"SearchAction","target":{"@type":"EntryPoint","urlTemplate":"https:\/\/www.les-balcons.com\/en\/?s={search_term_string}"},"query-input":{"@type":"PropertyValueSpecification","valueRequired":true,"valueName":"search_term_string"}}],"inLanguage":"en-US"},{"@type":"Organization","@id":"https:\/\/www.les-balcons.com\/en\/#organization","name":"Les Balcons","url":"https:\/\/www.les-balcons.com\/en\/","logo":{"@type":"ImageObject","inLanguage":"en-US","@id":"https:\/\/www.les-balcons.com\/en\/#\/schema\/logo\/image\/","url":"https:\/\/les-balcons.com\/wp-content\/uploads\/communs\/logos-et-gammes\/logo-les-balcons-base.png","contentUrl":"https:\/\/les-balcons.com\/wp-content\/uploads\/communs\/logos-et-gammes\/logo-les-balcons-base.png","width":3508,"height":2481,"caption":"Les Balcons"},"image":{"@id":"https:\/\/www.les-balcons.com\/en\/#\/schema\/logo\/image\/"}}]}},"uagb_featured_image_src":{"full":false,"thumbnail":false,"medium":false,"medium_large":false,"large":false,"1536x1536":false,"2048x2048":false,"size-365x220":false},"uagb_author_info":{"display_name":"admin_balcons","author_link":"https:\/\/www.les-balcons.com\/en\/author\/admin_balcons\/"},"uagb_comment_info":0,"uagb_excerpt":"What&#8217;s best than having a vacation with your loved one ? Far from everything, with nature as landscape and an apartment just for the two of you ? For your holidays with your significant other in the mountains, Les Balcons is introducing you its best destination for your holidays with your loved one. So, if&hellip;","post_mailing_queue_ids":[],"_links":{"self":[{"href":"https:\/\/www.les-balcons.com\/en\/wp-json\/wp\/v2\/pages\/13416","targetHints":{"allow":["GET"]}}],"collection":[{"href":"https:\/\/www.les-balcons.com\/en\/wp-json\/wp\/v2\/pages"}],"about":[{"href":"https:\/\/www.les-balcons.com\/en\/wp-json\/wp\/v2\/types\/page"}],"author":[{"embeddable":true,"href":"https:\/\/www.les-balcons.com\/en\/wp-json\/wp\/v2\/users\/2"}],"replies":[{"embeddable":true,"href":"https:\/\/www.les-balcons.com\/en\/wp-json\/wp\/v2\/comments?post=13416"}],"version-history":[{"count":0,"href":"https:\/\/www.les-balcons.com\/en\/wp-json\/wp\/v2\/pages\/13416\/revisions"}],"wp:attachment":[{"href":"https:\/\/www.les-balcons.com\/en\/wp-json\/wp\/v2\/media?parent=13416"}],"curies":[{"name":"wp","href":"https:\/\/api.w.org\/{rel}","templated":true}]}}