{"id":13413,"date":"2020-09-08T12:49:30","date_gmt":"2020-09-08T12:49:30","guid":{"rendered":"https:\/\/www.les-balcons.com\/appartement-famille-ete\/"},"modified":"2024-08-27T09:57:40","modified_gmt":"2024-08-27T09:57:40","slug":"summer-family-apartment","status":"publish","type":"page","link":"https:\/\/www.les-balcons.com\/en\/summer-family-apartment\/","title":{"rendered":"Summer Family apartment"},"content":{"rendered":"<p>You want some fresh air for the summer holidays, but you don&#8217;t know where to go ? The crowded beaches are not your thing anymore and you want to avoid the usual traffic on the highway ?<\/p>\n<h2>The freedom of a family apartment in the middle of the mountains<\/h2>\n<p>The moutains it is ! With its breathtaking landscapes, its massive offer, its fresh air, nice temperatures, the mountain is the new trendy destination for the summer holidays. Have a big bowl of fresh air during your summer break. Imagine, you&#8217;re waking up in your apartment with your family, take your breakfast on the balcony of your apartment with a gorgeous view on the mountains ! What&#8217;s best ? Let you get carried away with this presentation of the reason why you should choose the mountains this summer with your family.<\/p>\n<h2>Family apartment in Val Thorens<\/h2>\n<p>Well known for its ski area, Val Thorens is as nice during summer. Hiking, paragliding and other activities lovers will be thrilled to come enjoy the mountains. Rent your apartment in Les Balcons de Val Thorens and ensure yourself some amazing vacations. !<\/p>\n<h2>Family apartment in Belle Plagne<\/h2>\n<p>Whether you&#8217;re going with your kids, or you decided to gather the whole family, our Les Balcons de Belle Plagne apartment are welcoming you, no matter how many you are ! You can enjoy the beauty of the mountains and its wide spaces, while enjoying the freedom your apartments gives you. The spa is welcoming you for your relaxing moments. So why hesitate much longer ? Book now your summer holidays in an apartment !<\/p>\n<h2>Family apartment in La Rosi\u00e8re<\/h2>\n<p>You want a luxury apartment ? The apartment suite of the Alparena**** &amp; Spa hotel are welcoming you for your summery family get-together? Enjoy the beauty of the mountains and its breathtaking landscapes to teach wilderness and flora love to your children. Let them discover the local arts and craft and the savoy culinary specialities. The must in all of that ? The abitlity for you to go in Italy in no time with the San Bernardo ski lifts that also work during summer ! If you&#8217;re more of an authenticity and typically savoy-like decoration, Les Balcons de La Rosi\u00e8re are welcoming you too for a stay in an apartment with your family. Your kids will love the mountains for sure !<\/p>\n<h3>Housing close to everything<\/h3>\n<p>Our Les Balcons apartment residence offers a priviledged location. At the feet of the hiking paths, your family-friendly apartment allows you to enjoy the closeness of nature. Your kids can enjoy the mountains freely and you just have to relax.<br \/>\nEach village in which our apartment are located are offering a wide range of summery activities. Whether you&#8217;re an athlete or just looking for fun, you won&#8217;t struggle finding something to occupy your kids. Horseback riding, leisure parks, climbing, via ferrata, mountain bike, hiking etc. The list is endless and you probably won&#8217;t succeed to try it all.<\/p>\n<h3>Tailored services<\/h3>\n<p>As always, our Les Balcons accommodations allows you more and more freedom. You can enjoy the independance of an apartment while enjoying the closeness of all the restaurants. You don&#8217;t want to cook ? You just have to go in one of the restaurants and enjoy a chilling evening with your family.<\/p>\n","protected":false},"excerpt":{"rendered":"<p>You want some fresh air for the summer holidays, but you don&#8217;t know where to go ? The crowded beaches are not your thing anymore and you want to avoid the usual traffic on the highway ? The freedom of a family apartment in the middle of the mountains The moutains it is ! With [&hellip;]<\/p>\n","protected":false},"author":2,"featured_media":0,"parent":0,"menu_order":0,"comment_status":"closed","ping_status":"closed","template":"template-heberegements-filtres.php","meta":{"_acf_changed":false,"_uag_custom_page_level_css":"","footnotes":""},"class_list":["post-13413","page","type-page","status-publish","hentry"],"acf":[],"yoast_head":"<!-- This site is optimized with the Yoast SEO plugin v27.5 - https:\/\/yoast.com\/product\/yoast-seo-wordpress\/ -->\n<title>Summer Family apartment<\/title>\n<meta name=\"description\" content=\"You want some fresh air for the summer holidays, but you don&#039;t know where to go ? The crowded beaches are not your thing anymore and you want to avoid the\" \/>\n<meta name=\"robots\" content=\"index, follow, max-snippet:-1, max-image-preview:large, max-video-preview:-1\" \/>\n<link rel=\"canonical\" href=\"https:\/\/www.les-balcons.com\/en\/summer-family-apartment\/\" \/>\n<meta property=\"og:locale\" content=\"en_US\" \/>\n<meta property=\"og:type\" content=\"article\" \/>\n<meta property=\"og:title\" content=\"Summer Family apartment\" \/>\n<meta property=\"og:description\" content=\"You want some fresh air for the summer holidays, but you don&#039;t know where to go ? The crowded beaches are not your thing anymore and you want to avoid the\" \/>\n<meta property=\"og:url\" content=\"https:\/\/www.les-balcons.com\/en\/summer-family-apartment\/\" \/>\n<meta property=\"og:site_name\" content=\"Les Balcons \u2013 R\u00e9sidences et s\u00e9jours Alpes du Nord\" \/>\n<meta property=\"article:modified_time\" content=\"2024-08-27T09:57:40+00:00\" \/>\n<meta name=\"twitter:card\" content=\"summary_large_image\" \/>\n<meta name=\"twitter:label1\" content=\"Est. reading time\" \/>\n\t<meta name=\"twitter:data1\" content=\"3 minutes\" \/>\n<script type=\"application\/ld+json\" class=\"yoast-schema-graph\">{\"@context\":\"https:\\\/\\\/schema.org\",\"@graph\":[{\"@type\":\"WebPage\",\"@id\":\"https:\\\/\\\/www.les-balcons.com\\\/en\\\/summer-family-apartment\\\/\",\"url\":\"https:\\\/\\\/www.les-balcons.com\\\/en\\\/summer-family-apartment\\\/\",\"name\":\"Summer Family apartment\",\"isPartOf\":{\"@id\":\"https:\\\/\\\/www.les-balcons.com\\\/en\\\/#website\"},\"datePublished\":\"2020-09-08T12:49:30+00:00\",\"dateModified\":\"2024-08-27T09:57:40+00:00\",\"description\":\"You want some fresh air for the summer holidays, but you don't know where to go ? The crowded beaches are not your thing anymore and you want to avoid the\",\"breadcrumb\":{\"@id\":\"https:\\\/\\\/www.les-balcons.com\\\/en\\\/summer-family-apartment\\\/#breadcrumb\"},\"inLanguage\":\"en-US\",\"potentialAction\":[{\"@type\":\"ReadAction\",\"target\":[\"https:\\\/\\\/www.les-balcons.com\\\/en\\\/summer-family-apartment\\\/\"]}]},{\"@type\":\"BreadcrumbList\",\"@id\":\"https:\\\/\\\/www.les-balcons.com\\\/en\\\/summer-family-apartment\\\/#breadcrumb\",\"itemListElement\":[{\"@type\":\"ListItem\",\"position\":1,\"name\":\"Homepage\",\"item\":\"https:\\\/\\\/www.les-balcons.com\\\/en\\\/fr\\\/\"},{\"@type\":\"ListItem\",\"position\":2,\"name\":\"Summer Family apartment\"}]},{\"@type\":\"WebSite\",\"@id\":\"https:\\\/\\\/www.les-balcons.com\\\/en\\\/#website\",\"url\":\"https:\\\/\\\/www.les-balcons.com\\\/en\\\/\",\"name\":\"Les Balcons \u2013 R\u00e9sidences et s\u00e9jours Alpes du Nord\",\"description\":\"10 \u00e9tablissements, H\u00f4tel et R\u00e9sidences pour vos vacances \u00e0 la montagne\",\"publisher\":{\"@id\":\"https:\\\/\\\/www.les-balcons.com\\\/en\\\/#organization\"},\"potentialAction\":[{\"@type\":\"SearchAction\",\"target\":{\"@type\":\"EntryPoint\",\"urlTemplate\":\"https:\\\/\\\/www.les-balcons.com\\\/en\\\/?s={search_term_string}\"},\"query-input\":{\"@type\":\"PropertyValueSpecification\",\"valueRequired\":true,\"valueName\":\"search_term_string\"}}],\"inLanguage\":\"en-US\"},{\"@type\":\"Organization\",\"@id\":\"https:\\\/\\\/www.les-balcons.com\\\/en\\\/#organization\",\"name\":\"Les Balcons\",\"url\":\"https:\\\/\\\/www.les-balcons.com\\\/en\\\/\",\"logo\":{\"@type\":\"ImageObject\",\"inLanguage\":\"en-US\",\"@id\":\"https:\\\/\\\/www.les-balcons.com\\\/en\\\/#\\\/schema\\\/logo\\\/image\\\/\",\"url\":\"https:\\\/\\\/les-balcons.com\\\/wp-content\\\/uploads\\\/communs\\\/logos-et-gammes\\\/logo-les-balcons-base.png\",\"contentUrl\":\"https:\\\/\\\/les-balcons.com\\\/wp-content\\\/uploads\\\/communs\\\/logos-et-gammes\\\/logo-les-balcons-base.png\",\"width\":3508,\"height\":2481,\"caption\":\"Les Balcons\"},\"image\":{\"@id\":\"https:\\\/\\\/www.les-balcons.com\\\/en\\\/#\\\/schema\\\/logo\\\/image\\\/\"}}]}<\/script>\n<!-- \/ Yoast SEO plugin. -->","yoast_head_json":{"title":"Summer Family apartment","description":"You want some fresh air for the summer holidays, but you don't know where to go ? The crowded beaches are not your thing anymore and you want to avoid the","robots":{"index":"index","follow":"follow","max-snippet":"max-snippet:-1","max-image-preview":"max-image-preview:large","max-video-preview":"max-video-preview:-1"},"canonical":"https:\/\/www.les-balcons.com\/en\/summer-family-apartment\/","og_locale":"en_US","og_type":"article","og_title":"Summer Family apartment","og_description":"You want some fresh air for the summer holidays, but you don't know where to go ? The crowded beaches are not your thing anymore and you want to avoid the","og_url":"https:\/\/www.les-balcons.com\/en\/summer-family-apartment\/","og_site_name":"Les Balcons \u2013 R\u00e9sidences et s\u00e9jours Alpes du Nord","article_modified_time":"2024-08-27T09:57:40+00:00","twitter_card":"summary_large_image","twitter_misc":{"Est. reading time":"3 minutes"},"schema":{"@context":"https:\/\/schema.org","@graph":[{"@type":"WebPage","@id":"https:\/\/www.les-balcons.com\/en\/summer-family-apartment\/","url":"https:\/\/www.les-balcons.com\/en\/summer-family-apartment\/","name":"Summer Family apartment","isPartOf":{"@id":"https:\/\/www.les-balcons.com\/en\/#website"},"datePublished":"2020-09-08T12:49:30+00:00","dateModified":"2024-08-27T09:57:40+00:00","description":"You want some fresh air for the summer holidays, but you don't know where to go ? The crowded beaches are not your thing anymore and you want to avoid the","breadcrumb":{"@id":"https:\/\/www.les-balcons.com\/en\/summer-family-apartment\/#breadcrumb"},"inLanguage":"en-US","potentialAction":[{"@type":"ReadAction","target":["https:\/\/www.les-balcons.com\/en\/summer-family-apartment\/"]}]},{"@type":"BreadcrumbList","@id":"https:\/\/www.les-balcons.com\/en\/summer-family-apartment\/#breadcrumb","itemListElement":[{"@type":"ListItem","position":1,"name":"Homepage","item":"https:\/\/www.les-balcons.com\/en\/fr\/"},{"@type":"ListItem","position":2,"name":"Summer Family apartment"}]},{"@type":"WebSite","@id":"https:\/\/www.les-balcons.com\/en\/#website","url":"https:\/\/www.les-balcons.com\/en\/","name":"Les Balcons \u2013 R\u00e9sidences et s\u00e9jours Alpes du Nord","description":"10 \u00e9tablissements, H\u00f4tel et R\u00e9sidences pour vos vacances \u00e0 la montagne","publisher":{"@id":"https:\/\/www.les-balcons.com\/en\/#organization"},"potentialAction":[{"@type":"SearchAction","target":{"@type":"EntryPoint","urlTemplate":"https:\/\/www.les-balcons.com\/en\/?s={search_term_string}"},"query-input":{"@type":"PropertyValueSpecification","valueRequired":true,"valueName":"search_term_string"}}],"inLanguage":"en-US"},{"@type":"Organization","@id":"https:\/\/www.les-balcons.com\/en\/#organization","name":"Les Balcons","url":"https:\/\/www.les-balcons.com\/en\/","logo":{"@type":"ImageObject","inLanguage":"en-US","@id":"https:\/\/www.les-balcons.com\/en\/#\/schema\/logo\/image\/","url":"https:\/\/les-balcons.com\/wp-content\/uploads\/communs\/logos-et-gammes\/logo-les-balcons-base.png","contentUrl":"https:\/\/les-balcons.com\/wp-content\/uploads\/communs\/logos-et-gammes\/logo-les-balcons-base.png","width":3508,"height":2481,"caption":"Les Balcons"},"image":{"@id":"https:\/\/www.les-balcons.com\/en\/#\/schema\/logo\/image\/"}}]}},"uagb_featured_image_src":{"full":false,"thumbnail":false,"medium":false,"medium_large":false,"large":false,"1536x1536":false,"2048x2048":false,"size-365x220":false},"uagb_author_info":{"display_name":"admin_balcons","author_link":"https:\/\/www.les-balcons.com\/en\/author\/admin_balcons\/"},"uagb_comment_info":0,"uagb_excerpt":"You want some fresh air for the summer holidays, but you don&#8217;t know where to go ? The crowded beaches are not your thing anymore and you want to avoid the usual traffic on the highway ? The freedom of a family apartment in the middle of the mountains The moutains it is ! With&hellip;","post_mailing_queue_ids":[],"_links":{"self":[{"href":"https:\/\/www.les-balcons.com\/en\/wp-json\/wp\/v2\/pages\/13413","targetHints":{"allow":["GET"]}}],"collection":[{"href":"https:\/\/www.les-balcons.com\/en\/wp-json\/wp\/v2\/pages"}],"about":[{"href":"https:\/\/www.les-balcons.com\/en\/wp-json\/wp\/v2\/types\/page"}],"author":[{"embeddable":true,"href":"https:\/\/www.les-balcons.com\/en\/wp-json\/wp\/v2\/users\/2"}],"replies":[{"embeddable":true,"href":"https:\/\/www.les-balcons.com\/en\/wp-json\/wp\/v2\/comments?post=13413"}],"version-history":[{"count":0,"href":"https:\/\/www.les-balcons.com\/en\/wp-json\/wp\/v2\/pages\/13413\/revisions"}],"wp:attachment":[{"href":"https:\/\/www.les-balcons.com\/en\/wp-json\/wp\/v2\/media?parent=13413"}],"curies":[{"name":"wp","href":"https:\/\/api.w.org\/{rel}","templated":true}]}}