{"id":13390,"date":"2021-06-01T08:41:21","date_gmt":"2021-06-01T08:41:21","guid":{"rendered":"https:\/\/www.les-balcons.com\/early-booking-ete-prolongation-copy\/"},"modified":"2025-03-03T14:05:22","modified_gmt":"2025-03-03T14:05:22","slug":"long-stay-summer-discount","status":"publish","type":"page","link":"https:\/\/www.les-balcons.com\/en\/long-stay-summer-discount\/","title":{"rendered":"Long stay summer discount"},"content":{"rendered":"<p>No need to make the most of your time on holiday! To enjoy great moments of relaxation by the pool, to stroll serenely in the surrounding mountains and take deep breaths of fresh air&#8230; to recharge your batteries, to clear your mind and to fill up with memories&#8230; choose a looonnnnnng stay in our residences Les Balcons.<\/p>\n<p>The weather in the mountains is so mild in summer&#8230;so are our prices!<\/p>\n<p>Take advantage of a -10% discount for a reservation of 2 consecutive weeks and -20% for a reservation of 3 consecutive weeks!<\/p>\n<p>Choose from our numerous accommodation solutions (residences or hotel) for your long summer holidays!<\/p>\n<p>Hotel Alparena**** &amp; Spa: nestled in the heights of the warm, family resort of La Rosi\u00e8re, you will be seduced by its incredible panoramic view of the summits, giving you a feeling of direct proximity to nature. You will benefit from all the necessary comforts for an unforgettable stay, all services and a Spa of more than 1000m\u00b2 with swimming pool, Nordic bath, jacuzzi&#8230; the perfect place to discover the pleasures of the mountain. The residence Les Balcons de La Rosi\u00e8re****: a stone&#8217;s throw from the Alparena and its magnificent swimming pool, this residence welcomes you to the resort of La Rosi\u00e8re for your green holidays! Come and discover the Savoyard heritage and the beauty of the resort of La Rosi\u00e8re to breathe and relax.<\/p>\n<p>The residence Les Balcons Platinium Val Cenis*****: immersion in the heart of the Vanoise natural park, the favourite haunt of marmots but also of nature lovers. A multitude of outdoor activities await you, but also long moments of relaxation in the residence&#8217;s Spa. A holiday that is as exhilarating as it is relaxing in an enchanting setting and in total comfort awaits you!<\/p>\n<p>Les Balcons de Val Cenis Village****: in the heart of the small village of Lanslevillard, come and enjoy the beauty of the Haute-Maurienne and relax in this comfortable and pleasant residence. Just a stone&#8217;s throw from the hiking trails, you will love the panorama and the myriad of activities on offer.<\/p>\n<p>The residence Les Balcons de Val Cenis le Haut***: Located on the heights of the village of Lanslevillard, this friendly residence allows you to combine a small budget with a desire for holidays. Its privileged location at the foot of the hiking trails puts you in the middle of the abundant nature of the Haute-Maurienne Vanoise&#8230; A dream holiday is in store!<\/p>\n<p>So, would you like to go to the mountains this summer with Les Balcons?<\/p>\n","protected":false},"excerpt":{"rendered":"<p>No need to make the most of your time on holiday! To enjoy great moments of relaxation by the pool, to stroll serenely in the surrounding mountains and take deep breaths of fresh air&#8230; to recharge your batteries, to clear your mind and to fill up with memories&#8230; choose a looonnnnnng stay in our residences [&hellip;]<\/p>\n","protected":false},"author":2,"featured_media":0,"parent":0,"menu_order":0,"comment_status":"closed","ping_status":"closed","template":"template-heberegements-filtres.php","meta":{"_acf_changed":true,"_uag_custom_page_level_css":"","footnotes":""},"class_list":["post-13390","page","type-page","status-publish","hentry"],"acf":[],"yoast_head":"<!-- This site is optimized with the Yoast SEO plugin v27.3 - https:\/\/yoast.com\/product\/yoast-seo-wordpress\/ -->\n<title>Long stay summer discount - Take advantage of a reduction<\/title>\n<meta name=\"description\" content=\"The soft prices during summer, paired with this discount will promise you to come back to your everyday life relaxed and the mind cleared with all troubles\" \/>\n<meta name=\"robots\" content=\"index, follow, max-snippet:-1, max-image-preview:large, max-video-preview:-1\" \/>\n<link rel=\"canonical\" href=\"https:\/\/www.les-balcons.com\/en\/long-stay-summer-discount\/\" \/>\n<meta property=\"og:locale\" content=\"en_US\" \/>\n<meta property=\"og:type\" content=\"article\" \/>\n<meta property=\"og:title\" content=\"Long stay summer discount - Take advantage of a reduction\" \/>\n<meta property=\"og:description\" content=\"The soft prices during summer, paired with this discount will promise you to come back to your everyday life relaxed and the mind cleared with all troubles\" \/>\n<meta property=\"og:url\" content=\"https:\/\/www.les-balcons.com\/en\/long-stay-summer-discount\/\" \/>\n<meta property=\"og:site_name\" content=\"Les Balcons \u2013 R\u00e9sidences et s\u00e9jours Alpes du Nord\" \/>\n<meta property=\"article:modified_time\" content=\"2025-03-03T14:05:22+00:00\" \/>\n<meta name=\"twitter:card\" content=\"summary_large_image\" \/>\n<meta name=\"twitter:label1\" content=\"Est. reading time\" \/>\n\t<meta name=\"twitter:data1\" content=\"3 minutes\" \/>\n<script type=\"application\/ld+json\" class=\"yoast-schema-graph\">{\"@context\":\"https:\\\/\\\/schema.org\",\"@graph\":[{\"@type\":\"WebPage\",\"@id\":\"https:\\\/\\\/www.les-balcons.com\\\/en\\\/long-stay-summer-discount\\\/\",\"url\":\"https:\\\/\\\/www.les-balcons.com\\\/en\\\/long-stay-summer-discount\\\/\",\"name\":\"Long stay summer discount - Take advantage of a reduction\",\"isPartOf\":{\"@id\":\"https:\\\/\\\/www.les-balcons.com\\\/en\\\/#website\"},\"datePublished\":\"2021-06-01T08:41:21+00:00\",\"dateModified\":\"2025-03-03T14:05:22+00:00\",\"description\":\"The soft prices during summer, paired with this discount will promise you to come back to your everyday life relaxed and the mind cleared with all troubles\",\"breadcrumb\":{\"@id\":\"https:\\\/\\\/www.les-balcons.com\\\/en\\\/long-stay-summer-discount\\\/#breadcrumb\"},\"inLanguage\":\"en-US\",\"potentialAction\":[{\"@type\":\"ReadAction\",\"target\":[\"https:\\\/\\\/www.les-balcons.com\\\/en\\\/long-stay-summer-discount\\\/\"]}]},{\"@type\":\"BreadcrumbList\",\"@id\":\"https:\\\/\\\/www.les-balcons.com\\\/en\\\/long-stay-summer-discount\\\/#breadcrumb\",\"itemListElement\":[{\"@type\":\"ListItem\",\"position\":1,\"name\":\"Homepage\",\"item\":\"https:\\\/\\\/www.les-balcons.com\\\/en\\\/fr\\\/\"},{\"@type\":\"ListItem\",\"position\":2,\"name\":\"Long stay summer discount\"}]},{\"@type\":\"WebSite\",\"@id\":\"https:\\\/\\\/www.les-balcons.com\\\/en\\\/#website\",\"url\":\"https:\\\/\\\/www.les-balcons.com\\\/en\\\/\",\"name\":\"Les Balcons \u2013 R\u00e9sidences et s\u00e9jours Alpes du Nord\",\"description\":\"10 \u00e9tablissements, H\u00f4tel et R\u00e9sidences pour vos vacances \u00e0 la montagne\",\"publisher\":{\"@id\":\"https:\\\/\\\/www.les-balcons.com\\\/en\\\/#organization\"},\"potentialAction\":[{\"@type\":\"SearchAction\",\"target\":{\"@type\":\"EntryPoint\",\"urlTemplate\":\"https:\\\/\\\/www.les-balcons.com\\\/en\\\/?s={search_term_string}\"},\"query-input\":{\"@type\":\"PropertyValueSpecification\",\"valueRequired\":true,\"valueName\":\"search_term_string\"}}],\"inLanguage\":\"en-US\"},{\"@type\":\"Organization\",\"@id\":\"https:\\\/\\\/www.les-balcons.com\\\/en\\\/#organization\",\"name\":\"Les Balcons\",\"url\":\"https:\\\/\\\/www.les-balcons.com\\\/en\\\/\",\"logo\":{\"@type\":\"ImageObject\",\"inLanguage\":\"en-US\",\"@id\":\"https:\\\/\\\/www.les-balcons.com\\\/en\\\/#\\\/schema\\\/logo\\\/image\\\/\",\"url\":\"https:\\\/\\\/les-balcons.com\\\/wp-content\\\/uploads\\\/communs\\\/logos-et-gammes\\\/logo-les-balcons-base.png\",\"contentUrl\":\"https:\\\/\\\/les-balcons.com\\\/wp-content\\\/uploads\\\/communs\\\/logos-et-gammes\\\/logo-les-balcons-base.png\",\"width\":3508,\"height\":2481,\"caption\":\"Les Balcons\"},\"image\":{\"@id\":\"https:\\\/\\\/www.les-balcons.com\\\/en\\\/#\\\/schema\\\/logo\\\/image\\\/\"}}]}<\/script>\n<!-- \/ Yoast SEO plugin. -->","yoast_head_json":{"title":"Long stay summer discount - Take advantage of a reduction","description":"The soft prices during summer, paired with this discount will promise you to come back to your everyday life relaxed and the mind cleared with all troubles","robots":{"index":"index","follow":"follow","max-snippet":"max-snippet:-1","max-image-preview":"max-image-preview:large","max-video-preview":"max-video-preview:-1"},"canonical":"https:\/\/www.les-balcons.com\/en\/long-stay-summer-discount\/","og_locale":"en_US","og_type":"article","og_title":"Long stay summer discount - Take advantage of a reduction","og_description":"The soft prices during summer, paired with this discount will promise you to come back to your everyday life relaxed and the mind cleared with all troubles","og_url":"https:\/\/www.les-balcons.com\/en\/long-stay-summer-discount\/","og_site_name":"Les Balcons \u2013 R\u00e9sidences et s\u00e9jours Alpes du Nord","article_modified_time":"2025-03-03T14:05:22+00:00","twitter_card":"summary_large_image","twitter_misc":{"Est. reading time":"3 minutes"},"schema":{"@context":"https:\/\/schema.org","@graph":[{"@type":"WebPage","@id":"https:\/\/www.les-balcons.com\/en\/long-stay-summer-discount\/","url":"https:\/\/www.les-balcons.com\/en\/long-stay-summer-discount\/","name":"Long stay summer discount - Take advantage of a reduction","isPartOf":{"@id":"https:\/\/www.les-balcons.com\/en\/#website"},"datePublished":"2021-06-01T08:41:21+00:00","dateModified":"2025-03-03T14:05:22+00:00","description":"The soft prices during summer, paired with this discount will promise you to come back to your everyday life relaxed and the mind cleared with all troubles","breadcrumb":{"@id":"https:\/\/www.les-balcons.com\/en\/long-stay-summer-discount\/#breadcrumb"},"inLanguage":"en-US","potentialAction":[{"@type":"ReadAction","target":["https:\/\/www.les-balcons.com\/en\/long-stay-summer-discount\/"]}]},{"@type":"BreadcrumbList","@id":"https:\/\/www.les-balcons.com\/en\/long-stay-summer-discount\/#breadcrumb","itemListElement":[{"@type":"ListItem","position":1,"name":"Homepage","item":"https:\/\/www.les-balcons.com\/en\/fr\/"},{"@type":"ListItem","position":2,"name":"Long stay summer discount"}]},{"@type":"WebSite","@id":"https:\/\/www.les-balcons.com\/en\/#website","url":"https:\/\/www.les-balcons.com\/en\/","name":"Les Balcons \u2013 R\u00e9sidences et s\u00e9jours Alpes du Nord","description":"10 \u00e9tablissements, H\u00f4tel et R\u00e9sidences pour vos vacances \u00e0 la montagne","publisher":{"@id":"https:\/\/www.les-balcons.com\/en\/#organization"},"potentialAction":[{"@type":"SearchAction","target":{"@type":"EntryPoint","urlTemplate":"https:\/\/www.les-balcons.com\/en\/?s={search_term_string}"},"query-input":{"@type":"PropertyValueSpecification","valueRequired":true,"valueName":"search_term_string"}}],"inLanguage":"en-US"},{"@type":"Organization","@id":"https:\/\/www.les-balcons.com\/en\/#organization","name":"Les Balcons","url":"https:\/\/www.les-balcons.com\/en\/","logo":{"@type":"ImageObject","inLanguage":"en-US","@id":"https:\/\/www.les-balcons.com\/en\/#\/schema\/logo\/image\/","url":"https:\/\/les-balcons.com\/wp-content\/uploads\/communs\/logos-et-gammes\/logo-les-balcons-base.png","contentUrl":"https:\/\/les-balcons.com\/wp-content\/uploads\/communs\/logos-et-gammes\/logo-les-balcons-base.png","width":3508,"height":2481,"caption":"Les Balcons"},"image":{"@id":"https:\/\/www.les-balcons.com\/en\/#\/schema\/logo\/image\/"}}]}},"uagb_featured_image_src":{"full":false,"thumbnail":false,"medium":false,"medium_large":false,"large":false,"1536x1536":false,"2048x2048":false,"size-365x220":false},"uagb_author_info":{"display_name":"admin_balcons","author_link":"https:\/\/www.les-balcons.com\/en\/author\/admin_balcons\/"},"uagb_comment_info":0,"uagb_excerpt":"No need to make the most of your time on holiday! To enjoy great moments of relaxation by the pool, to stroll serenely in the surrounding mountains and take deep breaths of fresh air&#8230; to recharge your batteries, to clear your mind and to fill up with memories&#8230; choose a looonnnnnng stay in our residences&hellip;","post_mailing_queue_ids":[],"_links":{"self":[{"href":"https:\/\/www.les-balcons.com\/en\/wp-json\/wp\/v2\/pages\/13390","targetHints":{"allow":["GET"]}}],"collection":[{"href":"https:\/\/www.les-balcons.com\/en\/wp-json\/wp\/v2\/pages"}],"about":[{"href":"https:\/\/www.les-balcons.com\/en\/wp-json\/wp\/v2\/types\/page"}],"author":[{"embeddable":true,"href":"https:\/\/www.les-balcons.com\/en\/wp-json\/wp\/v2\/users\/2"}],"replies":[{"embeddable":true,"href":"https:\/\/www.les-balcons.com\/en\/wp-json\/wp\/v2\/comments?post=13390"}],"version-history":[{"count":0,"href":"https:\/\/www.les-balcons.com\/en\/wp-json\/wp\/v2\/pages\/13390\/revisions"}],"wp:attachment":[{"href":"https:\/\/www.les-balcons.com\/en\/wp-json\/wp\/v2\/media?parent=13390"}],"curies":[{"name":"wp","href":"https:\/\/api.w.org\/{rel}","templated":true}]}}