{"id":13234,"date":"2020-09-04T09:00:40","date_gmt":"2020-09-04T09:00:40","guid":{"rendered":"https:\/\/www.les-balcons.com\/location-dhebergement-val-cenis\/"},"modified":"2024-08-27T12:13:34","modified_gmt":"2024-08-27T12:13:34","slug":"accommodation-rental-val-cenis","status":"publish","type":"page","link":"https:\/\/www.les-balcons.com\/en\/accommodation-rental-val-cenis\/","title":{"rendered":"Accommodation rental Val Cenis"},"content":{"rendered":"<p>The moment is here, you have to decide in which Savoy station you want to take your family for this winter vacation ? What if you change your habits and try to discover new horizons ? Have you ever thought about the pretty station of Val Cenis, in the Haute Maurienne ? The good news that it has typical savoy accommodations, where comfort rhymes with authenticity. To make yourself a clear idea, and to convince you to drop your luggage in Val Cenis, we are offering you a clear description of the savoy station and its vacation accommodations.<\/p>\n<p>Val Cenis, family friendly station of the Haute-Maurienne<br \/>\nCapital of skiing in the Haute Maurienne, the savoy station has a ski domain of 125km, north oriented and close to the Mont-Cenis pass, facing the National Park of Vanoise.<br \/>\nThe Val Cenis station offers a large range of activities to try on during your ski holidays. On the riding side, you will be able to practice alpine skiing, cross country skiing, sleigh, ice skating, snow shoes hiking and a lot of other kinds of activities like Xbike, ice scooter, snow tubing, snowkite. Other activities are available as well, like dog sleigh, snakegliss, ice climbing.<\/p>\n<h2>Accommodations with a chalet atmosphere<\/h2>\n<p>Convinced that you want to go to Val Cenis this winter ? The only thing missing is the accommodation ? No worries, Les Balcons are offering three kind of vacation accommodations, all located at the feet of the slopes and close to every shop you might need.<\/p>\n<h3>Les Balcons Platinium of Val Cenis*****<\/h3>\n<p>You want some luxury holidays in your favorite family friendly resort ? You knocked on the right door ! With its wide, design apartments and its gorgeous spa, you will love relaxing in this 5* residence. The first one of all Maurienne, nothing less !<\/p>\n<h3>The Val Cenis le Haut residence<\/h3>\n<p>Located in a quiet environment and offering a nice point of view on the Dent Parrach\u00e9e, the residence has warm apartments that can welcome up to 14 persons. For your well being, enjoy the sauna of the residence.<\/p>\n<h3>The Val Cenis Village**** Residence<\/h3>\n<p>Composed with 9 typical Savoy chalets and located at the feet of the slopes, the residence is offering cozy and comfy apartments where you can enjoy a nice moment by the fireplace. For your well being, you have free access to the Gli\u00e8res Park swimming pool (Bathing cap mandatory) and its natural ice skating rink.<\/p>\n<h4>Tailored winter vacation in Val Cenis with Les Balcons<\/h4>\n<p>You\u2019re now convinced that you want to go skiing in Val Cenis ? Make your life easier by booking simultaneously your accommodation, your ski passes, your ski lessons and the half board at La Bergerie Restaurant ! This way, you can pack your stuff calmly. Our advisors are here to help you with that ! Isn\u2019t it great to go on vacation in Val Cenis ?<\/p>\n","protected":false},"excerpt":{"rendered":"<p>The moment is here, you have to decide in which Savoy station you want to take your family for this winter vacation ? What if you change your habits and try to discover new horizons ? Have you ever thought about the pretty station of Val Cenis, in the Haute Maurienne ? The good news [&hellip;]<\/p>\n","protected":false},"author":2,"featured_media":0,"parent":0,"menu_order":0,"comment_status":"closed","ping_status":"closed","template":"template-heberegements-filtres.php","meta":{"_acf_changed":false,"_uag_custom_page_level_css":"","footnotes":""},"class_list":["post-13234","page","type-page","status-publish","hentry"],"acf":[],"yoast_head":"<!-- This site is optimized with the Yoast SEO plugin v27.6 - https:\/\/yoast.com\/product\/yoast-seo-wordpress\/ -->\n<title>Accommodation rental Val Cenis - stay in a chalet-style residence<\/title>\n<meta name=\"description\" content=\"Your winter holidays in Val Cenis, a family resort in Haute-Maurienne, book your accommodation in Val Cenis Le Haut and Val Cenis Villlage.\" \/>\n<meta name=\"robots\" content=\"index, follow, max-snippet:-1, max-image-preview:large, max-video-preview:-1\" \/>\n<link rel=\"canonical\" href=\"https:\/\/www.les-balcons.com\/en\/accommodation-rental-val-cenis\/\" \/>\n<meta property=\"og:locale\" content=\"en_US\" \/>\n<meta property=\"og:type\" content=\"article\" \/>\n<meta property=\"og:title\" content=\"Accommodation rental Val Cenis - stay in a chalet-style residence\" \/>\n<meta property=\"og:description\" content=\"Your winter holidays in Val Cenis, a family resort in Haute-Maurienne, book your accommodation in Val Cenis Le Haut and Val Cenis Villlage.\" \/>\n<meta property=\"og:url\" content=\"https:\/\/www.les-balcons.com\/en\/accommodation-rental-val-cenis\/\" \/>\n<meta property=\"og:site_name\" content=\"Les Balcons \u2013 R\u00e9sidences et s\u00e9jours Alpes du Nord\" \/>\n<meta property=\"article:modified_time\" content=\"2024-08-27T12:13:34+00:00\" \/>\n<meta name=\"twitter:card\" content=\"summary_large_image\" \/>\n<meta name=\"twitter:label1\" content=\"Est. reading time\" \/>\n\t<meta name=\"twitter:data1\" content=\"3 minutes\" \/>\n<script type=\"application\/ld+json\" class=\"yoast-schema-graph\">{\"@context\":\"https:\\\/\\\/schema.org\",\"@graph\":[{\"@type\":\"WebPage\",\"@id\":\"https:\\\/\\\/www.les-balcons.com\\\/en\\\/accommodation-rental-val-cenis\\\/\",\"url\":\"https:\\\/\\\/www.les-balcons.com\\\/en\\\/accommodation-rental-val-cenis\\\/\",\"name\":\"Accommodation rental Val Cenis - stay in a chalet-style residence\",\"isPartOf\":{\"@id\":\"https:\\\/\\\/www.les-balcons.com\\\/en\\\/#website\"},\"datePublished\":\"2020-09-04T09:00:40+00:00\",\"dateModified\":\"2024-08-27T12:13:34+00:00\",\"description\":\"Your winter holidays in Val Cenis, a family resort in Haute-Maurienne, book your accommodation in Val Cenis Le Haut and Val Cenis Villlage.\",\"breadcrumb\":{\"@id\":\"https:\\\/\\\/www.les-balcons.com\\\/en\\\/accommodation-rental-val-cenis\\\/#breadcrumb\"},\"inLanguage\":\"en-US\",\"potentialAction\":[{\"@type\":\"ReadAction\",\"target\":[\"https:\\\/\\\/www.les-balcons.com\\\/en\\\/accommodation-rental-val-cenis\\\/\"]}]},{\"@type\":\"BreadcrumbList\",\"@id\":\"https:\\\/\\\/www.les-balcons.com\\\/en\\\/accommodation-rental-val-cenis\\\/#breadcrumb\",\"itemListElement\":[{\"@type\":\"ListItem\",\"position\":1,\"name\":\"Homepage\",\"item\":\"https:\\\/\\\/www.les-balcons.com\\\/en\\\/fr\\\/\"},{\"@type\":\"ListItem\",\"position\":2,\"name\":\"Accommodation rental Val Cenis\"}]},{\"@type\":\"WebSite\",\"@id\":\"https:\\\/\\\/www.les-balcons.com\\\/en\\\/#website\",\"url\":\"https:\\\/\\\/www.les-balcons.com\\\/en\\\/\",\"name\":\"Les Balcons \u2013 R\u00e9sidences et s\u00e9jours Alpes du Nord\",\"description\":\"10 \u00e9tablissements, H\u00f4tel et R\u00e9sidences pour vos vacances \u00e0 la montagne\",\"publisher\":{\"@id\":\"https:\\\/\\\/www.les-balcons.com\\\/en\\\/#organization\"},\"potentialAction\":[{\"@type\":\"SearchAction\",\"target\":{\"@type\":\"EntryPoint\",\"urlTemplate\":\"https:\\\/\\\/www.les-balcons.com\\\/en\\\/?s={search_term_string}\"},\"query-input\":{\"@type\":\"PropertyValueSpecification\",\"valueRequired\":true,\"valueName\":\"search_term_string\"}}],\"inLanguage\":\"en-US\"},{\"@type\":\"Organization\",\"@id\":\"https:\\\/\\\/www.les-balcons.com\\\/en\\\/#organization\",\"name\":\"Les Balcons\",\"url\":\"https:\\\/\\\/www.les-balcons.com\\\/en\\\/\",\"logo\":{\"@type\":\"ImageObject\",\"inLanguage\":\"en-US\",\"@id\":\"https:\\\/\\\/www.les-balcons.com\\\/en\\\/#\\\/schema\\\/logo\\\/image\\\/\",\"url\":\"https:\\\/\\\/les-balcons.com\\\/wp-content\\\/uploads\\\/communs\\\/logos-et-gammes\\\/logo-les-balcons-base.png\",\"contentUrl\":\"https:\\\/\\\/les-balcons.com\\\/wp-content\\\/uploads\\\/communs\\\/logos-et-gammes\\\/logo-les-balcons-base.png\",\"width\":3508,\"height\":2481,\"caption\":\"Les Balcons\"},\"image\":{\"@id\":\"https:\\\/\\\/www.les-balcons.com\\\/en\\\/#\\\/schema\\\/logo\\\/image\\\/\"}}]}<\/script>\n<!-- \/ Yoast SEO plugin. -->","yoast_head_json":{"title":"Accommodation rental Val Cenis - stay in a chalet-style residence","description":"Your winter holidays in Val Cenis, a family resort in Haute-Maurienne, book your accommodation in Val Cenis Le Haut and Val Cenis Villlage.","robots":{"index":"index","follow":"follow","max-snippet":"max-snippet:-1","max-image-preview":"max-image-preview:large","max-video-preview":"max-video-preview:-1"},"canonical":"https:\/\/www.les-balcons.com\/en\/accommodation-rental-val-cenis\/","og_locale":"en_US","og_type":"article","og_title":"Accommodation rental Val Cenis - stay in a chalet-style residence","og_description":"Your winter holidays in Val Cenis, a family resort in Haute-Maurienne, book your accommodation in Val Cenis Le Haut and Val Cenis Villlage.","og_url":"https:\/\/www.les-balcons.com\/en\/accommodation-rental-val-cenis\/","og_site_name":"Les Balcons \u2013 R\u00e9sidences et s\u00e9jours Alpes du Nord","article_modified_time":"2024-08-27T12:13:34+00:00","twitter_card":"summary_large_image","twitter_misc":{"Est. reading time":"3 minutes"},"schema":{"@context":"https:\/\/schema.org","@graph":[{"@type":"WebPage","@id":"https:\/\/www.les-balcons.com\/en\/accommodation-rental-val-cenis\/","url":"https:\/\/www.les-balcons.com\/en\/accommodation-rental-val-cenis\/","name":"Accommodation rental Val Cenis - stay in a chalet-style residence","isPartOf":{"@id":"https:\/\/www.les-balcons.com\/en\/#website"},"datePublished":"2020-09-04T09:00:40+00:00","dateModified":"2024-08-27T12:13:34+00:00","description":"Your winter holidays in Val Cenis, a family resort in Haute-Maurienne, book your accommodation in Val Cenis Le Haut and Val Cenis Villlage.","breadcrumb":{"@id":"https:\/\/www.les-balcons.com\/en\/accommodation-rental-val-cenis\/#breadcrumb"},"inLanguage":"en-US","potentialAction":[{"@type":"ReadAction","target":["https:\/\/www.les-balcons.com\/en\/accommodation-rental-val-cenis\/"]}]},{"@type":"BreadcrumbList","@id":"https:\/\/www.les-balcons.com\/en\/accommodation-rental-val-cenis\/#breadcrumb","itemListElement":[{"@type":"ListItem","position":1,"name":"Homepage","item":"https:\/\/www.les-balcons.com\/en\/fr\/"},{"@type":"ListItem","position":2,"name":"Accommodation rental Val Cenis"}]},{"@type":"WebSite","@id":"https:\/\/www.les-balcons.com\/en\/#website","url":"https:\/\/www.les-balcons.com\/en\/","name":"Les Balcons \u2013 R\u00e9sidences et s\u00e9jours Alpes du Nord","description":"10 \u00e9tablissements, H\u00f4tel et R\u00e9sidences pour vos vacances \u00e0 la montagne","publisher":{"@id":"https:\/\/www.les-balcons.com\/en\/#organization"},"potentialAction":[{"@type":"SearchAction","target":{"@type":"EntryPoint","urlTemplate":"https:\/\/www.les-balcons.com\/en\/?s={search_term_string}"},"query-input":{"@type":"PropertyValueSpecification","valueRequired":true,"valueName":"search_term_string"}}],"inLanguage":"en-US"},{"@type":"Organization","@id":"https:\/\/www.les-balcons.com\/en\/#organization","name":"Les Balcons","url":"https:\/\/www.les-balcons.com\/en\/","logo":{"@type":"ImageObject","inLanguage":"en-US","@id":"https:\/\/www.les-balcons.com\/en\/#\/schema\/logo\/image\/","url":"https:\/\/les-balcons.com\/wp-content\/uploads\/communs\/logos-et-gammes\/logo-les-balcons-base.png","contentUrl":"https:\/\/les-balcons.com\/wp-content\/uploads\/communs\/logos-et-gammes\/logo-les-balcons-base.png","width":3508,"height":2481,"caption":"Les Balcons"},"image":{"@id":"https:\/\/www.les-balcons.com\/en\/#\/schema\/logo\/image\/"}}]}},"uagb_featured_image_src":{"full":false,"thumbnail":false,"medium":false,"medium_large":false,"large":false,"1536x1536":false,"2048x2048":false,"size-365x220":false},"uagb_author_info":{"display_name":"admin_balcons","author_link":"https:\/\/www.les-balcons.com\/en\/author\/admin_balcons\/"},"uagb_comment_info":0,"uagb_excerpt":"The moment is here, you have to decide in which Savoy station you want to take your family for this winter vacation ? What if you change your habits and try to discover new horizons ? Have you ever thought about the pretty station of Val Cenis, in the Haute Maurienne ? The good news&hellip;","post_mailing_queue_ids":[],"_links":{"self":[{"href":"https:\/\/www.les-balcons.com\/en\/wp-json\/wp\/v2\/pages\/13234","targetHints":{"allow":["GET"]}}],"collection":[{"href":"https:\/\/www.les-balcons.com\/en\/wp-json\/wp\/v2\/pages"}],"about":[{"href":"https:\/\/www.les-balcons.com\/en\/wp-json\/wp\/v2\/types\/page"}],"author":[{"embeddable":true,"href":"https:\/\/www.les-balcons.com\/en\/wp-json\/wp\/v2\/users\/2"}],"replies":[{"embeddable":true,"href":"https:\/\/www.les-balcons.com\/en\/wp-json\/wp\/v2\/comments?post=13234"}],"version-history":[{"count":0,"href":"https:\/\/www.les-balcons.com\/en\/wp-json\/wp\/v2\/pages\/13234\/revisions"}],"wp:attachment":[{"href":"https:\/\/www.les-balcons.com\/en\/wp-json\/wp\/v2\/media?parent=13234"}],"curies":[{"name":"wp","href":"https:\/\/api.w.org\/{rel}","templated":true}]}}