{"id":13231,"date":"2020-09-04T08:59:22","date_gmt":"2020-09-04T08:59:22","guid":{"rendered":"https:\/\/www.les-balcons.com\/location-dhebergement-la-plagne\/"},"modified":"2024-08-27T12:07:06","modified_gmt":"2024-08-27T12:07:06","slug":"accommodation-rental-la-plagne","status":"publish","type":"page","link":"https:\/\/www.les-balcons.com\/en\/accommodation-rental-la-plagne\/","title":{"rendered":"Accommodation rental La Plagne"},"content":{"rendered":"<p>You want to discover new sensations this winter in Savoy ? Come discover La Plagne and it&#8217;s beautiful ski domain : Paradiski. La Plagne is really attractive due to its facilities for skiing as well as its various types of housing that are mostly located at the feet of the slopes. Are you ready for your winter holidays in Belle-Plagne ?<\/p>\n<h2>Welcome in Belle Plagne<\/h2>\n<p>At 2050m of altitude, Belle Plagne is a station that carries its name very well ! Belle Plagne looks like a nice small village of Savoy, composed with residences, wooden chalet and built around the center and the shops. This station is ideal for families and all mountain lovers that are looking for a quiet atmosphere. Located near the Bellec\u00f4te glacier, the Savoy station benefits from an ideal location for skiing.<\/p>\n<p>The ski domain of La Plagne is located in the heart of the Paradiski. Paradiski is part of one of the biggest interconnected domains connecting the Arc mountains and La Plagne with its famous cable railway : The Vanoise Express. Paradiski is composed with 425km of slopes from 1200m altitude to 3226m altitude and a wide range of slopes that will delight the most experienced skier as well as the beginners. Glaciers, freeride, forest skiing, beginner slopes, panoramic views on the Mont Blanc, Paradiski is an amazing playground.<\/p>\n<h2>A variety of housing in La Plagne<\/h2>\n<p>You\u2019re looking for an accomodation for your next winter stay in the mountains ? Les Balcons are offering two kind of holiday rental : A 3* hotel and a 4* residence. To help you choose, here is a detailed description of each kind of accommodation.<\/p>\n<h3>The Les Balcons Village hotel :<\/h3>\n<p>Ideally located on the slopes of La Plagne, the Les Balcons Village hotel is built in respect of the Savoy tradition (wood and stone). It gives a nice chalet, cocooning atmosphere. The hotel has 41 rooms with a nice view. To make your holidays easier with your family, the family puts at your disposal 4 family rooms and 4 communicating rooms.<\/p>\n<p>The hotel has a sauna and a solarium and you can also enjoy the Les Balcons residence spa at 50m away from your hotel.<\/p>\n<p>In the evening, you will enjoy getting together in the living-room of the hotel, beside the fireplace, around a drink or having a pool game. The evening will end at the Auberge of Les Balcons de Belle Plagne for a nice savoy meal.<\/p>\n<h3>The Les Balcons de Belle Plagne Residence<\/h3>\n<p>Located at the feet of the slopes of Belle Plagne, the Les Balcons**** residence can welcome from 2 to 20persons in its comfy apartments. After a long day skiing in Paradiski domain, you will enjoy relaxing in the spa of the residence : Hot tub, fitness center, sauna, treatment and massages room by Thalgo.<br \/>\nTo make your stay easier The residence is located near 2 restaurants (The Chalet and the Auberge) and a skishop.<\/p>\n<p>Your winter stay in Les Balcons de Belle Plagne<br \/>\nBy booking a winter stay in Les Balcons, you can choose many kind of accommodations. You just have to pick the atmosphere depending on your budget and what you\u2019d like : Hotel or residence !<\/p>\n","protected":false},"excerpt":{"rendered":"<p>You want to discover new sensations this winter in Savoy ? Come discover La Plagne and it&#8217;s beautiful ski domain : Paradiski. La Plagne is really attractive due to its facilities for skiing as well as its various types of housing that are mostly located at the feet of the slopes. Are you ready for [&hellip;]<\/p>\n","protected":false},"author":2,"featured_media":0,"parent":0,"menu_order":0,"comment_status":"closed","ping_status":"closed","template":"template-heberegements-filtres.php","meta":{"_acf_changed":false,"_uag_custom_page_level_css":"","footnotes":""},"class_list":["post-13231","page","type-page","status-publish","hentry"],"acf":[],"yoast_head":"<!-- This site is optimized with the Yoast SEO plugin v27.3 - https:\/\/yoast.com\/product\/yoast-seo-wordpress\/ -->\n<title>Accommodation rental La Plagne - Stay in residence or hotel<\/title>\n<meta name=\"description\" content=\"Want to experience new sensations this winter in Savoie? Come and discover the resort of La Plagne and its superb Paradiski ski area\" \/>\n<meta name=\"robots\" content=\"index, follow, max-snippet:-1, max-image-preview:large, max-video-preview:-1\" \/>\n<link rel=\"canonical\" href=\"https:\/\/www.les-balcons.com\/en\/accommodation-rental-la-plagne\/\" \/>\n<meta property=\"og:locale\" content=\"en_US\" \/>\n<meta property=\"og:type\" content=\"article\" \/>\n<meta property=\"og:title\" content=\"Accommodation rental La Plagne - Stay in residence or hotel\" \/>\n<meta property=\"og:description\" content=\"Want to experience new sensations this winter in Savoie? Come and discover the resort of La Plagne and its superb Paradiski ski area\" \/>\n<meta property=\"og:url\" content=\"https:\/\/www.les-balcons.com\/en\/accommodation-rental-la-plagne\/\" \/>\n<meta property=\"og:site_name\" content=\"Les Balcons \u2013 R\u00e9sidences et s\u00e9jours Alpes du Nord\" \/>\n<meta property=\"article:modified_time\" content=\"2024-08-27T12:07:06+00:00\" \/>\n<meta name=\"twitter:card\" content=\"summary_large_image\" \/>\n<meta name=\"twitter:label1\" content=\"Est. reading time\" \/>\n\t<meta name=\"twitter:data1\" content=\"3 minutes\" \/>\n<script type=\"application\/ld+json\" class=\"yoast-schema-graph\">{\"@context\":\"https:\\\/\\\/schema.org\",\"@graph\":[{\"@type\":\"WebPage\",\"@id\":\"https:\\\/\\\/www.les-balcons.com\\\/en\\\/accommodation-rental-la-plagne\\\/\",\"url\":\"https:\\\/\\\/www.les-balcons.com\\\/en\\\/accommodation-rental-la-plagne\\\/\",\"name\":\"Accommodation rental La Plagne - Stay in residence or hotel\",\"isPartOf\":{\"@id\":\"https:\\\/\\\/www.les-balcons.com\\\/en\\\/#website\"},\"datePublished\":\"2020-09-04T08:59:22+00:00\",\"dateModified\":\"2024-08-27T12:07:06+00:00\",\"description\":\"Want to experience new sensations this winter in Savoie? Come and discover the resort of La Plagne and its superb Paradiski ski area\",\"breadcrumb\":{\"@id\":\"https:\\\/\\\/www.les-balcons.com\\\/en\\\/accommodation-rental-la-plagne\\\/#breadcrumb\"},\"inLanguage\":\"en-US\",\"potentialAction\":[{\"@type\":\"ReadAction\",\"target\":[\"https:\\\/\\\/www.les-balcons.com\\\/en\\\/accommodation-rental-la-plagne\\\/\"]}]},{\"@type\":\"BreadcrumbList\",\"@id\":\"https:\\\/\\\/www.les-balcons.com\\\/en\\\/accommodation-rental-la-plagne\\\/#breadcrumb\",\"itemListElement\":[{\"@type\":\"ListItem\",\"position\":1,\"name\":\"Homepage\",\"item\":\"https:\\\/\\\/www.les-balcons.com\\\/en\\\/fr\\\/\"},{\"@type\":\"ListItem\",\"position\":2,\"name\":\"Accommodation rental La Plagne\"}]},{\"@type\":\"WebSite\",\"@id\":\"https:\\\/\\\/www.les-balcons.com\\\/en\\\/#website\",\"url\":\"https:\\\/\\\/www.les-balcons.com\\\/en\\\/\",\"name\":\"Les Balcons \u2013 R\u00e9sidences et s\u00e9jours Alpes du Nord\",\"description\":\"10 \u00e9tablissements, H\u00f4tel et R\u00e9sidences pour vos vacances \u00e0 la montagne\",\"publisher\":{\"@id\":\"https:\\\/\\\/www.les-balcons.com\\\/en\\\/#organization\"},\"potentialAction\":[{\"@type\":\"SearchAction\",\"target\":{\"@type\":\"EntryPoint\",\"urlTemplate\":\"https:\\\/\\\/www.les-balcons.com\\\/en\\\/?s={search_term_string}\"},\"query-input\":{\"@type\":\"PropertyValueSpecification\",\"valueRequired\":true,\"valueName\":\"search_term_string\"}}],\"inLanguage\":\"en-US\"},{\"@type\":\"Organization\",\"@id\":\"https:\\\/\\\/www.les-balcons.com\\\/en\\\/#organization\",\"name\":\"Les Balcons\",\"url\":\"https:\\\/\\\/www.les-balcons.com\\\/en\\\/\",\"logo\":{\"@type\":\"ImageObject\",\"inLanguage\":\"en-US\",\"@id\":\"https:\\\/\\\/www.les-balcons.com\\\/en\\\/#\\\/schema\\\/logo\\\/image\\\/\",\"url\":\"https:\\\/\\\/les-balcons.com\\\/wp-content\\\/uploads\\\/communs\\\/logos-et-gammes\\\/logo-les-balcons-base.png\",\"contentUrl\":\"https:\\\/\\\/les-balcons.com\\\/wp-content\\\/uploads\\\/communs\\\/logos-et-gammes\\\/logo-les-balcons-base.png\",\"width\":3508,\"height\":2481,\"caption\":\"Les Balcons\"},\"image\":{\"@id\":\"https:\\\/\\\/www.les-balcons.com\\\/en\\\/#\\\/schema\\\/logo\\\/image\\\/\"}}]}<\/script>\n<!-- \/ Yoast SEO plugin. -->","yoast_head_json":{"title":"Accommodation rental La Plagne - Stay in residence or hotel","description":"Want to experience new sensations this winter in Savoie? Come and discover the resort of La Plagne and its superb Paradiski ski area","robots":{"index":"index","follow":"follow","max-snippet":"max-snippet:-1","max-image-preview":"max-image-preview:large","max-video-preview":"max-video-preview:-1"},"canonical":"https:\/\/www.les-balcons.com\/en\/accommodation-rental-la-plagne\/","og_locale":"en_US","og_type":"article","og_title":"Accommodation rental La Plagne - Stay in residence or hotel","og_description":"Want to experience new sensations this winter in Savoie? Come and discover the resort of La Plagne and its superb Paradiski ski area","og_url":"https:\/\/www.les-balcons.com\/en\/accommodation-rental-la-plagne\/","og_site_name":"Les Balcons \u2013 R\u00e9sidences et s\u00e9jours Alpes du Nord","article_modified_time":"2024-08-27T12:07:06+00:00","twitter_card":"summary_large_image","twitter_misc":{"Est. reading time":"3 minutes"},"schema":{"@context":"https:\/\/schema.org","@graph":[{"@type":"WebPage","@id":"https:\/\/www.les-balcons.com\/en\/accommodation-rental-la-plagne\/","url":"https:\/\/www.les-balcons.com\/en\/accommodation-rental-la-plagne\/","name":"Accommodation rental La Plagne - Stay in residence or hotel","isPartOf":{"@id":"https:\/\/www.les-balcons.com\/en\/#website"},"datePublished":"2020-09-04T08:59:22+00:00","dateModified":"2024-08-27T12:07:06+00:00","description":"Want to experience new sensations this winter in Savoie? Come and discover the resort of La Plagne and its superb Paradiski ski area","breadcrumb":{"@id":"https:\/\/www.les-balcons.com\/en\/accommodation-rental-la-plagne\/#breadcrumb"},"inLanguage":"en-US","potentialAction":[{"@type":"ReadAction","target":["https:\/\/www.les-balcons.com\/en\/accommodation-rental-la-plagne\/"]}]},{"@type":"BreadcrumbList","@id":"https:\/\/www.les-balcons.com\/en\/accommodation-rental-la-plagne\/#breadcrumb","itemListElement":[{"@type":"ListItem","position":1,"name":"Homepage","item":"https:\/\/www.les-balcons.com\/en\/fr\/"},{"@type":"ListItem","position":2,"name":"Accommodation rental La Plagne"}]},{"@type":"WebSite","@id":"https:\/\/www.les-balcons.com\/en\/#website","url":"https:\/\/www.les-balcons.com\/en\/","name":"Les Balcons \u2013 R\u00e9sidences et s\u00e9jours Alpes du Nord","description":"10 \u00e9tablissements, H\u00f4tel et R\u00e9sidences pour vos vacances \u00e0 la montagne","publisher":{"@id":"https:\/\/www.les-balcons.com\/en\/#organization"},"potentialAction":[{"@type":"SearchAction","target":{"@type":"EntryPoint","urlTemplate":"https:\/\/www.les-balcons.com\/en\/?s={search_term_string}"},"query-input":{"@type":"PropertyValueSpecification","valueRequired":true,"valueName":"search_term_string"}}],"inLanguage":"en-US"},{"@type":"Organization","@id":"https:\/\/www.les-balcons.com\/en\/#organization","name":"Les Balcons","url":"https:\/\/www.les-balcons.com\/en\/","logo":{"@type":"ImageObject","inLanguage":"en-US","@id":"https:\/\/www.les-balcons.com\/en\/#\/schema\/logo\/image\/","url":"https:\/\/les-balcons.com\/wp-content\/uploads\/communs\/logos-et-gammes\/logo-les-balcons-base.png","contentUrl":"https:\/\/les-balcons.com\/wp-content\/uploads\/communs\/logos-et-gammes\/logo-les-balcons-base.png","width":3508,"height":2481,"caption":"Les Balcons"},"image":{"@id":"https:\/\/www.les-balcons.com\/en\/#\/schema\/logo\/image\/"}}]}},"uagb_featured_image_src":{"full":false,"thumbnail":false,"medium":false,"medium_large":false,"large":false,"1536x1536":false,"2048x2048":false,"size-365x220":false},"uagb_author_info":{"display_name":"admin_balcons","author_link":"https:\/\/www.les-balcons.com\/en\/author\/admin_balcons\/"},"uagb_comment_info":0,"uagb_excerpt":"You want to discover new sensations this winter in Savoy ? Come discover La Plagne and it&#8217;s beautiful ski domain : Paradiski. La Plagne is really attractive due to its facilities for skiing as well as its various types of housing that are mostly located at the feet of the slopes. Are you ready for&hellip;","post_mailing_queue_ids":[],"_links":{"self":[{"href":"https:\/\/www.les-balcons.com\/en\/wp-json\/wp\/v2\/pages\/13231","targetHints":{"allow":["GET"]}}],"collection":[{"href":"https:\/\/www.les-balcons.com\/en\/wp-json\/wp\/v2\/pages"}],"about":[{"href":"https:\/\/www.les-balcons.com\/en\/wp-json\/wp\/v2\/types\/page"}],"author":[{"embeddable":true,"href":"https:\/\/www.les-balcons.com\/en\/wp-json\/wp\/v2\/users\/2"}],"replies":[{"embeddable":true,"href":"https:\/\/www.les-balcons.com\/en\/wp-json\/wp\/v2\/comments?post=13231"}],"version-history":[{"count":0,"href":"https:\/\/www.les-balcons.com\/en\/wp-json\/wp\/v2\/pages\/13231\/revisions"}],"wp:attachment":[{"href":"https:\/\/www.les-balcons.com\/en\/wp-json\/wp\/v2\/media?parent=13231"}],"curies":[{"name":"wp","href":"https:\/\/api.w.org\/{rel}","templated":true}]}}