{"id":13228,"date":"2020-09-04T08:55:57","date_gmt":"2020-09-04T08:55:57","guid":{"rendered":"https:\/\/www.les-balcons.com\/residence-val-cenis\/"},"modified":"2024-08-27T12:18:09","modified_gmt":"2024-08-27T12:18:09","slug":"val-cenis-residence","status":"publish","type":"page","link":"https:\/\/www.les-balcons.com\/en\/val-cenis-residence\/","title":{"rendered":"Val Cenis Residence"},"content":{"rendered":"<p>Give yourself a nice holiday vacation in Val Cenis, a beautiful family friend station in Savoy. Thanks to the three Les Balcons residence, Les Balcons Platinium***** Val Cenis, Les Balcons de Val Cenis le Haut*** and Les Balcons de Val Cenis Village****, your ski trip will be unforgettable ! And do you know why ? Les Balcons residences have a mountain village spirit. Everything was built and designed to make your holidays easier. Two residences, the La Bergerie restaurant, the skishop Sport 2000, the Sherpa mini-market of Val Cenis, all full of dedicated professionals that will listen to your needs. Everything is close to your apartment ! Wonderful right ?<\/p>\n<h2>Holiday rental in Val Cenis<\/h2>\n<p>Les Balcons residences are all located at the feet of the slopes of Val Cenis ! This way, you can go on the slopes really easily and the first ski lift is just near your apartment (T\u00e9l\u00e9cabine des Terres Grasses). During your holiday in the French Alps, you won\u2019t lose any second of happiness with Les Balcons.<\/p>\n<p>By the way, by choosing your winter vacation with Les Balcons, you can benefit from many advantages: Discounted prices on the ski passes and the rental of your ski material (alpine skiing, ski clothing, cross country skiing, ski poles, sleigh, etc.) You will be perfectly equipped to discover the alpine landscapes on the slopes. Check our holiday offers to enjoy a week skiing in Val Cenis for a realy soft price. If you wish to discover the Val Cenis station during the holiday season, you can choose to have Christmas in the residence with Les Balcons. Our teams are here to answer all of your questions and will give you solutions that fit your needs perfectly.<\/p>\n<h2>3 Les Balcons residences in Val Cenis<\/h2>\n<p>Find the accommodation that will perfectly suits your needs is not always easy. To help you, here is a quick description of the two Les Balcons residences. This wayn you can choose what will fit your expectations :<\/p>\n<h3>Platinium***** Val Cenis residence<\/h3>\n<p>A 5* residence with a design and luxury atmosphere, all wrapped in you favorite family-friendly resort ? Yes, it&#8217;s now true ! Yours are the long relaxing moments in your comfy and luxurious apartment. You can enjoy the high range of a 5* residence while enjoying the warmth of this family-friendly resort. A the feet of the slopes, you just have to get on you skis to enjoy the ski area. And the must in all of that ? The 850sqm spa, with its pool, its whirlpool baths, its saunas and hammams. Enjoy a cloudy afternoon by the pool to relax or even get yourself a massage ! So, let&#8217;s get going ?<\/p>\n<h3>Les Balcons de Val Cenis le Haut*** residence<\/h3>\n<p>This 3* residence is located in a quiet neighborhood on the heights of the station and at the feet of the slopes and the ski lift T\u00e9l\u00e9cabine des Terres Grasses. The apartments are cozy and comfy and are built to welcome up to 16 persons. They all have a balcony to allow you to gaze at the landscapes and the Dent Parrach\u00e9e. The good deal of this chalet residence : 2 saunas and a small fitness room. Amazing after a long day skiing right ?<\/p>\n<h3>Les Balcons de Val Cenis Village residence<\/h3>\n<p>This 4* residence is composed of 9 chalets that can welcome up to 16 persons. All equipped with a balcony with a view on the slopes or the village. All of the apartments are fully equipped to let you enjoy as much as you can. Crush asset : The Sherpa is leaning raclette and fondue equipment to let you live the true experience of a savoy evening.<\/p>\n<p>Enjoy the many services during your stay in Val Cenis<br \/>\nLes Balcons are also a lot of services for a maximum relaxation during your stay :<\/p>\n<h4>1 Restaurant, La Bergerie just near your apartment<\/h4>\n<p>You want to enjoy a cocooning evening in your accommodation with nights at the restaurant ? It\u2019s exactly what we\u2019re gonna present you, with La Bergerie restaurants and its many possibilites. Just near your residence, you will find the restaurant La Bergerie. This restaurant has a nice fireplace where you will love to relax by eating a traditional raclette or fondue. Don\u2019t forget to mention the half board while booking your accommodation with us<\/p>\n<h4>1 Skishop Sport 2000<\/h4>\n<p>Gilles and his team are at your disposal to advise you about the ski material rental depending on your skiing or snowboarding level and the snow quality. At the Les Balcons skishop Sport 2000, you can also find all the best brands of ski and snowboarding clothing to let you enjoy the slopes in the best conditions.<\/p>\n<h4>Access to the natural ice skating rink of the Gli\u00e8res\u2019s Park<\/h4>\n<p>Because ski isn\u2019t the only reason you want to go on winter holiday, you can enjoy the ice skating rink of the Gli\u00e8res\u2019s Park. Totally natural, you will love to discover new activities.<\/p>\n<p>Book now your stay in one of our residences in Val Cenis !<\/p>\n<hr>\n<h5 style=\"text-align: center;\"><a href=\"https:\/\/www.les-balcons.com\/en\/accommodation-rental-val-cenis\/\">See all accommodations in Val Cenis<\/a><\/h5>\n<hr>\n","protected":false},"excerpt":{"rendered":"<p>Give yourself a nice holiday vacation in Val Cenis, a beautiful family friend station in Savoy. Thanks to the three Les Balcons residence, Les Balcons Platinium***** Val Cenis, Les Balcons de Val Cenis le Haut*** and Les Balcons de Val Cenis Village****, your ski trip will be unforgettable ! And do you know why ? [&hellip;]<\/p>\n","protected":false},"author":2,"featured_media":0,"parent":0,"menu_order":0,"comment_status":"closed","ping_status":"closed","template":"template-heberegements-filtres.php","meta":{"_acf_changed":false,"_uag_custom_page_level_css":"","footnotes":""},"class_list":["post-13228","page","type-page","status-publish","hentry"],"acf":[],"yoast_head":"<!-- This site is optimized with the Yoast SEO plugin v27.5 - https:\/\/yoast.com\/product\/yoast-seo-wordpress\/ -->\n<title>Val Cenis Residence - Winter holidays - ski accommodation<\/title>\n<meta name=\"description\" content=\"Your holidays in the snow in a true mountain village spirit. Many services, two cozy residences suitable for families\" \/>\n<meta name=\"robots\" content=\"index, follow, max-snippet:-1, max-image-preview:large, max-video-preview:-1\" \/>\n<link rel=\"canonical\" href=\"https:\/\/www.les-balcons.com\/en\/val-cenis-residence\/\" \/>\n<meta property=\"og:locale\" content=\"en_US\" \/>\n<meta property=\"og:type\" content=\"article\" \/>\n<meta property=\"og:title\" content=\"Val Cenis Residence - Winter holidays - ski accommodation\" \/>\n<meta property=\"og:description\" content=\"Your holidays in the snow in a true mountain village spirit. Many services, two cozy residences suitable for families\" \/>\n<meta property=\"og:url\" content=\"https:\/\/www.les-balcons.com\/en\/val-cenis-residence\/\" \/>\n<meta property=\"og:site_name\" content=\"Les Balcons \u2013 R\u00e9sidences et s\u00e9jours Alpes du Nord\" \/>\n<meta property=\"article:modified_time\" content=\"2024-08-27T12:18:09+00:00\" \/>\n<meta name=\"twitter:card\" content=\"summary_large_image\" \/>\n<meta name=\"twitter:label1\" content=\"Est. reading time\" \/>\n\t<meta name=\"twitter:data1\" content=\"5 minutes\" \/>\n<script type=\"application\/ld+json\" class=\"yoast-schema-graph\">{\"@context\":\"https:\\\/\\\/schema.org\",\"@graph\":[{\"@type\":\"WebPage\",\"@id\":\"https:\\\/\\\/www.les-balcons.com\\\/en\\\/val-cenis-residence\\\/\",\"url\":\"https:\\\/\\\/www.les-balcons.com\\\/en\\\/val-cenis-residence\\\/\",\"name\":\"Val Cenis Residence - Winter holidays - ski accommodation\",\"isPartOf\":{\"@id\":\"https:\\\/\\\/www.les-balcons.com\\\/en\\\/#website\"},\"datePublished\":\"2020-09-04T08:55:57+00:00\",\"dateModified\":\"2024-08-27T12:18:09+00:00\",\"description\":\"Your holidays in the snow in a true mountain village spirit. Many services, two cozy residences suitable for families\",\"breadcrumb\":{\"@id\":\"https:\\\/\\\/www.les-balcons.com\\\/en\\\/val-cenis-residence\\\/#breadcrumb\"},\"inLanguage\":\"en-US\",\"potentialAction\":[{\"@type\":\"ReadAction\",\"target\":[\"https:\\\/\\\/www.les-balcons.com\\\/en\\\/val-cenis-residence\\\/\"]}]},{\"@type\":\"BreadcrumbList\",\"@id\":\"https:\\\/\\\/www.les-balcons.com\\\/en\\\/val-cenis-residence\\\/#breadcrumb\",\"itemListElement\":[{\"@type\":\"ListItem\",\"position\":1,\"name\":\"Homepage\",\"item\":\"https:\\\/\\\/www.les-balcons.com\\\/en\\\/fr\\\/\"},{\"@type\":\"ListItem\",\"position\":2,\"name\":\"Val Cenis Residence\"}]},{\"@type\":\"WebSite\",\"@id\":\"https:\\\/\\\/www.les-balcons.com\\\/en\\\/#website\",\"url\":\"https:\\\/\\\/www.les-balcons.com\\\/en\\\/\",\"name\":\"Les Balcons \u2013 R\u00e9sidences et s\u00e9jours Alpes du Nord\",\"description\":\"10 \u00e9tablissements, H\u00f4tel et R\u00e9sidences pour vos vacances \u00e0 la montagne\",\"publisher\":{\"@id\":\"https:\\\/\\\/www.les-balcons.com\\\/en\\\/#organization\"},\"potentialAction\":[{\"@type\":\"SearchAction\",\"target\":{\"@type\":\"EntryPoint\",\"urlTemplate\":\"https:\\\/\\\/www.les-balcons.com\\\/en\\\/?s={search_term_string}\"},\"query-input\":{\"@type\":\"PropertyValueSpecification\",\"valueRequired\":true,\"valueName\":\"search_term_string\"}}],\"inLanguage\":\"en-US\"},{\"@type\":\"Organization\",\"@id\":\"https:\\\/\\\/www.les-balcons.com\\\/en\\\/#organization\",\"name\":\"Les Balcons\",\"url\":\"https:\\\/\\\/www.les-balcons.com\\\/en\\\/\",\"logo\":{\"@type\":\"ImageObject\",\"inLanguage\":\"en-US\",\"@id\":\"https:\\\/\\\/www.les-balcons.com\\\/en\\\/#\\\/schema\\\/logo\\\/image\\\/\",\"url\":\"https:\\\/\\\/les-balcons.com\\\/wp-content\\\/uploads\\\/communs\\\/logos-et-gammes\\\/logo-les-balcons-base.png\",\"contentUrl\":\"https:\\\/\\\/les-balcons.com\\\/wp-content\\\/uploads\\\/communs\\\/logos-et-gammes\\\/logo-les-balcons-base.png\",\"width\":3508,\"height\":2481,\"caption\":\"Les Balcons\"},\"image\":{\"@id\":\"https:\\\/\\\/www.les-balcons.com\\\/en\\\/#\\\/schema\\\/logo\\\/image\\\/\"}}]}<\/script>\n<!-- \/ Yoast SEO plugin. -->","yoast_head_json":{"title":"Val Cenis Residence - Winter holidays - ski accommodation","description":"Your holidays in the snow in a true mountain village spirit. Many services, two cozy residences suitable for families","robots":{"index":"index","follow":"follow","max-snippet":"max-snippet:-1","max-image-preview":"max-image-preview:large","max-video-preview":"max-video-preview:-1"},"canonical":"https:\/\/www.les-balcons.com\/en\/val-cenis-residence\/","og_locale":"en_US","og_type":"article","og_title":"Val Cenis Residence - Winter holidays - ski accommodation","og_description":"Your holidays in the snow in a true mountain village spirit. Many services, two cozy residences suitable for families","og_url":"https:\/\/www.les-balcons.com\/en\/val-cenis-residence\/","og_site_name":"Les Balcons \u2013 R\u00e9sidences et s\u00e9jours Alpes du Nord","article_modified_time":"2024-08-27T12:18:09+00:00","twitter_card":"summary_large_image","twitter_misc":{"Est. reading time":"5 minutes"},"schema":{"@context":"https:\/\/schema.org","@graph":[{"@type":"WebPage","@id":"https:\/\/www.les-balcons.com\/en\/val-cenis-residence\/","url":"https:\/\/www.les-balcons.com\/en\/val-cenis-residence\/","name":"Val Cenis Residence - Winter holidays - ski accommodation","isPartOf":{"@id":"https:\/\/www.les-balcons.com\/en\/#website"},"datePublished":"2020-09-04T08:55:57+00:00","dateModified":"2024-08-27T12:18:09+00:00","description":"Your holidays in the snow in a true mountain village spirit. Many services, two cozy residences suitable for families","breadcrumb":{"@id":"https:\/\/www.les-balcons.com\/en\/val-cenis-residence\/#breadcrumb"},"inLanguage":"en-US","potentialAction":[{"@type":"ReadAction","target":["https:\/\/www.les-balcons.com\/en\/val-cenis-residence\/"]}]},{"@type":"BreadcrumbList","@id":"https:\/\/www.les-balcons.com\/en\/val-cenis-residence\/#breadcrumb","itemListElement":[{"@type":"ListItem","position":1,"name":"Homepage","item":"https:\/\/www.les-balcons.com\/en\/fr\/"},{"@type":"ListItem","position":2,"name":"Val Cenis Residence"}]},{"@type":"WebSite","@id":"https:\/\/www.les-balcons.com\/en\/#website","url":"https:\/\/www.les-balcons.com\/en\/","name":"Les Balcons \u2013 R\u00e9sidences et s\u00e9jours Alpes du Nord","description":"10 \u00e9tablissements, H\u00f4tel et R\u00e9sidences pour vos vacances \u00e0 la montagne","publisher":{"@id":"https:\/\/www.les-balcons.com\/en\/#organization"},"potentialAction":[{"@type":"SearchAction","target":{"@type":"EntryPoint","urlTemplate":"https:\/\/www.les-balcons.com\/en\/?s={search_term_string}"},"query-input":{"@type":"PropertyValueSpecification","valueRequired":true,"valueName":"search_term_string"}}],"inLanguage":"en-US"},{"@type":"Organization","@id":"https:\/\/www.les-balcons.com\/en\/#organization","name":"Les Balcons","url":"https:\/\/www.les-balcons.com\/en\/","logo":{"@type":"ImageObject","inLanguage":"en-US","@id":"https:\/\/www.les-balcons.com\/en\/#\/schema\/logo\/image\/","url":"https:\/\/les-balcons.com\/wp-content\/uploads\/communs\/logos-et-gammes\/logo-les-balcons-base.png","contentUrl":"https:\/\/les-balcons.com\/wp-content\/uploads\/communs\/logos-et-gammes\/logo-les-balcons-base.png","width":3508,"height":2481,"caption":"Les Balcons"},"image":{"@id":"https:\/\/www.les-balcons.com\/en\/#\/schema\/logo\/image\/"}}]}},"uagb_featured_image_src":{"full":false,"thumbnail":false,"medium":false,"medium_large":false,"large":false,"1536x1536":false,"2048x2048":false,"size-365x220":false},"uagb_author_info":{"display_name":"admin_balcons","author_link":"https:\/\/www.les-balcons.com\/en\/author\/admin_balcons\/"},"uagb_comment_info":0,"uagb_excerpt":"Give yourself a nice holiday vacation in Val Cenis, a beautiful family friend station in Savoy. Thanks to the three Les Balcons residence, Les Balcons Platinium***** Val Cenis, Les Balcons de Val Cenis le Haut*** and Les Balcons de Val Cenis Village****, your ski trip will be unforgettable ! And do you know why ?&hellip;","post_mailing_queue_ids":[],"_links":{"self":[{"href":"https:\/\/www.les-balcons.com\/en\/wp-json\/wp\/v2\/pages\/13228","targetHints":{"allow":["GET"]}}],"collection":[{"href":"https:\/\/www.les-balcons.com\/en\/wp-json\/wp\/v2\/pages"}],"about":[{"href":"https:\/\/www.les-balcons.com\/en\/wp-json\/wp\/v2\/types\/page"}],"author":[{"embeddable":true,"href":"https:\/\/www.les-balcons.com\/en\/wp-json\/wp\/v2\/users\/2"}],"replies":[{"embeddable":true,"href":"https:\/\/www.les-balcons.com\/en\/wp-json\/wp\/v2\/comments?post=13228"}],"version-history":[{"count":0,"href":"https:\/\/www.les-balcons.com\/en\/wp-json\/wp\/v2\/pages\/13228\/revisions"}],"wp:attachment":[{"href":"https:\/\/www.les-balcons.com\/en\/wp-json\/wp\/v2\/media?parent=13228"}],"curies":[{"name":"wp","href":"https:\/\/api.w.org\/{rel}","templated":true}]}}