{"id":13225,"date":"2020-09-04T08:56:42","date_gmt":"2020-09-04T08:56:42","guid":{"rendered":"https:\/\/www.les-balcons.com\/appartement-val-cenis\/"},"modified":"2024-08-27T10:11:14","modified_gmt":"2024-08-27T10:11:14","slug":"val-cenis-apartement","status":"publish","type":"page","link":"https:\/\/www.les-balcons.com\/en\/val-cenis-apartement\/","title":{"rendered":"Val Cenis Apartement"},"content":{"rendered":"<p>You need a good address for an apartment rental for your next ski holiday in Val Cenis ? You\u2019re in the right place ! Les Balcons are offering a wide range of holiday accommodation, ideally located at the feet of the slopes and with all kinds of services that will make your stay easier !<\/p>\n<p>Book an all inclusive accommodation with Les Balcons<br \/>\nThanks to Les Balcons, the booking of an accommodation in Val Cenis is as simple as blinking !<br \/>\nYes, enjoy an all inclusive accommodation with ski passes at an unbeatable price for ski holiday like you\u2019ve never seen it before ! You can also book your ski equipment at the same time of your accommodation to pick it up when you arrive ! Choose your equipment depending on your size and pick everything up when you get the keys of your apartment.<\/p>\n<h2>Rent an apartment in Val Cenis with Les Balcons<\/h2>\n<p>Les Balcons are giving you the opportunity to have a perfect ski holiday by offering accommodations at the feet of the slopes ! Leave your residence with your ski at your feet and get yourself on the slopes in a matter of seconds ! Les Balcons de Val Cenis apartment can welcome up to 16 persons and are all gifted with a balcony to let you gaze at the beautiful landscapes ! Comfy and warm, you can share many moments in those apartments like a traditional raclette with your loved ones or board games at the end of the evening ! We are offering three kind of accommodation :<\/p>\n<h3>Apartments in the Platinium Val Cenis<\/h3>\n<p>This brand new 5* residence is welcoming you in its trendy and design decoration. At the feet of the slopes, facing the Dent Parrach\u00e9e, the Platinium Val Cenis residence is offering you a top of range housing in the heart of Lanslevillard village. With its apartment going from 2 to 16 persons, you will love to have your family get-together in this luxury and warm atmosphere. The must ? The 850sqm spa and its swimming-pool, its whirlpool baths, its saunas and hammams. The most athletic will have a detour in the fitness room before heading to the gorgeous pool and its glass-wall, letting a nice natural light warm the place. The most courageous will try on the (warm) japanese bath on the terrace !<\/p>\n<h3>Apartments in Val Cenis le Haut<\/h3>\n<p>This warm residence is welcoming you in its typical savoy atmosphere. Located directly facing the Dent Parrach\u00e9e, Les Balcons de Val Cenis le Haut residence offers housing in a quiet neighborhood at the feet of the slopes ! The apartments can welcome up to 14 persons and are so welcoming with their warm atmosphere, you will definitely have great moments with your friends or family. And for more and more relaxation, you have free access to the Gli\u00e8res\u2019s Park swimming-pool and its natural ice skating rink.<br \/>\nThe residence also has two saunas and a fitness room.<\/p>\n<h3>Apartments in Val Cenis Village<\/h3>\n<p>Located in the heart of the station, the Val Cenis Village residence offers comfy apartments. It can welcome up to 16 persons and the apartments of the 9 chalets of the residence are thought to allow you to spend pleasant holidays. You will benefit from the access to the Gli\u00e8re\u2019s Park swimming pool where you can enjoy the Pool and the natural ice skating rink !<\/p>\n<p>Enjoy the many services offered by Les Balcons during your stay in Val Cenis<br \/>\nLes Balcons is also renowned for its services, follow us for a quick tour :<\/p>\n<h4>1 Restaurant just near your apartment : La Bergerie<\/h4>\n<p>Two steps away from your holiday rental, you can taste the savoy specialities. Crush asset of the restaurant : The savoy decoration and its massive fireplace. During your accommodation reservation, don\u2019t forget to mention the half board !<\/p>\n<h4>1 Skishop : Les Balcons Sport 2000<\/h4>\n<p>This shop is in the heart of Val Cenis Village residence. A team full of passionate professionals is at your disposal and will be happy to advise you about your ski material rental depending on your ski or snowboarding level and the snow quality at the time.<\/p>\n<p>Are you convinced that you want to go skiing in Val Cenis ? Book now your apartment in Val Cenis with Les Balcons<\/p>\n<hr>\n<h5 style=\"text-align: center;\"><a href=\"https:\/\/www.les-balcons.com\/en\/accommodation-rental-val-cenis\/\">See all accommodations in Val Cenis<\/a><\/h5>\n<hr>\n","protected":false},"excerpt":{"rendered":"<p>You need a good address for an apartment rental for your next ski holiday in Val Cenis ? You\u2019re in the right place ! Les Balcons are offering a wide range of holiday accommodation, ideally located at the feet of the slopes and with all kinds of services that will make your stay easier ! [&hellip;]<\/p>\n","protected":false},"author":2,"featured_media":0,"parent":0,"menu_order":0,"comment_status":"closed","ping_status":"closed","template":"template-heberegements-filtres.php","meta":{"_acf_changed":false,"_uag_custom_page_level_css":"","footnotes":""},"class_list":["post-13225","page","type-page","status-publish","hentry"],"acf":[],"yoast_head":"<!-- This site is optimized with the Yoast SEO plugin v27.3 - https:\/\/yoast.com\/product\/yoast-seo-wordpress\/ -->\n<title>Val Cenis ski resort apartment rental - Val Cenis ski accommodation<\/title>\n<meta name=\"description\" content=\"Book your ski holiday in Val Cenis in apartments located at the foot of the ski slopes, many services available.\" \/>\n<meta name=\"robots\" content=\"index, follow, max-snippet:-1, max-image-preview:large, max-video-preview:-1\" \/>\n<link rel=\"canonical\" href=\"https:\/\/www.les-balcons.com\/en\/val-cenis-apartement\/\" \/>\n<meta property=\"og:locale\" content=\"en_US\" \/>\n<meta property=\"og:type\" content=\"article\" \/>\n<meta property=\"og:title\" content=\"Val Cenis ski resort apartment rental - Val Cenis ski accommodation\" \/>\n<meta property=\"og:description\" content=\"Book your ski holiday in Val Cenis in apartments located at the foot of the ski slopes, many services available.\" \/>\n<meta property=\"og:url\" content=\"https:\/\/www.les-balcons.com\/en\/val-cenis-apartement\/\" \/>\n<meta property=\"og:site_name\" content=\"Les Balcons \u2013 R\u00e9sidences et s\u00e9jours Alpes du Nord\" \/>\n<meta property=\"article:modified_time\" content=\"2024-08-27T10:11:14+00:00\" \/>\n<meta name=\"twitter:card\" content=\"summary_large_image\" \/>\n<meta name=\"twitter:label1\" content=\"Est. reading time\" \/>\n\t<meta name=\"twitter:data1\" content=\"4 minutes\" \/>\n<script type=\"application\/ld+json\" class=\"yoast-schema-graph\">{\"@context\":\"https:\\\/\\\/schema.org\",\"@graph\":[{\"@type\":\"WebPage\",\"@id\":\"https:\\\/\\\/www.les-balcons.com\\\/en\\\/val-cenis-apartement\\\/\",\"url\":\"https:\\\/\\\/www.les-balcons.com\\\/en\\\/val-cenis-apartement\\\/\",\"name\":\"Val Cenis ski resort apartment rental - Val Cenis ski accommodation\",\"isPartOf\":{\"@id\":\"https:\\\/\\\/www.les-balcons.com\\\/en\\\/#website\"},\"datePublished\":\"2020-09-04T08:56:42+00:00\",\"dateModified\":\"2024-08-27T10:11:14+00:00\",\"description\":\"Book your ski holiday in Val Cenis in apartments located at the foot of the ski slopes, many services available.\",\"breadcrumb\":{\"@id\":\"https:\\\/\\\/www.les-balcons.com\\\/en\\\/val-cenis-apartement\\\/#breadcrumb\"},\"inLanguage\":\"en-US\",\"potentialAction\":[{\"@type\":\"ReadAction\",\"target\":[\"https:\\\/\\\/www.les-balcons.com\\\/en\\\/val-cenis-apartement\\\/\"]}]},{\"@type\":\"BreadcrumbList\",\"@id\":\"https:\\\/\\\/www.les-balcons.com\\\/en\\\/val-cenis-apartement\\\/#breadcrumb\",\"itemListElement\":[{\"@type\":\"ListItem\",\"position\":1,\"name\":\"Homepage\",\"item\":\"https:\\\/\\\/www.les-balcons.com\\\/en\\\/fr\\\/\"},{\"@type\":\"ListItem\",\"position\":2,\"name\":\"Val Cenis Apartement\"}]},{\"@type\":\"WebSite\",\"@id\":\"https:\\\/\\\/www.les-balcons.com\\\/en\\\/#website\",\"url\":\"https:\\\/\\\/www.les-balcons.com\\\/en\\\/\",\"name\":\"Les Balcons \u2013 R\u00e9sidences et s\u00e9jours Alpes du Nord\",\"description\":\"10 \u00e9tablissements, H\u00f4tel et R\u00e9sidences pour vos vacances \u00e0 la montagne\",\"publisher\":{\"@id\":\"https:\\\/\\\/www.les-balcons.com\\\/en\\\/#organization\"},\"potentialAction\":[{\"@type\":\"SearchAction\",\"target\":{\"@type\":\"EntryPoint\",\"urlTemplate\":\"https:\\\/\\\/www.les-balcons.com\\\/en\\\/?s={search_term_string}\"},\"query-input\":{\"@type\":\"PropertyValueSpecification\",\"valueRequired\":true,\"valueName\":\"search_term_string\"}}],\"inLanguage\":\"en-US\"},{\"@type\":\"Organization\",\"@id\":\"https:\\\/\\\/www.les-balcons.com\\\/en\\\/#organization\",\"name\":\"Les Balcons\",\"url\":\"https:\\\/\\\/www.les-balcons.com\\\/en\\\/\",\"logo\":{\"@type\":\"ImageObject\",\"inLanguage\":\"en-US\",\"@id\":\"https:\\\/\\\/www.les-balcons.com\\\/en\\\/#\\\/schema\\\/logo\\\/image\\\/\",\"url\":\"https:\\\/\\\/les-balcons.com\\\/wp-content\\\/uploads\\\/communs\\\/logos-et-gammes\\\/logo-les-balcons-base.png\",\"contentUrl\":\"https:\\\/\\\/les-balcons.com\\\/wp-content\\\/uploads\\\/communs\\\/logos-et-gammes\\\/logo-les-balcons-base.png\",\"width\":3508,\"height\":2481,\"caption\":\"Les Balcons\"},\"image\":{\"@id\":\"https:\\\/\\\/www.les-balcons.com\\\/en\\\/#\\\/schema\\\/logo\\\/image\\\/\"}}]}<\/script>\n<!-- \/ Yoast SEO plugin. -->","yoast_head_json":{"title":"Val Cenis ski resort apartment rental - Val Cenis ski accommodation","description":"Book your ski holiday in Val Cenis in apartments located at the foot of the ski slopes, many services available.","robots":{"index":"index","follow":"follow","max-snippet":"max-snippet:-1","max-image-preview":"max-image-preview:large","max-video-preview":"max-video-preview:-1"},"canonical":"https:\/\/www.les-balcons.com\/en\/val-cenis-apartement\/","og_locale":"en_US","og_type":"article","og_title":"Val Cenis ski resort apartment rental - Val Cenis ski accommodation","og_description":"Book your ski holiday in Val Cenis in apartments located at the foot of the ski slopes, many services available.","og_url":"https:\/\/www.les-balcons.com\/en\/val-cenis-apartement\/","og_site_name":"Les Balcons \u2013 R\u00e9sidences et s\u00e9jours Alpes du Nord","article_modified_time":"2024-08-27T10:11:14+00:00","twitter_card":"summary_large_image","twitter_misc":{"Est. reading time":"4 minutes"},"schema":{"@context":"https:\/\/schema.org","@graph":[{"@type":"WebPage","@id":"https:\/\/www.les-balcons.com\/en\/val-cenis-apartement\/","url":"https:\/\/www.les-balcons.com\/en\/val-cenis-apartement\/","name":"Val Cenis ski resort apartment rental - Val Cenis ski accommodation","isPartOf":{"@id":"https:\/\/www.les-balcons.com\/en\/#website"},"datePublished":"2020-09-04T08:56:42+00:00","dateModified":"2024-08-27T10:11:14+00:00","description":"Book your ski holiday in Val Cenis in apartments located at the foot of the ski slopes, many services available.","breadcrumb":{"@id":"https:\/\/www.les-balcons.com\/en\/val-cenis-apartement\/#breadcrumb"},"inLanguage":"en-US","potentialAction":[{"@type":"ReadAction","target":["https:\/\/www.les-balcons.com\/en\/val-cenis-apartement\/"]}]},{"@type":"BreadcrumbList","@id":"https:\/\/www.les-balcons.com\/en\/val-cenis-apartement\/#breadcrumb","itemListElement":[{"@type":"ListItem","position":1,"name":"Homepage","item":"https:\/\/www.les-balcons.com\/en\/fr\/"},{"@type":"ListItem","position":2,"name":"Val Cenis Apartement"}]},{"@type":"WebSite","@id":"https:\/\/www.les-balcons.com\/en\/#website","url":"https:\/\/www.les-balcons.com\/en\/","name":"Les Balcons \u2013 R\u00e9sidences et s\u00e9jours Alpes du Nord","description":"10 \u00e9tablissements, H\u00f4tel et R\u00e9sidences pour vos vacances \u00e0 la montagne","publisher":{"@id":"https:\/\/www.les-balcons.com\/en\/#organization"},"potentialAction":[{"@type":"SearchAction","target":{"@type":"EntryPoint","urlTemplate":"https:\/\/www.les-balcons.com\/en\/?s={search_term_string}"},"query-input":{"@type":"PropertyValueSpecification","valueRequired":true,"valueName":"search_term_string"}}],"inLanguage":"en-US"},{"@type":"Organization","@id":"https:\/\/www.les-balcons.com\/en\/#organization","name":"Les Balcons","url":"https:\/\/www.les-balcons.com\/en\/","logo":{"@type":"ImageObject","inLanguage":"en-US","@id":"https:\/\/www.les-balcons.com\/en\/#\/schema\/logo\/image\/","url":"https:\/\/les-balcons.com\/wp-content\/uploads\/communs\/logos-et-gammes\/logo-les-balcons-base.png","contentUrl":"https:\/\/les-balcons.com\/wp-content\/uploads\/communs\/logos-et-gammes\/logo-les-balcons-base.png","width":3508,"height":2481,"caption":"Les Balcons"},"image":{"@id":"https:\/\/www.les-balcons.com\/en\/#\/schema\/logo\/image\/"}}]}},"uagb_featured_image_src":{"full":false,"thumbnail":false,"medium":false,"medium_large":false,"large":false,"1536x1536":false,"2048x2048":false,"size-365x220":false},"uagb_author_info":{"display_name":"admin_balcons","author_link":"https:\/\/www.les-balcons.com\/en\/author\/admin_balcons\/"},"uagb_comment_info":0,"uagb_excerpt":"You need a good address for an apartment rental for your next ski holiday in Val Cenis ? You\u2019re in the right place ! Les Balcons are offering a wide range of holiday accommodation, ideally located at the feet of the slopes and with all kinds of services that will make your stay easier !&hellip;","post_mailing_queue_ids":[],"_links":{"self":[{"href":"https:\/\/www.les-balcons.com\/en\/wp-json\/wp\/v2\/pages\/13225","targetHints":{"allow":["GET"]}}],"collection":[{"href":"https:\/\/www.les-balcons.com\/en\/wp-json\/wp\/v2\/pages"}],"about":[{"href":"https:\/\/www.les-balcons.com\/en\/wp-json\/wp\/v2\/types\/page"}],"author":[{"embeddable":true,"href":"https:\/\/www.les-balcons.com\/en\/wp-json\/wp\/v2\/users\/2"}],"replies":[{"embeddable":true,"href":"https:\/\/www.les-balcons.com\/en\/wp-json\/wp\/v2\/comments?post=13225"}],"version-history":[{"count":0,"href":"https:\/\/www.les-balcons.com\/en\/wp-json\/wp\/v2\/pages\/13225\/revisions"}],"wp:attachment":[{"href":"https:\/\/www.les-balcons.com\/en\/wp-json\/wp\/v2\/media?parent=13225"}],"curies":[{"name":"wp","href":"https:\/\/api.w.org\/{rel}","templated":true}]}}