{"id":13222,"date":"2020-09-04T08:58:00","date_gmt":"2020-09-04T08:58:00","guid":{"rendered":"https:\/\/www.les-balcons.com\/chalet-val-cenis\/"},"modified":"2024-08-27T10:10:51","modified_gmt":"2024-08-27T10:10:51","slug":"val-cenis-chalet","status":"publish","type":"page","link":"https:\/\/www.les-balcons.com\/en\/val-cenis-chalet\/","title":{"rendered":"Val Cenis Chalet"},"content":{"rendered":"<p>When winter is coming, what is better than enjoying a holiday in the mountains with your friends or family ? Typical housing of the alpine world, the chalet is, indeed, an ideal accommodation to live ski holiday in its purest form. Thanks to our offer selections, in Val Cenis, Les Balcons are offering a chalet at the best prices !<\/p>\n<h2>Winter holiday in a Chalet of Les Balcons de Val Cenis<\/h2>\n<p>The rental of a chalet is the guarantee of a ski holiday that no one will ever forget. Enjoy your stay fully with your family in the mountains thanks to the chalet rental at the feet of the slopes to make sure to enjoy every bit of snow.<\/p>\n<p>The chalet rental in Les Balcons de Val Cenis is the perfect frame for an ideal family holiday, because it\u2019s the typical savoy housing. It gives a nice authentic place to live and the wood gives a nice warming touch. A chalet for your ski holidays gives you all the comfort you might need thanks to its equipment. It has wide bedrooms, a fully equipped kitchen and bathrooms with hydrotherapy bathtubs.<br \/>\nPerfect for a Christmas stay or a New Years Eve holiday !<br \/>\nCelebrating Christmas in Les Balcons de Val Cenis is the guarantee of a successful holiday ! What\u2019s better than having Christmas in a beautiful traditional Chalet ?<\/p>\n<p>In Val Cenis, you can choose between three chalets :<\/p>\n<h3>Les Balcons Platinium chalet:<\/h3>\n<p>With its warm atmosphere and design decoration, Les Balcons Platinium Val Cenis residence is welcoming you for your luxury and relaxing holidays. A 5* residence at the feet of the slopes, with a spa, please ! Enjoy its ideal location in the heart of Lanslevillard village to relax.<br \/>\nIt&#8217;s 5* spa and its swimming-pool allow you to unwind after a long day on the slopes. Amazing right ? Yours are the long relaxing moment by the pool and its gorgeous glass-wall.<br \/>\nYou want to have a quick moment in one of the whirlpool baths before heading to you family-friendly and trendy apartment ? You just have to ask !<\/p>\n<h3>Les Balcons de Val Cenis le Haut chalet :<\/h3>\n<p>Built in the respect of the local traditions, this residence benefits from a privileged location facing the Dent Parrach\u00e9e.<br \/>\nIt\u2019s in a quiet neighborhood, close to every shop you might need and at the feet of the slopes. (Ski lift of petit t\u00e9l\u00e9ski des Terres Grasse just 100m away from your residence). The warm apartments can welcome up to 14 persons and all have a nice and warm living-room where you will love to share some good moments with your loved ones. For your comfort, you have free access to the Gli\u00e8res\u2019s Park swimming-pool (swimming cap mandatory) and its natural ice skating rink. The residence also has 2 saunas.<\/p>\n<h3>The Val Cenis Village Chalet :<\/h3>\n<p>Located in the heart of the station, this village has 9 chalets. The apartments are all modern and have a warm and comfy living-room. The apartments can welcome up to 16 persons. For your convenience you have free access to the Platinium Val Cenis&#8217;s residence spa, you will be able to enjoy the pool and many other facilities.<\/p>\n<p>What\u2019s better than a Chalet to enjoy the magic of winter in the mountains ? The chalet is the proper mountain rental where everyone will enjoy to share good moments and traditional savoy meal like a raclette or a fondue<\/p>\n<hr>\n<h5 style=\"text-align: center;\"><a href=\"https:\/\/www.les-balcons.com\/en\/accommodation-rental-val-cenis\/\">See all accommodations in Val Cenis<\/a><\/h5>\n<hr>\n","protected":false},"excerpt":{"rendered":"<p>When winter is coming, what is better than enjoying a holiday in the mountains with your friends or family ? Typical housing of the alpine world, the chalet is, indeed, an ideal accommodation to live ski holiday in its purest form. Thanks to our offer selections, in Val Cenis, Les Balcons are offering a chalet [&hellip;]<\/p>\n","protected":false},"author":2,"featured_media":0,"parent":0,"menu_order":0,"comment_status":"closed","ping_status":"closed","template":"template-heberegements-filtres.php","meta":{"_acf_changed":false,"_uag_custom_page_level_css":"","footnotes":""},"class_list":["post-13222","page","type-page","status-publish","hentry"],"acf":[],"yoast_head":"<!-- This site is optimized with the Yoast SEO plugin v27.3 - https:\/\/yoast.com\/product\/yoast-seo-wordpress\/ -->\n<title>Val Cenis Chalet rental - Ski holidays and holidays in a family resort<\/title>\n<meta name=\"description\" content=\"A successful winter stay in the mountains in a comfortable chalet in Val Cenis, Savoyard accommodation for couples, friends or family\" \/>\n<meta name=\"robots\" content=\"index, follow, max-snippet:-1, max-image-preview:large, max-video-preview:-1\" \/>\n<link rel=\"canonical\" href=\"https:\/\/www.les-balcons.com\/en\/val-cenis-chalet\/\" \/>\n<meta property=\"og:locale\" content=\"en_US\" \/>\n<meta property=\"og:type\" content=\"article\" \/>\n<meta property=\"og:title\" content=\"Val Cenis Chalet rental - Ski holidays and holidays in a family resort\" \/>\n<meta property=\"og:description\" content=\"A successful winter stay in the mountains in a comfortable chalet in Val Cenis, Savoyard accommodation for couples, friends or family\" \/>\n<meta property=\"og:url\" content=\"https:\/\/www.les-balcons.com\/en\/val-cenis-chalet\/\" \/>\n<meta property=\"og:site_name\" content=\"Les Balcons \u2013 R\u00e9sidences et s\u00e9jours Alpes du Nord\" \/>\n<meta property=\"article:modified_time\" content=\"2024-08-27T10:10:51+00:00\" \/>\n<meta name=\"twitter:card\" content=\"summary_large_image\" \/>\n<meta name=\"twitter:label1\" content=\"Est. reading time\" \/>\n\t<meta name=\"twitter:data1\" content=\"3 minutes\" \/>\n<script type=\"application\/ld+json\" class=\"yoast-schema-graph\">{\"@context\":\"https:\\\/\\\/schema.org\",\"@graph\":[{\"@type\":\"WebPage\",\"@id\":\"https:\\\/\\\/www.les-balcons.com\\\/en\\\/val-cenis-chalet\\\/\",\"url\":\"https:\\\/\\\/www.les-balcons.com\\\/en\\\/val-cenis-chalet\\\/\",\"name\":\"Val Cenis Chalet rental - Ski holidays and holidays in a family resort\",\"isPartOf\":{\"@id\":\"https:\\\/\\\/www.les-balcons.com\\\/en\\\/#website\"},\"datePublished\":\"2020-09-04T08:58:00+00:00\",\"dateModified\":\"2024-08-27T10:10:51+00:00\",\"description\":\"A successful winter stay in the mountains in a comfortable chalet in Val Cenis, Savoyard accommodation for couples, friends or family\",\"breadcrumb\":{\"@id\":\"https:\\\/\\\/www.les-balcons.com\\\/en\\\/val-cenis-chalet\\\/#breadcrumb\"},\"inLanguage\":\"en-US\",\"potentialAction\":[{\"@type\":\"ReadAction\",\"target\":[\"https:\\\/\\\/www.les-balcons.com\\\/en\\\/val-cenis-chalet\\\/\"]}]},{\"@type\":\"BreadcrumbList\",\"@id\":\"https:\\\/\\\/www.les-balcons.com\\\/en\\\/val-cenis-chalet\\\/#breadcrumb\",\"itemListElement\":[{\"@type\":\"ListItem\",\"position\":1,\"name\":\"Homepage\",\"item\":\"https:\\\/\\\/www.les-balcons.com\\\/en\\\/fr\\\/\"},{\"@type\":\"ListItem\",\"position\":2,\"name\":\"Val Cenis Chalet\"}]},{\"@type\":\"WebSite\",\"@id\":\"https:\\\/\\\/www.les-balcons.com\\\/en\\\/#website\",\"url\":\"https:\\\/\\\/www.les-balcons.com\\\/en\\\/\",\"name\":\"Les Balcons \u2013 R\u00e9sidences et s\u00e9jours Alpes du Nord\",\"description\":\"10 \u00e9tablissements, H\u00f4tel et R\u00e9sidences pour vos vacances \u00e0 la montagne\",\"publisher\":{\"@id\":\"https:\\\/\\\/www.les-balcons.com\\\/en\\\/#organization\"},\"potentialAction\":[{\"@type\":\"SearchAction\",\"target\":{\"@type\":\"EntryPoint\",\"urlTemplate\":\"https:\\\/\\\/www.les-balcons.com\\\/en\\\/?s={search_term_string}\"},\"query-input\":{\"@type\":\"PropertyValueSpecification\",\"valueRequired\":true,\"valueName\":\"search_term_string\"}}],\"inLanguage\":\"en-US\"},{\"@type\":\"Organization\",\"@id\":\"https:\\\/\\\/www.les-balcons.com\\\/en\\\/#organization\",\"name\":\"Les Balcons\",\"url\":\"https:\\\/\\\/www.les-balcons.com\\\/en\\\/\",\"logo\":{\"@type\":\"ImageObject\",\"inLanguage\":\"en-US\",\"@id\":\"https:\\\/\\\/www.les-balcons.com\\\/en\\\/#\\\/schema\\\/logo\\\/image\\\/\",\"url\":\"https:\\\/\\\/les-balcons.com\\\/wp-content\\\/uploads\\\/communs\\\/logos-et-gammes\\\/logo-les-balcons-base.png\",\"contentUrl\":\"https:\\\/\\\/les-balcons.com\\\/wp-content\\\/uploads\\\/communs\\\/logos-et-gammes\\\/logo-les-balcons-base.png\",\"width\":3508,\"height\":2481,\"caption\":\"Les Balcons\"},\"image\":{\"@id\":\"https:\\\/\\\/www.les-balcons.com\\\/en\\\/#\\\/schema\\\/logo\\\/image\\\/\"}}]}<\/script>\n<!-- \/ Yoast SEO plugin. -->","yoast_head_json":{"title":"Val Cenis Chalet rental - Ski holidays and holidays in a family resort","description":"A successful winter stay in the mountains in a comfortable chalet in Val Cenis, Savoyard accommodation for couples, friends or family","robots":{"index":"index","follow":"follow","max-snippet":"max-snippet:-1","max-image-preview":"max-image-preview:large","max-video-preview":"max-video-preview:-1"},"canonical":"https:\/\/www.les-balcons.com\/en\/val-cenis-chalet\/","og_locale":"en_US","og_type":"article","og_title":"Val Cenis Chalet rental - Ski holidays and holidays in a family resort","og_description":"A successful winter stay in the mountains in a comfortable chalet in Val Cenis, Savoyard accommodation for couples, friends or family","og_url":"https:\/\/www.les-balcons.com\/en\/val-cenis-chalet\/","og_site_name":"Les Balcons \u2013 R\u00e9sidences et s\u00e9jours Alpes du Nord","article_modified_time":"2024-08-27T10:10:51+00:00","twitter_card":"summary_large_image","twitter_misc":{"Est. reading time":"3 minutes"},"schema":{"@context":"https:\/\/schema.org","@graph":[{"@type":"WebPage","@id":"https:\/\/www.les-balcons.com\/en\/val-cenis-chalet\/","url":"https:\/\/www.les-balcons.com\/en\/val-cenis-chalet\/","name":"Val Cenis Chalet rental - Ski holidays and holidays in a family resort","isPartOf":{"@id":"https:\/\/www.les-balcons.com\/en\/#website"},"datePublished":"2020-09-04T08:58:00+00:00","dateModified":"2024-08-27T10:10:51+00:00","description":"A successful winter stay in the mountains in a comfortable chalet in Val Cenis, Savoyard accommodation for couples, friends or family","breadcrumb":{"@id":"https:\/\/www.les-balcons.com\/en\/val-cenis-chalet\/#breadcrumb"},"inLanguage":"en-US","potentialAction":[{"@type":"ReadAction","target":["https:\/\/www.les-balcons.com\/en\/val-cenis-chalet\/"]}]},{"@type":"BreadcrumbList","@id":"https:\/\/www.les-balcons.com\/en\/val-cenis-chalet\/#breadcrumb","itemListElement":[{"@type":"ListItem","position":1,"name":"Homepage","item":"https:\/\/www.les-balcons.com\/en\/fr\/"},{"@type":"ListItem","position":2,"name":"Val Cenis Chalet"}]},{"@type":"WebSite","@id":"https:\/\/www.les-balcons.com\/en\/#website","url":"https:\/\/www.les-balcons.com\/en\/","name":"Les Balcons \u2013 R\u00e9sidences et s\u00e9jours Alpes du Nord","description":"10 \u00e9tablissements, H\u00f4tel et R\u00e9sidences pour vos vacances \u00e0 la montagne","publisher":{"@id":"https:\/\/www.les-balcons.com\/en\/#organization"},"potentialAction":[{"@type":"SearchAction","target":{"@type":"EntryPoint","urlTemplate":"https:\/\/www.les-balcons.com\/en\/?s={search_term_string}"},"query-input":{"@type":"PropertyValueSpecification","valueRequired":true,"valueName":"search_term_string"}}],"inLanguage":"en-US"},{"@type":"Organization","@id":"https:\/\/www.les-balcons.com\/en\/#organization","name":"Les Balcons","url":"https:\/\/www.les-balcons.com\/en\/","logo":{"@type":"ImageObject","inLanguage":"en-US","@id":"https:\/\/www.les-balcons.com\/en\/#\/schema\/logo\/image\/","url":"https:\/\/les-balcons.com\/wp-content\/uploads\/communs\/logos-et-gammes\/logo-les-balcons-base.png","contentUrl":"https:\/\/les-balcons.com\/wp-content\/uploads\/communs\/logos-et-gammes\/logo-les-balcons-base.png","width":3508,"height":2481,"caption":"Les Balcons"},"image":{"@id":"https:\/\/www.les-balcons.com\/en\/#\/schema\/logo\/image\/"}}]}},"uagb_featured_image_src":{"full":false,"thumbnail":false,"medium":false,"medium_large":false,"large":false,"1536x1536":false,"2048x2048":false,"size-365x220":false},"uagb_author_info":{"display_name":"admin_balcons","author_link":"https:\/\/www.les-balcons.com\/en\/author\/admin_balcons\/"},"uagb_comment_info":0,"uagb_excerpt":"When winter is coming, what is better than enjoying a holiday in the mountains with your friends or family ? Typical housing of the alpine world, the chalet is, indeed, an ideal accommodation to live ski holiday in its purest form. Thanks to our offer selections, in Val Cenis, Les Balcons are offering a chalet&hellip;","post_mailing_queue_ids":[],"_links":{"self":[{"href":"https:\/\/www.les-balcons.com\/en\/wp-json\/wp\/v2\/pages\/13222","targetHints":{"allow":["GET"]}}],"collection":[{"href":"https:\/\/www.les-balcons.com\/en\/wp-json\/wp\/v2\/pages"}],"about":[{"href":"https:\/\/www.les-balcons.com\/en\/wp-json\/wp\/v2\/types\/page"}],"author":[{"embeddable":true,"href":"https:\/\/www.les-balcons.com\/en\/wp-json\/wp\/v2\/users\/2"}],"replies":[{"embeddable":true,"href":"https:\/\/www.les-balcons.com\/en\/wp-json\/wp\/v2\/comments?post=13222"}],"version-history":[{"count":0,"href":"https:\/\/www.les-balcons.com\/en\/wp-json\/wp\/v2\/pages\/13222\/revisions"}],"wp:attachment":[{"href":"https:\/\/www.les-balcons.com\/en\/wp-json\/wp\/v2\/media?parent=13222"}],"curies":[{"name":"wp","href":"https:\/\/api.w.org\/{rel}","templated":true}]}}