{"id":13220,"date":"2020-09-04T09:02:18","date_gmt":"2020-09-04T09:02:18","guid":{"rendered":"https:\/\/www.les-balcons.com\/appartement-la-plagne\/"},"modified":"2024-08-27T10:07:16","modified_gmt":"2024-08-27T10:07:16","slug":"la-plagne-apartment","status":"publish","type":"page","link":"https:\/\/www.les-balcons.com\/en\/la-plagne-apartment\/","title":{"rendered":"La Plagne Apartment"},"content":{"rendered":"<p>Unanimously, La Plagne was elected your next destination for your ski holidays ! Welcome to the ski paradise ! You now just have to find an apartment ? About that, Les Balcons are offering a wide range of holiday rental, ideally located at the feet of the slopes and with numerous services to make your stay even more enjoyable. Follow us for a quick tour ?<\/p>\n<h2>Book an all inclusive stay with Les Balcons<\/h2>\n<p>Thanks to Les Balcons, no more stress while organizing and booking your next holiday. Enjoy a turnkey stay and ski passes at an unbeatable price for your best winter skiing holiday ever ! Why not have an unforgettable stay in the mountains for New Years Eve and gaze at the beautiful snow falls in the middle of winter ? Thanks to our services you can have your ski rental and ski lessons booked at the same time when you\u2019re booking your accommodation.<\/p>\n<h2>Rent an apartment in La Plagne with Les Balcons<\/h2>\n<p>Les Balcons are allowing you to have an even better vacation by offering accommodation at the feet of the slopes. A well welcomed solution for your family vacations : leave your residence with your skis on your foot and get on the slopes in a few seconds. Les Balcons de Belle Plagne apartments can welcome from 2 to 20 persons and are equipped with a stove and a balcony.<br \/>\nWarm and wide, you can have many great moments like sharing a fondue or a raclette !<\/p>\n<p>Enjoy many services during your stay in La Plagne<br \/>\nLes Balcons, it\u2019s also a wide range of services to make your stay even better !<\/p>\n<h3>2 Restaurants at the feet of your apartment in La Plagne<\/h3>\n<p>Isn\u2019t it great ? A few steps away from your residence, you can taste two kinds of cooking, two different atmospheres. The Chalet and the Auberge. During your stay reservation, don\u2019t forget to check the half-board !<\/p>\n<h3>1 Spa and many Thalgo treatments<\/h3>\n<p>Yes, you read well, ! There is also a spa in Les Balcons de Belle Plagne ! 430m\u00b2 dedicated for your relaxation, to help you unwind after a long day on the slope ! A swimming-pool with a beautiful view on the mountains, a hot tub, a sauna and a fitness room are all composing this wellness area. And for even more relaxation you can book a treatment or a Thalgo massage !<\/p>\n<h3>1 Skiset skishop<\/h3>\n<p>This shop is located at the ground-floor of the residence. A passionate team of professionals is at your disposal to advise you in your ski material renting depending on your ski or snowboard level and the snow conditions. You can also find the biggest ski and snowboard brands and accessories to enjoy even more your time on the slopes.<\/p>\n<p>Convinced by the \u201cvillage spirit\u201d of Les Balcons ? Book now your apartment in La Plagne<\/p>\n<hr>\n<h5 style=\"text-align: center;\"><a href=\"https:\/\/www.les-balcons.com\/en\/accommodation-rental-la-plagne\/\">See all accommodations in La Plagne<\/a><\/h5>\n<hr>\n","protected":false},"excerpt":{"rendered":"<p>Unanimously, La Plagne was elected your next destination for your ski holidays ! Welcome to the ski paradise ! You now just have to find an apartment ? About that, Les Balcons are offering a wide range of holiday rental, ideally located at the feet of the slopes and with numerous services to make your [&hellip;]<\/p>\n","protected":false},"author":2,"featured_media":0,"parent":0,"menu_order":0,"comment_status":"closed","ping_status":"closed","template":"template-heberegements-filtres.php","meta":{"_acf_changed":false,"_uag_custom_page_level_css":"","footnotes":""},"class_list":["post-13220","page","type-page","status-publish","hentry"],"acf":[],"yoast_head":"<!-- This site is optimized with the Yoast SEO plugin v27.4 - https:\/\/yoast.com\/product\/yoast-seo-wordpress\/ -->\n<title>La Plagne ski resort apartment rental - Belle Plagne ski accommodation<\/title>\n<meta name=\"description\" content=\"Book your ski holiday in Belle Plagne in apartments located at the foot of the ski slopes, with many services.\" \/>\n<meta name=\"robots\" content=\"index, follow, max-snippet:-1, max-image-preview:large, max-video-preview:-1\" \/>\n<link rel=\"canonical\" href=\"https:\/\/www.les-balcons.com\/en\/la-plagne-apartment\/\" \/>\n<meta property=\"og:locale\" content=\"en_US\" \/>\n<meta property=\"og:type\" content=\"article\" \/>\n<meta property=\"og:title\" content=\"La Plagne ski resort apartment rental - Belle Plagne ski accommodation\" \/>\n<meta property=\"og:description\" content=\"Book your ski holiday in Belle Plagne in apartments located at the foot of the ski slopes, with many services.\" \/>\n<meta property=\"og:url\" content=\"https:\/\/www.les-balcons.com\/en\/la-plagne-apartment\/\" \/>\n<meta property=\"og:site_name\" content=\"Les Balcons \u2013 R\u00e9sidences et s\u00e9jours Alpes du Nord\" \/>\n<meta property=\"article:modified_time\" content=\"2024-08-27T10:07:16+00:00\" \/>\n<meta name=\"twitter:card\" content=\"summary_large_image\" \/>\n<meta name=\"twitter:label1\" content=\"Est. reading time\" \/>\n\t<meta name=\"twitter:data1\" content=\"3 minutes\" \/>\n<script type=\"application\/ld+json\" class=\"yoast-schema-graph\">{\"@context\":\"https:\\\/\\\/schema.org\",\"@graph\":[{\"@type\":\"WebPage\",\"@id\":\"https:\\\/\\\/www.les-balcons.com\\\/en\\\/la-plagne-apartment\\\/\",\"url\":\"https:\\\/\\\/www.les-balcons.com\\\/en\\\/la-plagne-apartment\\\/\",\"name\":\"La Plagne ski resort apartment rental - Belle Plagne ski accommodation\",\"isPartOf\":{\"@id\":\"https:\\\/\\\/www.les-balcons.com\\\/en\\\/#website\"},\"datePublished\":\"2020-09-04T09:02:18+00:00\",\"dateModified\":\"2024-08-27T10:07:16+00:00\",\"description\":\"Book your ski holiday in Belle Plagne in apartments located at the foot of the ski slopes, with many services.\",\"breadcrumb\":{\"@id\":\"https:\\\/\\\/www.les-balcons.com\\\/en\\\/la-plagne-apartment\\\/#breadcrumb\"},\"inLanguage\":\"en-US\",\"potentialAction\":[{\"@type\":\"ReadAction\",\"target\":[\"https:\\\/\\\/www.les-balcons.com\\\/en\\\/la-plagne-apartment\\\/\"]}]},{\"@type\":\"BreadcrumbList\",\"@id\":\"https:\\\/\\\/www.les-balcons.com\\\/en\\\/la-plagne-apartment\\\/#breadcrumb\",\"itemListElement\":[{\"@type\":\"ListItem\",\"position\":1,\"name\":\"Homepage\",\"item\":\"https:\\\/\\\/www.les-balcons.com\\\/en\\\/fr\\\/\"},{\"@type\":\"ListItem\",\"position\":2,\"name\":\"La Plagne Apartment\"}]},{\"@type\":\"WebSite\",\"@id\":\"https:\\\/\\\/www.les-balcons.com\\\/en\\\/#website\",\"url\":\"https:\\\/\\\/www.les-balcons.com\\\/en\\\/\",\"name\":\"Les Balcons \u2013 R\u00e9sidences et s\u00e9jours Alpes du Nord\",\"description\":\"10 \u00e9tablissements, H\u00f4tel et R\u00e9sidences pour vos vacances \u00e0 la montagne\",\"publisher\":{\"@id\":\"https:\\\/\\\/www.les-balcons.com\\\/en\\\/#organization\"},\"potentialAction\":[{\"@type\":\"SearchAction\",\"target\":{\"@type\":\"EntryPoint\",\"urlTemplate\":\"https:\\\/\\\/www.les-balcons.com\\\/en\\\/?s={search_term_string}\"},\"query-input\":{\"@type\":\"PropertyValueSpecification\",\"valueRequired\":true,\"valueName\":\"search_term_string\"}}],\"inLanguage\":\"en-US\"},{\"@type\":\"Organization\",\"@id\":\"https:\\\/\\\/www.les-balcons.com\\\/en\\\/#organization\",\"name\":\"Les Balcons\",\"url\":\"https:\\\/\\\/www.les-balcons.com\\\/en\\\/\",\"logo\":{\"@type\":\"ImageObject\",\"inLanguage\":\"en-US\",\"@id\":\"https:\\\/\\\/www.les-balcons.com\\\/en\\\/#\\\/schema\\\/logo\\\/image\\\/\",\"url\":\"https:\\\/\\\/les-balcons.com\\\/wp-content\\\/uploads\\\/communs\\\/logos-et-gammes\\\/logo-les-balcons-base.png\",\"contentUrl\":\"https:\\\/\\\/les-balcons.com\\\/wp-content\\\/uploads\\\/communs\\\/logos-et-gammes\\\/logo-les-balcons-base.png\",\"width\":3508,\"height\":2481,\"caption\":\"Les Balcons\"},\"image\":{\"@id\":\"https:\\\/\\\/www.les-balcons.com\\\/en\\\/#\\\/schema\\\/logo\\\/image\\\/\"}}]}<\/script>\n<!-- \/ Yoast SEO plugin. -->","yoast_head_json":{"title":"La Plagne ski resort apartment rental - Belle Plagne ski accommodation","description":"Book your ski holiday in Belle Plagne in apartments located at the foot of the ski slopes, with many services.","robots":{"index":"index","follow":"follow","max-snippet":"max-snippet:-1","max-image-preview":"max-image-preview:large","max-video-preview":"max-video-preview:-1"},"canonical":"https:\/\/www.les-balcons.com\/en\/la-plagne-apartment\/","og_locale":"en_US","og_type":"article","og_title":"La Plagne ski resort apartment rental - Belle Plagne ski accommodation","og_description":"Book your ski holiday in Belle Plagne in apartments located at the foot of the ski slopes, with many services.","og_url":"https:\/\/www.les-balcons.com\/en\/la-plagne-apartment\/","og_site_name":"Les Balcons \u2013 R\u00e9sidences et s\u00e9jours Alpes du Nord","article_modified_time":"2024-08-27T10:07:16+00:00","twitter_card":"summary_large_image","twitter_misc":{"Est. reading time":"3 minutes"},"schema":{"@context":"https:\/\/schema.org","@graph":[{"@type":"WebPage","@id":"https:\/\/www.les-balcons.com\/en\/la-plagne-apartment\/","url":"https:\/\/www.les-balcons.com\/en\/la-plagne-apartment\/","name":"La Plagne ski resort apartment rental - Belle Plagne ski accommodation","isPartOf":{"@id":"https:\/\/www.les-balcons.com\/en\/#website"},"datePublished":"2020-09-04T09:02:18+00:00","dateModified":"2024-08-27T10:07:16+00:00","description":"Book your ski holiday in Belle Plagne in apartments located at the foot of the ski slopes, with many services.","breadcrumb":{"@id":"https:\/\/www.les-balcons.com\/en\/la-plagne-apartment\/#breadcrumb"},"inLanguage":"en-US","potentialAction":[{"@type":"ReadAction","target":["https:\/\/www.les-balcons.com\/en\/la-plagne-apartment\/"]}]},{"@type":"BreadcrumbList","@id":"https:\/\/www.les-balcons.com\/en\/la-plagne-apartment\/#breadcrumb","itemListElement":[{"@type":"ListItem","position":1,"name":"Homepage","item":"https:\/\/www.les-balcons.com\/en\/fr\/"},{"@type":"ListItem","position":2,"name":"La Plagne Apartment"}]},{"@type":"WebSite","@id":"https:\/\/www.les-balcons.com\/en\/#website","url":"https:\/\/www.les-balcons.com\/en\/","name":"Les Balcons \u2013 R\u00e9sidences et s\u00e9jours Alpes du Nord","description":"10 \u00e9tablissements, H\u00f4tel et R\u00e9sidences pour vos vacances \u00e0 la montagne","publisher":{"@id":"https:\/\/www.les-balcons.com\/en\/#organization"},"potentialAction":[{"@type":"SearchAction","target":{"@type":"EntryPoint","urlTemplate":"https:\/\/www.les-balcons.com\/en\/?s={search_term_string}"},"query-input":{"@type":"PropertyValueSpecification","valueRequired":true,"valueName":"search_term_string"}}],"inLanguage":"en-US"},{"@type":"Organization","@id":"https:\/\/www.les-balcons.com\/en\/#organization","name":"Les Balcons","url":"https:\/\/www.les-balcons.com\/en\/","logo":{"@type":"ImageObject","inLanguage":"en-US","@id":"https:\/\/www.les-balcons.com\/en\/#\/schema\/logo\/image\/","url":"https:\/\/les-balcons.com\/wp-content\/uploads\/communs\/logos-et-gammes\/logo-les-balcons-base.png","contentUrl":"https:\/\/les-balcons.com\/wp-content\/uploads\/communs\/logos-et-gammes\/logo-les-balcons-base.png","width":3508,"height":2481,"caption":"Les Balcons"},"image":{"@id":"https:\/\/www.les-balcons.com\/en\/#\/schema\/logo\/image\/"}}]}},"uagb_featured_image_src":{"full":false,"thumbnail":false,"medium":false,"medium_large":false,"large":false,"1536x1536":false,"2048x2048":false,"size-365x220":false},"uagb_author_info":{"display_name":"admin_balcons","author_link":"https:\/\/www.les-balcons.com\/en\/author\/admin_balcons\/"},"uagb_comment_info":0,"uagb_excerpt":"Unanimously, La Plagne was elected your next destination for your ski holidays ! Welcome to the ski paradise ! You now just have to find an apartment ? About that, Les Balcons are offering a wide range of holiday rental, ideally located at the feet of the slopes and with numerous services to make your&hellip;","post_mailing_queue_ids":[],"_links":{"self":[{"href":"https:\/\/www.les-balcons.com\/en\/wp-json\/wp\/v2\/pages\/13220","targetHints":{"allow":["GET"]}}],"collection":[{"href":"https:\/\/www.les-balcons.com\/en\/wp-json\/wp\/v2\/pages"}],"about":[{"href":"https:\/\/www.les-balcons.com\/en\/wp-json\/wp\/v2\/types\/page"}],"author":[{"embeddable":true,"href":"https:\/\/www.les-balcons.com\/en\/wp-json\/wp\/v2\/users\/2"}],"replies":[{"embeddable":true,"href":"https:\/\/www.les-balcons.com\/en\/wp-json\/wp\/v2\/comments?post=13220"}],"version-history":[{"count":0,"href":"https:\/\/www.les-balcons.com\/en\/wp-json\/wp\/v2\/pages\/13220\/revisions"}],"wp:attachment":[{"href":"https:\/\/www.les-balcons.com\/en\/wp-json\/wp\/v2\/media?parent=13220"}],"curies":[{"name":"wp","href":"https:\/\/api.w.org\/{rel}","templated":true}]}}