{"id":13216,"date":"2020-09-04T09:03:30","date_gmt":"2020-09-04T09:03:30","guid":{"rendered":"https:\/\/www.les-balcons.com\/appartement-la-rosiere\/"},"modified":"2024-08-27T10:07:20","modified_gmt":"2024-08-27T10:07:20","slug":"la-rosiere-apartment","status":"publish","type":"page","link":"https:\/\/www.les-balcons.com\/en\/la-rosiere-apartment\/","title":{"rendered":"La Rosi\u00e8re Apartment"},"content":{"rendered":"<p>La Rosi\u00e8r&nbsp; e, its traditional mountain chalets, its international ski domain (San Bernardo Space), its closeness with Italy, its altitude spa, its snow conditions and sun exposure. You understand it, all the mandatory ingredients of a successful mountain stay are reunited ! And as well, the Savoy station has many cozy and comfy apartments !<\/p>\n<h2>Well searching you apartment in La Rosi\u00e8re<\/h2>\n<p>Facing an important offer of apartment rental in La Rosi\u00e8re, it\u2019s really important for you to ask yourself the right questions to find the perfect accommodation to fit your needs and expectations. Beyond the budget aspect, the services are going to make the difference.<\/p>\n<p>Are you looking for an apartment close to the slopes ?<br \/>\nDo you want \u00e0 hotel service or a chalet residence ?<br \/>\nDo you need an all inclusive stay or just the accommodation is enough ?<\/p>\n<p>La Rosi\u00e8re has the speciality of offering many kinds of apartments. With Les Balcons, you can book an apartment in a 4* residence or an apartment with hotel service in the 4* Alparena Hotel &amp; Spa.<\/p>\n<p>You\u2019re hesitating between two kinds of apartments offered by Les Balcons ? Here is a few more informations to help you decide which kind of accommodation you\u2019d prefer.<\/p>\n<h3>Apartment in Les Balcons de La Rosi\u00e8re**** Residence<\/h3>\n<p>Composed by 9 wooden and stone chalet, Les Balcons de La Rosi\u00e8re residence is located at the feet of the slopes and is offering a wide range of cozy, comfy and wide apartments that offer a beautiful panoramic view on the Haute Tarentaise Valley. They can welcome up to 16 persons.<\/p>\n<p>Staying in Les Balcons de La Rosi\u00e8re apartments is like feeling at home ! The kids will find their place to play and everyone in the family or your group of friends will love to reunite by the stove. During your stay, you have all commodities of a true apartment, the all furnished kitchen and the bathroom with a hydrotherapy bathtub. You can cook your own meals and organize your day like you want.<\/p>\n<p>To make your everyday life even easier, the residence is close to all the Les Balcons shops : Mini-market, La Grange restaurant, skishops. And since a good new never comes alone, you have access to the Les Balcons wellness areas :<\/p>\n<p>Spa of La Rosi\u00e8re Residence : Hot tubs, sauna, hammam and a resting area.<br \/>\nSpa of the Alparena**** &amp; Spa hotel : Yes ! You can have a try in the magnificent swimming pool of the hotel with its amazing view on the valley !<\/p>\n<h3>Your Apartment suite in the Alparena**** &amp; Spa hotel<\/h3>\n<p>During your stay in La Rosi\u00e8re, you can as well choose the formula \u201cApartment suite\u201d at the Alparena**** &amp; Spa hotel, located at the feet of the slopes of La Rosi\u00e8re.<\/p>\n<p>The apartment suites are fully equipped and have a balcony. The suite appartement are giving you many advantages like the bed made when you arrive, a mid-stay cleaning and the end of stay cleaning.<br \/>\nHaving a stay in an apartment suite in the Alparena**** &amp; Spa hotel, it\u2019s also having the privilege to enjoy the spa whenever you want. More than 1000m\u00b2 dedicated to your wellness and a VIP area reserved for the Alparena clients. At the menu : Swimming pool, kid pool, hot tubs, sauna, hammam, nordic baths, fitness room and massages and treatments by Thalgo.<\/p>\n<p>On the ground floor of the Alparena**** &amp; Spa hotel, our passionate team of the skishop will be thrilled to help you find the perfect equipment for your ski or snowboarding practice !<\/p>\n<p>Book now your stay in La Rosi\u00e8re with Les Balcons<\/p>\n<p>What if you choose an all inclusive stay ? Les Balcons allow you to book your ski passes, ski equipment and ski lessons at the same time ! Come have a check<\/p>\n<hr>\n<h5 style=\"text-align: center;\"><a href=\"https:\/\/www.les-balcons.com\/en\/accommodation-rental-la-rosiere\/\" data-wplink-edit=\"true\">See all accommodations in la Rosi\u00e8re<\/a><\/h5>\n<hr>\n","protected":false},"excerpt":{"rendered":"<p>La Rosi\u00e8r&nbsp; e, its traditional mountain chalets, its international ski domain (San Bernardo Space), its closeness with Italy, its altitude spa, its snow conditions and sun exposure. You understand it, all the mandatory ingredients of a successful mountain stay are reunited ! And as well, the Savoy station has many cozy and comfy apartments ! [&hellip;]<\/p>\n","protected":false},"author":2,"featured_media":0,"parent":0,"menu_order":0,"comment_status":"closed","ping_status":"closed","template":"template-heberegements-filtres.php","meta":{"_acf_changed":false,"_uag_custom_page_level_css":"","footnotes":""},"class_list":["post-13216","page","type-page","status-publish","hentry"],"acf":[],"yoast_head":"<!-- This site is optimized with the Yoast SEO plugin v27.5 - https:\/\/yoast.com\/product\/yoast-seo-wordpress\/ -->\n<title>Ski rental flat in La Rosi\u00e8re ski resort, near Italy<\/title>\n<meta name=\"description\" content=\"Book your ski holiday in La Rosi\u00e8re in flats located at the foot of the slopes, all-inclusive holiday or accommodation package\" \/>\n<meta name=\"robots\" content=\"index, follow, max-snippet:-1, max-image-preview:large, max-video-preview:-1\" \/>\n<link rel=\"canonical\" href=\"https:\/\/www.les-balcons.com\/en\/la-rosiere-apartment\/\" \/>\n<meta property=\"og:locale\" content=\"en_US\" \/>\n<meta property=\"og:type\" content=\"article\" \/>\n<meta property=\"og:title\" content=\"Ski rental flat in La Rosi\u00e8re ski resort, near Italy\" \/>\n<meta property=\"og:description\" content=\"Book your ski holiday in La Rosi\u00e8re in flats located at the foot of the slopes, all-inclusive holiday or accommodation package\" \/>\n<meta property=\"og:url\" content=\"https:\/\/www.les-balcons.com\/en\/la-rosiere-apartment\/\" \/>\n<meta property=\"og:site_name\" content=\"Les Balcons \u2013 R\u00e9sidences et s\u00e9jours Alpes du Nord\" \/>\n<meta property=\"article:modified_time\" content=\"2024-08-27T10:07:20+00:00\" \/>\n<meta name=\"twitter:card\" content=\"summary_large_image\" \/>\n<meta name=\"twitter:label1\" content=\"Est. reading time\" \/>\n\t<meta name=\"twitter:data1\" content=\"4 minutes\" \/>\n<script type=\"application\/ld+json\" class=\"yoast-schema-graph\">{\"@context\":\"https:\\\/\\\/schema.org\",\"@graph\":[{\"@type\":\"WebPage\",\"@id\":\"https:\\\/\\\/www.les-balcons.com\\\/en\\\/la-rosiere-apartment\\\/\",\"url\":\"https:\\\/\\\/www.les-balcons.com\\\/en\\\/la-rosiere-apartment\\\/\",\"name\":\"Ski rental flat in La Rosi\u00e8re ski resort, near Italy\",\"isPartOf\":{\"@id\":\"https:\\\/\\\/www.les-balcons.com\\\/en\\\/#website\"},\"datePublished\":\"2020-09-04T09:03:30+00:00\",\"dateModified\":\"2024-08-27T10:07:20+00:00\",\"description\":\"Book your ski holiday in La Rosi\u00e8re in flats located at the foot of the slopes, all-inclusive holiday or accommodation package\",\"breadcrumb\":{\"@id\":\"https:\\\/\\\/www.les-balcons.com\\\/en\\\/la-rosiere-apartment\\\/#breadcrumb\"},\"inLanguage\":\"en-US\",\"potentialAction\":[{\"@type\":\"ReadAction\",\"target\":[\"https:\\\/\\\/www.les-balcons.com\\\/en\\\/la-rosiere-apartment\\\/\"]}]},{\"@type\":\"BreadcrumbList\",\"@id\":\"https:\\\/\\\/www.les-balcons.com\\\/en\\\/la-rosiere-apartment\\\/#breadcrumb\",\"itemListElement\":[{\"@type\":\"ListItem\",\"position\":1,\"name\":\"Homepage\",\"item\":\"https:\\\/\\\/www.les-balcons.com\\\/en\\\/fr\\\/\"},{\"@type\":\"ListItem\",\"position\":2,\"name\":\"La Rosi\u00e8re Apartment\"}]},{\"@type\":\"WebSite\",\"@id\":\"https:\\\/\\\/www.les-balcons.com\\\/en\\\/#website\",\"url\":\"https:\\\/\\\/www.les-balcons.com\\\/en\\\/\",\"name\":\"Les Balcons \u2013 R\u00e9sidences et s\u00e9jours Alpes du Nord\",\"description\":\"10 \u00e9tablissements, H\u00f4tel et R\u00e9sidences pour vos vacances \u00e0 la montagne\",\"publisher\":{\"@id\":\"https:\\\/\\\/www.les-balcons.com\\\/en\\\/#organization\"},\"potentialAction\":[{\"@type\":\"SearchAction\",\"target\":{\"@type\":\"EntryPoint\",\"urlTemplate\":\"https:\\\/\\\/www.les-balcons.com\\\/en\\\/?s={search_term_string}\"},\"query-input\":{\"@type\":\"PropertyValueSpecification\",\"valueRequired\":true,\"valueName\":\"search_term_string\"}}],\"inLanguage\":\"en-US\"},{\"@type\":\"Organization\",\"@id\":\"https:\\\/\\\/www.les-balcons.com\\\/en\\\/#organization\",\"name\":\"Les Balcons\",\"url\":\"https:\\\/\\\/www.les-balcons.com\\\/en\\\/\",\"logo\":{\"@type\":\"ImageObject\",\"inLanguage\":\"en-US\",\"@id\":\"https:\\\/\\\/www.les-balcons.com\\\/en\\\/#\\\/schema\\\/logo\\\/image\\\/\",\"url\":\"https:\\\/\\\/les-balcons.com\\\/wp-content\\\/uploads\\\/communs\\\/logos-et-gammes\\\/logo-les-balcons-base.png\",\"contentUrl\":\"https:\\\/\\\/les-balcons.com\\\/wp-content\\\/uploads\\\/communs\\\/logos-et-gammes\\\/logo-les-balcons-base.png\",\"width\":3508,\"height\":2481,\"caption\":\"Les Balcons\"},\"image\":{\"@id\":\"https:\\\/\\\/www.les-balcons.com\\\/en\\\/#\\\/schema\\\/logo\\\/image\\\/\"}}]}<\/script>\n<!-- \/ Yoast SEO plugin. -->","yoast_head_json":{"title":"Ski rental flat in La Rosi\u00e8re ski resort, near Italy","description":"Book your ski holiday in La Rosi\u00e8re in flats located at the foot of the slopes, all-inclusive holiday or accommodation package","robots":{"index":"index","follow":"follow","max-snippet":"max-snippet:-1","max-image-preview":"max-image-preview:large","max-video-preview":"max-video-preview:-1"},"canonical":"https:\/\/www.les-balcons.com\/en\/la-rosiere-apartment\/","og_locale":"en_US","og_type":"article","og_title":"Ski rental flat in La Rosi\u00e8re ski resort, near Italy","og_description":"Book your ski holiday in La Rosi\u00e8re in flats located at the foot of the slopes, all-inclusive holiday or accommodation package","og_url":"https:\/\/www.les-balcons.com\/en\/la-rosiere-apartment\/","og_site_name":"Les Balcons \u2013 R\u00e9sidences et s\u00e9jours Alpes du Nord","article_modified_time":"2024-08-27T10:07:20+00:00","twitter_card":"summary_large_image","twitter_misc":{"Est. reading time":"4 minutes"},"schema":{"@context":"https:\/\/schema.org","@graph":[{"@type":"WebPage","@id":"https:\/\/www.les-balcons.com\/en\/la-rosiere-apartment\/","url":"https:\/\/www.les-balcons.com\/en\/la-rosiere-apartment\/","name":"Ski rental flat in La Rosi\u00e8re ski resort, near Italy","isPartOf":{"@id":"https:\/\/www.les-balcons.com\/en\/#website"},"datePublished":"2020-09-04T09:03:30+00:00","dateModified":"2024-08-27T10:07:20+00:00","description":"Book your ski holiday in La Rosi\u00e8re in flats located at the foot of the slopes, all-inclusive holiday or accommodation package","breadcrumb":{"@id":"https:\/\/www.les-balcons.com\/en\/la-rosiere-apartment\/#breadcrumb"},"inLanguage":"en-US","potentialAction":[{"@type":"ReadAction","target":["https:\/\/www.les-balcons.com\/en\/la-rosiere-apartment\/"]}]},{"@type":"BreadcrumbList","@id":"https:\/\/www.les-balcons.com\/en\/la-rosiere-apartment\/#breadcrumb","itemListElement":[{"@type":"ListItem","position":1,"name":"Homepage","item":"https:\/\/www.les-balcons.com\/en\/fr\/"},{"@type":"ListItem","position":2,"name":"La Rosi\u00e8re Apartment"}]},{"@type":"WebSite","@id":"https:\/\/www.les-balcons.com\/en\/#website","url":"https:\/\/www.les-balcons.com\/en\/","name":"Les Balcons \u2013 R\u00e9sidences et s\u00e9jours Alpes du Nord","description":"10 \u00e9tablissements, H\u00f4tel et R\u00e9sidences pour vos vacances \u00e0 la montagne","publisher":{"@id":"https:\/\/www.les-balcons.com\/en\/#organization"},"potentialAction":[{"@type":"SearchAction","target":{"@type":"EntryPoint","urlTemplate":"https:\/\/www.les-balcons.com\/en\/?s={search_term_string}"},"query-input":{"@type":"PropertyValueSpecification","valueRequired":true,"valueName":"search_term_string"}}],"inLanguage":"en-US"},{"@type":"Organization","@id":"https:\/\/www.les-balcons.com\/en\/#organization","name":"Les Balcons","url":"https:\/\/www.les-balcons.com\/en\/","logo":{"@type":"ImageObject","inLanguage":"en-US","@id":"https:\/\/www.les-balcons.com\/en\/#\/schema\/logo\/image\/","url":"https:\/\/les-balcons.com\/wp-content\/uploads\/communs\/logos-et-gammes\/logo-les-balcons-base.png","contentUrl":"https:\/\/les-balcons.com\/wp-content\/uploads\/communs\/logos-et-gammes\/logo-les-balcons-base.png","width":3508,"height":2481,"caption":"Les Balcons"},"image":{"@id":"https:\/\/www.les-balcons.com\/en\/#\/schema\/logo\/image\/"}}]}},"uagb_featured_image_src":{"full":false,"thumbnail":false,"medium":false,"medium_large":false,"large":false,"1536x1536":false,"2048x2048":false,"size-365x220":false},"uagb_author_info":{"display_name":"admin_balcons","author_link":"https:\/\/www.les-balcons.com\/en\/author\/admin_balcons\/"},"uagb_comment_info":0,"uagb_excerpt":"La Rosi\u00e8r&nbsp; e, its traditional mountain chalets, its international ski domain (San Bernardo Space), its closeness with Italy, its altitude spa, its snow conditions and sun exposure. You understand it, all the mandatory ingredients of a successful mountain stay are reunited ! And as well, the Savoy station has many cozy and comfy apartments !&hellip;","post_mailing_queue_ids":[],"_links":{"self":[{"href":"https:\/\/www.les-balcons.com\/en\/wp-json\/wp\/v2\/pages\/13216","targetHints":{"allow":["GET"]}}],"collection":[{"href":"https:\/\/www.les-balcons.com\/en\/wp-json\/wp\/v2\/pages"}],"about":[{"href":"https:\/\/www.les-balcons.com\/en\/wp-json\/wp\/v2\/types\/page"}],"author":[{"embeddable":true,"href":"https:\/\/www.les-balcons.com\/en\/wp-json\/wp\/v2\/users\/2"}],"replies":[{"embeddable":true,"href":"https:\/\/www.les-balcons.com\/en\/wp-json\/wp\/v2\/comments?post=13216"}],"version-history":[{"count":0,"href":"https:\/\/www.les-balcons.com\/en\/wp-json\/wp\/v2\/pages\/13216\/revisions"}],"wp:attachment":[{"href":"https:\/\/www.les-balcons.com\/en\/wp-json\/wp\/v2\/media?parent=13216"}],"curies":[{"name":"wp","href":"https:\/\/api.w.org\/{rel}","templated":true}]}}