{"id":13211,"date":"2020-09-04T08:58:57","date_gmt":"2020-09-04T08:58:57","guid":{"rendered":"https:\/\/www.les-balcons.com\/location-dhebergement-la-rosiere\/"},"modified":"2024-08-27T12:10:11","modified_gmt":"2024-08-27T12:10:11","slug":"accommodation-rental-la-rosiere","status":"publish","type":"page","link":"https:\/\/www.les-balcons.com\/en\/accommodation-rental-la-rosiere\/","title":{"rendered":"Accommodation rental La Rosi\u00e8re"},"content":{"rendered":"<p>You love skiing or snowboarding, sledge, savoy fondue and beautiful landscapes but you still don\u2019t know where you\u2019re goinge to go this winter ? This article is here to present you the La Rosi\u00e8re station and its finest housing addresses for a family, couple or with friends holiday !<\/p>\n<h2>La Rosi\u00e8re, the most Italian French station<\/h2>\n<p>Located in Haute-Tarentaise in the Northern Alps and a few kilometers away from the Val d\u2019Aoste, La Rosi\u00e8re is a mountain station, south exposed, at 1850m altitude. It benefit from an exceptional geographic location, offering nice sun exposure and great ski conditions.<\/p>\n<p>La Rosi\u00e8re is the only Savoy station that offer a 160km international ski domain. Indeed, it\u2019s connected to the Italian station Thuile (Aoste valley) and is offering a borderless opening to the San Bernardo Space.<br \/>\nIn 2019, the ski domain of La Rosi\u00e8re &#8211; San Bernardo Space opened a new ski sector : Mont Valaisan. 5 New red slopes, two six spot ski lifts : Moulin and Mont Valaisan. You now can discover a more technical ski and new freeride ski possibilities. The highest spot of the domain is now in France at 2800m altitude with an amazing view on the Mont-Blanc and the Mont-Pourri !<\/p>\n<p>Characterized by its numerous wooden and stone chalet, the savoy architecture allows the station to cultivate its authenticity. Numerous activities and entertainment are planned all winter long to make you live beautiful moments in the mountains.<\/p>\n<h3>Overview of the cozy accommodations in La Rosi\u00e8re<\/h3>\n<p>Winter is coming\u2026 The questions about the holidays are coming back. The main question is : Where are you staying for this winter holiday so everyone has a nice and relaxing vacation ? How to find the best price\/quality ratio ? Depending on your budget and what you want, we are offering two accomodation solutions in La Rosi\u00e8re :<\/p>\n<h3>The Les Balcons de La Rosi\u00e8re residence :<\/h3>\n<p>Composed with 9 typical Savoy chalets (wood and stone), the residence has a wide range of comfy apartments. Wide and comfy with an amazing view on the heights or the valley. It can welcome from 2 to 16 persons. Imagine yourself with your significant other, your friends or your family, by the fireplace talking about your day skiing in the french and italian ski domain ? Don\u2019t you smell the scent of raclette ? By staying in the residence, you will benefit from a proximity with the Les Balcons shops (restaurants, mini-market, skishop). The two main assets of a winter stay in La Rosi\u00e8re :<\/p>\n<p>The residence spa: 230m\u00b2 dedicated to your well being (hot tubs, sauna and hammam)<br \/>\nThe access to the Alparena**** &amp; Spa hotel spa : stunning swimming-pool with 2 hot tubs, ! A true relaxing experience after a long day skiing.<\/p>\n<h3>The Alparena**** &amp; Spa hotel<\/h3>\n<p>A stay in the Alparena**** &amp; Spa hotel is making sure to have a quiet and luxurious stay. With its ideal location at the feet of the slopes, the hotel benefits from a quiet environment and is offering 58 rooms and suites (from 25 to 110m\u00b2). The landscape on the surrounding mountains is just another asset to this warm and resting atmosphere. The spa, amazing, is welcoming you after a long day skiing. With its beautiful swimming-pool, its two hot tubs, its nordic baths, saunas, hammams and kid pool, the spa is giving you hours of relaxation. You will also find a fitness room as well as treatment rooms by Thalgo. A true resting temple.<\/p>\n<p>2 Restaurants (The Solario for your lunch on the panoramic terrace and the Alpagio, gastronomic dinner) and a ski shop are closing the services offered by the Alparena**** &amp; Spa hotel.<\/p>\n<p>So, are you gonna be a hotel or a residence vacationer ?<\/p>\n<p>Your stay in La Rosi\u00e8re with Les Balcons<\/p>\n<p>Whether you like more hotel stay or residence stay, Les Balcons will know how to fulfill your expectations. By booking a stay with Les Balcons in La Rosi\u00e8re station, you will benefit from discounts, packaged offers (ski passes, ski lessons, half board etc.). Our goal is to make your life easier !<\/p>\n<p>Book now your stay in La Rosi\u00e8re !<\/p>\n","protected":false},"excerpt":{"rendered":"<p>You love skiing or snowboarding, sledge, savoy fondue and beautiful landscapes but you still don\u2019t know where you\u2019re goinge to go this winter ? This article is here to present you the La Rosi\u00e8re station and its finest housing addresses for a family, couple or with friends holiday ! La Rosi\u00e8re, the most Italian French [&hellip;]<\/p>\n","protected":false},"author":2,"featured_media":0,"parent":0,"menu_order":0,"comment_status":"closed","ping_status":"closed","template":"template-heberegements-filtres.php","meta":{"_acf_changed":false,"_uag_custom_page_level_css":"","footnotes":""},"class_list":["post-13211","page","type-page","status-publish","hentry"],"acf":[],"yoast_head":"<!-- This site is optimized with the Yoast SEO plugin v27.6 - https:\/\/yoast.com\/product\/yoast-seo-wordpress\/ -->\n<title>Accommodation rental La Rosi\u00e8re - Stay in residence or hotel<\/title>\n<meta name=\"description\" content=\"The resort of La Rosi\u00e8re and its good accommodation addresses suitable for a stay with family, couple or friends!\" \/>\n<meta name=\"robots\" content=\"index, follow, max-snippet:-1, max-image-preview:large, max-video-preview:-1\" \/>\n<link rel=\"canonical\" href=\"https:\/\/www.les-balcons.com\/en\/accommodation-rental-la-rosiere\/\" \/>\n<meta property=\"og:locale\" content=\"en_US\" \/>\n<meta property=\"og:type\" content=\"article\" \/>\n<meta property=\"og:title\" content=\"Accommodation rental La Rosi\u00e8re - Stay in residence or hotel\" \/>\n<meta property=\"og:description\" content=\"The resort of La Rosi\u00e8re and its good accommodation addresses suitable for a stay with family, couple or friends!\" \/>\n<meta property=\"og:url\" content=\"https:\/\/www.les-balcons.com\/en\/accommodation-rental-la-rosiere\/\" \/>\n<meta property=\"og:site_name\" content=\"Les Balcons \u2013 R\u00e9sidences et s\u00e9jours Alpes du Nord\" \/>\n<meta property=\"article:modified_time\" content=\"2024-08-27T12:10:11+00:00\" \/>\n<meta name=\"twitter:card\" content=\"summary_large_image\" \/>\n<meta name=\"twitter:label1\" content=\"Est. reading time\" \/>\n\t<meta name=\"twitter:data1\" content=\"4 minutes\" \/>\n<script type=\"application\/ld+json\" class=\"yoast-schema-graph\">{\"@context\":\"https:\\\/\\\/schema.org\",\"@graph\":[{\"@type\":\"WebPage\",\"@id\":\"https:\\\/\\\/www.les-balcons.com\\\/en\\\/accommodation-rental-la-rosiere\\\/\",\"url\":\"https:\\\/\\\/www.les-balcons.com\\\/en\\\/accommodation-rental-la-rosiere\\\/\",\"name\":\"Accommodation rental La Rosi\u00e8re - Stay in residence or hotel\",\"isPartOf\":{\"@id\":\"https:\\\/\\\/www.les-balcons.com\\\/en\\\/#website\"},\"datePublished\":\"2020-09-04T08:58:57+00:00\",\"dateModified\":\"2024-08-27T12:10:11+00:00\",\"description\":\"The resort of La Rosi\u00e8re and its good accommodation addresses suitable for a stay with family, couple or friends!\",\"breadcrumb\":{\"@id\":\"https:\\\/\\\/www.les-balcons.com\\\/en\\\/accommodation-rental-la-rosiere\\\/#breadcrumb\"},\"inLanguage\":\"en-US\",\"potentialAction\":[{\"@type\":\"ReadAction\",\"target\":[\"https:\\\/\\\/www.les-balcons.com\\\/en\\\/accommodation-rental-la-rosiere\\\/\"]}]},{\"@type\":\"BreadcrumbList\",\"@id\":\"https:\\\/\\\/www.les-balcons.com\\\/en\\\/accommodation-rental-la-rosiere\\\/#breadcrumb\",\"itemListElement\":[{\"@type\":\"ListItem\",\"position\":1,\"name\":\"Homepage\",\"item\":\"https:\\\/\\\/www.les-balcons.com\\\/en\\\/fr\\\/\"},{\"@type\":\"ListItem\",\"position\":2,\"name\":\"Accommodation rental La Rosi\u00e8re\"}]},{\"@type\":\"WebSite\",\"@id\":\"https:\\\/\\\/www.les-balcons.com\\\/en\\\/#website\",\"url\":\"https:\\\/\\\/www.les-balcons.com\\\/en\\\/\",\"name\":\"Les Balcons \u2013 R\u00e9sidences et s\u00e9jours Alpes du Nord\",\"description\":\"10 \u00e9tablissements, H\u00f4tel et R\u00e9sidences pour vos vacances \u00e0 la montagne\",\"publisher\":{\"@id\":\"https:\\\/\\\/www.les-balcons.com\\\/en\\\/#organization\"},\"potentialAction\":[{\"@type\":\"SearchAction\",\"target\":{\"@type\":\"EntryPoint\",\"urlTemplate\":\"https:\\\/\\\/www.les-balcons.com\\\/en\\\/?s={search_term_string}\"},\"query-input\":{\"@type\":\"PropertyValueSpecification\",\"valueRequired\":true,\"valueName\":\"search_term_string\"}}],\"inLanguage\":\"en-US\"},{\"@type\":\"Organization\",\"@id\":\"https:\\\/\\\/www.les-balcons.com\\\/en\\\/#organization\",\"name\":\"Les Balcons\",\"url\":\"https:\\\/\\\/www.les-balcons.com\\\/en\\\/\",\"logo\":{\"@type\":\"ImageObject\",\"inLanguage\":\"en-US\",\"@id\":\"https:\\\/\\\/www.les-balcons.com\\\/en\\\/#\\\/schema\\\/logo\\\/image\\\/\",\"url\":\"https:\\\/\\\/les-balcons.com\\\/wp-content\\\/uploads\\\/communs\\\/logos-et-gammes\\\/logo-les-balcons-base.png\",\"contentUrl\":\"https:\\\/\\\/les-balcons.com\\\/wp-content\\\/uploads\\\/communs\\\/logos-et-gammes\\\/logo-les-balcons-base.png\",\"width\":3508,\"height\":2481,\"caption\":\"Les Balcons\"},\"image\":{\"@id\":\"https:\\\/\\\/www.les-balcons.com\\\/en\\\/#\\\/schema\\\/logo\\\/image\\\/\"}}]}<\/script>\n<!-- \/ Yoast SEO plugin. -->","yoast_head_json":{"title":"Accommodation rental La Rosi\u00e8re - Stay in residence or hotel","description":"The resort of La Rosi\u00e8re and its good accommodation addresses suitable for a stay with family, couple or friends!","robots":{"index":"index","follow":"follow","max-snippet":"max-snippet:-1","max-image-preview":"max-image-preview:large","max-video-preview":"max-video-preview:-1"},"canonical":"https:\/\/www.les-balcons.com\/en\/accommodation-rental-la-rosiere\/","og_locale":"en_US","og_type":"article","og_title":"Accommodation rental La Rosi\u00e8re - Stay in residence or hotel","og_description":"The resort of La Rosi\u00e8re and its good accommodation addresses suitable for a stay with family, couple or friends!","og_url":"https:\/\/www.les-balcons.com\/en\/accommodation-rental-la-rosiere\/","og_site_name":"Les Balcons \u2013 R\u00e9sidences et s\u00e9jours Alpes du Nord","article_modified_time":"2024-08-27T12:10:11+00:00","twitter_card":"summary_large_image","twitter_misc":{"Est. reading time":"4 minutes"},"schema":{"@context":"https:\/\/schema.org","@graph":[{"@type":"WebPage","@id":"https:\/\/www.les-balcons.com\/en\/accommodation-rental-la-rosiere\/","url":"https:\/\/www.les-balcons.com\/en\/accommodation-rental-la-rosiere\/","name":"Accommodation rental La Rosi\u00e8re - Stay in residence or hotel","isPartOf":{"@id":"https:\/\/www.les-balcons.com\/en\/#website"},"datePublished":"2020-09-04T08:58:57+00:00","dateModified":"2024-08-27T12:10:11+00:00","description":"The resort of La Rosi\u00e8re and its good accommodation addresses suitable for a stay with family, couple or friends!","breadcrumb":{"@id":"https:\/\/www.les-balcons.com\/en\/accommodation-rental-la-rosiere\/#breadcrumb"},"inLanguage":"en-US","potentialAction":[{"@type":"ReadAction","target":["https:\/\/www.les-balcons.com\/en\/accommodation-rental-la-rosiere\/"]}]},{"@type":"BreadcrumbList","@id":"https:\/\/www.les-balcons.com\/en\/accommodation-rental-la-rosiere\/#breadcrumb","itemListElement":[{"@type":"ListItem","position":1,"name":"Homepage","item":"https:\/\/www.les-balcons.com\/en\/fr\/"},{"@type":"ListItem","position":2,"name":"Accommodation rental La Rosi\u00e8re"}]},{"@type":"WebSite","@id":"https:\/\/www.les-balcons.com\/en\/#website","url":"https:\/\/www.les-balcons.com\/en\/","name":"Les Balcons \u2013 R\u00e9sidences et s\u00e9jours Alpes du Nord","description":"10 \u00e9tablissements, H\u00f4tel et R\u00e9sidences pour vos vacances \u00e0 la montagne","publisher":{"@id":"https:\/\/www.les-balcons.com\/en\/#organization"},"potentialAction":[{"@type":"SearchAction","target":{"@type":"EntryPoint","urlTemplate":"https:\/\/www.les-balcons.com\/en\/?s={search_term_string}"},"query-input":{"@type":"PropertyValueSpecification","valueRequired":true,"valueName":"search_term_string"}}],"inLanguage":"en-US"},{"@type":"Organization","@id":"https:\/\/www.les-balcons.com\/en\/#organization","name":"Les Balcons","url":"https:\/\/www.les-balcons.com\/en\/","logo":{"@type":"ImageObject","inLanguage":"en-US","@id":"https:\/\/www.les-balcons.com\/en\/#\/schema\/logo\/image\/","url":"https:\/\/les-balcons.com\/wp-content\/uploads\/communs\/logos-et-gammes\/logo-les-balcons-base.png","contentUrl":"https:\/\/les-balcons.com\/wp-content\/uploads\/communs\/logos-et-gammes\/logo-les-balcons-base.png","width":3508,"height":2481,"caption":"Les Balcons"},"image":{"@id":"https:\/\/www.les-balcons.com\/en\/#\/schema\/logo\/image\/"}}]}},"uagb_featured_image_src":{"full":false,"thumbnail":false,"medium":false,"medium_large":false,"large":false,"1536x1536":false,"2048x2048":false,"size-365x220":false},"uagb_author_info":{"display_name":"admin_balcons","author_link":"https:\/\/www.les-balcons.com\/en\/author\/admin_balcons\/"},"uagb_comment_info":0,"uagb_excerpt":"You love skiing or snowboarding, sledge, savoy fondue and beautiful landscapes but you still don\u2019t know where you\u2019re goinge to go this winter ? This article is here to present you the La Rosi\u00e8re station and its finest housing addresses for a family, couple or with friends holiday ! La Rosi\u00e8re, the most Italian French&hellip;","post_mailing_queue_ids":[],"_links":{"self":[{"href":"https:\/\/www.les-balcons.com\/en\/wp-json\/wp\/v2\/pages\/13211","targetHints":{"allow":["GET"]}}],"collection":[{"href":"https:\/\/www.les-balcons.com\/en\/wp-json\/wp\/v2\/pages"}],"about":[{"href":"https:\/\/www.les-balcons.com\/en\/wp-json\/wp\/v2\/types\/page"}],"author":[{"embeddable":true,"href":"https:\/\/www.les-balcons.com\/en\/wp-json\/wp\/v2\/users\/2"}],"replies":[{"embeddable":true,"href":"https:\/\/www.les-balcons.com\/en\/wp-json\/wp\/v2\/comments?post=13211"}],"version-history":[{"count":0,"href":"https:\/\/www.les-balcons.com\/en\/wp-json\/wp\/v2\/pages\/13211\/revisions"}],"wp:attachment":[{"href":"https:\/\/www.les-balcons.com\/en\/wp-json\/wp\/v2\/media?parent=13211"}],"curies":[{"name":"wp","href":"https:\/\/api.w.org\/{rel}","templated":true}]}}