{"id":13206,"date":"2020-09-04T08:58:00","date_gmt":"2020-09-04T08:58:00","guid":{"rendered":"https:\/\/www.les-balcons.com\/appartement-alpes-du-nord\/"},"modified":"2024-08-27T09:46:54","modified_gmt":"2024-08-27T09:46:54","slug":"northern-alps-apartment","status":"publish","type":"page","link":"https:\/\/www.les-balcons.com\/en\/northern-alps-apartment\/","title":{"rendered":"Northern Alps Apartment"},"content":{"rendered":"<p>Winter holidays are coming and you can\u2019t wait to go skiing ? Between the numerous ski stations in the Northern Alps, you can\u2019t choose a destination or your apartment ? This article is made for you ! With Les Balcons, discover the Northern Alps and book your next ski holidays ! With your family, friends or your significant other, you will fully enjoy a cozy apartment.<\/p>\n<h2>Your ski stay in the Northern Alps<\/h2>\n<p>Glaciers, mid-mountain, village resorts and large international stations, the Northern Alps have many assets for all the winter sports lovers. Booking a winter stay with Les Balcons in the Northern Alps, is making sure to enjoy beautiful landscapes and all ski level slopes. In Savoy, you will have unforgettable holidays with your family in the lovely station of Val Cenis or La Rosi\u00e8re and their numerous beginner slopes. If you\u2019re going with your friends, the famous Val Thorens will be ideal to have fun and athletic ski. Finally, La Plagne is a good deal if you want to combine skiing and olympic activities.<\/p>\n<h2>Cozy apartments in 4 savoy stations.<\/h2>\n<p>In Les Balcons, you will find holiday accomodations in the heart of many Northern Alps stations. Discover now the different kind of apartments (from 3 to 5 stars), with spa for some of them (La Plagne spa, La Rosi\u00e8re spa and Val Thorens spa) to make sure to have the most exceptional winter holidays in savoy.<\/p>\n<h3>The La Plagne apartments<\/h3>\n<p>A 2050m of altitude, the Les Balcons**** of Belle Plagne residence is built in an authentic savoy style. The apartments are ideally located at the feet of the slopes of Paradiski. After a long day skiing, you will love to unwind in the wellness area of 430m\u00b2 : Swimming-pool, sauna, spa, fitness center. And for a maximum relaxation, nothing better than a treatment or a massage by Thalgo.<\/p>\n<h3>The La Rosi\u00e8re apartments<\/h3>\n<p>Discover wide and comby apartments, that can welcome from 2 to 16persons. They benefit from a good sun exposure and a unique point of view on the Haute-Tarentaise valley. Les Balcons de La Rosi\u00e8re residence is also offering many wellness services : Hot tub, sauna, hammam, resting area and 3 treatments room signed by the brand Thalgo (on appointment only). You will also benefit from an access to the Alparena**** &amp; Spa hotel swimming pool. You now just have to leave your luggage in and enjoy !<\/p>\n<h3>The Val Cenis apartments<\/h3>\n<p>Located at the feet of the Vanoise Park and a few hours from Italy, you will be seduced by the authenticity of the Val Cenis apartments. From your accommodation, you will have access to the Val Cenis ski domain. The cozy apartments (from 2 to 16 persons) are a nice mix between comfort and warmth.<\/p>\n<h3>The Val Thorens apartments<\/h3>\n<p>On the top of the Val Thorens station, the Les Balcons Platinium (5*) apartments, the Val Chavi\u00e8re and Les Balcons de Val Thorens (4*) apartments are cozy, comfy and offer beautiful landscapes on the valley and the ski domain.<\/p>\n<p>Ski-in ski-out (beginners plan to take the shuttle bus or 5min by foot), you will enjoy fully the largest ski domain of the world; The 3 Valleys. The crush asset of Val Thorens\u2019s apartments ? The spa, a wellness area of more than 600m\u00b2 : A swimming pool with an amazing view on the mountains, sauna, hammam, 2 hot tubs, kid pool, fitness center, 2 resting area and 3 treatments room for Thalgo treatments and massages.<\/p>\n<p>Holiday in an apartments in the Northern Alps you don\u2019t want to miss<br \/>\nBy booking an apartment in Savoy with Les Balcons, you are sure to enjoy snow at its fullest. Discover our wide range of accommodations according to your needs : An apartment for a family holiday, an apartment for a stay with your significant other or an apartment for a stay with your friends.<\/p>\n<h4 style=\"text-align: center;\"><strong>By ski resort :<\/strong> <a href=\"https:\/\/www.les-balcons.com\/en\/la-rosiere-apartment\/\">La Rosi\u00e8re<\/a> | <a href=\"https:\/\/www.les-balcons.com\/en\/val-cenis-apartement\/\">Val Cenis<\/a> | <a href=\"https:\/\/www.les-balcons.com\/en\/val-thorens-apartment\/\">Val Thorens<\/a> | <a href=\"https:\/\/www.les-balcons.com\/en\/la-plagne-apartment\/\">La Plagne<\/a><\/h4>\n","protected":false},"excerpt":{"rendered":"<p>Winter holidays are coming and you can\u2019t wait to go skiing ? Between the numerous ski stations in the Northern Alps, you can\u2019t choose a destination or your apartment ? This article is made for you ! With Les Balcons, discover the Northern Alps and book your next ski holidays ! With your family, friends [&hellip;]<\/p>\n","protected":false},"author":2,"featured_media":0,"parent":0,"menu_order":0,"comment_status":"closed","ping_status":"closed","template":"template-heberegements-filtres.php","meta":{"_acf_changed":false,"_uag_custom_page_level_css":"","footnotes":""},"class_list":["post-13206","page","type-page","status-publish","hentry"],"acf":[],"yoast_head":"<!-- This site is optimized with the Yoast SEO plugin v27.5 - https:\/\/yoast.com\/product\/yoast-seo-wordpress\/ -->\n<title>Northern Alps Apartment - Accommodation ski resorts Savoie<\/title>\n<meta name=\"description\" content=\"Spend your winter vacations in warm, comfortable apartments in one of the four Savoie resorts we offer.\" \/>\n<meta name=\"robots\" content=\"index, follow, max-snippet:-1, max-image-preview:large, max-video-preview:-1\" \/>\n<link rel=\"canonical\" href=\"https:\/\/www.les-balcons.com\/en\/northern-alps-apartment\/\" \/>\n<meta property=\"og:locale\" content=\"en_US\" \/>\n<meta property=\"og:type\" content=\"article\" \/>\n<meta property=\"og:title\" content=\"Northern Alps Apartment - Accommodation ski resorts Savoie\" \/>\n<meta property=\"og:description\" content=\"Spend your winter vacations in warm, comfortable apartments in one of the four Savoie resorts we offer.\" \/>\n<meta property=\"og:url\" content=\"https:\/\/www.les-balcons.com\/en\/northern-alps-apartment\/\" \/>\n<meta property=\"og:site_name\" content=\"Les Balcons \u2013 R\u00e9sidences et s\u00e9jours Alpes du Nord\" \/>\n<meta property=\"article:modified_time\" content=\"2024-08-27T09:46:54+00:00\" \/>\n<meta name=\"twitter:card\" content=\"summary_large_image\" \/>\n<meta name=\"twitter:label1\" content=\"Est. reading time\" \/>\n\t<meta name=\"twitter:data1\" content=\"4 minutes\" \/>\n<script type=\"application\/ld+json\" class=\"yoast-schema-graph\">{\"@context\":\"https:\\\/\\\/schema.org\",\"@graph\":[{\"@type\":\"WebPage\",\"@id\":\"https:\\\/\\\/www.les-balcons.com\\\/en\\\/northern-alps-apartment\\\/\",\"url\":\"https:\\\/\\\/www.les-balcons.com\\\/en\\\/northern-alps-apartment\\\/\",\"name\":\"Northern Alps Apartment - Accommodation ski resorts Savoie\",\"isPartOf\":{\"@id\":\"https:\\\/\\\/www.les-balcons.com\\\/en\\\/#website\"},\"datePublished\":\"2020-09-04T08:58:00+00:00\",\"dateModified\":\"2024-08-27T09:46:54+00:00\",\"description\":\"Spend your winter vacations in warm, comfortable apartments in one of the four Savoie resorts we offer.\",\"breadcrumb\":{\"@id\":\"https:\\\/\\\/www.les-balcons.com\\\/en\\\/northern-alps-apartment\\\/#breadcrumb\"},\"inLanguage\":\"en-US\",\"potentialAction\":[{\"@type\":\"ReadAction\",\"target\":[\"https:\\\/\\\/www.les-balcons.com\\\/en\\\/northern-alps-apartment\\\/\"]}]},{\"@type\":\"BreadcrumbList\",\"@id\":\"https:\\\/\\\/www.les-balcons.com\\\/en\\\/northern-alps-apartment\\\/#breadcrumb\",\"itemListElement\":[{\"@type\":\"ListItem\",\"position\":1,\"name\":\"Homepage\",\"item\":\"https:\\\/\\\/www.les-balcons.com\\\/en\\\/fr\\\/\"},{\"@type\":\"ListItem\",\"position\":2,\"name\":\"Northern Alps Apartment\"}]},{\"@type\":\"WebSite\",\"@id\":\"https:\\\/\\\/www.les-balcons.com\\\/en\\\/#website\",\"url\":\"https:\\\/\\\/www.les-balcons.com\\\/en\\\/\",\"name\":\"Les Balcons \u2013 R\u00e9sidences et s\u00e9jours Alpes du Nord\",\"description\":\"10 \u00e9tablissements, H\u00f4tel et R\u00e9sidences pour vos vacances \u00e0 la montagne\",\"publisher\":{\"@id\":\"https:\\\/\\\/www.les-balcons.com\\\/en\\\/#organization\"},\"potentialAction\":[{\"@type\":\"SearchAction\",\"target\":{\"@type\":\"EntryPoint\",\"urlTemplate\":\"https:\\\/\\\/www.les-balcons.com\\\/en\\\/?s={search_term_string}\"},\"query-input\":{\"@type\":\"PropertyValueSpecification\",\"valueRequired\":true,\"valueName\":\"search_term_string\"}}],\"inLanguage\":\"en-US\"},{\"@type\":\"Organization\",\"@id\":\"https:\\\/\\\/www.les-balcons.com\\\/en\\\/#organization\",\"name\":\"Les Balcons\",\"url\":\"https:\\\/\\\/www.les-balcons.com\\\/en\\\/\",\"logo\":{\"@type\":\"ImageObject\",\"inLanguage\":\"en-US\",\"@id\":\"https:\\\/\\\/www.les-balcons.com\\\/en\\\/#\\\/schema\\\/logo\\\/image\\\/\",\"url\":\"https:\\\/\\\/les-balcons.com\\\/wp-content\\\/uploads\\\/communs\\\/logos-et-gammes\\\/logo-les-balcons-base.png\",\"contentUrl\":\"https:\\\/\\\/les-balcons.com\\\/wp-content\\\/uploads\\\/communs\\\/logos-et-gammes\\\/logo-les-balcons-base.png\",\"width\":3508,\"height\":2481,\"caption\":\"Les Balcons\"},\"image\":{\"@id\":\"https:\\\/\\\/www.les-balcons.com\\\/en\\\/#\\\/schema\\\/logo\\\/image\\\/\"}}]}<\/script>\n<!-- \/ Yoast SEO plugin. -->","yoast_head_json":{"title":"Northern Alps Apartment - Accommodation ski resorts Savoie","description":"Spend your winter vacations in warm, comfortable apartments in one of the four Savoie resorts we offer.","robots":{"index":"index","follow":"follow","max-snippet":"max-snippet:-1","max-image-preview":"max-image-preview:large","max-video-preview":"max-video-preview:-1"},"canonical":"https:\/\/www.les-balcons.com\/en\/northern-alps-apartment\/","og_locale":"en_US","og_type":"article","og_title":"Northern Alps Apartment - Accommodation ski resorts Savoie","og_description":"Spend your winter vacations in warm, comfortable apartments in one of the four Savoie resorts we offer.","og_url":"https:\/\/www.les-balcons.com\/en\/northern-alps-apartment\/","og_site_name":"Les Balcons \u2013 R\u00e9sidences et s\u00e9jours Alpes du Nord","article_modified_time":"2024-08-27T09:46:54+00:00","twitter_card":"summary_large_image","twitter_misc":{"Est. reading time":"4 minutes"},"schema":{"@context":"https:\/\/schema.org","@graph":[{"@type":"WebPage","@id":"https:\/\/www.les-balcons.com\/en\/northern-alps-apartment\/","url":"https:\/\/www.les-balcons.com\/en\/northern-alps-apartment\/","name":"Northern Alps Apartment - Accommodation ski resorts Savoie","isPartOf":{"@id":"https:\/\/www.les-balcons.com\/en\/#website"},"datePublished":"2020-09-04T08:58:00+00:00","dateModified":"2024-08-27T09:46:54+00:00","description":"Spend your winter vacations in warm, comfortable apartments in one of the four Savoie resorts we offer.","breadcrumb":{"@id":"https:\/\/www.les-balcons.com\/en\/northern-alps-apartment\/#breadcrumb"},"inLanguage":"en-US","potentialAction":[{"@type":"ReadAction","target":["https:\/\/www.les-balcons.com\/en\/northern-alps-apartment\/"]}]},{"@type":"BreadcrumbList","@id":"https:\/\/www.les-balcons.com\/en\/northern-alps-apartment\/#breadcrumb","itemListElement":[{"@type":"ListItem","position":1,"name":"Homepage","item":"https:\/\/www.les-balcons.com\/en\/fr\/"},{"@type":"ListItem","position":2,"name":"Northern Alps Apartment"}]},{"@type":"WebSite","@id":"https:\/\/www.les-balcons.com\/en\/#website","url":"https:\/\/www.les-balcons.com\/en\/","name":"Les Balcons \u2013 R\u00e9sidences et s\u00e9jours Alpes du Nord","description":"10 \u00e9tablissements, H\u00f4tel et R\u00e9sidences pour vos vacances \u00e0 la montagne","publisher":{"@id":"https:\/\/www.les-balcons.com\/en\/#organization"},"potentialAction":[{"@type":"SearchAction","target":{"@type":"EntryPoint","urlTemplate":"https:\/\/www.les-balcons.com\/en\/?s={search_term_string}"},"query-input":{"@type":"PropertyValueSpecification","valueRequired":true,"valueName":"search_term_string"}}],"inLanguage":"en-US"},{"@type":"Organization","@id":"https:\/\/www.les-balcons.com\/en\/#organization","name":"Les Balcons","url":"https:\/\/www.les-balcons.com\/en\/","logo":{"@type":"ImageObject","inLanguage":"en-US","@id":"https:\/\/www.les-balcons.com\/en\/#\/schema\/logo\/image\/","url":"https:\/\/les-balcons.com\/wp-content\/uploads\/communs\/logos-et-gammes\/logo-les-balcons-base.png","contentUrl":"https:\/\/les-balcons.com\/wp-content\/uploads\/communs\/logos-et-gammes\/logo-les-balcons-base.png","width":3508,"height":2481,"caption":"Les Balcons"},"image":{"@id":"https:\/\/www.les-balcons.com\/en\/#\/schema\/logo\/image\/"}}]}},"uagb_featured_image_src":{"full":false,"thumbnail":false,"medium":false,"medium_large":false,"large":false,"1536x1536":false,"2048x2048":false,"size-365x220":false},"uagb_author_info":{"display_name":"admin_balcons","author_link":"https:\/\/www.les-balcons.com\/en\/author\/admin_balcons\/"},"uagb_comment_info":0,"uagb_excerpt":"Winter holidays are coming and you can\u2019t wait to go skiing ? Between the numerous ski stations in the Northern Alps, you can\u2019t choose a destination or your apartment ? This article is made for you ! With Les Balcons, discover the Northern Alps and book your next ski holidays ! With your family, friends&hellip;","post_mailing_queue_ids":[],"_links":{"self":[{"href":"https:\/\/www.les-balcons.com\/en\/wp-json\/wp\/v2\/pages\/13206","targetHints":{"allow":["GET"]}}],"collection":[{"href":"https:\/\/www.les-balcons.com\/en\/wp-json\/wp\/v2\/pages"}],"about":[{"href":"https:\/\/www.les-balcons.com\/en\/wp-json\/wp\/v2\/types\/page"}],"author":[{"embeddable":true,"href":"https:\/\/www.les-balcons.com\/en\/wp-json\/wp\/v2\/users\/2"}],"replies":[{"embeddable":true,"href":"https:\/\/www.les-balcons.com\/en\/wp-json\/wp\/v2\/comments?post=13206"}],"version-history":[{"count":0,"href":"https:\/\/www.les-balcons.com\/en\/wp-json\/wp\/v2\/pages\/13206\/revisions"}],"wp:attachment":[{"href":"https:\/\/www.les-balcons.com\/en\/wp-json\/wp\/v2\/media?parent=13206"}],"curies":[{"name":"wp","href":"https:\/\/api.w.org\/{rel}","templated":true}]}}