{"id":13200,"date":"2020-09-04T08:53:22","date_gmt":"2020-09-04T08:53:22","guid":{"rendered":"https:\/\/www.les-balcons.com\/hotel-alpes-du-nord\/"},"modified":"2024-08-27T11:56:18","modified_gmt":"2024-08-27T11:56:18","slug":"northern-alps-hotel","status":"publish","type":"page","link":"https:\/\/www.les-balcons.com\/en\/northern-alps-hotel\/","title":{"rendered":"Northern Alps Hotel"},"content":{"rendered":"<h2>Successful ski holidays in the Northern Alps<\/h2>\n<p>The biggest meeting of the winter is the ski holiday season ! Yes but not in any mountains. The northern Alps are the perfect destination. Beautiful slopes, cozy hotels with amazing views on the mountain peaks, evening by the fireplace enjoying a nice fondue and many more typical moments to share with your friends and family. In Savoy, all ingredients are reunited to make your ski holidays the best ever !<\/p>\n<h2>A comfy mountain stay in a typical Northern Alps hotel<\/h2>\n<p>You love having your holidays in the mountains ? You love staying in a hotel ? You wish you could take your whole family at the feet of the slopes to make them discover the pleasure of a mountain holiday ? You love the \u201call inclusive\u201d vacation concept where the only thing you have to do is to rest ? Well, discover the 2 Les Balcons Hotels, all located in the Northern Alps : The Les Balcons Village*** Hotel in Belle Plagne and the Alparena**** &amp; Spa Hotel in La Rosi\u00e8re<\/p>\n<p>In Les Balcons, we care very much about your expectations. That\u2019s why we decided to establish our hotels in La Rosi\u00e8re and La Plagne to give you a unique experience. You love the calm of a nice family friendly ski station ? You want to discover the biggest ski domain of France ? You love to meet new people and go out at night after your day on the slopes ? You prefer discovering the area and enjoy protected landscapes ? Whatever your needs are, the two les Balcons hotel will fit your needs perfectly. 2 Northern Alps station, 2 atmosphere, 2 decorative styles but the same level of expectation and quality in a matter of service. To help you decide, here are a few complementary informations about the two hotels listed above.<\/p>\n<h3>Les Balcons Village*** Hotel of Belle Plagne<\/h3>\n<p>Constructed on the heights of the Belle Plagne station with a ski-in, ski-out location, the Les Balcons Village*** Hotel is entirely built with wood in the respect of the Savoy traditions. You will love its authenticity, its chalet and cocooning atmosphere.<\/p>\n<p>41 rooms with a beautiful view, all equipped with a bathroom with a hydrotherapy bathtub (a few are equipped with a shower). For you to enjoy a nice family trip, the hotel has 4 family rooms and 4 communicating rooms. For a relaxing stay or to unwind after a long day skiing, enjoy the Les Balcons de Belle Plagne Residence\u2019s spa, at just 50m of your hotel. More than 430m\u00b2 dedicated to your well-being: Swimming pool with a beautiful view on the mountains, hot tu, sauna, fitness room, and let\u2019s not forget the body and face treatments and massages by Thalgo.<br \/>\nAfter a long day spent on the slopes, enjoy the living room of the hotel with its fireplace by having a drink or playing pool. The evening will finish in the Auberge of Les Balcons de Belle Plagne where you will enjoy a traditional savoy cooking: fondue, pierrade, raclette.<\/p>\n<h3>Alparena**** &amp; Spa Hotel in La Rosi\u00e8re<\/h3>\n<p>Staying in the Alparena**** &amp; Spa hotel, it\u2019s living the experience of the peaceful and luxurious mountain. Idealy located at the feet of the slopes, the hotel has 85 rooms and suites (from 25m\u00b2 to 110m\u00b2) with amazing views on the mountains. The rooms offer a warm mix between the mountain like decoration and design and contemporary touch. The rooms and suites are fully equipped to make sure your stay will be high range.<br \/>\nAfter a long day skiing, you will love to relax in the spa. A 1000m\u00b2 temple dedicated to your well being: Swimming-pool, hammams, japanese baths, nordic bath on the terrace. And let\u2019s not forget the 4 treatments room for all the Thalgo massages and treatments and the fitness area.<\/p>\n<p>The Alparena**** &amp; Spa hotel is also offering a true culinary experience. The Solario and its panoramic terrace is the perfect place for your ski day lunches. At night, the Alpagio is offering an inspired cooking, based on fresh and revisited flavors.<br \/>\nFinaly, the ski service team, on the ground floor of the hotel, will advise you and put at your disposal the best equipment, tailored to your needs and level of winter sports practice: Alpine ski, cross country skiing, snowboarding, shoes between a large range of famous brands.<\/p>\n<p>Have you made your choice ? Are you more of a 100% wood kind of hotel lover ? Or more of a contemporary and luxurious kind of hotel ?<\/p>\n<p>Make your life even more easy and book your room or suite now with Les Balcons.<br \/>\nFor more information on your mountain stay with Les Balcons, do not hesitate to contact our Reservation Center. Depending on your budget and your expectation, our team will be able to advise you and help you organize your stay in one of our Northern Alps hotels.<\/p>\n<p>Book now your hotel room in Savoy<\/p>\n<p>&nbsp;<\/p>\n<h4 style=\"text-align: center;\"><strong>By ski resort :<\/strong> <a href=\"https:\/\/www.les-balcons.com\/en\/accommodation\/hotel-alparena\/\">La Rosi\u00e8re<\/a> | &nbsp;<a href=\"https:\/\/www.les-balcons.com\/en\/accommodation\/hotel-les-balcons-village\/\">La Plagne<\/a><\/h4>\n","protected":false},"excerpt":{"rendered":"<p>Successful ski holidays in the Northern Alps The biggest meeting of the winter is the ski holiday season ! Yes but not in any mountains. The northern Alps are the perfect destination. Beautiful slopes, cozy hotels with amazing views on the mountain peaks, evening by the fireplace enjoying a nice fondue and many more typical [&hellip;]<\/p>\n","protected":false},"author":2,"featured_media":0,"parent":0,"menu_order":0,"comment_status":"closed","ping_status":"closed","template":"template-heberegements-filtres.php","meta":{"_acf_changed":false,"_uag_custom_page_level_css":"","footnotes":""},"class_list":["post-13200","page","type-page","status-publish","hentry"],"acf":[],"yoast_head":"<!-- This site is optimized with the Yoast SEO plugin v27.5 - https:\/\/yoast.com\/product\/yoast-seo-wordpress\/ -->\n<title>Northern Alps Hotel rental - Short or long stay ski holidays<\/title>\n<meta name=\"description\" content=\"Your comfortable mountain stay in typical hotels, exceptional locations, many services, hotels at the foot of the slopes\" \/>\n<meta name=\"robots\" content=\"index, follow, max-snippet:-1, max-image-preview:large, max-video-preview:-1\" \/>\n<link rel=\"canonical\" href=\"https:\/\/www.les-balcons.com\/en\/northern-alps-hotel\/\" \/>\n<meta property=\"og:locale\" content=\"en_US\" \/>\n<meta property=\"og:type\" content=\"article\" \/>\n<meta property=\"og:title\" content=\"Northern Alps Hotel rental - Short or long stay ski holidays\" \/>\n<meta property=\"og:description\" content=\"Your comfortable mountain stay in typical hotels, exceptional locations, many services, hotels at the foot of the slopes\" \/>\n<meta property=\"og:url\" content=\"https:\/\/www.les-balcons.com\/en\/northern-alps-hotel\/\" \/>\n<meta property=\"og:site_name\" content=\"Les Balcons \u2013 R\u00e9sidences et s\u00e9jours Alpes du Nord\" \/>\n<meta property=\"article:modified_time\" content=\"2024-08-27T11:56:18+00:00\" \/>\n<meta name=\"twitter:card\" content=\"summary_large_image\" \/>\n<meta name=\"twitter:label1\" content=\"Est. reading time\" \/>\n\t<meta name=\"twitter:data1\" content=\"5 minutes\" \/>\n<script type=\"application\/ld+json\" class=\"yoast-schema-graph\">{\"@context\":\"https:\\\/\\\/schema.org\",\"@graph\":[{\"@type\":\"WebPage\",\"@id\":\"https:\\\/\\\/www.les-balcons.com\\\/en\\\/northern-alps-hotel\\\/\",\"url\":\"https:\\\/\\\/www.les-balcons.com\\\/en\\\/northern-alps-hotel\\\/\",\"name\":\"Northern Alps Hotel rental - Short or long stay ski holidays\",\"isPartOf\":{\"@id\":\"https:\\\/\\\/www.les-balcons.com\\\/en\\\/#website\"},\"datePublished\":\"2020-09-04T08:53:22+00:00\",\"dateModified\":\"2024-08-27T11:56:18+00:00\",\"description\":\"Your comfortable mountain stay in typical hotels, exceptional locations, many services, hotels at the foot of the slopes\",\"breadcrumb\":{\"@id\":\"https:\\\/\\\/www.les-balcons.com\\\/en\\\/northern-alps-hotel\\\/#breadcrumb\"},\"inLanguage\":\"en-US\",\"potentialAction\":[{\"@type\":\"ReadAction\",\"target\":[\"https:\\\/\\\/www.les-balcons.com\\\/en\\\/northern-alps-hotel\\\/\"]}]},{\"@type\":\"BreadcrumbList\",\"@id\":\"https:\\\/\\\/www.les-balcons.com\\\/en\\\/northern-alps-hotel\\\/#breadcrumb\",\"itemListElement\":[{\"@type\":\"ListItem\",\"position\":1,\"name\":\"Homepage\",\"item\":\"https:\\\/\\\/www.les-balcons.com\\\/en\\\/fr\\\/\"},{\"@type\":\"ListItem\",\"position\":2,\"name\":\"Northern Alps Hotel\"}]},{\"@type\":\"WebSite\",\"@id\":\"https:\\\/\\\/www.les-balcons.com\\\/en\\\/#website\",\"url\":\"https:\\\/\\\/www.les-balcons.com\\\/en\\\/\",\"name\":\"Les Balcons \u2013 R\u00e9sidences et s\u00e9jours Alpes du Nord\",\"description\":\"10 \u00e9tablissements, H\u00f4tel et R\u00e9sidences pour vos vacances \u00e0 la montagne\",\"publisher\":{\"@id\":\"https:\\\/\\\/www.les-balcons.com\\\/en\\\/#organization\"},\"potentialAction\":[{\"@type\":\"SearchAction\",\"target\":{\"@type\":\"EntryPoint\",\"urlTemplate\":\"https:\\\/\\\/www.les-balcons.com\\\/en\\\/?s={search_term_string}\"},\"query-input\":{\"@type\":\"PropertyValueSpecification\",\"valueRequired\":true,\"valueName\":\"search_term_string\"}}],\"inLanguage\":\"en-US\"},{\"@type\":\"Organization\",\"@id\":\"https:\\\/\\\/www.les-balcons.com\\\/en\\\/#organization\",\"name\":\"Les Balcons\",\"url\":\"https:\\\/\\\/www.les-balcons.com\\\/en\\\/\",\"logo\":{\"@type\":\"ImageObject\",\"inLanguage\":\"en-US\",\"@id\":\"https:\\\/\\\/www.les-balcons.com\\\/en\\\/#\\\/schema\\\/logo\\\/image\\\/\",\"url\":\"https:\\\/\\\/les-balcons.com\\\/wp-content\\\/uploads\\\/communs\\\/logos-et-gammes\\\/logo-les-balcons-base.png\",\"contentUrl\":\"https:\\\/\\\/les-balcons.com\\\/wp-content\\\/uploads\\\/communs\\\/logos-et-gammes\\\/logo-les-balcons-base.png\",\"width\":3508,\"height\":2481,\"caption\":\"Les Balcons\"},\"image\":{\"@id\":\"https:\\\/\\\/www.les-balcons.com\\\/en\\\/#\\\/schema\\\/logo\\\/image\\\/\"}}]}<\/script>\n<!-- \/ Yoast SEO plugin. -->","yoast_head_json":{"title":"Northern Alps Hotel rental - Short or long stay ski holidays","description":"Your comfortable mountain stay in typical hotels, exceptional locations, many services, hotels at the foot of the slopes","robots":{"index":"index","follow":"follow","max-snippet":"max-snippet:-1","max-image-preview":"max-image-preview:large","max-video-preview":"max-video-preview:-1"},"canonical":"https:\/\/www.les-balcons.com\/en\/northern-alps-hotel\/","og_locale":"en_US","og_type":"article","og_title":"Northern Alps Hotel rental - Short or long stay ski holidays","og_description":"Your comfortable mountain stay in typical hotels, exceptional locations, many services, hotels at the foot of the slopes","og_url":"https:\/\/www.les-balcons.com\/en\/northern-alps-hotel\/","og_site_name":"Les Balcons \u2013 R\u00e9sidences et s\u00e9jours Alpes du Nord","article_modified_time":"2024-08-27T11:56:18+00:00","twitter_card":"summary_large_image","twitter_misc":{"Est. reading time":"5 minutes"},"schema":{"@context":"https:\/\/schema.org","@graph":[{"@type":"WebPage","@id":"https:\/\/www.les-balcons.com\/en\/northern-alps-hotel\/","url":"https:\/\/www.les-balcons.com\/en\/northern-alps-hotel\/","name":"Northern Alps Hotel rental - Short or long stay ski holidays","isPartOf":{"@id":"https:\/\/www.les-balcons.com\/en\/#website"},"datePublished":"2020-09-04T08:53:22+00:00","dateModified":"2024-08-27T11:56:18+00:00","description":"Your comfortable mountain stay in typical hotels, exceptional locations, many services, hotels at the foot of the slopes","breadcrumb":{"@id":"https:\/\/www.les-balcons.com\/en\/northern-alps-hotel\/#breadcrumb"},"inLanguage":"en-US","potentialAction":[{"@type":"ReadAction","target":["https:\/\/www.les-balcons.com\/en\/northern-alps-hotel\/"]}]},{"@type":"BreadcrumbList","@id":"https:\/\/www.les-balcons.com\/en\/northern-alps-hotel\/#breadcrumb","itemListElement":[{"@type":"ListItem","position":1,"name":"Homepage","item":"https:\/\/www.les-balcons.com\/en\/fr\/"},{"@type":"ListItem","position":2,"name":"Northern Alps Hotel"}]},{"@type":"WebSite","@id":"https:\/\/www.les-balcons.com\/en\/#website","url":"https:\/\/www.les-balcons.com\/en\/","name":"Les Balcons \u2013 R\u00e9sidences et s\u00e9jours Alpes du Nord","description":"10 \u00e9tablissements, H\u00f4tel et R\u00e9sidences pour vos vacances \u00e0 la montagne","publisher":{"@id":"https:\/\/www.les-balcons.com\/en\/#organization"},"potentialAction":[{"@type":"SearchAction","target":{"@type":"EntryPoint","urlTemplate":"https:\/\/www.les-balcons.com\/en\/?s={search_term_string}"},"query-input":{"@type":"PropertyValueSpecification","valueRequired":true,"valueName":"search_term_string"}}],"inLanguage":"en-US"},{"@type":"Organization","@id":"https:\/\/www.les-balcons.com\/en\/#organization","name":"Les Balcons","url":"https:\/\/www.les-balcons.com\/en\/","logo":{"@type":"ImageObject","inLanguage":"en-US","@id":"https:\/\/www.les-balcons.com\/en\/#\/schema\/logo\/image\/","url":"https:\/\/les-balcons.com\/wp-content\/uploads\/communs\/logos-et-gammes\/logo-les-balcons-base.png","contentUrl":"https:\/\/les-balcons.com\/wp-content\/uploads\/communs\/logos-et-gammes\/logo-les-balcons-base.png","width":3508,"height":2481,"caption":"Les Balcons"},"image":{"@id":"https:\/\/www.les-balcons.com\/en\/#\/schema\/logo\/image\/"}}]}},"uagb_featured_image_src":{"full":false,"thumbnail":false,"medium":false,"medium_large":false,"large":false,"1536x1536":false,"2048x2048":false,"size-365x220":false},"uagb_author_info":{"display_name":"admin_balcons","author_link":"https:\/\/www.les-balcons.com\/en\/author\/admin_balcons\/"},"uagb_comment_info":0,"uagb_excerpt":"Successful ski holidays in the Northern Alps The biggest meeting of the winter is the ski holiday season ! Yes but not in any mountains. The northern Alps are the perfect destination. Beautiful slopes, cozy hotels with amazing views on the mountain peaks, evening by the fireplace enjoying a nice fondue and many more typical&hellip;","post_mailing_queue_ids":[],"_links":{"self":[{"href":"https:\/\/www.les-balcons.com\/en\/wp-json\/wp\/v2\/pages\/13200","targetHints":{"allow":["GET"]}}],"collection":[{"href":"https:\/\/www.les-balcons.com\/en\/wp-json\/wp\/v2\/pages"}],"about":[{"href":"https:\/\/www.les-balcons.com\/en\/wp-json\/wp\/v2\/types\/page"}],"author":[{"embeddable":true,"href":"https:\/\/www.les-balcons.com\/en\/wp-json\/wp\/v2\/users\/2"}],"replies":[{"embeddable":true,"href":"https:\/\/www.les-balcons.com\/en\/wp-json\/wp\/v2\/comments?post=13200"}],"version-history":[{"count":0,"href":"https:\/\/www.les-balcons.com\/en\/wp-json\/wp\/v2\/pages\/13200\/revisions"}],"wp:attachment":[{"href":"https:\/\/www.les-balcons.com\/en\/wp-json\/wp\/v2\/media?parent=13200"}],"curies":[{"name":"wp","href":"https:\/\/api.w.org\/{rel}","templated":true}]}}