{"id":13198,"date":"2020-09-04T08:59:49","date_gmt":"2020-09-04T08:59:49","guid":{"rendered":"https:\/\/www.les-balcons.com\/residence-val-thorens\/"},"modified":"2024-08-27T12:19:18","modified_gmt":"2024-08-27T12:19:18","slug":"val-thorens-residence","status":"publish","type":"page","link":"https:\/\/www.les-balcons.com\/en\/val-thorens-residence\/","title":{"rendered":"Val Thorens Residence"},"content":{"rendered":"<p>Go higher and choose a stay in one of our residence in Val Thorens ! High at 2300m of altitude, Val Thorens is the highest european ski station. It will make every ski and snowboard enthusiast happy and the families will love its dozen activities. To enjoy it fully, Les Balcons are offering many kinds of holiday rentals.<\/p>\n<h2>Stay in a Les Balcons de Val Thorens residence<\/h2>\n<p>Les Balcons are making your ski trip easier by offering residence that fit all kinds of needs and budget. Stay in an apartment for 2 or for 16 persons at the feet of the slopes and enjoy the true experience of a ski-in ski-out resort.<\/p>\n<p>Jump on your skis at the exit of your residence and enjoy amazing landscapes like the P\u00e9clet glacier or the beautiful Cime Caron. After a long day skiing, all the foodies will enjoy the traditional savoy cooking in one of the Les Balcons restaurants.<br \/>\nHere is a description of the Les Balcons residence and its services :<\/p>\n<h3>The Val Chavi\u00e8re residence<\/h3>\n<p>The Val Chavi\u00e8re residence is welcoming you in its comfy apartments that can welcome up to 14 persons, for your ski vacation in the heart of the Val Thorens station. Sometimes equipped with private saunas, the apartments allow you to make successful big family get together.<\/p>\n<h3>The Les Balcons de Val Thorens residence<\/h3>\n<p>With its exceptional view, Les Balcons residence put at your disposal a wide range of comfy and large apartments. Ideal for your stay with your significant other or with your family, the residence is ideally located in the station. Restaurants and shops are very close, but you also have a big asset\u2026 The spa ! With its panoramic view on the station, its swimming pool, its two hot tubs, its kid pool, fitness center, sauna and hammam are welcoming you for a nice relaxing moment after a long day skiing. You can also enjoy a massage by Thalgo in one of our treatment rooms.<\/p>\n<h3>Les Balcons Platinium*****<\/h3>\n<p>You want a high range stay ? Les Balcons Platinium***** residence is welcoming you for your family stay or with friends. With their beautiful views on the mountains and their nice sun exposure, the apartments all have a nice and warm atmosphere. The stove in the living-room gives the apartment atmosphere for your evening with your friends. You will love the quietness of the place and the services and shops around : Bars, restaurants, skishops, wellness area and mini market.<\/p>\n<h4>Enjoy a nice ski holiday in one of the Les Balcons Residence<\/h4>\n<p>Discover our many kinds of accommodation by Les Balcons in Val Thorens : Choose between our different kinds of accommodation for your family holidays or with your friends. To make the booking even simpler, do not hesitate to reach out to our reservation service so they can help you with the booking of an all inclusive accommodation : Half-board, ski material rental, ski passes, ski lessons.<\/p>\n<p>With Les Balcons, make your life easier !<\/p>\n<hr \/>\n<h5 style=\"text-align: center;\"><a href=\"https:\/\/www.les-balcons.com\/en\/accommodation-rental-val-thorens\/\" data-wplink-edit=\"true\">See all accommodations in Val Thorens<\/a><\/h5>\n<hr \/>\n","protected":false},"excerpt":{"rendered":"<p>Go higher and choose a stay in one of our residence in Val Thorens ! High at 2300m of altitude, Val Thorens is the highest european ski station. It will make every ski and snowboard enthusiast happy and the families will love its dozen activities. To enjoy it fully, Les Balcons are offering many kinds [&hellip;]<\/p>\n","protected":false},"author":2,"featured_media":0,"parent":0,"menu_order":0,"comment_status":"closed","ping_status":"closed","template":"template-heberegements-filtres.php","meta":{"_acf_changed":false,"_uag_custom_page_level_css":"","footnotes":""},"class_list":["post-13198","page","type-page","status-publish","hentry"],"acf":[],"yoast_head":"<!-- This site is optimized with the Yoast SEO plugin v27.5 - https:\/\/yoast.com\/product\/yoast-seo-wordpress\/ -->\n<title>Val Thorens Residence - Winter holidays mountains - ski accommodation<\/title>\n<meta name=\"description\" content=\"Amoureux de ski, Val Thorens et son domaine skiable, profitez de votre s\u00e9jour en r\u00e9sidences aux pieds des pistes avec vue exceptionnelle\" \/>\n<meta name=\"robots\" content=\"index, follow, max-snippet:-1, max-image-preview:large, max-video-preview:-1\" \/>\n<link rel=\"canonical\" href=\"https:\/\/www.les-balcons.com\/en\/val-thorens-residence\/\" \/>\n<meta property=\"og:locale\" content=\"en_US\" \/>\n<meta property=\"og:type\" content=\"article\" \/>\n<meta property=\"og:title\" content=\"Val Thorens Residence - Winter holidays mountains - ski accommodation\" \/>\n<meta property=\"og:description\" content=\"Amoureux de ski, Val Thorens et son domaine skiable, profitez de votre s\u00e9jour en r\u00e9sidences aux pieds des pistes avec vue exceptionnelle\" \/>\n<meta property=\"og:url\" content=\"https:\/\/www.les-balcons.com\/en\/val-thorens-residence\/\" \/>\n<meta property=\"og:site_name\" content=\"Les Balcons \u2013 R\u00e9sidences et s\u00e9jours Alpes du Nord\" \/>\n<meta property=\"article:modified_time\" content=\"2024-08-27T12:19:18+00:00\" \/>\n<meta name=\"twitter:card\" content=\"summary_large_image\" \/>\n<meta name=\"twitter:label1\" content=\"Est. reading time\" \/>\n\t<meta name=\"twitter:data1\" content=\"3 minutes\" \/>\n<script type=\"application\/ld+json\" class=\"yoast-schema-graph\">{\"@context\":\"https:\\\/\\\/schema.org\",\"@graph\":[{\"@type\":\"WebPage\",\"@id\":\"https:\\\/\\\/www.les-balcons.com\\\/en\\\/val-thorens-residence\\\/\",\"url\":\"https:\\\/\\\/www.les-balcons.com\\\/en\\\/val-thorens-residence\\\/\",\"name\":\"Val Thorens Residence - Winter holidays mountains - ski accommodation\",\"isPartOf\":{\"@id\":\"https:\\\/\\\/www.les-balcons.com\\\/en\\\/#website\"},\"datePublished\":\"2020-09-04T08:59:49+00:00\",\"dateModified\":\"2024-08-27T12:19:18+00:00\",\"description\":\"Amoureux de ski, Val Thorens et son domaine skiable, profitez de votre s\u00e9jour en r\u00e9sidences aux pieds des pistes avec vue exceptionnelle\",\"breadcrumb\":{\"@id\":\"https:\\\/\\\/www.les-balcons.com\\\/en\\\/val-thorens-residence\\\/#breadcrumb\"},\"inLanguage\":\"en-US\",\"potentialAction\":[{\"@type\":\"ReadAction\",\"target\":[\"https:\\\/\\\/www.les-balcons.com\\\/en\\\/val-thorens-residence\\\/\"]}]},{\"@type\":\"BreadcrumbList\",\"@id\":\"https:\\\/\\\/www.les-balcons.com\\\/en\\\/val-thorens-residence\\\/#breadcrumb\",\"itemListElement\":[{\"@type\":\"ListItem\",\"position\":1,\"name\":\"Homepage\",\"item\":\"https:\\\/\\\/www.les-balcons.com\\\/en\\\/fr\\\/\"},{\"@type\":\"ListItem\",\"position\":2,\"name\":\"Val Thorens Residence\"}]},{\"@type\":\"WebSite\",\"@id\":\"https:\\\/\\\/www.les-balcons.com\\\/en\\\/#website\",\"url\":\"https:\\\/\\\/www.les-balcons.com\\\/en\\\/\",\"name\":\"Les Balcons \u2013 R\u00e9sidences et s\u00e9jours Alpes du Nord\",\"description\":\"10 \u00e9tablissements, H\u00f4tel et R\u00e9sidences pour vos vacances \u00e0 la montagne\",\"publisher\":{\"@id\":\"https:\\\/\\\/www.les-balcons.com\\\/en\\\/#organization\"},\"potentialAction\":[{\"@type\":\"SearchAction\",\"target\":{\"@type\":\"EntryPoint\",\"urlTemplate\":\"https:\\\/\\\/www.les-balcons.com\\\/en\\\/?s={search_term_string}\"},\"query-input\":{\"@type\":\"PropertyValueSpecification\",\"valueRequired\":true,\"valueName\":\"search_term_string\"}}],\"inLanguage\":\"en-US\"},{\"@type\":\"Organization\",\"@id\":\"https:\\\/\\\/www.les-balcons.com\\\/en\\\/#organization\",\"name\":\"Les Balcons\",\"url\":\"https:\\\/\\\/www.les-balcons.com\\\/en\\\/\",\"logo\":{\"@type\":\"ImageObject\",\"inLanguage\":\"en-US\",\"@id\":\"https:\\\/\\\/www.les-balcons.com\\\/en\\\/#\\\/schema\\\/logo\\\/image\\\/\",\"url\":\"https:\\\/\\\/les-balcons.com\\\/wp-content\\\/uploads\\\/communs\\\/logos-et-gammes\\\/logo-les-balcons-base.png\",\"contentUrl\":\"https:\\\/\\\/les-balcons.com\\\/wp-content\\\/uploads\\\/communs\\\/logos-et-gammes\\\/logo-les-balcons-base.png\",\"width\":3508,\"height\":2481,\"caption\":\"Les Balcons\"},\"image\":{\"@id\":\"https:\\\/\\\/www.les-balcons.com\\\/en\\\/#\\\/schema\\\/logo\\\/image\\\/\"}}]}<\/script>\n<!-- \/ Yoast SEO plugin. -->","yoast_head_json":{"title":"Val Thorens Residence - Winter holidays mountains - ski accommodation","description":"Amoureux de ski, Val Thorens et son domaine skiable, profitez de votre s\u00e9jour en r\u00e9sidences aux pieds des pistes avec vue exceptionnelle","robots":{"index":"index","follow":"follow","max-snippet":"max-snippet:-1","max-image-preview":"max-image-preview:large","max-video-preview":"max-video-preview:-1"},"canonical":"https:\/\/www.les-balcons.com\/en\/val-thorens-residence\/","og_locale":"en_US","og_type":"article","og_title":"Val Thorens Residence - Winter holidays mountains - ski accommodation","og_description":"Amoureux de ski, Val Thorens et son domaine skiable, profitez de votre s\u00e9jour en r\u00e9sidences aux pieds des pistes avec vue exceptionnelle","og_url":"https:\/\/www.les-balcons.com\/en\/val-thorens-residence\/","og_site_name":"Les Balcons \u2013 R\u00e9sidences et s\u00e9jours Alpes du Nord","article_modified_time":"2024-08-27T12:19:18+00:00","twitter_card":"summary_large_image","twitter_misc":{"Est. reading time":"3 minutes"},"schema":{"@context":"https:\/\/schema.org","@graph":[{"@type":"WebPage","@id":"https:\/\/www.les-balcons.com\/en\/val-thorens-residence\/","url":"https:\/\/www.les-balcons.com\/en\/val-thorens-residence\/","name":"Val Thorens Residence - Winter holidays mountains - ski accommodation","isPartOf":{"@id":"https:\/\/www.les-balcons.com\/en\/#website"},"datePublished":"2020-09-04T08:59:49+00:00","dateModified":"2024-08-27T12:19:18+00:00","description":"Amoureux de ski, Val Thorens et son domaine skiable, profitez de votre s\u00e9jour en r\u00e9sidences aux pieds des pistes avec vue exceptionnelle","breadcrumb":{"@id":"https:\/\/www.les-balcons.com\/en\/val-thorens-residence\/#breadcrumb"},"inLanguage":"en-US","potentialAction":[{"@type":"ReadAction","target":["https:\/\/www.les-balcons.com\/en\/val-thorens-residence\/"]}]},{"@type":"BreadcrumbList","@id":"https:\/\/www.les-balcons.com\/en\/val-thorens-residence\/#breadcrumb","itemListElement":[{"@type":"ListItem","position":1,"name":"Homepage","item":"https:\/\/www.les-balcons.com\/en\/fr\/"},{"@type":"ListItem","position":2,"name":"Val Thorens Residence"}]},{"@type":"WebSite","@id":"https:\/\/www.les-balcons.com\/en\/#website","url":"https:\/\/www.les-balcons.com\/en\/","name":"Les Balcons \u2013 R\u00e9sidences et s\u00e9jours Alpes du Nord","description":"10 \u00e9tablissements, H\u00f4tel et R\u00e9sidences pour vos vacances \u00e0 la montagne","publisher":{"@id":"https:\/\/www.les-balcons.com\/en\/#organization"},"potentialAction":[{"@type":"SearchAction","target":{"@type":"EntryPoint","urlTemplate":"https:\/\/www.les-balcons.com\/en\/?s={search_term_string}"},"query-input":{"@type":"PropertyValueSpecification","valueRequired":true,"valueName":"search_term_string"}}],"inLanguage":"en-US"},{"@type":"Organization","@id":"https:\/\/www.les-balcons.com\/en\/#organization","name":"Les Balcons","url":"https:\/\/www.les-balcons.com\/en\/","logo":{"@type":"ImageObject","inLanguage":"en-US","@id":"https:\/\/www.les-balcons.com\/en\/#\/schema\/logo\/image\/","url":"https:\/\/les-balcons.com\/wp-content\/uploads\/communs\/logos-et-gammes\/logo-les-balcons-base.png","contentUrl":"https:\/\/les-balcons.com\/wp-content\/uploads\/communs\/logos-et-gammes\/logo-les-balcons-base.png","width":3508,"height":2481,"caption":"Les Balcons"},"image":{"@id":"https:\/\/www.les-balcons.com\/en\/#\/schema\/logo\/image\/"}}]}},"uagb_featured_image_src":{"full":false,"thumbnail":false,"medium":false,"medium_large":false,"large":false,"1536x1536":false,"2048x2048":false,"size-365x220":false},"uagb_author_info":{"display_name":"admin_balcons","author_link":"https:\/\/www.les-balcons.com\/en\/author\/admin_balcons\/"},"uagb_comment_info":0,"uagb_excerpt":"Go higher and choose a stay in one of our residence in Val Thorens ! High at 2300m of altitude, Val Thorens is the highest european ski station. It will make every ski and snowboard enthusiast happy and the families will love its dozen activities. To enjoy it fully, Les Balcons are offering many kinds&hellip;","post_mailing_queue_ids":[],"_links":{"self":[{"href":"https:\/\/www.les-balcons.com\/en\/wp-json\/wp\/v2\/pages\/13198","targetHints":{"allow":["GET"]}}],"collection":[{"href":"https:\/\/www.les-balcons.com\/en\/wp-json\/wp\/v2\/pages"}],"about":[{"href":"https:\/\/www.les-balcons.com\/en\/wp-json\/wp\/v2\/types\/page"}],"author":[{"embeddable":true,"href":"https:\/\/www.les-balcons.com\/en\/wp-json\/wp\/v2\/users\/2"}],"replies":[{"embeddable":true,"href":"https:\/\/www.les-balcons.com\/en\/wp-json\/wp\/v2\/comments?post=13198"}],"version-history":[{"count":0,"href":"https:\/\/www.les-balcons.com\/en\/wp-json\/wp\/v2\/pages\/13198\/revisions"}],"wp:attachment":[{"href":"https:\/\/www.les-balcons.com\/en\/wp-json\/wp\/v2\/media?parent=13198"}],"curies":[{"name":"wp","href":"https:\/\/api.w.org\/{rel}","templated":true}]}}