{"id":13194,"date":"2020-09-04T09:01:02","date_gmt":"2020-09-04T09:01:02","guid":{"rendered":"https:\/\/www.les-balcons.com\/chalet-val-thorens\/"},"modified":"2024-08-27T10:11:06","modified_gmt":"2024-08-27T10:11:06","slug":"val-thorens-chalet","status":"publish","type":"page","link":"https:\/\/www.les-balcons.com\/en\/val-thorens-chalet\/","title":{"rendered":"Val Thorens Chalet"},"content":{"rendered":"<p>You\u2019re going for Val Thorens this winter ? One thing is sure, you\u2019re gonna make some jealous ! Book your chalet with Les Balcons de Val Thorens and benefit from discounted prices and quality services !<\/p>\n<h2>Offering yourself a chalet vacation in Val Thorens<\/h2>\n<p>Val Thorens is an altitude station that opens its gate very soon in the ski season. Starting at mid-november, you can taste the first snow ! In December, winter is already well installed and there are still chalets to rent, even at the last minute! The Christmas markets are up all December, so you would want to enjoy it ! To have a nice christmas in Val Thorens, let yourself get tempted by a chalet stay and an unforgettable Christmas stay. In Val Thorens, the children are amazed by the entertainment and concerts. New Years Eve is also a great moment. Participate in the torch light ski session and try the dance !<\/p>\n<p>Located in the heart of the mountains, the station offers the ability to ski on the exceptional domain of the Three Valley. Your ski stay in Val Thorens will allow you to enjoy with your family numerous activities.<\/p>\n<p>On the accommodation side, Les Balcons are offering chalets where you will find the warm atmosphere of the traditional Savoy housing : Wood, stone, warm colors. Located on the heights of Val Thorens, the chalet has a balcony to give you nice views of the mountains. 3 chalets, 3 kinds of accommodations that fit every needs and every budget.<\/p>\n<h3>Val Chavi\u00e8re Chalet<\/h3>\n<p>Located on the heart of Val Thorens and close to the slopes, this chalet residence has warm apartments that can welcome up to 14 persons, which some are equipped with a private sauna.<\/p>\n<h3>Les Balcons de Val Thorens Chalet<\/h3>\n<p>Benefiting from a panoramic view on the mountains, the 6 chalets of Les Balcons de Val Thorens**** residence are offering a wide range of spacious apartments, comfy and adapted for all kinds of stay. (from 2 to 16 persons)<\/p>\n<h3>Les Balcons Platinium***** Chalet<\/h3>\n<p>Live a high range stay in the Les Balcons Platinium Chalet. It benefits from a maximum sun exposure and a clear view on the mountains. Wide, comfy and warm, the apartments are perfect for luxurious holidays that still feel like home.<\/p>\n<h4>A Chalet with quality services<\/h4>\n<p>After a long day skiing, you will love to unwind at the spa with its panoramic view. A 600m\u00b2 space dedicated to your wellness : Two hot tubs, swimming pool, kid pool, fitness center, sauna, hammam, 2 resting areas and Thalgo treatments and massage rooms. If you choose the half board, you will have to choose between two restaurants : The Chalet and the Auberge<\/p>\n<h4>Book an all inclusive stay at the best prices with Les Balcons<\/h4>\n<p>Each winter, the ski lovers and ski enthusiasts are waiting impatiently for the first snow. To make you ski holiday an unforgettable moment, choose the accommodation and the ski stay that fit you the most. You love all inclusive ski trips ? Discover our ski stay with meals, ski passes and ski rental included.<\/p>\n<p>You\u2019ve never had a simpler vacation to organize thanks to Les Balcons ! Don\u2019t wait anymore and book now your chalet with Les Balcons in Val Thorens<\/p>\n<hr>\n<h5 style=\"text-align: center;\"><a href=\"https:\/\/www.les-balcons.com\/en\/accommodation-rental-val-thorens\">See all accommodations in Val Thorens<\/a><\/h5>\n<hr>\n","protected":false},"excerpt":{"rendered":"<p>You\u2019re going for Val Thorens this winter ? One thing is sure, you\u2019re gonna make some jealous ! Book your chalet with Les Balcons de Val Thorens and benefit from discounted prices and quality services ! Offering yourself a chalet vacation in Val Thorens Val Thorens is an altitude station that opens its gate very [&hellip;]<\/p>\n","protected":false},"author":2,"featured_media":0,"parent":0,"menu_order":0,"comment_status":"closed","ping_status":"closed","template":"template-heberegements-filtres.php","meta":{"_acf_changed":false,"_uag_custom_page_level_css":"","footnotes":""},"class_list":["post-13194","page","type-page","status-publish","hentry"],"acf":[],"yoast_head":"<!-- This site is optimized with the Yoast SEO plugin v27.5 - https:\/\/yoast.com\/product\/yoast-seo-wordpress\/ -->\n<title>Val Thorens Chalet Rental - Ski holidays and 3 valleys<\/title>\n<meta name=\"description\" content=\"A winter stay in the mountains in a comfortable chalet in Val Thorens, authentic Savoyard accommodation for couples, friends or family\" \/>\n<meta name=\"robots\" content=\"index, follow, max-snippet:-1, max-image-preview:large, max-video-preview:-1\" \/>\n<link rel=\"canonical\" href=\"https:\/\/www.les-balcons.com\/en\/val-thorens-chalet\/\" \/>\n<meta property=\"og:locale\" content=\"en_US\" \/>\n<meta property=\"og:type\" content=\"article\" \/>\n<meta property=\"og:title\" content=\"Val Thorens Chalet Rental - Ski holidays and 3 valleys\" \/>\n<meta property=\"og:description\" content=\"A winter stay in the mountains in a comfortable chalet in Val Thorens, authentic Savoyard accommodation for couples, friends or family\" \/>\n<meta property=\"og:url\" content=\"https:\/\/www.les-balcons.com\/en\/val-thorens-chalet\/\" \/>\n<meta property=\"og:site_name\" content=\"Les Balcons \u2013 R\u00e9sidences et s\u00e9jours Alpes du Nord\" \/>\n<meta property=\"article:modified_time\" content=\"2024-08-27T10:11:06+00:00\" \/>\n<meta name=\"twitter:card\" content=\"summary_large_image\" \/>\n<meta name=\"twitter:label1\" content=\"Est. reading time\" \/>\n\t<meta name=\"twitter:data1\" content=\"3 minutes\" \/>\n<script type=\"application\/ld+json\" class=\"yoast-schema-graph\">{\"@context\":\"https:\\\/\\\/schema.org\",\"@graph\":[{\"@type\":\"WebPage\",\"@id\":\"https:\\\/\\\/www.les-balcons.com\\\/en\\\/val-thorens-chalet\\\/\",\"url\":\"https:\\\/\\\/www.les-balcons.com\\\/en\\\/val-thorens-chalet\\\/\",\"name\":\"Val Thorens Chalet Rental - Ski holidays and 3 valleys\",\"isPartOf\":{\"@id\":\"https:\\\/\\\/www.les-balcons.com\\\/en\\\/#website\"},\"datePublished\":\"2020-09-04T09:01:02+00:00\",\"dateModified\":\"2024-08-27T10:11:06+00:00\",\"description\":\"A winter stay in the mountains in a comfortable chalet in Val Thorens, authentic Savoyard accommodation for couples, friends or family\",\"breadcrumb\":{\"@id\":\"https:\\\/\\\/www.les-balcons.com\\\/en\\\/val-thorens-chalet\\\/#breadcrumb\"},\"inLanguage\":\"en-US\",\"potentialAction\":[{\"@type\":\"ReadAction\",\"target\":[\"https:\\\/\\\/www.les-balcons.com\\\/en\\\/val-thorens-chalet\\\/\"]}]},{\"@type\":\"BreadcrumbList\",\"@id\":\"https:\\\/\\\/www.les-balcons.com\\\/en\\\/val-thorens-chalet\\\/#breadcrumb\",\"itemListElement\":[{\"@type\":\"ListItem\",\"position\":1,\"name\":\"Homepage\",\"item\":\"https:\\\/\\\/www.les-balcons.com\\\/en\\\/fr\\\/\"},{\"@type\":\"ListItem\",\"position\":2,\"name\":\"Val Thorens Chalet\"}]},{\"@type\":\"WebSite\",\"@id\":\"https:\\\/\\\/www.les-balcons.com\\\/en\\\/#website\",\"url\":\"https:\\\/\\\/www.les-balcons.com\\\/en\\\/\",\"name\":\"Les Balcons \u2013 R\u00e9sidences et s\u00e9jours Alpes du Nord\",\"description\":\"10 \u00e9tablissements, H\u00f4tel et R\u00e9sidences pour vos vacances \u00e0 la montagne\",\"publisher\":{\"@id\":\"https:\\\/\\\/www.les-balcons.com\\\/en\\\/#organization\"},\"potentialAction\":[{\"@type\":\"SearchAction\",\"target\":{\"@type\":\"EntryPoint\",\"urlTemplate\":\"https:\\\/\\\/www.les-balcons.com\\\/en\\\/?s={search_term_string}\"},\"query-input\":{\"@type\":\"PropertyValueSpecification\",\"valueRequired\":true,\"valueName\":\"search_term_string\"}}],\"inLanguage\":\"en-US\"},{\"@type\":\"Organization\",\"@id\":\"https:\\\/\\\/www.les-balcons.com\\\/en\\\/#organization\",\"name\":\"Les Balcons\",\"url\":\"https:\\\/\\\/www.les-balcons.com\\\/en\\\/\",\"logo\":{\"@type\":\"ImageObject\",\"inLanguage\":\"en-US\",\"@id\":\"https:\\\/\\\/www.les-balcons.com\\\/en\\\/#\\\/schema\\\/logo\\\/image\\\/\",\"url\":\"https:\\\/\\\/les-balcons.com\\\/wp-content\\\/uploads\\\/communs\\\/logos-et-gammes\\\/logo-les-balcons-base.png\",\"contentUrl\":\"https:\\\/\\\/les-balcons.com\\\/wp-content\\\/uploads\\\/communs\\\/logos-et-gammes\\\/logo-les-balcons-base.png\",\"width\":3508,\"height\":2481,\"caption\":\"Les Balcons\"},\"image\":{\"@id\":\"https:\\\/\\\/www.les-balcons.com\\\/en\\\/#\\\/schema\\\/logo\\\/image\\\/\"}}]}<\/script>\n<!-- \/ Yoast SEO plugin. -->","yoast_head_json":{"title":"Val Thorens Chalet Rental - Ski holidays and 3 valleys","description":"A winter stay in the mountains in a comfortable chalet in Val Thorens, authentic Savoyard accommodation for couples, friends or family","robots":{"index":"index","follow":"follow","max-snippet":"max-snippet:-1","max-image-preview":"max-image-preview:large","max-video-preview":"max-video-preview:-1"},"canonical":"https:\/\/www.les-balcons.com\/en\/val-thorens-chalet\/","og_locale":"en_US","og_type":"article","og_title":"Val Thorens Chalet Rental - Ski holidays and 3 valleys","og_description":"A winter stay in the mountains in a comfortable chalet in Val Thorens, authentic Savoyard accommodation for couples, friends or family","og_url":"https:\/\/www.les-balcons.com\/en\/val-thorens-chalet\/","og_site_name":"Les Balcons \u2013 R\u00e9sidences et s\u00e9jours Alpes du Nord","article_modified_time":"2024-08-27T10:11:06+00:00","twitter_card":"summary_large_image","twitter_misc":{"Est. reading time":"3 minutes"},"schema":{"@context":"https:\/\/schema.org","@graph":[{"@type":"WebPage","@id":"https:\/\/www.les-balcons.com\/en\/val-thorens-chalet\/","url":"https:\/\/www.les-balcons.com\/en\/val-thorens-chalet\/","name":"Val Thorens Chalet Rental - Ski holidays and 3 valleys","isPartOf":{"@id":"https:\/\/www.les-balcons.com\/en\/#website"},"datePublished":"2020-09-04T09:01:02+00:00","dateModified":"2024-08-27T10:11:06+00:00","description":"A winter stay in the mountains in a comfortable chalet in Val Thorens, authentic Savoyard accommodation for couples, friends or family","breadcrumb":{"@id":"https:\/\/www.les-balcons.com\/en\/val-thorens-chalet\/#breadcrumb"},"inLanguage":"en-US","potentialAction":[{"@type":"ReadAction","target":["https:\/\/www.les-balcons.com\/en\/val-thorens-chalet\/"]}]},{"@type":"BreadcrumbList","@id":"https:\/\/www.les-balcons.com\/en\/val-thorens-chalet\/#breadcrumb","itemListElement":[{"@type":"ListItem","position":1,"name":"Homepage","item":"https:\/\/www.les-balcons.com\/en\/fr\/"},{"@type":"ListItem","position":2,"name":"Val Thorens Chalet"}]},{"@type":"WebSite","@id":"https:\/\/www.les-balcons.com\/en\/#website","url":"https:\/\/www.les-balcons.com\/en\/","name":"Les Balcons \u2013 R\u00e9sidences et s\u00e9jours Alpes du Nord","description":"10 \u00e9tablissements, H\u00f4tel et R\u00e9sidences pour vos vacances \u00e0 la montagne","publisher":{"@id":"https:\/\/www.les-balcons.com\/en\/#organization"},"potentialAction":[{"@type":"SearchAction","target":{"@type":"EntryPoint","urlTemplate":"https:\/\/www.les-balcons.com\/en\/?s={search_term_string}"},"query-input":{"@type":"PropertyValueSpecification","valueRequired":true,"valueName":"search_term_string"}}],"inLanguage":"en-US"},{"@type":"Organization","@id":"https:\/\/www.les-balcons.com\/en\/#organization","name":"Les Balcons","url":"https:\/\/www.les-balcons.com\/en\/","logo":{"@type":"ImageObject","inLanguage":"en-US","@id":"https:\/\/www.les-balcons.com\/en\/#\/schema\/logo\/image\/","url":"https:\/\/les-balcons.com\/wp-content\/uploads\/communs\/logos-et-gammes\/logo-les-balcons-base.png","contentUrl":"https:\/\/les-balcons.com\/wp-content\/uploads\/communs\/logos-et-gammes\/logo-les-balcons-base.png","width":3508,"height":2481,"caption":"Les Balcons"},"image":{"@id":"https:\/\/www.les-balcons.com\/en\/#\/schema\/logo\/image\/"}}]}},"uagb_featured_image_src":{"full":false,"thumbnail":false,"medium":false,"medium_large":false,"large":false,"1536x1536":false,"2048x2048":false,"size-365x220":false},"uagb_author_info":{"display_name":"admin_balcons","author_link":"https:\/\/www.les-balcons.com\/en\/author\/admin_balcons\/"},"uagb_comment_info":0,"uagb_excerpt":"You\u2019re going for Val Thorens this winter ? One thing is sure, you\u2019re gonna make some jealous ! Book your chalet with Les Balcons de Val Thorens and benefit from discounted prices and quality services ! Offering yourself a chalet vacation in Val Thorens Val Thorens is an altitude station that opens its gate very&hellip;","post_mailing_queue_ids":[],"_links":{"self":[{"href":"https:\/\/www.les-balcons.com\/en\/wp-json\/wp\/v2\/pages\/13194","targetHints":{"allow":["GET"]}}],"collection":[{"href":"https:\/\/www.les-balcons.com\/en\/wp-json\/wp\/v2\/pages"}],"about":[{"href":"https:\/\/www.les-balcons.com\/en\/wp-json\/wp\/v2\/types\/page"}],"author":[{"embeddable":true,"href":"https:\/\/www.les-balcons.com\/en\/wp-json\/wp\/v2\/users\/2"}],"replies":[{"embeddable":true,"href":"https:\/\/www.les-balcons.com\/en\/wp-json\/wp\/v2\/comments?post=13194"}],"version-history":[{"count":0,"href":"https:\/\/www.les-balcons.com\/en\/wp-json\/wp\/v2\/pages\/13194\/revisions"}],"wp:attachment":[{"href":"https:\/\/www.les-balcons.com\/en\/wp-json\/wp\/v2\/media?parent=13194"}],"curies":[{"name":"wp","href":"https:\/\/api.w.org\/{rel}","templated":true}]}}