{"id":13192,"date":"2020-09-04T09:00:23","date_gmt":"2020-09-04T09:00:23","guid":{"rendered":"https:\/\/www.les-balcons.com\/appartement-val-thorens\/"},"modified":"2024-08-27T10:11:12","modified_gmt":"2024-08-27T10:11:12","slug":"val-thorens-apartment","status":"publish","type":"page","link":"https:\/\/www.les-balcons.com\/en\/val-thorens-apartment\/","title":{"rendered":"Val Thorens Apartment"},"content":{"rendered":"<p>Val Thorens, highest station in Europe, and a ski domain located at 99% above 2000m of altitude is offering an amazing landscape on the peak of Cime Caron. 600km of slopes for the beginners in ski or the more advanced. An animated and family friendly station. The Savoy station has many assets to seduce all the winter sports lovers. But that&#8217;s not all ! Indeed, Val Thorens has the advantage of offering many kinds of accommodations and for all budgets : You can rent an apartment in a ski-in ski-out residence or in a 5* residence, to have the most beautiful ski vacation.<\/p>\n<h2>Book an apartment with Les Balcons<\/h2>\n<p>Les Balcons are located in many savoy stations. In Val Thorens, the holiday rentals are located on the heights of the station. By booking an apartment with Les Balcons, you make sure to have a comfy and well equipped apartment. Les Balcons are offering 3 types of apartments : Le Val Chavi\u00e8re, Les Balcons de Val Thorens**** and Les Balcons Platinium*****.<\/p>\n<h3>The Val Chavi\u00e8re residence<\/h3>\n<p>The Val Chavi\u00e8re is welcoming you in its wide apartments, that can welcome up to 16 persons. Sometimes equipped with a private sauna, the apartments of this chalet residence will seduce you with the closeness with the slopes.<\/p>\n<h3>The Les Balcons de Val Thorens**** residence<\/h3>\n<p>With its panoramic view, Les Balcons de Val Thorens residence is welcoming you in its wide and comfy apartments. The apartments can welcome up to 16 persons and its 6 chalets are assuring you successful holidays. To make your stay even more comfortable, the residence is located close to many shops (Restaurants, skishops, mini-market).<br \/>\nAnd because a good new never comes alone, the residence also has a spa. 600m\u00b2 dedicated to your well being with a beautiful view on the valley :2 hot tubs, swimming pool, kid pool, fitness center, sauna, hammam and two resting areas. You will also find spa treatments rooms.<\/p>\n<h3>Les Balcons Platinium*****<\/h3>\n<p>Les Balcons Platinium residence welcomes you for a high range stay in a cozy and comfy atmosphere. With its maximum sun exposure and its panoramic view on the mountains, the apartments are promising a nice holiday. You will feel just like home, with a bit of luxury to help you relax and unwind. You will love the quietness of the area, and the many services offered around : Bars, restaurants, ski shops, wellness area and mini-market.<\/p>\n<h4>Organize your ski stay in Val Thorens with Les Balcons.<\/h4>\n<p>Friendly and warm, Val Thorens is a semi pedestrian ski station. We love very much its village-like atmosphere, its numerous restaurants and shops. This way, you can start your day on the slopes, then enjoy a nice hot chocolate in the afternoon, shop a bit and have a raclette in the evening.<\/p>\n<p>You will then enjoy the warm atmosphere of your Val Thorens rental. Insite your apartments, you will love its cozy decoration. All dressed in wood and warm colors, each apartment is built like a cocoon where you can unwind without moderation !<\/p>\n<p>You\u2019ll see, nothing is better than the fresh air of the mountains to share wonderful moments with your family and have fun on the slopes.<\/p>\n<p>Book now your apartment stay with Les Balcons in Val Thorens.<\/p>\n<hr>\n<h5 style=\"text-align: center;\"><a href=\"https:\/\/www.les-balcons.com\/en\/accommodation-rental-val-thorens\">See all accommodations in Val Thorens<\/a><\/h5>\n<hr>\n","protected":false},"excerpt":{"rendered":"<p>Val Thorens, highest station in Europe, and a ski domain located at 99% above 2000m of altitude is offering an amazing landscape on the peak of Cime Caron. 600km of slopes for the beginners in ski or the more advanced. An animated and family friendly station. The Savoy station has many assets to seduce all [&hellip;]<\/p>\n","protected":false},"author":2,"featured_media":0,"parent":0,"menu_order":0,"comment_status":"closed","ping_status":"closed","template":"template-heberegements-filtres.php","meta":{"_acf_changed":false,"_uag_custom_page_level_css":"","footnotes":""},"class_list":["post-13192","page","type-page","status-publish","hentry"],"acf":[],"yoast_head":"<!-- This site is optimized with the Yoast SEO plugin v27.5 - https:\/\/yoast.com\/product\/yoast-seo-wordpress\/ -->\n<title>Val Thorens ski resort apartment rental - Val Thorens ski accommodation<\/title>\n<meta name=\"description\" content=\"Book your ski holiday in Val Thorens in apartments located at the foot of the ski slopes, with many services.\" \/>\n<meta name=\"robots\" content=\"index, follow, max-snippet:-1, max-image-preview:large, max-video-preview:-1\" \/>\n<link rel=\"canonical\" href=\"https:\/\/www.les-balcons.com\/en\/val-thorens-apartment\/\" \/>\n<meta property=\"og:locale\" content=\"en_US\" \/>\n<meta property=\"og:type\" content=\"article\" \/>\n<meta property=\"og:title\" content=\"Val Thorens ski resort apartment rental - Val Thorens ski accommodation\" \/>\n<meta property=\"og:description\" content=\"Book your ski holiday in Val Thorens in apartments located at the foot of the ski slopes, with many services.\" \/>\n<meta property=\"og:url\" content=\"https:\/\/www.les-balcons.com\/en\/val-thorens-apartment\/\" \/>\n<meta property=\"og:site_name\" content=\"Les Balcons \u2013 R\u00e9sidences et s\u00e9jours Alpes du Nord\" \/>\n<meta property=\"article:modified_time\" content=\"2024-08-27T10:11:12+00:00\" \/>\n<meta name=\"twitter:card\" content=\"summary_large_image\" \/>\n<meta name=\"twitter:label1\" content=\"Est. reading time\" \/>\n\t<meta name=\"twitter:data1\" content=\"3 minutes\" \/>\n<script type=\"application\/ld+json\" class=\"yoast-schema-graph\">{\"@context\":\"https:\\\/\\\/schema.org\",\"@graph\":[{\"@type\":\"WebPage\",\"@id\":\"https:\\\/\\\/www.les-balcons.com\\\/en\\\/val-thorens-apartment\\\/\",\"url\":\"https:\\\/\\\/www.les-balcons.com\\\/en\\\/val-thorens-apartment\\\/\",\"name\":\"Val Thorens ski resort apartment rental - Val Thorens ski accommodation\",\"isPartOf\":{\"@id\":\"https:\\\/\\\/www.les-balcons.com\\\/en\\\/#website\"},\"datePublished\":\"2020-09-04T09:00:23+00:00\",\"dateModified\":\"2024-08-27T10:11:12+00:00\",\"description\":\"Book your ski holiday in Val Thorens in apartments located at the foot of the ski slopes, with many services.\",\"breadcrumb\":{\"@id\":\"https:\\\/\\\/www.les-balcons.com\\\/en\\\/val-thorens-apartment\\\/#breadcrumb\"},\"inLanguage\":\"en-US\",\"potentialAction\":[{\"@type\":\"ReadAction\",\"target\":[\"https:\\\/\\\/www.les-balcons.com\\\/en\\\/val-thorens-apartment\\\/\"]}]},{\"@type\":\"BreadcrumbList\",\"@id\":\"https:\\\/\\\/www.les-balcons.com\\\/en\\\/val-thorens-apartment\\\/#breadcrumb\",\"itemListElement\":[{\"@type\":\"ListItem\",\"position\":1,\"name\":\"Homepage\",\"item\":\"https:\\\/\\\/www.les-balcons.com\\\/en\\\/fr\\\/\"},{\"@type\":\"ListItem\",\"position\":2,\"name\":\"Val Thorens Apartment\"}]},{\"@type\":\"WebSite\",\"@id\":\"https:\\\/\\\/www.les-balcons.com\\\/en\\\/#website\",\"url\":\"https:\\\/\\\/www.les-balcons.com\\\/en\\\/\",\"name\":\"Les Balcons \u2013 R\u00e9sidences et s\u00e9jours Alpes du Nord\",\"description\":\"10 \u00e9tablissements, H\u00f4tel et R\u00e9sidences pour vos vacances \u00e0 la montagne\",\"publisher\":{\"@id\":\"https:\\\/\\\/www.les-balcons.com\\\/en\\\/#organization\"},\"potentialAction\":[{\"@type\":\"SearchAction\",\"target\":{\"@type\":\"EntryPoint\",\"urlTemplate\":\"https:\\\/\\\/www.les-balcons.com\\\/en\\\/?s={search_term_string}\"},\"query-input\":{\"@type\":\"PropertyValueSpecification\",\"valueRequired\":true,\"valueName\":\"search_term_string\"}}],\"inLanguage\":\"en-US\"},{\"@type\":\"Organization\",\"@id\":\"https:\\\/\\\/www.les-balcons.com\\\/en\\\/#organization\",\"name\":\"Les Balcons\",\"url\":\"https:\\\/\\\/www.les-balcons.com\\\/en\\\/\",\"logo\":{\"@type\":\"ImageObject\",\"inLanguage\":\"en-US\",\"@id\":\"https:\\\/\\\/www.les-balcons.com\\\/en\\\/#\\\/schema\\\/logo\\\/image\\\/\",\"url\":\"https:\\\/\\\/les-balcons.com\\\/wp-content\\\/uploads\\\/communs\\\/logos-et-gammes\\\/logo-les-balcons-base.png\",\"contentUrl\":\"https:\\\/\\\/les-balcons.com\\\/wp-content\\\/uploads\\\/communs\\\/logos-et-gammes\\\/logo-les-balcons-base.png\",\"width\":3508,\"height\":2481,\"caption\":\"Les Balcons\"},\"image\":{\"@id\":\"https:\\\/\\\/www.les-balcons.com\\\/en\\\/#\\\/schema\\\/logo\\\/image\\\/\"}}]}<\/script>\n<!-- \/ Yoast SEO plugin. -->","yoast_head_json":{"title":"Val Thorens ski resort apartment rental - Val Thorens ski accommodation","description":"Book your ski holiday in Val Thorens in apartments located at the foot of the ski slopes, with many services.","robots":{"index":"index","follow":"follow","max-snippet":"max-snippet:-1","max-image-preview":"max-image-preview:large","max-video-preview":"max-video-preview:-1"},"canonical":"https:\/\/www.les-balcons.com\/en\/val-thorens-apartment\/","og_locale":"en_US","og_type":"article","og_title":"Val Thorens ski resort apartment rental - Val Thorens ski accommodation","og_description":"Book your ski holiday in Val Thorens in apartments located at the foot of the ski slopes, with many services.","og_url":"https:\/\/www.les-balcons.com\/en\/val-thorens-apartment\/","og_site_name":"Les Balcons \u2013 R\u00e9sidences et s\u00e9jours Alpes du Nord","article_modified_time":"2024-08-27T10:11:12+00:00","twitter_card":"summary_large_image","twitter_misc":{"Est. reading time":"3 minutes"},"schema":{"@context":"https:\/\/schema.org","@graph":[{"@type":"WebPage","@id":"https:\/\/www.les-balcons.com\/en\/val-thorens-apartment\/","url":"https:\/\/www.les-balcons.com\/en\/val-thorens-apartment\/","name":"Val Thorens ski resort apartment rental - Val Thorens ski accommodation","isPartOf":{"@id":"https:\/\/www.les-balcons.com\/en\/#website"},"datePublished":"2020-09-04T09:00:23+00:00","dateModified":"2024-08-27T10:11:12+00:00","description":"Book your ski holiday in Val Thorens in apartments located at the foot of the ski slopes, with many services.","breadcrumb":{"@id":"https:\/\/www.les-balcons.com\/en\/val-thorens-apartment\/#breadcrumb"},"inLanguage":"en-US","potentialAction":[{"@type":"ReadAction","target":["https:\/\/www.les-balcons.com\/en\/val-thorens-apartment\/"]}]},{"@type":"BreadcrumbList","@id":"https:\/\/www.les-balcons.com\/en\/val-thorens-apartment\/#breadcrumb","itemListElement":[{"@type":"ListItem","position":1,"name":"Homepage","item":"https:\/\/www.les-balcons.com\/en\/fr\/"},{"@type":"ListItem","position":2,"name":"Val Thorens Apartment"}]},{"@type":"WebSite","@id":"https:\/\/www.les-balcons.com\/en\/#website","url":"https:\/\/www.les-balcons.com\/en\/","name":"Les Balcons \u2013 R\u00e9sidences et s\u00e9jours Alpes du Nord","description":"10 \u00e9tablissements, H\u00f4tel et R\u00e9sidences pour vos vacances \u00e0 la montagne","publisher":{"@id":"https:\/\/www.les-balcons.com\/en\/#organization"},"potentialAction":[{"@type":"SearchAction","target":{"@type":"EntryPoint","urlTemplate":"https:\/\/www.les-balcons.com\/en\/?s={search_term_string}"},"query-input":{"@type":"PropertyValueSpecification","valueRequired":true,"valueName":"search_term_string"}}],"inLanguage":"en-US"},{"@type":"Organization","@id":"https:\/\/www.les-balcons.com\/en\/#organization","name":"Les Balcons","url":"https:\/\/www.les-balcons.com\/en\/","logo":{"@type":"ImageObject","inLanguage":"en-US","@id":"https:\/\/www.les-balcons.com\/en\/#\/schema\/logo\/image\/","url":"https:\/\/les-balcons.com\/wp-content\/uploads\/communs\/logos-et-gammes\/logo-les-balcons-base.png","contentUrl":"https:\/\/les-balcons.com\/wp-content\/uploads\/communs\/logos-et-gammes\/logo-les-balcons-base.png","width":3508,"height":2481,"caption":"Les Balcons"},"image":{"@id":"https:\/\/www.les-balcons.com\/en\/#\/schema\/logo\/image\/"}}]}},"uagb_featured_image_src":{"full":false,"thumbnail":false,"medium":false,"medium_large":false,"large":false,"1536x1536":false,"2048x2048":false,"size-365x220":false},"uagb_author_info":{"display_name":"admin_balcons","author_link":"https:\/\/www.les-balcons.com\/en\/author\/admin_balcons\/"},"uagb_comment_info":0,"uagb_excerpt":"Val Thorens, highest station in Europe, and a ski domain located at 99% above 2000m of altitude is offering an amazing landscape on the peak of Cime Caron. 600km of slopes for the beginners in ski or the more advanced. An animated and family friendly station. The Savoy station has many assets to seduce all&hellip;","post_mailing_queue_ids":[],"_links":{"self":[{"href":"https:\/\/www.les-balcons.com\/en\/wp-json\/wp\/v2\/pages\/13192","targetHints":{"allow":["GET"]}}],"collection":[{"href":"https:\/\/www.les-balcons.com\/en\/wp-json\/wp\/v2\/pages"}],"about":[{"href":"https:\/\/www.les-balcons.com\/en\/wp-json\/wp\/v2\/types\/page"}],"author":[{"embeddable":true,"href":"https:\/\/www.les-balcons.com\/en\/wp-json\/wp\/v2\/users\/2"}],"replies":[{"embeddable":true,"href":"https:\/\/www.les-balcons.com\/en\/wp-json\/wp\/v2\/comments?post=13192"}],"version-history":[{"count":0,"href":"https:\/\/www.les-balcons.com\/en\/wp-json\/wp\/v2\/pages\/13192\/revisions"}],"wp:attachment":[{"href":"https:\/\/www.les-balcons.com\/en\/wp-json\/wp\/v2\/media?parent=13192"}],"curies":[{"name":"wp","href":"https:\/\/api.w.org\/{rel}","templated":true}]}}