{"id":13189,"date":"2020-09-04T09:00:25","date_gmt":"2020-09-04T09:00:25","guid":{"rendered":"https:\/\/www.les-balcons.com\/location-dhebergement-val-thorens\/"},"modified":"2024-08-27T12:07:46","modified_gmt":"2024-08-27T12:07:46","slug":"accommodation-rental-val-thorens","status":"publish","type":"page","link":"https:\/\/www.les-balcons.com\/en\/accommodation-rental-val-thorens\/","title":{"rendered":"Accommodation rental Val Thorens"},"content":{"rendered":"<p>You\u2019re still asking yourself where you\u2019re gonna go this winter for your mountain vacation ? What if we told you that we knew a station that is good for all the skiing lovers, sunny terrace and strong sensations ? This station is making every parent, children and well being lovers ? Welcome to Val Thorens ! It\u2019s renown never found any equal. In an accomodation matter, you have a large choice for your holidays, come here and have a look :<\/p>\n<h2>Val Thorens, animated and family friendly Northern Alps station<\/h2>\n<p>Val Thorens is the highest ski station of Europe, 2300m of altitude, at the top of the 3 Valleys. Due to its unique location, it\u2019s possible to ski from Novembre to May. With its 600km of slope (which many are accessible for everyone), its numerous activities to enjoy with your family or friends, as : sleigh dog, yoga facing the mountains, snow shoes, zip line, ice diving etc.<\/p>\n<p>Each year, the savoy station also invests in many entertainment : Jazz concerts, electro dance music, world renown artists, ski trials, international competitions, themed week. There is always an event to enjoy while staying in Val Thorens.<\/p>\n<h2>Cozy and high range accomodation in Val Thorens<\/h2>\n<p>The snow condition, the quality of the ski domain, the sun exposure, the variety of entertainment are all the conditions to a successful ski trip. But don\u2019t you forget another key factor ? Of course, the housing ! To make sure you have the best service ever, Les Balcons are offering a range of residences 4 and 5*, all located on the heights of the station. 3 Residence, 3 atmosphere, shop and restaurant always close and an access to the spa of the Les Balcons de Val Thorens residence. All of this only to serve one purpose : Make you live the most beautiful moments in the mountains. To help you make your choice, here is a description of each one of them:<\/p>\n<h3>The Val Chavi\u00e8re Residence :<\/h3>\n<p>Close to the slopes and in the heart of Val Thorens, this chalet residence is offering beautiful, warm and welcoming apartments that can welcome up to 14 persons. In some, you will also find a private sauna.<\/p>\n<h3>Les Balcons de Val Thorens Residence<\/h3>\n<p>With its amazing panoramic view, the Les Balcons de Val Thorens Residence is composed with 6 wooden chalets and offers a large range of wide, comfy apartments. The apartments can welcome up to 16 persons. To make your stay easier, the residence is located near every shop by Les Balcons (restaurants, skishops, mini-market). The best for the end : The residence has a spa of 600m\u00b2 with an amazing view on the valley : Two spas, swimming pool, kid pool, fitness room, sauna, hammam, 2 resting areas and Thalgo treatment rooms.<\/p>\n<h3>Les Balcons Platinium Residence<\/h3>\n<p>Live a high range stay in the Les Balcons Platinium***** Residence. It benefits from a maximum sun exposure and a clear view on the mountains. Wide, comfy and warm with their stove on the living-room, the apartments are perfect for a vacation with complete freedom, like at home. You will enjoy the quietness of the place and the closeness of the services : bars, restaurants, skishops, wellness area and mini market.<\/p>\n<h4>Your winter holidays in Val Thorens<\/h4>\n<p>You\u2019re definitely conquered by Val Thorens and its accommodations ? Organize your stay with Les Balcons and book your apartment and its different options : ski passes, ski classes, half-board in one of our restaurants etc.<\/p>\n<p>Vous vous posez encore la question de savoir o\u00f9 passer vos vacances \u00e0 la montagne cet hiver ? Et si nous vous proposions une station qui contente \u00e0 la fois les amateurs de glisse, de terrasses ensoleill\u00e9es et de sensations fortes ? A la fois les parents, les enfants et les personnes adeptes de bien-\u00eatre ? Bienvenue \u00e0 Val Thorens, dont la renomm\u00e9e est sans \u00e9gal ! C\u00f4t\u00e9 h\u00e9bergements, vous avez le choix parmi une gamme de locations de vacances ! Petit tour d\u2019horizon :<\/p>\n<p>&nbsp;<\/p>\n","protected":false},"excerpt":{"rendered":"<p>You\u2019re still asking yourself where you\u2019re gonna go this winter for your mountain vacation ? What if we told you that we knew a station that is good for all the skiing lovers, sunny terrace and strong sensations ? This station is making every parent, children and well being lovers ? Welcome to Val Thorens [&hellip;]<\/p>\n","protected":false},"author":2,"featured_media":0,"parent":0,"menu_order":0,"comment_status":"closed","ping_status":"closed","template":"template-heberegements-filtres.php","meta":{"_acf_changed":false,"_uag_custom_page_level_css":"","footnotes":""},"class_list":["post-13189","page","type-page","status-publish","hentry"],"acf":[],"yoast_head":"<!-- This site is optimized with the Yoast SEO plugin v27.3 - https:\/\/yoast.com\/product\/yoast-seo-wordpress\/ -->\n<title>Accommodation rental Val Thorens - Cozy and upscale stay<\/title>\n<meta name=\"description\" content=\"Your holidays in a lively and family-friendly resort in the Northern Alps, comfortable accommodation close to the slopes in Chalet residences\" \/>\n<meta name=\"robots\" content=\"index, follow, max-snippet:-1, max-image-preview:large, max-video-preview:-1\" \/>\n<link rel=\"canonical\" href=\"https:\/\/www.les-balcons.com\/en\/accommodation-rental-val-thorens\/\" \/>\n<meta property=\"og:locale\" content=\"en_US\" \/>\n<meta property=\"og:type\" content=\"article\" \/>\n<meta property=\"og:title\" content=\"Accommodation rental Val Thorens - Cozy and upscale stay\" \/>\n<meta property=\"og:description\" content=\"Your holidays in a lively and family-friendly resort in the Northern Alps, comfortable accommodation close to the slopes in Chalet residences\" \/>\n<meta property=\"og:url\" content=\"https:\/\/www.les-balcons.com\/en\/accommodation-rental-val-thorens\/\" \/>\n<meta property=\"og:site_name\" content=\"Les Balcons \u2013 R\u00e9sidences et s\u00e9jours Alpes du Nord\" \/>\n<meta property=\"article:modified_time\" content=\"2024-08-27T12:07:46+00:00\" \/>\n<meta name=\"twitter:card\" content=\"summary_large_image\" \/>\n<meta name=\"twitter:label1\" content=\"Est. reading time\" \/>\n\t<meta name=\"twitter:data1\" content=\"4 minutes\" \/>\n<script type=\"application\/ld+json\" class=\"yoast-schema-graph\">{\"@context\":\"https:\\\/\\\/schema.org\",\"@graph\":[{\"@type\":\"WebPage\",\"@id\":\"https:\\\/\\\/www.les-balcons.com\\\/en\\\/accommodation-rental-val-thorens\\\/\",\"url\":\"https:\\\/\\\/www.les-balcons.com\\\/en\\\/accommodation-rental-val-thorens\\\/\",\"name\":\"Accommodation rental Val Thorens - Cozy and upscale stay\",\"isPartOf\":{\"@id\":\"https:\\\/\\\/www.les-balcons.com\\\/en\\\/#website\"},\"datePublished\":\"2020-09-04T09:00:25+00:00\",\"dateModified\":\"2024-08-27T12:07:46+00:00\",\"description\":\"Your holidays in a lively and family-friendly resort in the Northern Alps, comfortable accommodation close to the slopes in Chalet residences\",\"breadcrumb\":{\"@id\":\"https:\\\/\\\/www.les-balcons.com\\\/en\\\/accommodation-rental-val-thorens\\\/#breadcrumb\"},\"inLanguage\":\"en-US\",\"potentialAction\":[{\"@type\":\"ReadAction\",\"target\":[\"https:\\\/\\\/www.les-balcons.com\\\/en\\\/accommodation-rental-val-thorens\\\/\"]}]},{\"@type\":\"BreadcrumbList\",\"@id\":\"https:\\\/\\\/www.les-balcons.com\\\/en\\\/accommodation-rental-val-thorens\\\/#breadcrumb\",\"itemListElement\":[{\"@type\":\"ListItem\",\"position\":1,\"name\":\"Homepage\",\"item\":\"https:\\\/\\\/www.les-balcons.com\\\/en\\\/fr\\\/\"},{\"@type\":\"ListItem\",\"position\":2,\"name\":\"Accommodation rental Val Thorens\"}]},{\"@type\":\"WebSite\",\"@id\":\"https:\\\/\\\/www.les-balcons.com\\\/en\\\/#website\",\"url\":\"https:\\\/\\\/www.les-balcons.com\\\/en\\\/\",\"name\":\"Les Balcons \u2013 R\u00e9sidences et s\u00e9jours Alpes du Nord\",\"description\":\"10 \u00e9tablissements, H\u00f4tel et R\u00e9sidences pour vos vacances \u00e0 la montagne\",\"publisher\":{\"@id\":\"https:\\\/\\\/www.les-balcons.com\\\/en\\\/#organization\"},\"potentialAction\":[{\"@type\":\"SearchAction\",\"target\":{\"@type\":\"EntryPoint\",\"urlTemplate\":\"https:\\\/\\\/www.les-balcons.com\\\/en\\\/?s={search_term_string}\"},\"query-input\":{\"@type\":\"PropertyValueSpecification\",\"valueRequired\":true,\"valueName\":\"search_term_string\"}}],\"inLanguage\":\"en-US\"},{\"@type\":\"Organization\",\"@id\":\"https:\\\/\\\/www.les-balcons.com\\\/en\\\/#organization\",\"name\":\"Les Balcons\",\"url\":\"https:\\\/\\\/www.les-balcons.com\\\/en\\\/\",\"logo\":{\"@type\":\"ImageObject\",\"inLanguage\":\"en-US\",\"@id\":\"https:\\\/\\\/www.les-balcons.com\\\/en\\\/#\\\/schema\\\/logo\\\/image\\\/\",\"url\":\"https:\\\/\\\/les-balcons.com\\\/wp-content\\\/uploads\\\/communs\\\/logos-et-gammes\\\/logo-les-balcons-base.png\",\"contentUrl\":\"https:\\\/\\\/les-balcons.com\\\/wp-content\\\/uploads\\\/communs\\\/logos-et-gammes\\\/logo-les-balcons-base.png\",\"width\":3508,\"height\":2481,\"caption\":\"Les Balcons\"},\"image\":{\"@id\":\"https:\\\/\\\/www.les-balcons.com\\\/en\\\/#\\\/schema\\\/logo\\\/image\\\/\"}}]}<\/script>\n<!-- \/ Yoast SEO plugin. -->","yoast_head_json":{"title":"Accommodation rental Val Thorens - Cozy and upscale stay","description":"Your holidays in a lively and family-friendly resort in the Northern Alps, comfortable accommodation close to the slopes in Chalet residences","robots":{"index":"index","follow":"follow","max-snippet":"max-snippet:-1","max-image-preview":"max-image-preview:large","max-video-preview":"max-video-preview:-1"},"canonical":"https:\/\/www.les-balcons.com\/en\/accommodation-rental-val-thorens\/","og_locale":"en_US","og_type":"article","og_title":"Accommodation rental Val Thorens - Cozy and upscale stay","og_description":"Your holidays in a lively and family-friendly resort in the Northern Alps, comfortable accommodation close to the slopes in Chalet residences","og_url":"https:\/\/www.les-balcons.com\/en\/accommodation-rental-val-thorens\/","og_site_name":"Les Balcons \u2013 R\u00e9sidences et s\u00e9jours Alpes du Nord","article_modified_time":"2024-08-27T12:07:46+00:00","twitter_card":"summary_large_image","twitter_misc":{"Est. reading time":"4 minutes"},"schema":{"@context":"https:\/\/schema.org","@graph":[{"@type":"WebPage","@id":"https:\/\/www.les-balcons.com\/en\/accommodation-rental-val-thorens\/","url":"https:\/\/www.les-balcons.com\/en\/accommodation-rental-val-thorens\/","name":"Accommodation rental Val Thorens - Cozy and upscale stay","isPartOf":{"@id":"https:\/\/www.les-balcons.com\/en\/#website"},"datePublished":"2020-09-04T09:00:25+00:00","dateModified":"2024-08-27T12:07:46+00:00","description":"Your holidays in a lively and family-friendly resort in the Northern Alps, comfortable accommodation close to the slopes in Chalet residences","breadcrumb":{"@id":"https:\/\/www.les-balcons.com\/en\/accommodation-rental-val-thorens\/#breadcrumb"},"inLanguage":"en-US","potentialAction":[{"@type":"ReadAction","target":["https:\/\/www.les-balcons.com\/en\/accommodation-rental-val-thorens\/"]}]},{"@type":"BreadcrumbList","@id":"https:\/\/www.les-balcons.com\/en\/accommodation-rental-val-thorens\/#breadcrumb","itemListElement":[{"@type":"ListItem","position":1,"name":"Homepage","item":"https:\/\/www.les-balcons.com\/en\/fr\/"},{"@type":"ListItem","position":2,"name":"Accommodation rental Val Thorens"}]},{"@type":"WebSite","@id":"https:\/\/www.les-balcons.com\/en\/#website","url":"https:\/\/www.les-balcons.com\/en\/","name":"Les Balcons \u2013 R\u00e9sidences et s\u00e9jours Alpes du Nord","description":"10 \u00e9tablissements, H\u00f4tel et R\u00e9sidences pour vos vacances \u00e0 la montagne","publisher":{"@id":"https:\/\/www.les-balcons.com\/en\/#organization"},"potentialAction":[{"@type":"SearchAction","target":{"@type":"EntryPoint","urlTemplate":"https:\/\/www.les-balcons.com\/en\/?s={search_term_string}"},"query-input":{"@type":"PropertyValueSpecification","valueRequired":true,"valueName":"search_term_string"}}],"inLanguage":"en-US"},{"@type":"Organization","@id":"https:\/\/www.les-balcons.com\/en\/#organization","name":"Les Balcons","url":"https:\/\/www.les-balcons.com\/en\/","logo":{"@type":"ImageObject","inLanguage":"en-US","@id":"https:\/\/www.les-balcons.com\/en\/#\/schema\/logo\/image\/","url":"https:\/\/les-balcons.com\/wp-content\/uploads\/communs\/logos-et-gammes\/logo-les-balcons-base.png","contentUrl":"https:\/\/les-balcons.com\/wp-content\/uploads\/communs\/logos-et-gammes\/logo-les-balcons-base.png","width":3508,"height":2481,"caption":"Les Balcons"},"image":{"@id":"https:\/\/www.les-balcons.com\/en\/#\/schema\/logo\/image\/"}}]}},"uagb_featured_image_src":{"full":false,"thumbnail":false,"medium":false,"medium_large":false,"large":false,"1536x1536":false,"2048x2048":false,"size-365x220":false},"uagb_author_info":{"display_name":"admin_balcons","author_link":"https:\/\/www.les-balcons.com\/en\/author\/admin_balcons\/"},"uagb_comment_info":0,"uagb_excerpt":"You\u2019re still asking yourself where you\u2019re gonna go this winter for your mountain vacation ? What if we told you that we knew a station that is good for all the skiing lovers, sunny terrace and strong sensations ? This station is making every parent, children and well being lovers ? Welcome to Val Thorens&hellip;","post_mailing_queue_ids":[],"_links":{"self":[{"href":"https:\/\/www.les-balcons.com\/en\/wp-json\/wp\/v2\/pages\/13189","targetHints":{"allow":["GET"]}}],"collection":[{"href":"https:\/\/www.les-balcons.com\/en\/wp-json\/wp\/v2\/pages"}],"about":[{"href":"https:\/\/www.les-balcons.com\/en\/wp-json\/wp\/v2\/types\/page"}],"author":[{"embeddable":true,"href":"https:\/\/www.les-balcons.com\/en\/wp-json\/wp\/v2\/users\/2"}],"replies":[{"embeddable":true,"href":"https:\/\/www.les-balcons.com\/en\/wp-json\/wp\/v2\/comments?post=13189"}],"version-history":[{"count":0,"href":"https:\/\/www.les-balcons.com\/en\/wp-json\/wp\/v2\/pages\/13189\/revisions"}],"wp:attachment":[{"href":"https:\/\/www.les-balcons.com\/en\/wp-json\/wp\/v2\/media?parent=13189"}],"curies":[{"name":"wp","href":"https:\/\/api.w.org\/{rel}","templated":true}]}}