{"id":12716,"date":"2021-01-28T07:59:31","date_gmt":"2021-01-28T07:59:31","guid":{"rendered":"https:\/\/www.les-balcons.com\/charte-sanitaire-covid-19\/"},"modified":"2024-08-27T10:15:30","modified_gmt":"2024-08-27T10:15:30","slug":"sanitary-charter-covid-19","status":"publish","type":"page","link":"https:\/\/www.les-balcons.com\/en\/sanitary-charter-covid-19\/","title":{"rendered":"Sanitary charter COVID-19"},"content":{"rendered":"<p>[et_pb_section fb_built=&#8221;1&#8243; _builder_version=&#8221;4.0.11&#8243;][et_pb_row _builder_version=&#8221;4.0.11&#8243; custom_margin=&#8221;30px||30px||false|false&#8221;][et_pb_column type=&#8221;4_4&#8243; _builder_version=&#8221;4.0.11&#8243;][et_pb_text _builder_version=&#8221;4.0.11&#8243; header_text_align=&#8221;center&#8221; header_text_color=&#8221;#28638a&#8221; header_font_size=&#8221;48px&#8221; header_2_font_size=&#8221;32px&#8221; header_2_letter_spacing=&#8221;3px&#8221;]<\/p>\n<h1>Sanitary charter COVID-19<\/h1>\n<p>[\/et_pb_text][\/et_pb_column][\/et_pb_row][et_pb_row _builder_version=&#8221;4.0.11&#8243;][et_pb_column type=&#8221;4_4&#8243; _builder_version=&#8221;4.0.11&#8243;][et_pb_text _builder_version=&#8221;4.0.11&#8243; header_2_font_size=&#8221;32px&#8221; header_2_letter_spacing=&#8221;3px&#8221; header_2_line_height=&#8221;1.5em&#8221;]<\/p>\n<h2>Les Balcons Group is committed to your safety<\/h2>\n<p>Our priority is to ensure our clients and coworkers\u2019 health and safety. That\u2019s why we have set up strengthened hygiene and sanitary measures in our residences and based on governmental recommandations.<\/p>\n<p>[\/et_pb_text][\/et_pb_column][\/et_pb_row][et_pb_row _builder_version=&#8221;4.0.11&#8243;][et_pb_column type=&#8221;4_4&#8243; _builder_version=&#8221;4.0.11&#8243;][et_pb_image src=&#8221;https:\/\/www.les-balcons.com\/wp-content\/uploads\/pages-specifiques\/covid\/famille-c.cattin-ot-val-thorens-008.jpg&#8221; _builder_version=&#8221;4.0.11&#8243;][\/et_pb_image][\/et_pb_column][\/et_pb_row][et_pb_row _builder_version=&#8221;4.0.11&#8243;][et_pb_column type=&#8221;4_4&#8243; _builder_version=&#8221;4.0.11&#8243;][et_pb_text admin_label=&#8221;titre&#8221; _builder_version=&#8221;4.0.11&#8243; header_2_font_size=&#8221;32px&#8221; header_2_letter_spacing=&#8221;10px&#8221;]<\/p>\n<h2>PREVENT<\/h2>\n<p>[\/et_pb_text][et_pb_text admin_label=&#8221;text&#8221; _builder_version=&#8221;4.0.11&#8243; ul_text_align=&#8221;justify&#8221; ul_line_height=&#8221;1.9em&#8221; header_2_font_size=&#8221;30px&#8221; header_3_text_color=&#8221;#28638a&#8221; text_orientation=&#8221;justified&#8221;]<\/p>\n<h3>What we do in our residences :<\/h3>\n<ul>\n<li>We set up a strengthened sanitary charter in our accommodations and shops.<\/li>\n<li>We display information about preventive measures, barrier gestures, social distancing and rules in all of our common areas and shops.<\/li>\n<li>We provide alcohol based hand sanitisers in common areas (entrances of chalets, ski rooms, parkings, shops\u2026)<\/li>\n<li>We have adapted reception capacities in every reception area, swimming-pool, shops&#8230;<\/li>\n<li>We have set up materials and necessary client circuits to comply with barrier gestures and recommendations for social distancing (eg ground markings, plexiglas protection installation in reception areas, etc.)<\/li>\n<li>Reinforce sanitary measures in accommodation and communal areas for all contact points (such as door handles, elevator panels, payment terminals, desks etc.) by using the relevant cleaning products. We have set up automatic lights detectors in common areas in order to avoid use of light switches.<\/li>\n<li>Our teams are trained to respect Covid measures.<\/li>\n<\/ul>\n<h3>What we do in the apartments \/ rooms<\/h3>\n<ul>\n<li>We respect sanitary measures and follow french government recommendations to ensure the thorough cleaning of bed and bathroom linen.<\/li>\n<li>We ventilate every apartment between two stays.<\/li>\n<li>We specifically clean all contact points (such as door handles, chairs, light switches, etc.) by using the relevant cleaning products.<\/li>\n<\/ul>\n<p>[\/et_pb_text][et_pb_text admin_label=&#8221;titre&#8221; _builder_version=&#8221;4.0.11&#8243; header_2_font_size=&#8221;32px&#8221; header_2_letter_spacing=&#8221;10px&#8221;]<\/p>\n<h2>REACTION<\/h2>\n<p>[\/et_pb_text][et_pb_text admin_label=&#8221;text&#8221; _builder_version=&#8221;4.0.11&#8243; ul_text_align=&#8221;justify&#8221; ul_line_height=&#8221;1.9em&#8221; header_2_font_size=&#8221;30px&#8221; header_3_text_color=&#8221;#28638a&#8221; text_orientation=&#8221;justified&#8221;]<\/p>\n<p>We have ensured a risk management protocol in the event of suspected contagion of the Covid-19 virus.<\/p>\n<ul>\n<li>A thermometer is at your disposal at the reception desk to control your temperature if needed.<\/li>\n<li>In case of symptoms or positive Covid-19 test during your stay, we can provide you a spare apartment in order for you to be isolated.<\/li>\n<li>We have at your disposal specific cleaning material, such as a nebulizer to clean every apartment in case of suspicion of virus.<\/li>\n<\/ul>\n<p>[\/et_pb_text][\/et_pb_column][\/et_pb_row][\/et_pb_section]<\/p>\n","protected":false},"excerpt":{"rendered":"<p>[et_pb_section fb_built=&#8221;1&#8243; _builder_version=&#8221;4.0.11&#8243;][et_pb_row _builder_version=&#8221;4.0.11&#8243; custom_margin=&#8221;30px||30px||false|false&#8221;][et_pb_column type=&#8221;4_4&#8243; _builder_version=&#8221;4.0.11&#8243;][et_pb_text _builder_version=&#8221;4.0.11&#8243; header_text_align=&#8221;center&#8221; header_text_color=&#8221;#28638a&#8221; header_font_size=&#8221;48px&#8221; header_2_font_size=&#8221;32px&#8221; header_2_letter_spacing=&#8221;3px&#8221;] Sanitary charter COVID-19 [\/et_pb_text][\/et_pb_column][\/et_pb_row][et_pb_row _builder_version=&#8221;4.0.11&#8243;][et_pb_column type=&#8221;4_4&#8243; _builder_version=&#8221;4.0.11&#8243;][et_pb_text _builder_version=&#8221;4.0.11&#8243; header_2_font_size=&#8221;32px&#8221; header_2_letter_spacing=&#8221;3px&#8221; header_2_line_height=&#8221;1.5em&#8221;] Les Balcons Group is committed to your safety Our priority is to ensure our clients and coworkers\u2019 health and safety. That\u2019s why we have set up strengthened hygiene and sanitary measures [&hellip;]<\/p>\n","protected":false},"author":2,"featured_media":0,"parent":0,"menu_order":0,"comment_status":"closed","ping_status":"closed","template":"","meta":{"_acf_changed":false,"_uag_custom_page_level_css":"","footnotes":""},"class_list":["post-12716","page","type-page","status-publish","hentry"],"acf":[],"yoast_head":"<!-- This site is optimized with the Yoast SEO plugin v27.5 - https:\/\/yoast.com\/product\/yoast-seo-wordpress\/ -->\n<title>COVID-19 Balcons health charter - Strict protocol in our residences<\/title>\n<meta name=\"description\" content=\"Our priority is to ensure our clients and coworkers\u2019 health and safety. That\u2019s why we have set up strengthened hygiene and sanitary measures in our residence\" \/>\n<meta name=\"robots\" content=\"index, follow, max-snippet:-1, max-image-preview:large, max-video-preview:-1\" \/>\n<link rel=\"canonical\" href=\"https:\/\/www.les-balcons.com\/en\/sanitary-charter-covid-19\/\" \/>\n<meta property=\"og:locale\" content=\"en_US\" \/>\n<meta property=\"og:type\" content=\"article\" \/>\n<meta property=\"og:title\" content=\"COVID-19 Balcons health charter - Strict protocol in our residences\" \/>\n<meta property=\"og:description\" content=\"Our priority is to ensure our clients and coworkers\u2019 health and safety. That\u2019s why we have set up strengthened hygiene and sanitary measures in our residence\" \/>\n<meta property=\"og:url\" content=\"https:\/\/www.les-balcons.com\/en\/sanitary-charter-covid-19\/\" \/>\n<meta property=\"og:site_name\" content=\"Les Balcons \u2013 R\u00e9sidences et s\u00e9jours Alpes du Nord\" \/>\n<meta property=\"article:modified_time\" content=\"2024-08-27T10:15:30+00:00\" \/>\n<meta name=\"twitter:card\" content=\"summary_large_image\" \/>\n<meta name=\"twitter:label1\" content=\"Est. reading time\" \/>\n\t<meta name=\"twitter:data1\" content=\"2 minutes\" \/>\n<script type=\"application\/ld+json\" class=\"yoast-schema-graph\">{\"@context\":\"https:\\\/\\\/schema.org\",\"@graph\":[{\"@type\":\"WebPage\",\"@id\":\"https:\\\/\\\/www.les-balcons.com\\\/en\\\/sanitary-charter-covid-19\\\/\",\"url\":\"https:\\\/\\\/www.les-balcons.com\\\/en\\\/sanitary-charter-covid-19\\\/\",\"name\":\"COVID-19 Balcons health charter - Strict protocol in our residences\",\"isPartOf\":{\"@id\":\"https:\\\/\\\/www.les-balcons.com\\\/en\\\/#website\"},\"datePublished\":\"2021-01-28T07:59:31+00:00\",\"dateModified\":\"2024-08-27T10:15:30+00:00\",\"description\":\"Our priority is to ensure our clients and coworkers\u2019 health and safety. That\u2019s why we have set up strengthened hygiene and sanitary measures in our residence\",\"breadcrumb\":{\"@id\":\"https:\\\/\\\/www.les-balcons.com\\\/en\\\/sanitary-charter-covid-19\\\/#breadcrumb\"},\"inLanguage\":\"en-US\",\"potentialAction\":[{\"@type\":\"ReadAction\",\"target\":[\"https:\\\/\\\/www.les-balcons.com\\\/en\\\/sanitary-charter-covid-19\\\/\"]}]},{\"@type\":\"BreadcrumbList\",\"@id\":\"https:\\\/\\\/www.les-balcons.com\\\/en\\\/sanitary-charter-covid-19\\\/#breadcrumb\",\"itemListElement\":[{\"@type\":\"ListItem\",\"position\":1,\"name\":\"Homepage\",\"item\":\"https:\\\/\\\/www.les-balcons.com\\\/en\\\/fr\\\/\"},{\"@type\":\"ListItem\",\"position\":2,\"name\":\"Sanitary charter COVID-19\"}]},{\"@type\":\"WebSite\",\"@id\":\"https:\\\/\\\/www.les-balcons.com\\\/en\\\/#website\",\"url\":\"https:\\\/\\\/www.les-balcons.com\\\/en\\\/\",\"name\":\"Les Balcons \u2013 R\u00e9sidences et s\u00e9jours Alpes du Nord\",\"description\":\"10 \u00e9tablissements, H\u00f4tel et R\u00e9sidences pour vos vacances \u00e0 la montagne\",\"publisher\":{\"@id\":\"https:\\\/\\\/www.les-balcons.com\\\/en\\\/#organization\"},\"potentialAction\":[{\"@type\":\"SearchAction\",\"target\":{\"@type\":\"EntryPoint\",\"urlTemplate\":\"https:\\\/\\\/www.les-balcons.com\\\/en\\\/?s={search_term_string}\"},\"query-input\":{\"@type\":\"PropertyValueSpecification\",\"valueRequired\":true,\"valueName\":\"search_term_string\"}}],\"inLanguage\":\"en-US\"},{\"@type\":\"Organization\",\"@id\":\"https:\\\/\\\/www.les-balcons.com\\\/en\\\/#organization\",\"name\":\"Les Balcons\",\"url\":\"https:\\\/\\\/www.les-balcons.com\\\/en\\\/\",\"logo\":{\"@type\":\"ImageObject\",\"inLanguage\":\"en-US\",\"@id\":\"https:\\\/\\\/www.les-balcons.com\\\/en\\\/#\\\/schema\\\/logo\\\/image\\\/\",\"url\":\"https:\\\/\\\/les-balcons.com\\\/wp-content\\\/uploads\\\/communs\\\/logos-et-gammes\\\/logo-les-balcons-base.png\",\"contentUrl\":\"https:\\\/\\\/les-balcons.com\\\/wp-content\\\/uploads\\\/communs\\\/logos-et-gammes\\\/logo-les-balcons-base.png\",\"width\":3508,\"height\":2481,\"caption\":\"Les Balcons\"},\"image\":{\"@id\":\"https:\\\/\\\/www.les-balcons.com\\\/en\\\/#\\\/schema\\\/logo\\\/image\\\/\"}}]}<\/script>\n<!-- \/ Yoast SEO plugin. -->","yoast_head_json":{"title":"COVID-19 Balcons health charter - Strict protocol in our residences","description":"Our priority is to ensure our clients and coworkers\u2019 health and safety. That\u2019s why we have set up strengthened hygiene and sanitary measures in our residence","robots":{"index":"index","follow":"follow","max-snippet":"max-snippet:-1","max-image-preview":"max-image-preview:large","max-video-preview":"max-video-preview:-1"},"canonical":"https:\/\/www.les-balcons.com\/en\/sanitary-charter-covid-19\/","og_locale":"en_US","og_type":"article","og_title":"COVID-19 Balcons health charter - Strict protocol in our residences","og_description":"Our priority is to ensure our clients and coworkers\u2019 health and safety. That\u2019s why we have set up strengthened hygiene and sanitary measures in our residence","og_url":"https:\/\/www.les-balcons.com\/en\/sanitary-charter-covid-19\/","og_site_name":"Les Balcons \u2013 R\u00e9sidences et s\u00e9jours Alpes du Nord","article_modified_time":"2024-08-27T10:15:30+00:00","twitter_card":"summary_large_image","twitter_misc":{"Est. reading time":"2 minutes"},"schema":{"@context":"https:\/\/schema.org","@graph":[{"@type":"WebPage","@id":"https:\/\/www.les-balcons.com\/en\/sanitary-charter-covid-19\/","url":"https:\/\/www.les-balcons.com\/en\/sanitary-charter-covid-19\/","name":"COVID-19 Balcons health charter - Strict protocol in our residences","isPartOf":{"@id":"https:\/\/www.les-balcons.com\/en\/#website"},"datePublished":"2021-01-28T07:59:31+00:00","dateModified":"2024-08-27T10:15:30+00:00","description":"Our priority is to ensure our clients and coworkers\u2019 health and safety. That\u2019s why we have set up strengthened hygiene and sanitary measures in our residence","breadcrumb":{"@id":"https:\/\/www.les-balcons.com\/en\/sanitary-charter-covid-19\/#breadcrumb"},"inLanguage":"en-US","potentialAction":[{"@type":"ReadAction","target":["https:\/\/www.les-balcons.com\/en\/sanitary-charter-covid-19\/"]}]},{"@type":"BreadcrumbList","@id":"https:\/\/www.les-balcons.com\/en\/sanitary-charter-covid-19\/#breadcrumb","itemListElement":[{"@type":"ListItem","position":1,"name":"Homepage","item":"https:\/\/www.les-balcons.com\/en\/fr\/"},{"@type":"ListItem","position":2,"name":"Sanitary charter COVID-19"}]},{"@type":"WebSite","@id":"https:\/\/www.les-balcons.com\/en\/#website","url":"https:\/\/www.les-balcons.com\/en\/","name":"Les Balcons \u2013 R\u00e9sidences et s\u00e9jours Alpes du Nord","description":"10 \u00e9tablissements, H\u00f4tel et R\u00e9sidences pour vos vacances \u00e0 la montagne","publisher":{"@id":"https:\/\/www.les-balcons.com\/en\/#organization"},"potentialAction":[{"@type":"SearchAction","target":{"@type":"EntryPoint","urlTemplate":"https:\/\/www.les-balcons.com\/en\/?s={search_term_string}"},"query-input":{"@type":"PropertyValueSpecification","valueRequired":true,"valueName":"search_term_string"}}],"inLanguage":"en-US"},{"@type":"Organization","@id":"https:\/\/www.les-balcons.com\/en\/#organization","name":"Les Balcons","url":"https:\/\/www.les-balcons.com\/en\/","logo":{"@type":"ImageObject","inLanguage":"en-US","@id":"https:\/\/www.les-balcons.com\/en\/#\/schema\/logo\/image\/","url":"https:\/\/les-balcons.com\/wp-content\/uploads\/communs\/logos-et-gammes\/logo-les-balcons-base.png","contentUrl":"https:\/\/les-balcons.com\/wp-content\/uploads\/communs\/logos-et-gammes\/logo-les-balcons-base.png","width":3508,"height":2481,"caption":"Les Balcons"},"image":{"@id":"https:\/\/www.les-balcons.com\/en\/#\/schema\/logo\/image\/"}}]}},"uagb_featured_image_src":{"full":false,"thumbnail":false,"medium":false,"medium_large":false,"large":false,"1536x1536":false,"2048x2048":false,"size-365x220":false},"uagb_author_info":{"display_name":"admin_balcons","author_link":"https:\/\/www.les-balcons.com\/en\/author\/admin_balcons\/"},"uagb_comment_info":0,"uagb_excerpt":"[et_pb_section fb_built=&#8221;1&#8243; _builder_version=&#8221;4.0.11&#8243;][et_pb_row _builder_version=&#8221;4.0.11&#8243; custom_margin=&#8221;30px||30px||false|false&#8221;][et_pb_column type=&#8221;4_4&#8243; _builder_version=&#8221;4.0.11&#8243;][et_pb_text _builder_version=&#8221;4.0.11&#8243; header_text_align=&#8221;center&#8221; header_text_color=&#8221;#28638a&#8221; header_font_size=&#8221;48px&#8221; header_2_font_size=&#8221;32px&#8221; header_2_letter_spacing=&#8221;3px&#8221;] Sanitary charter COVID-19 [\/et_pb_text][\/et_pb_column][\/et_pb_row][et_pb_row _builder_version=&#8221;4.0.11&#8243;][et_pb_column type=&#8221;4_4&#8243; _builder_version=&#8221;4.0.11&#8243;][et_pb_text _builder_version=&#8221;4.0.11&#8243; header_2_font_size=&#8221;32px&#8221; header_2_letter_spacing=&#8221;3px&#8221; header_2_line_height=&#8221;1.5em&#8221;] Les Balcons Group is committed to your safety Our priority is to ensure our clients and coworkers\u2019 health and safety. That\u2019s why we have set up strengthened hygiene and sanitary measures&hellip;","post_mailing_queue_ids":[],"_links":{"self":[{"href":"https:\/\/www.les-balcons.com\/en\/wp-json\/wp\/v2\/pages\/12716","targetHints":{"allow":["GET"]}}],"collection":[{"href":"https:\/\/www.les-balcons.com\/en\/wp-json\/wp\/v2\/pages"}],"about":[{"href":"https:\/\/www.les-balcons.com\/en\/wp-json\/wp\/v2\/types\/page"}],"author":[{"embeddable":true,"href":"https:\/\/www.les-balcons.com\/en\/wp-json\/wp\/v2\/users\/2"}],"replies":[{"embeddable":true,"href":"https:\/\/www.les-balcons.com\/en\/wp-json\/wp\/v2\/comments?post=12716"}],"version-history":[{"count":0,"href":"https:\/\/www.les-balcons.com\/en\/wp-json\/wp\/v2\/pages\/12716\/revisions"}],"wp:attachment":[{"href":"https:\/\/www.les-balcons.com\/en\/wp-json\/wp\/v2\/media?parent=12716"}],"curies":[{"name":"wp","href":"https:\/\/api.w.org\/{rel}","templated":true}]}}