{"id":12545,"date":"2021-01-12T10:48:23","date_gmt":"2021-01-12T10:48:23","guid":{"rendered":"https:\/\/www.les-balcons.com\/sejour-au-ski-en-fevrier\/"},"modified":"2024-08-27T12:02:33","modified_gmt":"2024-08-27T12:02:33","slug":"february-ski-trip","status":"publish","type":"page","link":"https:\/\/www.les-balcons.com\/en\/february-ski-trip\/","title":{"rendered":"February Ski Trip"},"content":{"rendered":"<p>You want to enjoy February break to have a ski trip, but you&#8217;re struggling to decide where ? Where are here to help ! Let us introduce you to our establishments and ski resorts and discover our offers, but also the friendliness of the resort we choosed to be in. Les Balcons first mantra is client satisfaction and especialy the idea of a successful stay. All our offers are thoughfuly chosen to fit every needs and allow you to enjoy your holidays without having to break the piggy bank.<\/p>\n<h2>February ski trip in Val Thorens<\/h2>\n<p>Well know resort for its dynamic and warm atmosphere, Val Thorens is welcoming you during all winter long (and also summer) for your ski holidays. Whether you&#8217;re an athletic skier of more of a relaxing by the pool kind of person, Val Thorens will seduce you with its possibilities and friendly atmosphere. With friends, family or your significant other, come and discover the most famous European resort (and the highest with its 600km ski area) and have unforgettable holidays.<\/p>\n<h2>February ski trip in Val Cenis<\/h2>\n<p>The most family friendly Savoy ski resort of them all is the best place for you to choose to have a quiet, nice, family holiday. In Val Cenis, everything is thought for you to feel like home. At the feet of the slopes, in a quiet setting and with an amazing landscape, you will enjoy our residences and will never want to leave ! Val Cenis is still a dynamic resort for you to have athletic holidays (or relaxing one if you choose to !). Whether you&#8217;re a true rider of more of a play in the snow with the kids type of person, you will love sharing a good raclette in your apartment. Come and let your kids discover this beautiful Savoy resort and leave with a heart full of memories.<\/p>\n<h2>February ski trip in La Plagne<\/h2>\n<p>La Plagne, mythical resort for its numerous champions and amazing ski area is welcoming you for your holidays in the mountains. You can choose to try all kind of rinding, but also discover dog sleigh, bobsleigh and a lot of other fun activities. For the most calm one, you can try snowshoes or other less scary activities ! And the best in all of that ? Our accommodations, always more welcoming and still responding to your needs ! Whether it&#8217;s for a week-end with your friends or a week with your family, you will get what you want with Les Balcons in Belle Plagne.<\/p>\n<h2>February Ski trip in La Rosi\u00e8re<\/h2>\n<p>Well known resort for its international ski area, La Rosi\u00e8re is welcoming you during winter and summer for all the kind of holidays that you might want. Whether it&#8217;s a romantic week-end in the beautiful Alparena**** &amp; Spa Hotel, or a week with friends in Les Balcons de La Rosi\u00e8re residence, everyone will enjoy the amazing snow coverage of the resort and its ski area. Our apartments chalet and rooms are waiting for you for more and more fun holidays !<\/p>\n","protected":false},"excerpt":{"rendered":"<p>You want to enjoy February break to have a ski trip, but you&#8217;re struggling to decide where ? Where are here to help ! Let us introduce you to our establishments and ski resorts and discover our offers, but also the friendliness of the resort we choosed to be in. Les Balcons first mantra is client satisfaction and especialy the idea of a successful stay. All our offers are thoughfuly chosen to fit every needs and allow you to enjoy your holidays without having to break the piggy bank.<\/p>\n","protected":false},"author":2,"featured_media":0,"parent":0,"menu_order":0,"comment_status":"closed","ping_status":"closed","template":"template-thematique.php","meta":{"_acf_changed":false,"_uag_custom_page_level_css":"","footnotes":""},"class_list":["post-12545","page","type-page","status-publish","hentry"],"acf":[],"yoast_head":"<!-- This site is optimized with the Yoast SEO plugin v27.6 - https:\/\/yoast.com\/product\/yoast-seo-wordpress\/ -->\n<title>February Ski Trip - book your february holidays with les balcons<\/title>\n<meta name=\"description\" content=\"You want to enjoy February break to have a ski trip, but you&#039;re struggling to decide where ? Where are here to help ! Let us introduce you to our establishments and ski resorts and discover our offers, but also the friendliness of the resort we choosed to be in. Les Balcons first mantra is client satisfaction and especialy the idea of a successful stay. All our offers are thoughfuly chosen to fit every needs and allow you to enjoy your holidays without having to break the piggy bank.\" \/>\n<meta name=\"robots\" content=\"index, follow, max-snippet:-1, max-image-preview:large, max-video-preview:-1\" \/>\n<link rel=\"canonical\" href=\"https:\/\/www.les-balcons.com\/en\/february-ski-trip\/\" \/>\n<meta property=\"og:locale\" content=\"en_US\" \/>\n<meta property=\"og:type\" content=\"article\" \/>\n<meta property=\"og:title\" content=\"February Ski Trip - book your february holidays with les balcons\" \/>\n<meta property=\"og:description\" content=\"You want to enjoy February break to have a ski trip, but you&#039;re struggling to decide where ? Where are here to help ! Let us introduce you to our establishments and ski resorts and discover our offers, but also the friendliness of the resort we choosed to be in. Les Balcons first mantra is client satisfaction and especialy the idea of a successful stay. All our offers are thoughfuly chosen to fit every needs and allow you to enjoy your holidays without having to break the piggy bank.\" \/>\n<meta property=\"og:url\" content=\"https:\/\/www.les-balcons.com\/en\/february-ski-trip\/\" \/>\n<meta property=\"og:site_name\" content=\"Les Balcons \u2013 R\u00e9sidences et s\u00e9jours Alpes du Nord\" \/>\n<meta property=\"article:modified_time\" content=\"2024-08-27T12:02:33+00:00\" \/>\n<meta name=\"twitter:card\" content=\"summary_large_image\" \/>\n<meta name=\"twitter:label1\" content=\"Est. reading time\" \/>\n\t<meta name=\"twitter:data1\" content=\"3 minutes\" \/>\n<script type=\"application\/ld+json\" class=\"yoast-schema-graph\">{\"@context\":\"https:\\\/\\\/schema.org\",\"@graph\":[{\"@type\":\"WebPage\",\"@id\":\"https:\\\/\\\/www.les-balcons.com\\\/en\\\/february-ski-trip\\\/\",\"url\":\"https:\\\/\\\/www.les-balcons.com\\\/en\\\/february-ski-trip\\\/\",\"name\":\"February Ski Trip - book your february holidays with les balcons\",\"isPartOf\":{\"@id\":\"https:\\\/\\\/www.les-balcons.com\\\/en\\\/#website\"},\"datePublished\":\"2021-01-12T10:48:23+00:00\",\"dateModified\":\"2024-08-27T12:02:33+00:00\",\"description\":\"You want to enjoy February break to have a ski trip, but you're struggling to decide where ? Where are here to help ! Let us introduce you to our establishments and ski resorts and discover our offers, but also the friendliness of the resort we choosed to be in. Les Balcons first mantra is client satisfaction and especialy the idea of a successful stay. All our offers are thoughfuly chosen to fit every needs and allow you to enjoy your holidays without having to break the piggy bank.\",\"breadcrumb\":{\"@id\":\"https:\\\/\\\/www.les-balcons.com\\\/en\\\/february-ski-trip\\\/#breadcrumb\"},\"inLanguage\":\"en-US\",\"potentialAction\":[{\"@type\":\"ReadAction\",\"target\":[\"https:\\\/\\\/www.les-balcons.com\\\/en\\\/february-ski-trip\\\/\"]}]},{\"@type\":\"BreadcrumbList\",\"@id\":\"https:\\\/\\\/www.les-balcons.com\\\/en\\\/february-ski-trip\\\/#breadcrumb\",\"itemListElement\":[{\"@type\":\"ListItem\",\"position\":1,\"name\":\"Homepage\",\"item\":\"https:\\\/\\\/www.les-balcons.com\\\/en\\\/fr\\\/\"},{\"@type\":\"ListItem\",\"position\":2,\"name\":\"February Ski Trip\"}]},{\"@type\":\"WebSite\",\"@id\":\"https:\\\/\\\/www.les-balcons.com\\\/en\\\/#website\",\"url\":\"https:\\\/\\\/www.les-balcons.com\\\/en\\\/\",\"name\":\"Les Balcons \u2013 R\u00e9sidences et s\u00e9jours Alpes du Nord\",\"description\":\"10 \u00e9tablissements, H\u00f4tel et R\u00e9sidences pour vos vacances \u00e0 la montagne\",\"publisher\":{\"@id\":\"https:\\\/\\\/www.les-balcons.com\\\/en\\\/#organization\"},\"potentialAction\":[{\"@type\":\"SearchAction\",\"target\":{\"@type\":\"EntryPoint\",\"urlTemplate\":\"https:\\\/\\\/www.les-balcons.com\\\/en\\\/?s={search_term_string}\"},\"query-input\":{\"@type\":\"PropertyValueSpecification\",\"valueRequired\":true,\"valueName\":\"search_term_string\"}}],\"inLanguage\":\"en-US\"},{\"@type\":\"Organization\",\"@id\":\"https:\\\/\\\/www.les-balcons.com\\\/en\\\/#organization\",\"name\":\"Les Balcons\",\"url\":\"https:\\\/\\\/www.les-balcons.com\\\/en\\\/\",\"logo\":{\"@type\":\"ImageObject\",\"inLanguage\":\"en-US\",\"@id\":\"https:\\\/\\\/www.les-balcons.com\\\/en\\\/#\\\/schema\\\/logo\\\/image\\\/\",\"url\":\"https:\\\/\\\/les-balcons.com\\\/wp-content\\\/uploads\\\/communs\\\/logos-et-gammes\\\/logo-les-balcons-base.png\",\"contentUrl\":\"https:\\\/\\\/les-balcons.com\\\/wp-content\\\/uploads\\\/communs\\\/logos-et-gammes\\\/logo-les-balcons-base.png\",\"width\":3508,\"height\":2481,\"caption\":\"Les Balcons\"},\"image\":{\"@id\":\"https:\\\/\\\/www.les-balcons.com\\\/en\\\/#\\\/schema\\\/logo\\\/image\\\/\"}}]}<\/script>\n<!-- \/ Yoast SEO plugin. -->","yoast_head_json":{"title":"February Ski Trip - book your february holidays with les balcons","description":"You want to enjoy February break to have a ski trip, but you're struggling to decide where ? Where are here to help ! Let us introduce you to our establishments and ski resorts and discover our offers, but also the friendliness of the resort we choosed to be in. Les Balcons first mantra is client satisfaction and especialy the idea of a successful stay. All our offers are thoughfuly chosen to fit every needs and allow you to enjoy your holidays without having to break the piggy bank.","robots":{"index":"index","follow":"follow","max-snippet":"max-snippet:-1","max-image-preview":"max-image-preview:large","max-video-preview":"max-video-preview:-1"},"canonical":"https:\/\/www.les-balcons.com\/en\/february-ski-trip\/","og_locale":"en_US","og_type":"article","og_title":"February Ski Trip - book your february holidays with les balcons","og_description":"You want to enjoy February break to have a ski trip, but you're struggling to decide where ? Where are here to help ! Let us introduce you to our establishments and ski resorts and discover our offers, but also the friendliness of the resort we choosed to be in. Les Balcons first mantra is client satisfaction and especialy the idea of a successful stay. All our offers are thoughfuly chosen to fit every needs and allow you to enjoy your holidays without having to break the piggy bank.","og_url":"https:\/\/www.les-balcons.com\/en\/february-ski-trip\/","og_site_name":"Les Balcons \u2013 R\u00e9sidences et s\u00e9jours Alpes du Nord","article_modified_time":"2024-08-27T12:02:33+00:00","twitter_card":"summary_large_image","twitter_misc":{"Est. reading time":"3 minutes"},"schema":{"@context":"https:\/\/schema.org","@graph":[{"@type":"WebPage","@id":"https:\/\/www.les-balcons.com\/en\/february-ski-trip\/","url":"https:\/\/www.les-balcons.com\/en\/february-ski-trip\/","name":"February Ski Trip - book your february holidays with les balcons","isPartOf":{"@id":"https:\/\/www.les-balcons.com\/en\/#website"},"datePublished":"2021-01-12T10:48:23+00:00","dateModified":"2024-08-27T12:02:33+00:00","description":"You want to enjoy February break to have a ski trip, but you're struggling to decide where ? Where are here to help ! Let us introduce you to our establishments and ski resorts and discover our offers, but also the friendliness of the resort we choosed to be in. Les Balcons first mantra is client satisfaction and especialy the idea of a successful stay. All our offers are thoughfuly chosen to fit every needs and allow you to enjoy your holidays without having to break the piggy bank.","breadcrumb":{"@id":"https:\/\/www.les-balcons.com\/en\/february-ski-trip\/#breadcrumb"},"inLanguage":"en-US","potentialAction":[{"@type":"ReadAction","target":["https:\/\/www.les-balcons.com\/en\/february-ski-trip\/"]}]},{"@type":"BreadcrumbList","@id":"https:\/\/www.les-balcons.com\/en\/february-ski-trip\/#breadcrumb","itemListElement":[{"@type":"ListItem","position":1,"name":"Homepage","item":"https:\/\/www.les-balcons.com\/en\/fr\/"},{"@type":"ListItem","position":2,"name":"February Ski Trip"}]},{"@type":"WebSite","@id":"https:\/\/www.les-balcons.com\/en\/#website","url":"https:\/\/www.les-balcons.com\/en\/","name":"Les Balcons \u2013 R\u00e9sidences et s\u00e9jours Alpes du Nord","description":"10 \u00e9tablissements, H\u00f4tel et R\u00e9sidences pour vos vacances \u00e0 la montagne","publisher":{"@id":"https:\/\/www.les-balcons.com\/en\/#organization"},"potentialAction":[{"@type":"SearchAction","target":{"@type":"EntryPoint","urlTemplate":"https:\/\/www.les-balcons.com\/en\/?s={search_term_string}"},"query-input":{"@type":"PropertyValueSpecification","valueRequired":true,"valueName":"search_term_string"}}],"inLanguage":"en-US"},{"@type":"Organization","@id":"https:\/\/www.les-balcons.com\/en\/#organization","name":"Les Balcons","url":"https:\/\/www.les-balcons.com\/en\/","logo":{"@type":"ImageObject","inLanguage":"en-US","@id":"https:\/\/www.les-balcons.com\/en\/#\/schema\/logo\/image\/","url":"https:\/\/les-balcons.com\/wp-content\/uploads\/communs\/logos-et-gammes\/logo-les-balcons-base.png","contentUrl":"https:\/\/les-balcons.com\/wp-content\/uploads\/communs\/logos-et-gammes\/logo-les-balcons-base.png","width":3508,"height":2481,"caption":"Les Balcons"},"image":{"@id":"https:\/\/www.les-balcons.com\/en\/#\/schema\/logo\/image\/"}}]}},"uagb_featured_image_src":{"full":false,"thumbnail":false,"medium":false,"medium_large":false,"large":false,"1536x1536":false,"2048x2048":false,"size-365x220":false},"uagb_author_info":{"display_name":"admin_balcons","author_link":"https:\/\/www.les-balcons.com\/en\/author\/admin_balcons\/"},"uagb_comment_info":0,"uagb_excerpt":"You want to enjoy February break to have a ski trip, but you're struggling to decide where ? Where are here to help ! Let us introduce you to our establishments and ski resorts and discover our offers, but also the friendliness of the resort we choosed to be in. Les Balcons first mantra is&hellip;","post_mailing_queue_ids":[],"_links":{"self":[{"href":"https:\/\/www.les-balcons.com\/en\/wp-json\/wp\/v2\/pages\/12545","targetHints":{"allow":["GET"]}}],"collection":[{"href":"https:\/\/www.les-balcons.com\/en\/wp-json\/wp\/v2\/pages"}],"about":[{"href":"https:\/\/www.les-balcons.com\/en\/wp-json\/wp\/v2\/types\/page"}],"author":[{"embeddable":true,"href":"https:\/\/www.les-balcons.com\/en\/wp-json\/wp\/v2\/users\/2"}],"replies":[{"embeddable":true,"href":"https:\/\/www.les-balcons.com\/en\/wp-json\/wp\/v2\/comments?post=12545"}],"version-history":[{"count":0,"href":"https:\/\/www.les-balcons.com\/en\/wp-json\/wp\/v2\/pages\/12545\/revisions"}],"wp:attachment":[{"href":"https:\/\/www.les-balcons.com\/en\/wp-json\/wp\/v2\/media?parent=12545"}],"curies":[{"name":"wp","href":"https:\/\/api.w.org\/{rel}","templated":true}]}}