{"id":11919,"date":"2020-01-13T09:29:01","date_gmt":"2020-01-13T09:29:01","guid":{"rendered":"https:\/\/www.les-balcons.com\/les-balcons-de-belle-plagne-galerie\/"},"modified":"2024-09-16T10:03:45","modified_gmt":"2024-09-16T10:03:45","slug":"les-balcons-de-belle-plagne-galery","status":"publish","type":"page","link":"https:\/\/www.les-balcons.com\/en\/les-balcons-de-belle-plagne-galery\/","title":{"rendered":"Les Balcons de Belle Plagne"},"content":{"rendered":"","protected":false},"excerpt":{"rendered":"<p>Les Balcons Platinium &#8211; galery<\/p>\n","protected":false},"author":2,"featured_media":5529,"parent":0,"menu_order":0,"comment_status":"closed","ping_status":"closed","template":"template-galleries.php","meta":{"_acf_changed":false,"_uag_custom_page_level_css":"","footnotes":""},"class_list":["post-11919","page","type-page","status-publish","has-post-thumbnail","hentry"],"acf":[],"yoast_head":"<!-- This site is optimized with the Yoast SEO plugin v27.4 - https:\/\/yoast.com\/product\/yoast-seo-wordpress\/ -->\n<title>Les Balcons de Belle Plagne<\/title>\n<meta name=\"description\" content=\"Les Balcons Platinium - galery\" \/>\n<meta name=\"robots\" content=\"noindex, nofollow\" \/>\n<meta property=\"og:locale\" content=\"en_US\" \/>\n<meta property=\"og:type\" content=\"article\" \/>\n<meta property=\"og:title\" content=\"Les Balcons de Belle Plagne\" \/>\n<meta property=\"og:description\" content=\"Les Balcons Platinium - galery\" \/>\n<meta property=\"og:url\" content=\"https:\/\/www.les-balcons.com\/en\/les-balcons-de-belle-plagne-galery\/\" \/>\n<meta property=\"og:site_name\" content=\"Les Balcons \u2013 R\u00e9sidences et s\u00e9jours Alpes du Nord\" \/>\n<meta property=\"article:modified_time\" content=\"2024-09-16T10:03:45+00:00\" \/>\n<meta property=\"og:image\" content=\"https:\/\/www.les-balcons.com\/wp-content\/uploads\/hiver\/bbp\/categories-galeries\/la-residence\/11-bbp-categorie-photo-heb-hiver-la-residence.jpg\" \/>\n\t<meta property=\"og:image:width\" content=\"2048\" \/>\n\t<meta property=\"og:image:height\" content=\"1385\" \/>\n\t<meta property=\"og:image:type\" content=\"image\/jpeg\" \/>\n<meta name=\"twitter:card\" content=\"summary_large_image\" \/>\n<script type=\"application\/ld+json\" class=\"yoast-schema-graph\">{\"@context\":\"https:\\\/\\\/schema.org\",\"@graph\":[{\"@type\":\"WebPage\",\"@id\":\"https:\\\/\\\/www.les-balcons.com\\\/en\\\/les-balcons-de-belle-plagne-galery\\\/\",\"url\":\"https:\\\/\\\/www.les-balcons.com\\\/en\\\/les-balcons-de-belle-plagne-galery\\\/\",\"name\":\"Les Balcons de Belle Plagne\",\"isPartOf\":{\"@id\":\"https:\\\/\\\/www.les-balcons.com\\\/en\\\/#website\"},\"primaryImageOfPage\":{\"@id\":\"https:\\\/\\\/www.les-balcons.com\\\/en\\\/les-balcons-de-belle-plagne-galery\\\/#primaryimage\"},\"image\":{\"@id\":\"https:\\\/\\\/www.les-balcons.com\\\/en\\\/les-balcons-de-belle-plagne-galery\\\/#primaryimage\"},\"thumbnailUrl\":\"https:\\\/\\\/www.les-balcons.com\\\/wp-content\\\/uploads\\\/hiver\\\/bbp\\\/categories-galeries\\\/la-residence\\\/11-bbp-categorie-photo-heb-hiver-la-residence.jpg\",\"datePublished\":\"2020-01-13T09:29:01+00:00\",\"dateModified\":\"2024-09-16T10:03:45+00:00\",\"description\":\"Les Balcons Platinium - galery\",\"breadcrumb\":{\"@id\":\"https:\\\/\\\/www.les-balcons.com\\\/en\\\/les-balcons-de-belle-plagne-galery\\\/#breadcrumb\"},\"inLanguage\":\"en-US\",\"potentialAction\":[{\"@type\":\"ReadAction\",\"target\":[\"https:\\\/\\\/www.les-balcons.com\\\/en\\\/les-balcons-de-belle-plagne-galery\\\/\"]}]},{\"@type\":\"ImageObject\",\"inLanguage\":\"en-US\",\"@id\":\"https:\\\/\\\/www.les-balcons.com\\\/en\\\/les-balcons-de-belle-plagne-galery\\\/#primaryimage\",\"url\":\"https:\\\/\\\/www.les-balcons.com\\\/wp-content\\\/uploads\\\/hiver\\\/bbp\\\/categories-galeries\\\/la-residence\\\/11-bbp-categorie-photo-heb-hiver-la-residence.jpg\",\"contentUrl\":\"https:\\\/\\\/www.les-balcons.com\\\/wp-content\\\/uploads\\\/hiver\\\/bbp\\\/categories-galeries\\\/la-residence\\\/11-bbp-categorie-photo-heb-hiver-la-residence.jpg\",\"width\":2048,\"height\":1385,\"caption\":\"Vue R\u00e9sidence Balcons de Belle Plagne\"},{\"@type\":\"BreadcrumbList\",\"@id\":\"https:\\\/\\\/www.les-balcons.com\\\/en\\\/les-balcons-de-belle-plagne-galery\\\/#breadcrumb\",\"itemListElement\":[{\"@type\":\"ListItem\",\"position\":1,\"name\":\"Homepage\",\"item\":\"https:\\\/\\\/www.les-balcons.com\\\/en\\\/fr\\\/\"},{\"@type\":\"ListItem\",\"position\":2,\"name\":\"Les Balcons de Belle Plagne\"}]},{\"@type\":\"WebSite\",\"@id\":\"https:\\\/\\\/www.les-balcons.com\\\/en\\\/#website\",\"url\":\"https:\\\/\\\/www.les-balcons.com\\\/en\\\/\",\"name\":\"Les Balcons \u2013 R\u00e9sidences et s\u00e9jours Alpes du Nord\",\"description\":\"10 \u00e9tablissements, H\u00f4tel et R\u00e9sidences pour vos vacances \u00e0 la montagne\",\"publisher\":{\"@id\":\"https:\\\/\\\/www.les-balcons.com\\\/en\\\/#organization\"},\"potentialAction\":[{\"@type\":\"SearchAction\",\"target\":{\"@type\":\"EntryPoint\",\"urlTemplate\":\"https:\\\/\\\/www.les-balcons.com\\\/en\\\/?s={search_term_string}\"},\"query-input\":{\"@type\":\"PropertyValueSpecification\",\"valueRequired\":true,\"valueName\":\"search_term_string\"}}],\"inLanguage\":\"en-US\"},{\"@type\":\"Organization\",\"@id\":\"https:\\\/\\\/www.les-balcons.com\\\/en\\\/#organization\",\"name\":\"Les Balcons\",\"url\":\"https:\\\/\\\/www.les-balcons.com\\\/en\\\/\",\"logo\":{\"@type\":\"ImageObject\",\"inLanguage\":\"en-US\",\"@id\":\"https:\\\/\\\/www.les-balcons.com\\\/en\\\/#\\\/schema\\\/logo\\\/image\\\/\",\"url\":\"https:\\\/\\\/les-balcons.com\\\/wp-content\\\/uploads\\\/communs\\\/logos-et-gammes\\\/logo-les-balcons-base.png\",\"contentUrl\":\"https:\\\/\\\/les-balcons.com\\\/wp-content\\\/uploads\\\/communs\\\/logos-et-gammes\\\/logo-les-balcons-base.png\",\"width\":3508,\"height\":2481,\"caption\":\"Les Balcons\"},\"image\":{\"@id\":\"https:\\\/\\\/www.les-balcons.com\\\/en\\\/#\\\/schema\\\/logo\\\/image\\\/\"}}]}<\/script>\n<!-- \/ Yoast SEO plugin. -->","yoast_head_json":{"title":"Les Balcons de Belle Plagne","description":"Les Balcons Platinium - galery","robots":{"index":"noindex","follow":"nofollow"},"og_locale":"en_US","og_type":"article","og_title":"Les Balcons de Belle Plagne","og_description":"Les Balcons Platinium - galery","og_url":"https:\/\/www.les-balcons.com\/en\/les-balcons-de-belle-plagne-galery\/","og_site_name":"Les Balcons \u2013 R\u00e9sidences et s\u00e9jours Alpes du Nord","article_modified_time":"2024-09-16T10:03:45+00:00","og_image":[{"width":2048,"height":1385,"url":"https:\/\/www.les-balcons.com\/wp-content\/uploads\/hiver\/bbp\/categories-galeries\/la-residence\/11-bbp-categorie-photo-heb-hiver-la-residence.jpg","type":"image\/jpeg"}],"twitter_card":"summary_large_image","schema":{"@context":"https:\/\/schema.org","@graph":[{"@type":"WebPage","@id":"https:\/\/www.les-balcons.com\/en\/les-balcons-de-belle-plagne-galery\/","url":"https:\/\/www.les-balcons.com\/en\/les-balcons-de-belle-plagne-galery\/","name":"Les Balcons de Belle Plagne","isPartOf":{"@id":"https:\/\/www.les-balcons.com\/en\/#website"},"primaryImageOfPage":{"@id":"https:\/\/www.les-balcons.com\/en\/les-balcons-de-belle-plagne-galery\/#primaryimage"},"image":{"@id":"https:\/\/www.les-balcons.com\/en\/les-balcons-de-belle-plagne-galery\/#primaryimage"},"thumbnailUrl":"https:\/\/www.les-balcons.com\/wp-content\/uploads\/hiver\/bbp\/categories-galeries\/la-residence\/11-bbp-categorie-photo-heb-hiver-la-residence.jpg","datePublished":"2020-01-13T09:29:01+00:00","dateModified":"2024-09-16T10:03:45+00:00","description":"Les Balcons Platinium - galery","breadcrumb":{"@id":"https:\/\/www.les-balcons.com\/en\/les-balcons-de-belle-plagne-galery\/#breadcrumb"},"inLanguage":"en-US","potentialAction":[{"@type":"ReadAction","target":["https:\/\/www.les-balcons.com\/en\/les-balcons-de-belle-plagne-galery\/"]}]},{"@type":"ImageObject","inLanguage":"en-US","@id":"https:\/\/www.les-balcons.com\/en\/les-balcons-de-belle-plagne-galery\/#primaryimage","url":"https:\/\/www.les-balcons.com\/wp-content\/uploads\/hiver\/bbp\/categories-galeries\/la-residence\/11-bbp-categorie-photo-heb-hiver-la-residence.jpg","contentUrl":"https:\/\/www.les-balcons.com\/wp-content\/uploads\/hiver\/bbp\/categories-galeries\/la-residence\/11-bbp-categorie-photo-heb-hiver-la-residence.jpg","width":2048,"height":1385,"caption":"Vue R\u00e9sidence Balcons de Belle Plagne"},{"@type":"BreadcrumbList","@id":"https:\/\/www.les-balcons.com\/en\/les-balcons-de-belle-plagne-galery\/#breadcrumb","itemListElement":[{"@type":"ListItem","position":1,"name":"Homepage","item":"https:\/\/www.les-balcons.com\/en\/fr\/"},{"@type":"ListItem","position":2,"name":"Les Balcons de Belle Plagne"}]},{"@type":"WebSite","@id":"https:\/\/www.les-balcons.com\/en\/#website","url":"https:\/\/www.les-balcons.com\/en\/","name":"Les Balcons \u2013 R\u00e9sidences et s\u00e9jours Alpes du Nord","description":"10 \u00e9tablissements, H\u00f4tel et R\u00e9sidences pour vos vacances \u00e0 la montagne","publisher":{"@id":"https:\/\/www.les-balcons.com\/en\/#organization"},"potentialAction":[{"@type":"SearchAction","target":{"@type":"EntryPoint","urlTemplate":"https:\/\/www.les-balcons.com\/en\/?s={search_term_string}"},"query-input":{"@type":"PropertyValueSpecification","valueRequired":true,"valueName":"search_term_string"}}],"inLanguage":"en-US"},{"@type":"Organization","@id":"https:\/\/www.les-balcons.com\/en\/#organization","name":"Les Balcons","url":"https:\/\/www.les-balcons.com\/en\/","logo":{"@type":"ImageObject","inLanguage":"en-US","@id":"https:\/\/www.les-balcons.com\/en\/#\/schema\/logo\/image\/","url":"https:\/\/les-balcons.com\/wp-content\/uploads\/communs\/logos-et-gammes\/logo-les-balcons-base.png","contentUrl":"https:\/\/les-balcons.com\/wp-content\/uploads\/communs\/logos-et-gammes\/logo-les-balcons-base.png","width":3508,"height":2481,"caption":"Les Balcons"},"image":{"@id":"https:\/\/www.les-balcons.com\/en\/#\/schema\/logo\/image\/"}}]}},"uagb_featured_image_src":{"full":["https:\/\/www.les-balcons.com\/wp-content\/uploads\/hiver\/bbp\/categories-galeries\/la-residence\/11-bbp-categorie-photo-heb-hiver-la-residence.jpg",2048,1385,false],"thumbnail":["https:\/\/www.les-balcons.com\/wp-content\/uploads\/hiver\/bbp\/categories-galeries\/la-residence\/11-bbp-categorie-photo-heb-hiver-la-residence-150x150.jpg",150,150,true],"medium":["https:\/\/www.les-balcons.com\/wp-content\/uploads\/hiver\/bbp\/categories-galeries\/la-residence\/11-bbp-categorie-photo-heb-hiver-la-residence-300x203.jpg",300,203,true],"medium_large":["https:\/\/www.les-balcons.com\/wp-content\/uploads\/hiver\/bbp\/categories-galeries\/la-residence\/11-bbp-categorie-photo-heb-hiver-la-residence-768x519.jpg",768,519,true],"large":["https:\/\/www.les-balcons.com\/wp-content\/uploads\/hiver\/bbp\/categories-galeries\/la-residence\/11-bbp-categorie-photo-heb-hiver-la-residence-1024x693.jpg",1024,693,true],"1536x1536":["https:\/\/www.les-balcons.com\/wp-content\/uploads\/hiver\/bbp\/categories-galeries\/la-residence\/11-bbp-categorie-photo-heb-hiver-la-residence-1536x1039.jpg",1536,1039,true],"2048x2048":["https:\/\/www.les-balcons.com\/wp-content\/uploads\/hiver\/bbp\/categories-galeries\/la-residence\/11-bbp-categorie-photo-heb-hiver-la-residence.jpg",2048,1385,false],"size-365x220":["https:\/\/www.les-balcons.com\/wp-content\/uploads\/hiver\/bbp\/categories-galeries\/la-residence\/11-bbp-categorie-photo-heb-hiver-la-residence-365x220.jpg",365,220,true]},"uagb_author_info":{"display_name":"admin_balcons","author_link":"https:\/\/www.les-balcons.com\/en\/author\/admin_balcons\/"},"uagb_comment_info":0,"uagb_excerpt":"Les Balcons Platinium - galery","post_mailing_queue_ids":[],"_links":{"self":[{"href":"https:\/\/www.les-balcons.com\/en\/wp-json\/wp\/v2\/pages\/11919","targetHints":{"allow":["GET"]}}],"collection":[{"href":"https:\/\/www.les-balcons.com\/en\/wp-json\/wp\/v2\/pages"}],"about":[{"href":"https:\/\/www.les-balcons.com\/en\/wp-json\/wp\/v2\/types\/page"}],"author":[{"embeddable":true,"href":"https:\/\/www.les-balcons.com\/en\/wp-json\/wp\/v2\/users\/2"}],"replies":[{"embeddable":true,"href":"https:\/\/www.les-balcons.com\/en\/wp-json\/wp\/v2\/comments?post=11919"}],"version-history":[{"count":0,"href":"https:\/\/www.les-balcons.com\/en\/wp-json\/wp\/v2\/pages\/11919\/revisions"}],"wp:featuredmedia":[{"embeddable":true,"href":"https:\/\/www.les-balcons.com\/en\/wp-json\/wp\/v2\/media\/5529"}],"wp:attachment":[{"href":"https:\/\/www.les-balcons.com\/en\/wp-json\/wp\/v2\/media?parent=11919"}],"curies":[{"name":"wp","href":"https:\/\/api.w.org\/{rel}","templated":true}]}}