{"id":11831,"date":"2020-10-14T14:44:17","date_gmt":"2020-10-14T14:44:17","guid":{"rendered":"https:\/\/www.les-balcons.com\/?page_id=11831"},"modified":"2024-08-27T12:14:00","modified_gmt":"2024-08-27T12:14:00","slug":"privacy-policy","status":"publish","type":"page","link":"https:\/\/www.les-balcons.com\/en\/privacy-policy\/","title":{"rendered":"Balcons Privacy Policy"},"content":{"rendered":"<p>&nbsp;<\/p>\n<h1>SUMMARY<\/h1>\n<ul>\n<li>Collection of personal data<\/li>\n<li>Processing of your personal data<\/li>\n<li>Recipients and subcontractors of your personal data<\/li>\n<li>Retention period of your personal data<\/li>\n<li>Your rights and conditions on the processing of your personal data<\/li>\n<li>Cookies<\/li>\n<\/ul>\n<h2>1\/ THE COLLECTION OF YOUR PERSONAL DATA<\/h2>\n<p>According to the French National Commission for Data Protection and Liberties (C.N.I.L.), a personal data consists of any information directly or indirectly identifying a physical person.<\/p>\n<p>Thus, at each visit of our site http:\/\/les-balcons.com\/, you are asked to voluntarily entrust us with personal information (reservation of a stay, subscription to our newsletter, \u2026) intended to answer to your expectation, such as:<\/p>\n<p>Your name, first name, postal address, e-mail address, phone number, details of your identity card \/ passport, payment information,<br \/>\nIdentification data related to a particular service. When reserving care treatment, ski equipment or packages, we will have to ask you to specify your date of birth, your size, \u2026,<br \/>\nBy providing us with your personal data, you agree that we use them to satisfy your request and also that we communicate them to partners in charge of the specific services as specified above.<\/p>\n<p>When you browse our site https:\/\/hotel-alparena.com\/, when you download our applications or receive our newsletter, we record other information such as:<\/p>\n<p>Your IP address, the country of connection, the type of browser,<br \/>\nInformation about your browsing (page views, favorites, clicks on links, opening or not some pages).<br \/>\nThese data are not saved, they are exclusively reserved for statistical purposes.<\/p>\n<p>For any additional information concerning the protection of personal data, you can consult the website of the Commission for Informatics et Liberties : <a href=\"https:\/\/www.cnil.fr\/\">https:\/\/www.cnil.fr\/<\/a><\/p>\n<p>&nbsp;<\/p>\n<h2>2\/ PROCESSING YOUR PERSONAL DATA<\/h2>\n<p>As mentioned above, the purpose of collecting your personal data is to:<\/p>\n<p>First of all :<\/p>\n<p>The treatment of your reservations and requests,<br \/>\nThe management of the commercial relationship between you and LES BALCONS,<br \/>\nAlso:<\/p>\n<p>The sending of adapted offers, our newsletter by email,<br \/>\nPersonalization of the content of our site http:\/\/les-balcons.com\/,<br \/>\nStatistical and marketing studies.<br \/>\nDisplay of targeted advertisements.<br \/>\nThe data can be passed on to other providers for the following purposes:<\/p>\n<p>Specific services (sporting goods, care, packages, \u2026),<\/p>\n<p>Secure payment.<\/p>\n<h2>3\/ RECIPIENTS OF YOUR PERSONAL DATA<\/h2>\n<p>This data is intended for the use of PT INVESTISSEMENT, the operating company of Les Balcons and, registered at the RCS LONS-LE-SAUNIER under number 363 661 360, whose head office is located at 21 avenue Camille Prost, 39000 LONS-LE-SAUNIER.<\/p>\n<p>We will never transfer or market your data for marketing purposes to external companies. If your data are transferred to third parties, they will be used only for the purpose of our services and only when you have given your consent for the sharing of such information as if it was a one-off participation in a promotional event.<\/p>\n<p>&nbsp;<\/p>\n<h2>4\/ RETENTION PERIOD OF YOUR PERSONAL DATA<\/h2>\n<p>http:\/\/les-balcons.com\/ keeps the data of its customers for a period of 5 years from the last contact (reservation, phone call or email).<\/p>\n<p>For potential future customers, the duration is reduced to 3 years from the last click. However, before the deletion of personal data, you will receive an email asking you if you wish to continue receiving our commercial offers. In case of a positive response, your data will be kept for another 3 years.<\/p>\n<p>&nbsp;<\/p>\n<h2>5\/ YOUR RIGHTS AND CONDITIONS ON THE PROCESSING OF YOUR PERSONAL DATA<\/h2>\n<p>If you deem inappropriate the use of your personnal data, we thank you kindly contact us:<\/p>\n<p>Via the website http:\/\/les-balcons.com\/<br \/>\nBy email to contact@les-balcons.com<br \/>\nBy mail directly to the head office of PT INVESTISSEMENT \u2013 Residence Balcons du Parc \u2013 21 Avenue Camille Prost \u2013 39000 LONS-LE-SAUNIER.<br \/>\nYou can also file a complaint with the National Commission for Informatics and Liberties (CNIL), to the attention of the Data Protection Officer (DPO) \u2013 3 Place Fontenoy \u2013 TSA 80715 \u2013 75334 PARIS cedex 07 or on the website <a href=\"https:\/\/www.cnil.fr\/\">https:\/\/www.cnil.fr\/<\/a><\/p>\n<p>&nbsp;<\/p>\n<h2>6\/ COOKIE<\/h2>\n<p>When browsing our site, information may be stored in \u201cCookies\u201d files installed on your device.<\/p>\n<h3>6-1 \u2013 WHAT IS A COOKIE ?<\/h3>\n<p>According to the French National Commission for Data Protection and Liberties (C.N.I.L.), a \u201ccookie\u201d is a suite of small information identified by a name, which can be transmitted to your browser by a website with which you have logged in. Your web browser will keep it for a while and send it back to the web server each time you connect.<\/p>\n<h3>6-2 \u2013 what is the role of a cookie?<\/h3>\n<p>Cookies have 2 main purposes::<\/p>\n<p>To facilitate electronic comminication or to provide a service at your express request, which could not been provided without. Cookies allow the use of all the features of our website, that why they may be filed without your consent, as long as they do not interfere with your privacy;<br \/>\nTo establish advertising statistics, shares on social networks, etc. These cookies are subject to your consent before being deposited on your terminal.<br \/>\n6-3 \u2013 what are the cookies used on our site?<\/p>\n<p>Different families of cookies are used by our website https:\/\/hotel-alparena.com\/<\/p>\n<p>1) Essential technical cookies for its proper functioning,<\/p>\n<p>2) Functional technical cookies which will improve proposed services by personalizing our contents. For this matter, your browsing preferences, the language of the site previously selected or your visual display preferences are stored,<\/p>\n<p>3) Statistical cookies in order to know the frequentation of our website, the most visited pages, as well as the origin of our visitors (IP address), in order to increases the relevance of our content. We currently use the Google Analytics statistics system and the associated cookies.<\/p>\n<p>4) Cookies sharing our content on the main social networks. When you click on the share buttons, a third party cookie is installed by the social network concerned: we invite you to consult the privacy policies of each social networks. Note that if you are connected to the social network during your navigation on our site, the sharing buttons allow to link the contents consulted to your user account.<\/p>\n<h3>6-4 \u2013 controlling the use of cookies<\/h3>\n<p>You have the option to refuse the use of cookies which will remove some of the features listed above.<\/p>\n<p>Here\u2019s how to proceed:<\/p>\n<h3>6-4-1 \u2013 Via the setting of your internet browser<\/h3>\n<p>You can set your cookies via your internet browser with the consequence of impacting all websites visited.<\/p>\n<h4>6-4-1-a \u2013 Internet Explorer<\/h4>\n<p>Open the desktop, tap or click on the Internet Explorer icon in the taskbar;<br \/>\nTap or click the Tools button, then tap or click Internet Options;<br \/>\nTap or click the Privacy tab, then under Settings,<br \/>\nMove the cursor up to block all cookies, then press or click OK;<\/p>\n<h4>6-4-1-b \u2013 Google Chrome<\/h4>\n<p>Click the Chrome menu on the browser toolbar;<br \/>\nSelect Settings;<br \/>\nClick Show Advanced Settings;<br \/>\nIn the \u201cPrivacy\u201d section, click the Content Settings button;<br \/>\nIn the \u201cCookies\u201d section, you can modify the settings of your cookies (block them, delete them, etc.);<\/p>\n<h4>6-4-1-c \u2013 Mozilla Firefox<\/h4>\n<p>Click the menu button and select Options;<br \/>\nSelect the Privacy panel;<br \/>\nCheck the Accept cookies to enable cookies box, or uncheck it to disable them;<\/p>\n<h4>6-4-1-d \u2013 Opera<\/h4>\n<p>Go to Preferences&gt; Advanced&gt; Cookies;<br \/>\nCookie preferences allow control of how Opera handles cookies. Select one of the parameters according to your choice:<br \/>\nAccept cookies: all cookies are accepted (default);<br \/>\nAccept only those of the visited site: third-party cookies, from a domain outside the one I visit, are refused;<br \/>\nNever accept cookies: all cookies are refused;<br \/>\n6-4-2 \u2013 USING THE YOURONLINECHOICES SITE<\/p>\n<p>The digital advertising professionals grouped within the European Digital Advertising Alliance (EDAA) offer a website accessible to all Internet users and allowing them to control targeted advertising cookies in the form of acceptance or refusal. You can control and set your preferences in terms of advertising cookies. Hundreds of companies are partners in this initiative. The site also offers full explanations of cookies.<\/p>\n<p>For more information, click here<\/p>\n<h5>6-4-3 \u2013 THE C.N.I.L.<\/h5>\n<p>Finally, the French National Commission for Data Protection and Liberties (C.N.I.L.) offers practical teaching leaflets for Internet users.<\/p>\n<p>For more information, go to http:\/\/www.cnil.fr\/vos-droits\/vos-traces\/les-cookies\/<\/p>\n<p>&nbsp;<\/p>\n","protected":false},"excerpt":{"rendered":"<p>&nbsp; SUMMARY Collection of personal data Processing of your personal data Recipients and subcontractors of your personal data Retention period of your personal data Your rights and conditions on the processing of your personal data Cookies 1\/ THE COLLECTION OF YOUR PERSONAL DATA According to the French National Commission for Data Protection and Liberties (C.N.I.L.), [&hellip;]<\/p>\n","protected":false},"author":2,"featured_media":0,"parent":0,"menu_order":0,"comment_status":"closed","ping_status":"closed","template":"","meta":{"_acf_changed":false,"_uag_custom_page_level_css":"","footnotes":""},"class_list":["post-11831","page","type-page","status-publish","hentry"],"acf":[],"yoast_head":"<!-- This site is optimized with the Yoast SEO plugin v27.3 - https:\/\/yoast.com\/product\/yoast-seo-wordpress\/ -->\n<title>Balcons Privacy Policy<\/title>\n<meta name=\"description\" content=\"&nbsp; SUMMARY Collection of personal data Processing of your personal data Recipients and subcontractors of your personal data Retention period of your\" \/>\n<meta name=\"robots\" content=\"index, follow, max-snippet:-1, max-image-preview:large, max-video-preview:-1\" \/>\n<link rel=\"canonical\" href=\"https:\/\/www.les-balcons.com\/en\/privacy-policy\/\" \/>\n<meta property=\"og:locale\" content=\"en_US\" \/>\n<meta property=\"og:type\" content=\"article\" \/>\n<meta property=\"og:title\" content=\"Balcons Privacy Policy\" \/>\n<meta property=\"og:description\" content=\"&nbsp; SUMMARY Collection of personal data Processing of your personal data Recipients and subcontractors of your personal data Retention period of your\" \/>\n<meta property=\"og:url\" content=\"https:\/\/www.les-balcons.com\/en\/privacy-policy\/\" \/>\n<meta property=\"og:site_name\" content=\"Les Balcons \u2013 R\u00e9sidences et s\u00e9jours Alpes du Nord\" \/>\n<meta property=\"article:modified_time\" content=\"2024-08-27T12:14:00+00:00\" \/>\n<meta name=\"twitter:card\" content=\"summary_large_image\" \/>\n<meta name=\"twitter:label1\" content=\"Est. reading time\" \/>\n\t<meta name=\"twitter:data1\" content=\"7 minutes\" \/>\n<script type=\"application\/ld+json\" class=\"yoast-schema-graph\">{\"@context\":\"https:\\\/\\\/schema.org\",\"@graph\":[{\"@type\":\"WebPage\",\"@id\":\"https:\\\/\\\/www.les-balcons.com\\\/en\\\/privacy-policy\\\/\",\"url\":\"https:\\\/\\\/www.les-balcons.com\\\/en\\\/privacy-policy\\\/\",\"name\":\"Balcons Privacy Policy\",\"isPartOf\":{\"@id\":\"https:\\\/\\\/www.les-balcons.com\\\/en\\\/#website\"},\"datePublished\":\"2020-10-14T14:44:17+00:00\",\"dateModified\":\"2024-08-27T12:14:00+00:00\",\"description\":\"&nbsp; SUMMARY Collection of personal data Processing of your personal data Recipients and subcontractors of your personal data Retention period of your\",\"breadcrumb\":{\"@id\":\"https:\\\/\\\/www.les-balcons.com\\\/en\\\/privacy-policy\\\/#breadcrumb\"},\"inLanguage\":\"en-US\",\"potentialAction\":[{\"@type\":\"ReadAction\",\"target\":[\"https:\\\/\\\/www.les-balcons.com\\\/en\\\/privacy-policy\\\/\"]}]},{\"@type\":\"BreadcrumbList\",\"@id\":\"https:\\\/\\\/www.les-balcons.com\\\/en\\\/privacy-policy\\\/#breadcrumb\",\"itemListElement\":[{\"@type\":\"ListItem\",\"position\":1,\"name\":\"Homepage\",\"item\":\"https:\\\/\\\/www.les-balcons.com\\\/en\\\/fr\\\/\"},{\"@type\":\"ListItem\",\"position\":2,\"name\":\"Balcons Privacy Policy\"}]},{\"@type\":\"WebSite\",\"@id\":\"https:\\\/\\\/www.les-balcons.com\\\/en\\\/#website\",\"url\":\"https:\\\/\\\/www.les-balcons.com\\\/en\\\/\",\"name\":\"Les Balcons \u2013 R\u00e9sidences et s\u00e9jours Alpes du Nord\",\"description\":\"10 \u00e9tablissements, H\u00f4tel et R\u00e9sidences pour vos vacances \u00e0 la montagne\",\"publisher\":{\"@id\":\"https:\\\/\\\/www.les-balcons.com\\\/en\\\/#organization\"},\"potentialAction\":[{\"@type\":\"SearchAction\",\"target\":{\"@type\":\"EntryPoint\",\"urlTemplate\":\"https:\\\/\\\/www.les-balcons.com\\\/en\\\/?s={search_term_string}\"},\"query-input\":{\"@type\":\"PropertyValueSpecification\",\"valueRequired\":true,\"valueName\":\"search_term_string\"}}],\"inLanguage\":\"en-US\"},{\"@type\":\"Organization\",\"@id\":\"https:\\\/\\\/www.les-balcons.com\\\/en\\\/#organization\",\"name\":\"Les Balcons\",\"url\":\"https:\\\/\\\/www.les-balcons.com\\\/en\\\/\",\"logo\":{\"@type\":\"ImageObject\",\"inLanguage\":\"en-US\",\"@id\":\"https:\\\/\\\/www.les-balcons.com\\\/en\\\/#\\\/schema\\\/logo\\\/image\\\/\",\"url\":\"https:\\\/\\\/les-balcons.com\\\/wp-content\\\/uploads\\\/communs\\\/logos-et-gammes\\\/logo-les-balcons-base.png\",\"contentUrl\":\"https:\\\/\\\/les-balcons.com\\\/wp-content\\\/uploads\\\/communs\\\/logos-et-gammes\\\/logo-les-balcons-base.png\",\"width\":3508,\"height\":2481,\"caption\":\"Les Balcons\"},\"image\":{\"@id\":\"https:\\\/\\\/www.les-balcons.com\\\/en\\\/#\\\/schema\\\/logo\\\/image\\\/\"}}]}<\/script>\n<!-- \/ Yoast SEO plugin. -->","yoast_head_json":{"title":"Balcons Privacy Policy","description":"&nbsp; SUMMARY Collection of personal data Processing of your personal data Recipients and subcontractors of your personal data Retention period of your","robots":{"index":"index","follow":"follow","max-snippet":"max-snippet:-1","max-image-preview":"max-image-preview:large","max-video-preview":"max-video-preview:-1"},"canonical":"https:\/\/www.les-balcons.com\/en\/privacy-policy\/","og_locale":"en_US","og_type":"article","og_title":"Balcons Privacy Policy","og_description":"&nbsp; SUMMARY Collection of personal data Processing of your personal data Recipients and subcontractors of your personal data Retention period of your","og_url":"https:\/\/www.les-balcons.com\/en\/privacy-policy\/","og_site_name":"Les Balcons \u2013 R\u00e9sidences et s\u00e9jours Alpes du Nord","article_modified_time":"2024-08-27T12:14:00+00:00","twitter_card":"summary_large_image","twitter_misc":{"Est. reading time":"7 minutes"},"schema":{"@context":"https:\/\/schema.org","@graph":[{"@type":"WebPage","@id":"https:\/\/www.les-balcons.com\/en\/privacy-policy\/","url":"https:\/\/www.les-balcons.com\/en\/privacy-policy\/","name":"Balcons Privacy Policy","isPartOf":{"@id":"https:\/\/www.les-balcons.com\/en\/#website"},"datePublished":"2020-10-14T14:44:17+00:00","dateModified":"2024-08-27T12:14:00+00:00","description":"&nbsp; SUMMARY Collection of personal data Processing of your personal data Recipients and subcontractors of your personal data Retention period of your","breadcrumb":{"@id":"https:\/\/www.les-balcons.com\/en\/privacy-policy\/#breadcrumb"},"inLanguage":"en-US","potentialAction":[{"@type":"ReadAction","target":["https:\/\/www.les-balcons.com\/en\/privacy-policy\/"]}]},{"@type":"BreadcrumbList","@id":"https:\/\/www.les-balcons.com\/en\/privacy-policy\/#breadcrumb","itemListElement":[{"@type":"ListItem","position":1,"name":"Homepage","item":"https:\/\/www.les-balcons.com\/en\/fr\/"},{"@type":"ListItem","position":2,"name":"Balcons Privacy Policy"}]},{"@type":"WebSite","@id":"https:\/\/www.les-balcons.com\/en\/#website","url":"https:\/\/www.les-balcons.com\/en\/","name":"Les Balcons \u2013 R\u00e9sidences et s\u00e9jours Alpes du Nord","description":"10 \u00e9tablissements, H\u00f4tel et R\u00e9sidences pour vos vacances \u00e0 la montagne","publisher":{"@id":"https:\/\/www.les-balcons.com\/en\/#organization"},"potentialAction":[{"@type":"SearchAction","target":{"@type":"EntryPoint","urlTemplate":"https:\/\/www.les-balcons.com\/en\/?s={search_term_string}"},"query-input":{"@type":"PropertyValueSpecification","valueRequired":true,"valueName":"search_term_string"}}],"inLanguage":"en-US"},{"@type":"Organization","@id":"https:\/\/www.les-balcons.com\/en\/#organization","name":"Les Balcons","url":"https:\/\/www.les-balcons.com\/en\/","logo":{"@type":"ImageObject","inLanguage":"en-US","@id":"https:\/\/www.les-balcons.com\/en\/#\/schema\/logo\/image\/","url":"https:\/\/les-balcons.com\/wp-content\/uploads\/communs\/logos-et-gammes\/logo-les-balcons-base.png","contentUrl":"https:\/\/les-balcons.com\/wp-content\/uploads\/communs\/logos-et-gammes\/logo-les-balcons-base.png","width":3508,"height":2481,"caption":"Les Balcons"},"image":{"@id":"https:\/\/www.les-balcons.com\/en\/#\/schema\/logo\/image\/"}}]}},"uagb_featured_image_src":{"full":false,"thumbnail":false,"medium":false,"medium_large":false,"large":false,"1536x1536":false,"2048x2048":false,"size-365x220":false},"uagb_author_info":{"display_name":"admin_balcons","author_link":"https:\/\/www.les-balcons.com\/en\/author\/admin_balcons\/"},"uagb_comment_info":0,"uagb_excerpt":"&nbsp; SUMMARY Collection of personal data Processing of your personal data Recipients and subcontractors of your personal data Retention period of your personal data Your rights and conditions on the processing of your personal data Cookies 1\/ THE COLLECTION OF YOUR PERSONAL DATA According to the French National Commission for Data Protection and Liberties (C.N.I.L.),&hellip;","post_mailing_queue_ids":[],"_links":{"self":[{"href":"https:\/\/www.les-balcons.com\/en\/wp-json\/wp\/v2\/pages\/11831","targetHints":{"allow":["GET"]}}],"collection":[{"href":"https:\/\/www.les-balcons.com\/en\/wp-json\/wp\/v2\/pages"}],"about":[{"href":"https:\/\/www.les-balcons.com\/en\/wp-json\/wp\/v2\/types\/page"}],"author":[{"embeddable":true,"href":"https:\/\/www.les-balcons.com\/en\/wp-json\/wp\/v2\/users\/2"}],"replies":[{"embeddable":true,"href":"https:\/\/www.les-balcons.com\/en\/wp-json\/wp\/v2\/comments?post=11831"}],"version-history":[{"count":0,"href":"https:\/\/www.les-balcons.com\/en\/wp-json\/wp\/v2\/pages\/11831\/revisions"}],"wp:attachment":[{"href":"https:\/\/www.les-balcons.com\/en\/wp-json\/wp\/v2\/media?parent=11831"}],"curies":[{"name":"wp","href":"https:\/\/api.w.org\/{rel}","templated":true}]}}