{"id":11829,"date":"2020-10-14T13:01:32","date_gmt":"2020-10-14T13:01:32","guid":{"rendered":"http:\/\/les-balcons.com\/?page_id=11829"},"modified":"2025-01-09T10:11:50","modified_gmt":"2025-01-09T10:11:50","slug":"who-are-we","status":"publish","type":"page","link":"https:\/\/www.les-balcons.com\/en\/who-are-we\/","title":{"rendered":"Who we are"},"content":{"rendered":"\n<div class=\"wp-block-uagb-image aligncenter uagb-block-69b42032 wp-block-uagb-image--layout-default wp-block-uagb-image--effect-static wp-block-uagb-image--align-center\">\r\n<figure class=\"wp-block-uagb-image__figure\"><img loading=\"lazy\" decoding=\"async\" class=\"uag-image-58377\" title=\"EQUIPE-PHOTO-30-ANS\" role=\"img\" src=\"https:\/\/www.les-balcons.com\/wp-content\/uploads\/equipe-photo-30-ans.jpg\" sizes=\"auto, (max-width: 480px) 150px\" srcset=\"https:\/\/www.les-balcons.com\/wp-content\/uploads\/equipe-photo-30-ans.jpg ,https:\/\/www.les-balcons.com\/wp-content\/uploads\/equipe-photo-30-ans.jpg 780w, https:\/\/www.les-balcons.com\/wp-content\/uploads\/equipe-photo-30-ans.jpg 360w\" alt=\"\" width=\"1350\" height=\"711\" \/><\/figure>\r\n<\/div>\n\n<section class=\"wp-block-group\" style=\"font-size:18px\"><div class=\"wp-block-group__inner-container is-layout-constrained wp-block-group-is-layout-constrained\">\n<div style=\"height:100px\" aria-hidden=\"true\" class=\"wp-block-spacer\"><\/div>\n\n\n\n<h1 class=\"wp-block-heading has-text-align-center has-text-color\" style=\"color:#bcaf9c;font-size:48px;font-style:normal;font-weight:600\">The Les Balcons Group : A family story<\/h1>\n\n\n\n<div style=\"height:68px\" aria-hidden=\"true\" class=\"wp-block-spacer\"><\/div>\n\n\n\n<h2 class=\"wp-block-heading has-text-color\" style=\"color:#28638a;font-style:normal;font-weight:700\">Origin of the group<\/h2>\n\n\n\n<div style=\"height:25px\" aria-hidden=\"true\" class=\"wp-block-spacer\"><\/div>\n\n\n\n<p>First generation, birth of the Les Balcons group<\/p>\n\n\n\n<p>Philippe Thirode used to go skiing every year in Val Thorens with his family. Sharing simple moments in the mountains, getting together, being together, enjoying were the watchwords of these holidays. Not forgetting the undeniable pleasure of skiing the slopes of this resort.<\/p>\n\n\n\n<p>In 1993, an opportunity arose with the construction of the Le Val Chavi\u00e8re residence. In the 90s, the idea of building large flats (for an average of 8 people) was bold and avant-garde. The tone was set: Philippe Thirode was to take part in the expansion of the Val Thorens resort by building residences as close as possible to the slopes, with skis on. He developed the &#8220;360\u00b0 mountain&#8221; concept, combining panoramic views, restaurants and services (sports shops, mini-markets, spas).<\/p>\n\n\n\n<p>The first stones laid in Val Thorens mark the birth of the Les Balcons group.<\/p>\n\n\n\n<p>From generation to generation, the adventure continues.<\/p>\n\n\n\n<p>Since 2006, Philippe has been running the company as a family, accompanied by his two sons Julien and Cl\u00e9ment.&#13;\n2 personalities, 2 backgrounds and complementary skills for a new era in the history of Les Balcons.&#13;\nThey are driving forward a new dynamic designed to structure, professionalise and develop the group in terms of construction and marketing.&#13;\nThe in-house teams are growing and working hard to develop new accommodation projects in Savoie.&#13;\nThe future continues together&#8230;.<\/p>\n\n\n\n<div style=\"height:45px\" aria-hidden=\"true\" class=\"wp-block-spacer\"><\/div>\n\n\n\n<h3 class=\"wp-block-heading has-text-color\" style=\"color:#28638a;font-style:normal;font-weight:700\">Group model and values<\/h3>\n\n\n\n<div style=\"height:25px\" aria-hidden=\"true\" class=\"wp-block-spacer\"><\/div>\n\n\n\n<p>The Les Balcons group has two areas of expertise: construction and the operation of accommodation and associated services.<\/p>\n\n\n\n<h3 class=\"wp-block-heading has-text-color\" style=\"color:#bcaf9c;font-size:24px;font-style:normal;font-weight:600\"><strong>Les Balcons centres<\/strong><\/h3>\n\n\n\n<div style=\"height:25px\" aria-hidden=\"true\" class=\"wp-block-spacer\"><\/div>\n\n\n\n<p><strong>Construction<\/strong><\/p>\n\n\n\n<p>&#8211; Design office (design and plans)&#13;\n&#8211; Project management&#13;\n&#8211; Project management<\/p>\n\n\n\n<p><strong>Exploitation<\/strong><\/p>\n\n\n\n<p>&#8211; Management of tourist residences and hotels&#13;\n&#8211; Management of integrated shops, spas and restaurants (in partnership)&#13;\n&#8211; Staff recruitment and training&#13;\n&#8211; Organisation of seminars<\/p>\n\n\n\n<p>These two divisions are supported by &#8220;support&#8221; departments. They contribute to the smooth running and growth of the Les Balcons group: sales, marketing, IT, accounts, administration &#8211; recruitment &amp; legal.<\/p>\n\n\n\n<div style=\"height:45px\" aria-hidden=\"true\" class=\"wp-block-spacer\"><\/div>\n\n\n\n<h3 class=\"wp-block-heading has-text-color\" style=\"color:#bcaf9c;font-size:24px;font-style:normal;font-weight:600\">Group values<\/h3>\n\n\n\n<p>With over 300 employees, the Les Balcons group is built around strong values and creations synonymous with excellence, unique expertise, innovation and creativity.&#13;\n&#13;\nEach new building project is designed, developed and managed from A to Z, always with respect for the Savoyard region. Concerned about the impact of its activities on the environment, the group has implemented an\u00a0<a href=\"https:\/\/les-balcons.com\/en\/les-balcons-goes-green\/\" target=\"_blank\" rel=\"noopener\">eco-responsible approach<\/a> throughout its development.&#13;\n&#13;\nEach service is tailored to the needs of the customer. It&#8217;s a real team effort, with every member of staff contributing their skills and expertise.<\/p>\n\n\n\n<p>As a Balcons customer, you&#8217;ll also be rewarded for your loyalty. You&#8217;ll benefit from advantages to be used on your stays thanks to the <a href=\"https:\/\/www.les-balcons.com\/en\/les-balcons-and-you-loyalty-program\/\">&#8220;Les Balcons &amp; You&#8221; <\/a> loyalty programme.<\/p>\n\n\n\n<p><\/p>\n<\/div><\/section>\n\n<div style=\"height:45px\" aria-hidden=\"true\" class=\"wp-block-spacer\"><\/div>\n\n<div class=\"wp-block-uagb-marketing-button uagb-marketing-btn__align-center uagb-marketing-btn__align-text-center uagb-marketing-btn__icon-after uagb-block-2b79ddac wp-block-button\"><a href=\"#https:\/\/les-balcons.com\/les-hebergements-alpes-du-nord\/\" class=\"uagb-marketing-btn__link wp-block-button__link\" target=\"\" rel=\"noopener noreferrer\"><h3 class=\"uagb-marketing-btn__title\">Discover all our accommodation<\/h3><svg xmlns=\"https:\/\/www.w3.org\/2000\/svg\" viewbox=\"0 0 576 512\"><path d=\"M575.8 255.5C575.8 273.5 560.8 287.6 543.8 287.6H511.8L512.5 447.7C512.5 450.5 512.3 453.1 512 455.8V472C512 494.1 494.1 512 472 512H456C454.9 512 453.8 511.1 452.7 511.9C451.3 511.1 449.9 512 448.5 512H392C369.9 512 352 494.1 352 472V384C352 366.3 337.7 352 320 352H256C238.3 352 224 366.3 224 384V472C224 494.1 206.1 512 184 512H128.1C126.6 512 125.1 511.9 123.6 511.8C122.4 511.9 121.2 512 120 512H104C81.91 512 64 494.1 64 472V360C64 359.1 64.03 358.1 64.09 357.2V287.6H32.05C14.02 287.6 0 273.5 0 255.5C0 246.5 3.004 238.5 10.01 231.5L266.4 8.016C273.4 1.002 281.4 0 288.4 0C295.4 0 303.4 2.004 309.5 7.014L564.8 231.5C572.8 238.5 576.9 246.5 575.8 255.5L575.8 255.5z\"><\/path><\/svg><p class=\"uagb-marketing-btn__prefix\"><\/p><\/a><\/div>\n\n<div style=\"height:45px\" aria-hidden=\"true\" class=\"wp-block-spacer\"><\/div>\n","protected":false},"excerpt":{"rendered":"<p>First generation, birth of the Les Balcons group<\/p>\n<p>Philippe Thirode used to go skiing every year in Val Thorens with his family. Sharing simple moments in the mountains, getting together, being together, enjoying were the watchwords of these holidays. Not forgetting the undeniable pleasure of skiing the slopes of this resort.<\/p>\n<p>En 1993, une opportunit\u00e9 s\u2019est pr\u00e9sent\u00e9e avec la construction de la r\u00e9sidence Le Val Chavi\u00e8re. Dans les ann\u00e9es 90, l\u2019id\u00e9e de r\u00e9aliser de grands appartements (en moyenne pour 8 personnes) \u00e9tait audacieuse et avant-gardiste. Le ton est donn\u00e9 : Philippe Thirode participera \u00e0 l\u2019expansion de la station de Val Thorens en construisant des r\u00e9sidences au plus proche des pistes, skis aux pieds. Il d\u00e9cline le concept \u201cla montagne \u00e0 360\u201d en alliant panoramas, restaurants et services (magasins de sport, sup\u00e9rettes, spas).<\/p>\n","protected":false},"author":2,"featured_media":0,"parent":0,"menu_order":0,"comment_status":"closed","ping_status":"closed","template":"","meta":{"_acf_changed":false,"_uag_custom_page_level_css":"","footnotes":""},"class_list":["post-11829","page","type-page","status-publish","hentry"],"acf":[],"yoast_head":"<!-- This site is optimized with the Yoast SEO plugin v27.6 - https:\/\/yoast.com\/product\/yoast-seo-wordpress\/ -->\n<title>Who we are - Les Balcons Group - Builder and operator<\/title>\n<meta name=\"description\" content=\"The birth of the Les Balcons group, Philippe Thirode used to go skiing every year in Val Thorens with his family. Sharing experiences ...\" \/>\n<meta name=\"robots\" content=\"index, follow, max-snippet:-1, max-image-preview:large, max-video-preview:-1\" \/>\n<link rel=\"canonical\" href=\"https:\/\/www.les-balcons.com\/en\/who-are-we\/\" \/>\n<meta property=\"og:locale\" content=\"en_US\" \/>\n<meta property=\"og:type\" content=\"article\" \/>\n<meta property=\"og:title\" content=\"Who we are - Les Balcons Group - Builder and operator\" \/>\n<meta property=\"og:description\" content=\"The birth of the Les Balcons group, Philippe Thirode used to go skiing every year in Val Thorens with his family. Sharing experiences ...\" \/>\n<meta property=\"og:url\" content=\"https:\/\/www.les-balcons.com\/en\/who-are-we\/\" \/>\n<meta property=\"og:site_name\" content=\"Les Balcons \u2013 R\u00e9sidences et s\u00e9jours Alpes du Nord\" \/>\n<meta property=\"article:modified_time\" content=\"2025-01-09T10:11:50+00:00\" \/>\n<meta property=\"og:image\" content=\"https:\/\/www.les-balcons.com\/wp-content\/uploads\/equipe-photo-30-ans.jpg\" \/>\n<meta name=\"twitter:card\" content=\"summary_large_image\" \/>\n<meta name=\"twitter:label1\" content=\"Est. reading time\" \/>\n\t<meta name=\"twitter:data1\" content=\"3 minutes\" \/>\n<script type=\"application\/ld+json\" class=\"yoast-schema-graph\">{\"@context\":\"https:\\\/\\\/schema.org\",\"@graph\":[{\"@type\":\"WebPage\",\"@id\":\"https:\\\/\\\/www.les-balcons.com\\\/en\\\/who-are-we\\\/\",\"url\":\"https:\\\/\\\/www.les-balcons.com\\\/en\\\/who-are-we\\\/\",\"name\":\"Who we are - Les Balcons Group - Builder and operator\",\"isPartOf\":{\"@id\":\"https:\\\/\\\/www.les-balcons.com\\\/en\\\/#website\"},\"primaryImageOfPage\":{\"@id\":\"https:\\\/\\\/www.les-balcons.com\\\/en\\\/who-are-we\\\/#primaryimage\"},\"image\":{\"@id\":\"https:\\\/\\\/www.les-balcons.com\\\/en\\\/who-are-we\\\/#primaryimage\"},\"thumbnailUrl\":\"https:\\\/\\\/www.les-balcons.com\\\/wp-content\\\/uploads\\\/equipe-photo-30-ans.jpg\",\"datePublished\":\"2020-10-14T13:01:32+00:00\",\"dateModified\":\"2025-01-09T10:11:50+00:00\",\"description\":\"The birth of the Les Balcons group, Philippe Thirode used to go skiing every year in Val Thorens with his family. Sharing experiences ...\",\"breadcrumb\":{\"@id\":\"https:\\\/\\\/www.les-balcons.com\\\/en\\\/who-are-we\\\/#breadcrumb\"},\"inLanguage\":\"en-US\",\"potentialAction\":[{\"@type\":\"ReadAction\",\"target\":[\"https:\\\/\\\/www.les-balcons.com\\\/en\\\/who-are-we\\\/\"]}]},{\"@type\":\"ImageObject\",\"inLanguage\":\"en-US\",\"@id\":\"https:\\\/\\\/www.les-balcons.com\\\/en\\\/who-are-we\\\/#primaryimage\",\"url\":\"https:\\\/\\\/www.les-balcons.com\\\/wp-content\\\/uploads\\\/equipe-photo-30-ans.jpg\",\"contentUrl\":\"https:\\\/\\\/www.les-balcons.com\\\/wp-content\\\/uploads\\\/equipe-photo-30-ans.jpg\"},{\"@type\":\"BreadcrumbList\",\"@id\":\"https:\\\/\\\/www.les-balcons.com\\\/en\\\/who-are-we\\\/#breadcrumb\",\"itemListElement\":[{\"@type\":\"ListItem\",\"position\":1,\"name\":\"Homepage\",\"item\":\"https:\\\/\\\/www.les-balcons.com\\\/en\\\/fr\\\/\"},{\"@type\":\"ListItem\",\"position\":2,\"name\":\"Who we are\"}]},{\"@type\":\"WebSite\",\"@id\":\"https:\\\/\\\/www.les-balcons.com\\\/en\\\/#website\",\"url\":\"https:\\\/\\\/www.les-balcons.com\\\/en\\\/\",\"name\":\"Les Balcons \u2013 R\u00e9sidences et s\u00e9jours Alpes du Nord\",\"description\":\"10 \u00e9tablissements, H\u00f4tel et R\u00e9sidences pour vos vacances \u00e0 la montagne\",\"publisher\":{\"@id\":\"https:\\\/\\\/www.les-balcons.com\\\/en\\\/#organization\"},\"potentialAction\":[{\"@type\":\"SearchAction\",\"target\":{\"@type\":\"EntryPoint\",\"urlTemplate\":\"https:\\\/\\\/www.les-balcons.com\\\/en\\\/?s={search_term_string}\"},\"query-input\":{\"@type\":\"PropertyValueSpecification\",\"valueRequired\":true,\"valueName\":\"search_term_string\"}}],\"inLanguage\":\"en-US\"},{\"@type\":\"Organization\",\"@id\":\"https:\\\/\\\/www.les-balcons.com\\\/en\\\/#organization\",\"name\":\"Les Balcons\",\"url\":\"https:\\\/\\\/www.les-balcons.com\\\/en\\\/\",\"logo\":{\"@type\":\"ImageObject\",\"inLanguage\":\"en-US\",\"@id\":\"https:\\\/\\\/www.les-balcons.com\\\/en\\\/#\\\/schema\\\/logo\\\/image\\\/\",\"url\":\"https:\\\/\\\/les-balcons.com\\\/wp-content\\\/uploads\\\/communs\\\/logos-et-gammes\\\/logo-les-balcons-base.png\",\"contentUrl\":\"https:\\\/\\\/les-balcons.com\\\/wp-content\\\/uploads\\\/communs\\\/logos-et-gammes\\\/logo-les-balcons-base.png\",\"width\":3508,\"height\":2481,\"caption\":\"Les Balcons\"},\"image\":{\"@id\":\"https:\\\/\\\/www.les-balcons.com\\\/en\\\/#\\\/schema\\\/logo\\\/image\\\/\"}}]}<\/script>\n<!-- \/ Yoast SEO plugin. -->","yoast_head_json":{"title":"Who we are - Les Balcons Group - Builder and operator","description":"The birth of the Les Balcons group, Philippe Thirode used to go skiing every year in Val Thorens with his family. Sharing experiences ...","robots":{"index":"index","follow":"follow","max-snippet":"max-snippet:-1","max-image-preview":"max-image-preview:large","max-video-preview":"max-video-preview:-1"},"canonical":"https:\/\/www.les-balcons.com\/en\/who-are-we\/","og_locale":"en_US","og_type":"article","og_title":"Who we are - Les Balcons Group - Builder and operator","og_description":"The birth of the Les Balcons group, Philippe Thirode used to go skiing every year in Val Thorens with his family. Sharing experiences ...","og_url":"https:\/\/www.les-balcons.com\/en\/who-are-we\/","og_site_name":"Les Balcons \u2013 R\u00e9sidences et s\u00e9jours Alpes du Nord","article_modified_time":"2025-01-09T10:11:50+00:00","og_image":[{"url":"https:\/\/www.les-balcons.com\/wp-content\/uploads\/equipe-photo-30-ans.jpg","type":"","width":"","height":""}],"twitter_card":"summary_large_image","twitter_misc":{"Est. reading time":"3 minutes"},"schema":{"@context":"https:\/\/schema.org","@graph":[{"@type":"WebPage","@id":"https:\/\/www.les-balcons.com\/en\/who-are-we\/","url":"https:\/\/www.les-balcons.com\/en\/who-are-we\/","name":"Who we are - Les Balcons Group - Builder and operator","isPartOf":{"@id":"https:\/\/www.les-balcons.com\/en\/#website"},"primaryImageOfPage":{"@id":"https:\/\/www.les-balcons.com\/en\/who-are-we\/#primaryimage"},"image":{"@id":"https:\/\/www.les-balcons.com\/en\/who-are-we\/#primaryimage"},"thumbnailUrl":"https:\/\/www.les-balcons.com\/wp-content\/uploads\/equipe-photo-30-ans.jpg","datePublished":"2020-10-14T13:01:32+00:00","dateModified":"2025-01-09T10:11:50+00:00","description":"The birth of the Les Balcons group, Philippe Thirode used to go skiing every year in Val Thorens with his family. Sharing experiences ...","breadcrumb":{"@id":"https:\/\/www.les-balcons.com\/en\/who-are-we\/#breadcrumb"},"inLanguage":"en-US","potentialAction":[{"@type":"ReadAction","target":["https:\/\/www.les-balcons.com\/en\/who-are-we\/"]}]},{"@type":"ImageObject","inLanguage":"en-US","@id":"https:\/\/www.les-balcons.com\/en\/who-are-we\/#primaryimage","url":"https:\/\/www.les-balcons.com\/wp-content\/uploads\/equipe-photo-30-ans.jpg","contentUrl":"https:\/\/www.les-balcons.com\/wp-content\/uploads\/equipe-photo-30-ans.jpg"},{"@type":"BreadcrumbList","@id":"https:\/\/www.les-balcons.com\/en\/who-are-we\/#breadcrumb","itemListElement":[{"@type":"ListItem","position":1,"name":"Homepage","item":"https:\/\/www.les-balcons.com\/en\/fr\/"},{"@type":"ListItem","position":2,"name":"Who we are"}]},{"@type":"WebSite","@id":"https:\/\/www.les-balcons.com\/en\/#website","url":"https:\/\/www.les-balcons.com\/en\/","name":"Les Balcons \u2013 R\u00e9sidences et s\u00e9jours Alpes du Nord","description":"10 \u00e9tablissements, H\u00f4tel et R\u00e9sidences pour vos vacances \u00e0 la montagne","publisher":{"@id":"https:\/\/www.les-balcons.com\/en\/#organization"},"potentialAction":[{"@type":"SearchAction","target":{"@type":"EntryPoint","urlTemplate":"https:\/\/www.les-balcons.com\/en\/?s={search_term_string}"},"query-input":{"@type":"PropertyValueSpecification","valueRequired":true,"valueName":"search_term_string"}}],"inLanguage":"en-US"},{"@type":"Organization","@id":"https:\/\/www.les-balcons.com\/en\/#organization","name":"Les Balcons","url":"https:\/\/www.les-balcons.com\/en\/","logo":{"@type":"ImageObject","inLanguage":"en-US","@id":"https:\/\/www.les-balcons.com\/en\/#\/schema\/logo\/image\/","url":"https:\/\/les-balcons.com\/wp-content\/uploads\/communs\/logos-et-gammes\/logo-les-balcons-base.png","contentUrl":"https:\/\/les-balcons.com\/wp-content\/uploads\/communs\/logos-et-gammes\/logo-les-balcons-base.png","width":3508,"height":2481,"caption":"Les Balcons"},"image":{"@id":"https:\/\/www.les-balcons.com\/en\/#\/schema\/logo\/image\/"}}]}},"uagb_featured_image_src":{"full":false,"thumbnail":false,"medium":false,"medium_large":false,"large":false,"1536x1536":false,"2048x2048":false,"size-365x220":false},"uagb_author_info":{"display_name":"admin_balcons","author_link":"https:\/\/www.les-balcons.com\/en\/author\/admin_balcons\/"},"uagb_comment_info":0,"uagb_excerpt":"First generation, birth of the Les Balcons group Philippe Thirode used to go skiing every year in Val Thorens with his family. Sharing simple moments in the mountains, getting together, being together, enjoying were the watchwords of these holidays. Not forgetting the undeniable pleasure of skiing the slopes of this resort. En 1993, une opportunit\u00e9&hellip;","post_mailing_queue_ids":[],"_links":{"self":[{"href":"https:\/\/www.les-balcons.com\/en\/wp-json\/wp\/v2\/pages\/11829","targetHints":{"allow":["GET"]}}],"collection":[{"href":"https:\/\/www.les-balcons.com\/en\/wp-json\/wp\/v2\/pages"}],"about":[{"href":"https:\/\/www.les-balcons.com\/en\/wp-json\/wp\/v2\/types\/page"}],"author":[{"embeddable":true,"href":"https:\/\/www.les-balcons.com\/en\/wp-json\/wp\/v2\/users\/2"}],"replies":[{"embeddable":true,"href":"https:\/\/www.les-balcons.com\/en\/wp-json\/wp\/v2\/comments?post=11829"}],"version-history":[{"count":0,"href":"https:\/\/www.les-balcons.com\/en\/wp-json\/wp\/v2\/pages\/11829\/revisions"}],"wp:attachment":[{"href":"https:\/\/www.les-balcons.com\/en\/wp-json\/wp\/v2\/media?parent=11829"}],"curies":[{"name":"wp","href":"https:\/\/api.w.org\/{rel}","templated":true}]}}