{"id":11753,"date":"2020-10-12T13:37:28","date_gmt":"2020-10-12T13:37:28","guid":{"rendered":"http:\/\/les-balcons.com\/?page_id=11753"},"modified":"2026-02-06T09:48:14","modified_gmt":"2026-02-06T09:48:14","slug":"legal-mentions","status":"publish","type":"page","link":"https:\/\/www.les-balcons.com\/en\/legal-mentions\/","title":{"rendered":"Legal Mentions"},"content":{"rendered":"<h1 style=\"text-align: center;\">Legal Mentions Les Balcons<\/h1>\n<h2 style=\"text-align: center;\">Etablissements VAL THORENS<\/h2>\n<table class=\"aligncenter\" style=\"width: 480px; border-color: #bcaf9c; margin-left: auto; margin-right: auto;\" border=\"1\" cellspacing=\"10\" cellpadding=\"5\">\n<tbody>\n<tr style=\"height: 18px;\">\n<td style=\"width: 166px; height: 18px;\"><strong>D\u00e9nomination :<\/strong><\/td>\n<td style=\"width: 298px; height: 18px;\">SARL P.T.INVESTISSEMENTS<\/td>\n<\/tr>\n<tr style=\"height: 165px;\">\n<td style=\"width: 166px; height: 165px;\"><strong>Si\u00e8ge Social :<\/strong><\/td>\n<td style=\"width: 298px; height: 165px;\">\n<p>R\u00e9sidence Les Balcons du Parc<br \/>21, avenue Camille Prost<br \/>39000 LONS LE SAUNIER<br \/>FRANCE<\/p>\n<\/td>\n<\/tr>\n<tr style=\"height: 18px;\">\n<td style=\"width: 166px; height: 18px;\"><strong>Capital Social :\u00a0<\/strong><\/td>\n<td style=\"width: 298px; height: 18px;\">5 000 000,00\u00a0 \u20ac<\/td>\n<\/tr>\n<tr style=\"height: 12.9844px;\">\n<td style=\"width: 166px; height: 12.9844px;\"><strong>T\u00e9l : \u00a0 <\/strong><\/td>\n<td style=\"width: 298px; height: 12.9844px;\">\u00a003 84 86 15 51<\/td>\n<\/tr>\n<tr style=\"height: 18px;\">\n<td style=\"width: 166px; height: 18px;\"><strong>E-mail :\u00a0<\/strong><\/td>\n<td style=\"width: 298px; height: 18px;\">contact@les-balcons.com<\/td>\n<\/tr>\n<tr style=\"height: 18px;\">\n<td style=\"width: 166px; height: 18px;\"><strong>SIREN :<\/strong><\/td>\n<td style=\"width: 298px; height: 18px;\">383 661 360 RCS LONS LE SAUNIER<\/td>\n<\/tr>\n<tr style=\"height: 18px;\">\n<td style=\"width: 166px; height: 18px;\"><strong>N\u00b0 TVA intracom. :<\/strong><\/td>\n<td style=\"width: 298px; height: 18px;\">FR37383661360<\/td>\n<\/tr>\n<\/tbody>\n<\/table>\n<table style=\"border-color: #bcaf9c; margin-left: auto; margin-right: auto;\" border=\"1\" cellspacing=\"10\" cellpadding=\"5\">\n<tbody>\n<tr>\n<td style=\"vertical-align: top;\">\n<p style=\"text-align: left;\"><strong>Les Balcons de Val Thorens<\/strong><\/p>\n<p style=\"text-align: left;\">Rue des Balcons<\/p>\n<p style=\"text-align: left;\">Saint-Martin-de-Belleville<\/p>\n<p style=\"text-align: left;\">73440 LES BELLEVILLE<\/p>\n<p style=\"text-align: left;\">SIRET :\u00a0383 661 360 000 40<\/p>\n<p style=\"text-align: left;\">Tel : 04 79 00 90 70<\/p>\n<\/td>\n<td style=\"vertical-align: top;\">\n<p><strong>Val Chavi\u00e8re<\/strong><\/p>\n<p>Rue de la Lombarde<\/p>\n<p>Saint-Martin-de-Belleville<\/p>\n<p>73440 LES BELLEVILLE<\/p>\n<p>SIRET :\u00a0383 661 360 000 32<\/p>\n<p>Tel : 04 79 00 79 10<\/p>\n<\/td>\n<td style=\"vertical-align: top;\">\n<p><strong>Platinium Val Thorens<\/strong><\/p>\n<p>Rue des Balcons<\/p>\n<p>Saint-Martin-de-Belleville<\/p>\n<p>73440 LES BELLEVILLE<\/p>\n<p>SIRET :\u00a0383 661 360 000 40<\/p>\n<p>Tel : 04 79 00 90 70<\/p>\n<\/td>\n<\/tr>\n<\/tbody>\n<\/table>\n<h2 style=\"text-align: center;\">Etablissements La Rosi\u00e8re<\/h2>\n<table class=\"aligncenter\" style=\"width: 480px; border-color: #bcaf9c; margin-left: auto; margin-right: auto;\" border=\"1\" cellspacing=\"10\" cellpadding=\"5\">\n<tbody>\n<tr>\n<td style=\"width: 166px;\"><strong>D\u00e9nomination :<\/strong><\/td>\n<td style=\"width: 298px;\">S.A.S Les Balcons de La Rosi\u00e8re\u00a0<\/td>\n<\/tr>\n<tr>\n<td style=\"width: 166px;\"><strong>Si\u00e8ge Social :<\/strong><\/td>\n<td style=\"width: 298px;\">\n<p>R\u00e9sidence Les Balcons du Parc<br \/>21, avenue Camille Prost<br \/>39000 LONS LE SAUNIER<br \/>FRANCE<\/p>\n<\/td>\n<\/tr>\n<tr>\n<td style=\"width: 166px;\"><strong>Capital Social :\u00a0<\/strong><\/td>\n<td style=\"width: 298px;\">500 000 \u20ac<\/td>\n<\/tr>\n<tr>\n<td style=\"width: 166px;\"><strong>T\u00e9l : \u00a0 <\/strong><\/td>\n<td style=\"width: 298px;\">\u00a003 84 86 15 51<\/td>\n<\/tr>\n<tr>\n<td style=\"width: 166px;\"><strong>E-mail :\u00a0<\/strong><\/td>\n<td style=\"width: 298px;\">contact@les-balcons.com<\/td>\n<\/tr>\n<tr>\n<td style=\"width: 166px;\"><strong>SIREN :<\/strong><\/td>\n<td style=\"width: 298px;\">448 120 279 RCS Lons le Saunier<\/td>\n<\/tr>\n<tr>\n<td style=\"width: 166px;\"><strong>N\u00b0 TVA intracom. :<\/strong><\/td>\n<td style=\"width: 298px;\">FR19448120279<\/td>\n<\/tr>\n<\/tbody>\n<\/table>\n<table style=\"border-color: #bcaf9c; margin-left: auto; margin-right: auto;\" border=\"1\" cellspacing=\"10\" cellpadding=\"5\">\n<tbody>\n<tr>\n<td>\n<p><strong>Les Balcons de La Rosi\u00e8re<\/strong><\/p>\n<p>Quartier de l\u2019averne<\/p>\n<p>Les Eucherts, LA ROSIERE<\/p>\n<p>73700 MONTVALEZAN<\/p>\n<p>SIRET : 448 120 279 00022<\/p>\n<p>Tel : 04 79 04 31 50<\/p>\n<\/td>\n<\/tr>\n<\/tbody>\n<\/table>\n<h2 style=\"text-align: center;\">Etablissements Val Cenis<\/h2>\n<table class=\"aligncenter\" style=\"width: 480px; border-color: #bcaf9c; margin-left: auto; margin-right: auto;\" border=\"1\" cellspacing=\"10\" cellpadding=\"5\">\n<tbody>\n<tr>\n<td style=\"width: 166px;\"><strong>D\u00e9nomination :<\/strong><\/td>\n<td style=\"width: 298px;\">EURL Les Balcons de Val Cenis<\/td>\n<\/tr>\n<tr>\n<td style=\"width: 166px;\"><strong>Si\u00e8ge Social :<\/strong><\/td>\n<td style=\"width: 298px;\">\n<p>R\u00e9sidence Les Balcons du Parc<br \/>21, avenue Camille Prost<br \/>39000 LONS LE SAUNIER<br \/>FRANCE<\/p>\n<\/td>\n<\/tr>\n<tr>\n<td style=\"width: 166px;\"><strong>Capital Social :\u00a0<\/strong><\/td>\n<td style=\"width: 298px;\">7 622,45 \u20ac<\/td>\n<\/tr>\n<tr>\n<td style=\"width: 166px;\"><strong>T\u00e9l : \u00a0 <\/strong><\/td>\n<td style=\"width: 298px;\">\u00a003 84 86 15 51<\/td>\n<\/tr>\n<tr>\n<td style=\"width: 166px;\"><strong>E-mail :\u00a0<\/strong><\/td>\n<td style=\"width: 298px;\">contact@les-balcons.com<\/td>\n<\/tr>\n<tr>\n<td style=\"width: 166px;\"><strong>SIREN :<\/strong><\/td>\n<td style=\"width: 298px;\">433 498 474 RCS Lons le Saunier<\/td>\n<\/tr>\n<tr>\n<td style=\"width: 166px;\"><strong>N\u00b0 TVA intracom. :<\/strong><\/td>\n<td style=\"width: 298px;\">FR41433498474<\/td>\n<\/tr>\n<\/tbody>\n<\/table>\n<table style=\"border-color: #bcaf9c; margin-left: auto; margin-right: auto;\" border=\"1\" cellspacing=\"10\" cellpadding=\"5\">\n<tbody>\n<tr>\n<td style=\"width: 256.469px;\">\n<p><strong>Les Balcons de Val Cenis Le haut<\/strong><\/p>\n<p>188 rue sur l\u2019Eva<\/p>\n<p>Lanslevillard<\/p>\n<p>73480 VAL CENIS<\/p>\n<p>SIRET : 433 498 474 000 25<\/p>\n<p>Tel : 04 79 05 55 55<\/p>\n<\/td>\n<\/tr>\n<\/tbody>\n<\/table>\n<table class=\"aligncenter\" style=\"width: 480px; border-color: #bcaf9c; margin-left: auto; margin-right: auto;\" border=\"1\" cellspacing=\"10\" cellpadding=\"5\">\n<tbody>\n<tr>\n<td style=\"width: 166px;\"><strong>D\u00e9nomination :<\/strong><\/td>\n<td style=\"width: 298px;\">S.A.S Les Balcons de Val Cenis Village<\/td>\n<\/tr>\n<tr>\n<td style=\"width: 166px;\"><strong>Si\u00e8ge Social :<\/strong><\/td>\n<td style=\"width: 298px;\">\n<p>R\u00e9sidence Les Balcons du Parc<br \/>21, avenue Camille Prost<br \/>39000 LONS LE SAUNIER<br \/>FRANCE<\/p>\n<\/td>\n<\/tr>\n<tr>\n<td style=\"width: 166px;\"><strong>Capital Social :\u00a0<\/strong><\/td>\n<td style=\"width: 298px;\">500 000 \u20ac<\/td>\n<\/tr>\n<tr>\n<td style=\"width: 166px;\"><strong>T\u00e9l : \u00a0 <\/strong><\/td>\n<td style=\"width: 298px;\">\u00a003 84 86 15 51<\/td>\n<\/tr>\n<tr>\n<td style=\"width: 166px;\"><strong>E-mail :\u00a0<\/strong><\/td>\n<td style=\"width: 298px;\">contact@les-balcons.com<\/td>\n<\/tr>\n<tr>\n<td style=\"width: 166px;\"><strong>SIREN :<\/strong><\/td>\n<td style=\"width: 298px;\">\n<p>480 784 164 RCS Lons le Saunier<\/p>\n<\/td>\n<\/tr>\n<tr>\n<td style=\"width: 166px;\"><strong>N\u00b0 TVA intracom. :<\/strong><\/td>\n<td style=\"width: 298px;\">FR43480784164<\/td>\n<\/tr>\n<\/tbody>\n<\/table>\n<table style=\"border-color: #bcaf9c; margin-left: auto; margin-right: auto;\" border=\"1\" cellspacing=\"10\" cellpadding=\"5\">\n<tbody>\n<tr>\n<td>\n<p><strong>Les Balcons de Val Cenis Village<\/strong><\/p>\n<p>Planchamp<\/p>\n<p>Lanslevillard<\/p>\n<p>73480 VAL CENIS<\/p>\n<p>SIRET : 480 784 164 000 26<\/p>\n<p>Tel : 04 79 20 64 00<\/p>\n<\/td>\n<\/tr>\n<\/tbody>\n<\/table>\n<h2 style=\"text-align: center;\">Etablissements Belle Plagne<\/h2>\n<table class=\"aligncenter\" style=\"width: 480px; border-color: #bcaf9c; margin-left: auto; margin-right: auto;\" border=\"1\" cellspacing=\"10\" cellpadding=\"5\">\n<tbody>\n<tr>\n<td style=\"width: 166px;\"><strong>Bureau:<\/strong><\/td>\n<td style=\"width: 298px;\">S.A.S Les Balcons de Belle Plagne<\/td>\n<\/tr>\n<tr>\n<td style=\"width: 166px;\"><strong>Adresses:<\/strong><\/td>\n<td style=\"width: 298px;\">R\u00e9sidence Les Balcons du Parc<br \/>21, avenue Camille Prost<br \/>39000 LONS LE SAUNIER<br \/>FRANCE<\/td>\n<\/tr>\n<tr>\n<td style=\"width: 166px;\"><strong>Capital Social :\u00a0<\/strong><\/td>\n<td style=\"width: 298px;\">\u00a01.000.000 \u20ac<\/td>\n<\/tr>\n<tr>\n<td style=\"width: 166px;\"><strong>T\u00e9l : \u00a0 <\/strong><\/td>\n<td style=\"width: 298px;\">\u00a003 84 86 15 51<\/td>\n<\/tr>\n<tr>\n<td style=\"width: 166px;\"><strong>E-mail :\u00a0<\/strong><\/td>\n<td style=\"width: 298px;\">contact@les-balcons.com<\/td>\n<\/tr>\n<tr>\n<td style=\"width: 166px;\"><strong>SIREN :<\/strong><\/td>\n<td style=\"width: 298px;\">413 857 939 RCS Lons le Saunier<\/td>\n<\/tr>\n<tr>\n<td style=\"width: 166px;\"><strong>N\u00b0 TVA intracom. :<\/strong><\/td>\n<td style=\"width: 298px;\">FR19413857939<\/td>\n<\/tr>\n<\/tbody>\n<\/table>\n<table style=\"border-color: #bcaf9c; margin-left: auto; margin-right: auto;\" border=\"1\" cellspacing=\"10\" cellpadding=\"5\">\n<tbody>\n<tr>\n<td style=\"vertical-align: top;\">\n<p><strong>Les Balcons de Belle Plagne<\/strong><\/p>\n<p>Si\u00e8ge social :<\/p>\n<p>Belle Plagne \u2013 Macot La Plagne<br \/>1001 route de Belle-Plagne<\/p>\n<p>73210 LA PLAGNE TARENTAISE<\/p>\n<p>SIRET : 413 857 939 000 16<\/p>\n<p>Tel : 04 79 55 76 76<\/p>\n<\/td>\n<td style=\"vertical-align: top;\">\n<p><strong>H\u00f4tel des Balcons Village<\/strong><\/p>\n<p>Belle Plagne \u2013 Macot La Plagne<\/p>\n<p>73210 LA PLAGNE TARENTAISE<\/p>\n<p>SIRET : 413 857 939 000 16<\/p>\n<p>Tel : 04.79.55.76.55<\/p>\n<\/td>\n<\/tr>\n<\/tbody>\n<\/table>\n<h2 style=\"text-align: center;\">Cr\u00e9dits Photos<\/h2>\n<p style=\"text-align: center;\">Florian Peallat<\/p>\n<p style=\"text-align: center;\">Manu Reyboz<\/p>\n<p style=\"text-align: center;\">Best Jobers<\/p>\n<p style=\"text-align: center;\">Les Balcons<\/p>\n<p style=\"text-align: center;\">\u26a0 Les plans et photos sont donn\u00e9s \u00e0 titre indicatif et peuvent varier selon les appartements.<\/p>\n<p><!-- #######  THIS IS A COMMENT - Visible only in the source editor #########--><\/p>\n\n\n<p><\/p>\n","protected":false},"excerpt":{"rendered":"<p>Legal Mentions Les Balcons Etablissements VAL THORENS D\u00e9nomination : SARL P.T.INVESTISSEMENTS Si\u00e8ge Social : R\u00e9sidence Les Balcons du Parc21, avenue Camille Prost39000 LONS LE SAUNIERFRANCE Capital Social :\u00a0 5 000 000,00\u00a0 \u20ac T\u00e9l : \u00a0 \u00a003 84 86 15 51 E-mail :\u00a0 contact@les-balcons.com SIREN : 383 661 360 RCS LONS LE SAUNIER N\u00b0 TVA intracom. [&hellip;]<\/p>\n","protected":false},"author":2,"featured_media":0,"parent":0,"menu_order":0,"comment_status":"closed","ping_status":"closed","template":"","meta":{"_acf_changed":false,"_uag_custom_page_level_css":"","footnotes":""},"class_list":["post-11753","page","type-page","status-publish","hentry"],"acf":[],"yoast_head":"<!-- This site is optimized with the Yoast SEO plugin v27.3 - https:\/\/yoast.com\/product\/yoast-seo-wordpress\/ -->\n<title>Legal Mentions<\/title>\n<meta name=\"description\" content=\"Legal Mentions Les Balcons Etablissements VAL THORENS D\u00e9nomination : SARL P.T.INVESTISSEMENTS Si\u00e8ge Social : R\u00e9sidence Les Balcons du Parc21, avenue\" \/>\n<meta name=\"robots\" content=\"index, follow, max-snippet:-1, max-image-preview:large, max-video-preview:-1\" \/>\n<link rel=\"canonical\" href=\"https:\/\/www.les-balcons.com\/en\/legal-mentions\/\" \/>\n<meta property=\"og:locale\" content=\"en_US\" \/>\n<meta property=\"og:type\" content=\"article\" \/>\n<meta property=\"og:title\" content=\"Legal Mentions\" \/>\n<meta property=\"og:description\" content=\"Legal Mentions Les Balcons Etablissements VAL THORENS D\u00e9nomination : SARL P.T.INVESTISSEMENTS Si\u00e8ge Social : R\u00e9sidence Les Balcons du Parc21, avenue\" \/>\n<meta property=\"og:url\" content=\"https:\/\/www.les-balcons.com\/en\/legal-mentions\/\" \/>\n<meta property=\"og:site_name\" content=\"Les Balcons \u2013 R\u00e9sidences et s\u00e9jours Alpes du Nord\" \/>\n<meta property=\"article:modified_time\" content=\"2026-02-06T09:48:14+00:00\" \/>\n<meta name=\"twitter:card\" content=\"summary_large_image\" \/>\n<meta name=\"twitter:label1\" content=\"Est. reading time\" \/>\n\t<meta name=\"twitter:data1\" content=\"3 minutes\" \/>\n<script type=\"application\/ld+json\" class=\"yoast-schema-graph\">{\"@context\":\"https:\\\/\\\/schema.org\",\"@graph\":[{\"@type\":\"WebPage\",\"@id\":\"https:\\\/\\\/www.les-balcons.com\\\/en\\\/legal-mentions\\\/\",\"url\":\"https:\\\/\\\/www.les-balcons.com\\\/en\\\/legal-mentions\\\/\",\"name\":\"Legal Mentions\",\"isPartOf\":{\"@id\":\"https:\\\/\\\/www.les-balcons.com\\\/en\\\/#website\"},\"datePublished\":\"2020-10-12T13:37:28+00:00\",\"dateModified\":\"2026-02-06T09:48:14+00:00\",\"description\":\"Legal Mentions Les Balcons Etablissements VAL THORENS D\u00e9nomination : SARL P.T.INVESTISSEMENTS Si\u00e8ge Social : R\u00e9sidence Les Balcons du Parc21, avenue\",\"breadcrumb\":{\"@id\":\"https:\\\/\\\/www.les-balcons.com\\\/en\\\/legal-mentions\\\/#breadcrumb\"},\"inLanguage\":\"en-US\",\"potentialAction\":[{\"@type\":\"ReadAction\",\"target\":[\"https:\\\/\\\/www.les-balcons.com\\\/en\\\/legal-mentions\\\/\"]}]},{\"@type\":\"BreadcrumbList\",\"@id\":\"https:\\\/\\\/www.les-balcons.com\\\/en\\\/legal-mentions\\\/#breadcrumb\",\"itemListElement\":[{\"@type\":\"ListItem\",\"position\":1,\"name\":\"Homepage\",\"item\":\"https:\\\/\\\/www.les-balcons.com\\\/en\\\/fr\\\/\"},{\"@type\":\"ListItem\",\"position\":2,\"name\":\"Legal Mentions\"}]},{\"@type\":\"WebSite\",\"@id\":\"https:\\\/\\\/www.les-balcons.com\\\/en\\\/#website\",\"url\":\"https:\\\/\\\/www.les-balcons.com\\\/en\\\/\",\"name\":\"Les Balcons \u2013 R\u00e9sidences et s\u00e9jours Alpes du Nord\",\"description\":\"10 \u00e9tablissements, H\u00f4tel et R\u00e9sidences pour vos vacances \u00e0 la montagne\",\"publisher\":{\"@id\":\"https:\\\/\\\/www.les-balcons.com\\\/en\\\/#organization\"},\"potentialAction\":[{\"@type\":\"SearchAction\",\"target\":{\"@type\":\"EntryPoint\",\"urlTemplate\":\"https:\\\/\\\/www.les-balcons.com\\\/en\\\/?s={search_term_string}\"},\"query-input\":{\"@type\":\"PropertyValueSpecification\",\"valueRequired\":true,\"valueName\":\"search_term_string\"}}],\"inLanguage\":\"en-US\"},{\"@type\":\"Organization\",\"@id\":\"https:\\\/\\\/www.les-balcons.com\\\/en\\\/#organization\",\"name\":\"Les Balcons\",\"url\":\"https:\\\/\\\/www.les-balcons.com\\\/en\\\/\",\"logo\":{\"@type\":\"ImageObject\",\"inLanguage\":\"en-US\",\"@id\":\"https:\\\/\\\/www.les-balcons.com\\\/en\\\/#\\\/schema\\\/logo\\\/image\\\/\",\"url\":\"https:\\\/\\\/les-balcons.com\\\/wp-content\\\/uploads\\\/communs\\\/logos-et-gammes\\\/logo-les-balcons-base.png\",\"contentUrl\":\"https:\\\/\\\/les-balcons.com\\\/wp-content\\\/uploads\\\/communs\\\/logos-et-gammes\\\/logo-les-balcons-base.png\",\"width\":3508,\"height\":2481,\"caption\":\"Les Balcons\"},\"image\":{\"@id\":\"https:\\\/\\\/www.les-balcons.com\\\/en\\\/#\\\/schema\\\/logo\\\/image\\\/\"}}]}<\/script>\n<!-- \/ Yoast SEO plugin. -->","yoast_head_json":{"title":"Legal Mentions","description":"Legal Mentions Les Balcons Etablissements VAL THORENS D\u00e9nomination : SARL P.T.INVESTISSEMENTS Si\u00e8ge Social : R\u00e9sidence Les Balcons du Parc21, avenue","robots":{"index":"index","follow":"follow","max-snippet":"max-snippet:-1","max-image-preview":"max-image-preview:large","max-video-preview":"max-video-preview:-1"},"canonical":"https:\/\/www.les-balcons.com\/en\/legal-mentions\/","og_locale":"en_US","og_type":"article","og_title":"Legal Mentions","og_description":"Legal Mentions Les Balcons Etablissements VAL THORENS D\u00e9nomination : SARL P.T.INVESTISSEMENTS Si\u00e8ge Social : R\u00e9sidence Les Balcons du Parc21, avenue","og_url":"https:\/\/www.les-balcons.com\/en\/legal-mentions\/","og_site_name":"Les Balcons \u2013 R\u00e9sidences et s\u00e9jours Alpes du Nord","article_modified_time":"2026-02-06T09:48:14+00:00","twitter_card":"summary_large_image","twitter_misc":{"Est. reading time":"3 minutes"},"schema":{"@context":"https:\/\/schema.org","@graph":[{"@type":"WebPage","@id":"https:\/\/www.les-balcons.com\/en\/legal-mentions\/","url":"https:\/\/www.les-balcons.com\/en\/legal-mentions\/","name":"Legal Mentions","isPartOf":{"@id":"https:\/\/www.les-balcons.com\/en\/#website"},"datePublished":"2020-10-12T13:37:28+00:00","dateModified":"2026-02-06T09:48:14+00:00","description":"Legal Mentions Les Balcons Etablissements VAL THORENS D\u00e9nomination : SARL P.T.INVESTISSEMENTS Si\u00e8ge Social : R\u00e9sidence Les Balcons du Parc21, avenue","breadcrumb":{"@id":"https:\/\/www.les-balcons.com\/en\/legal-mentions\/#breadcrumb"},"inLanguage":"en-US","potentialAction":[{"@type":"ReadAction","target":["https:\/\/www.les-balcons.com\/en\/legal-mentions\/"]}]},{"@type":"BreadcrumbList","@id":"https:\/\/www.les-balcons.com\/en\/legal-mentions\/#breadcrumb","itemListElement":[{"@type":"ListItem","position":1,"name":"Homepage","item":"https:\/\/www.les-balcons.com\/en\/fr\/"},{"@type":"ListItem","position":2,"name":"Legal Mentions"}]},{"@type":"WebSite","@id":"https:\/\/www.les-balcons.com\/en\/#website","url":"https:\/\/www.les-balcons.com\/en\/","name":"Les Balcons \u2013 R\u00e9sidences et s\u00e9jours Alpes du Nord","description":"10 \u00e9tablissements, H\u00f4tel et R\u00e9sidences pour vos vacances \u00e0 la montagne","publisher":{"@id":"https:\/\/www.les-balcons.com\/en\/#organization"},"potentialAction":[{"@type":"SearchAction","target":{"@type":"EntryPoint","urlTemplate":"https:\/\/www.les-balcons.com\/en\/?s={search_term_string}"},"query-input":{"@type":"PropertyValueSpecification","valueRequired":true,"valueName":"search_term_string"}}],"inLanguage":"en-US"},{"@type":"Organization","@id":"https:\/\/www.les-balcons.com\/en\/#organization","name":"Les Balcons","url":"https:\/\/www.les-balcons.com\/en\/","logo":{"@type":"ImageObject","inLanguage":"en-US","@id":"https:\/\/www.les-balcons.com\/en\/#\/schema\/logo\/image\/","url":"https:\/\/les-balcons.com\/wp-content\/uploads\/communs\/logos-et-gammes\/logo-les-balcons-base.png","contentUrl":"https:\/\/les-balcons.com\/wp-content\/uploads\/communs\/logos-et-gammes\/logo-les-balcons-base.png","width":3508,"height":2481,"caption":"Les Balcons"},"image":{"@id":"https:\/\/www.les-balcons.com\/en\/#\/schema\/logo\/image\/"}}]}},"uagb_featured_image_src":{"full":false,"thumbnail":false,"medium":false,"medium_large":false,"large":false,"1536x1536":false,"2048x2048":false,"size-365x220":false},"uagb_author_info":{"display_name":"admin_balcons","author_link":"https:\/\/www.les-balcons.com\/en\/author\/admin_balcons\/"},"uagb_comment_info":0,"uagb_excerpt":"Legal Mentions Les Balcons Etablissements VAL THORENS D\u00e9nomination : SARL P.T.INVESTISSEMENTS Si\u00e8ge Social : R\u00e9sidence Les Balcons du Parc21, avenue Camille Prost39000 LONS LE SAUNIERFRANCE Capital Social :\u00a0 5 000 000,00\u00a0 \u20ac T\u00e9l : \u00a0 \u00a003 84 86 15 51 E-mail :\u00a0 contact@les-balcons.com SIREN : 383 661 360 RCS LONS LE SAUNIER N\u00b0 TVA intracom.&hellip;","post_mailing_queue_ids":[],"_links":{"self":[{"href":"https:\/\/www.les-balcons.com\/en\/wp-json\/wp\/v2\/pages\/11753","targetHints":{"allow":["GET"]}}],"collection":[{"href":"https:\/\/www.les-balcons.com\/en\/wp-json\/wp\/v2\/pages"}],"about":[{"href":"https:\/\/www.les-balcons.com\/en\/wp-json\/wp\/v2\/types\/page"}],"author":[{"embeddable":true,"href":"https:\/\/www.les-balcons.com\/en\/wp-json\/wp\/v2\/users\/2"}],"replies":[{"embeddable":true,"href":"https:\/\/www.les-balcons.com\/en\/wp-json\/wp\/v2\/comments?post=11753"}],"version-history":[{"count":0,"href":"https:\/\/www.les-balcons.com\/en\/wp-json\/wp\/v2\/pages\/11753\/revisions"}],"wp:attachment":[{"href":"https:\/\/www.les-balcons.com\/en\/wp-json\/wp\/v2\/media?parent=11753"}],"curies":[{"name":"wp","href":"https:\/\/api.w.org\/{rel}","templated":true}]}}