{"id":11751,"date":"2020-10-14T06:58:12","date_gmt":"2020-10-14T06:58:12","guid":{"rendered":"http:\/\/les-balcons.com\/?page_id=11751"},"modified":"2024-08-30T14:09:42","modified_gmt":"2024-08-30T14:09:42","slug":"winter-health-information","status":"publish","type":"page","link":"https:\/\/www.les-balcons.com\/en\/winter-health-information\/","title":{"rendered":"Winter health information"},"content":{"rendered":"<p>You&#8217;re preparing your ski holidays ? But you&#8217;re not very familiar with the mountains ? We have planned an article for you to help you prepare your stay the best. Those advices are here to help you protect your health, but also how to pack your luggage. Ready ?<\/p>\n<p>When you&#8217;re in a ski resort, pharmacies can be quit difficult to access to. Here is a short list of medicines you should take in your luggage to make sure to avoid any inconvenience.<\/p>\n<h2>We advise you to put in your pharmacy kit :<\/h2>\n<ul>\n<li>Basic medicine for : fever, pain, emesis, stuffed nose&#8230;<\/li>\n<li>Your usual medicine in a sufficien amount. In case you weren&#8217;t able to anticipate, take a valid prescription with you.<\/li>\n<li>A thermometer<\/li>\n<\/ul>\n<p>Doctors are working in the resort and are welcoming you for all of your problems. We advise you to seek medical attention for any kind of unusual symptoms. The quicker a disease is treated, the quicker you can heal fast and go back on the slopes<\/p>\n<p>In case of a vital emergency, dial the 15 or 18 to reach for emergencies.<\/p>\n<h3>Sun, cold, wind.<\/h3>\n<p>The mountains during winter can be quite harsh and ruthless. The temperatures are very low and the weather conditions can be a bit difficult. That&#8217;s why we advise you to take with you:<\/p>\n<ul>\n<li>Warm high socks adapted to winter sports.<\/li>\n<li>Gloves or mittens for skiing. They should be waterproof and warm.<\/li>\n<li>A scarf or a balaclava. Wind can be quite violent and we advise you to warmly protect your throat while skiing.<\/li>\n<li>Sun glasses or skiing mask. The reflection of the sun on the snow combined with altitude makes the sun more agressive. If you don&#8217;t want to be blinded, we advise you to be well kitted out.<\/li>\n<li>Sunscreen. Because of the cold, the sun can be quite unnotticed. But its devastating effets are still there. Protect your face from getting sunburned by putting sunscreen often.<\/li>\n<\/ul>\n<p>&nbsp;<\/p>\n","protected":false},"excerpt":{"rendered":"<p>You&#8217;re preparing your ski holidays ? But you&#8217;re not very familiar with the mountains ? We have planned an article for you to help you prepare your stay the best. Those advices are here to help you protect your health, but also how to pack your luggage. Ready ? When you&#8217;re in a ski resort, [&hellip;]<\/p>\n","protected":false},"author":2,"featured_media":0,"parent":0,"menu_order":0,"comment_status":"closed","ping_status":"closed","template":"template-heberegements-filtres.php","meta":{"_acf_changed":false,"_uag_custom_page_level_css":"","footnotes":""},"class_list":["post-11751","page","type-page","status-publish","hentry"],"acf":[],"yoast_head":"<!-- This site is optimized with the Yoast SEO plugin v27.5 - https:\/\/yoast.com\/product\/yoast-seo-wordpress\/ -->\n<title>Winter health information<\/title>\n<meta name=\"description\" content=\"You&#039;re preparing your ski holidays ? But you&#039;re not very familiar with the mountains ? We have planned an article for you to help you prepare your stay\" \/>\n<meta name=\"robots\" content=\"index, follow, max-snippet:-1, max-image-preview:large, max-video-preview:-1\" \/>\n<link rel=\"canonical\" href=\"https:\/\/www.les-balcons.com\/en\/winter-health-information\/\" \/>\n<meta property=\"og:locale\" content=\"en_US\" \/>\n<meta property=\"og:type\" content=\"article\" \/>\n<meta property=\"og:title\" content=\"Winter health information\" \/>\n<meta property=\"og:description\" content=\"You&#039;re preparing your ski holidays ? But you&#039;re not very familiar with the mountains ? We have planned an article for you to help you prepare your stay\" \/>\n<meta property=\"og:url\" content=\"https:\/\/www.les-balcons.com\/en\/winter-health-information\/\" \/>\n<meta property=\"og:site_name\" content=\"Les Balcons \u2013 R\u00e9sidences et s\u00e9jours Alpes du Nord\" \/>\n<meta property=\"article:modified_time\" content=\"2024-08-30T14:09:42+00:00\" \/>\n<meta name=\"twitter:card\" content=\"summary_large_image\" \/>\n<meta name=\"twitter:label1\" content=\"Est. reading time\" \/>\n\t<meta name=\"twitter:data1\" content=\"2 minutes\" \/>\n<script type=\"application\/ld+json\" class=\"yoast-schema-graph\">{\"@context\":\"https:\\\/\\\/schema.org\",\"@graph\":[{\"@type\":\"WebPage\",\"@id\":\"https:\\\/\\\/www.les-balcons.com\\\/en\\\/winter-health-information\\\/\",\"url\":\"https:\\\/\\\/www.les-balcons.com\\\/en\\\/winter-health-information\\\/\",\"name\":\"Winter health information\",\"isPartOf\":{\"@id\":\"https:\\\/\\\/www.les-balcons.com\\\/en\\\/#website\"},\"datePublished\":\"2020-10-14T06:58:12+00:00\",\"dateModified\":\"2024-08-30T14:09:42+00:00\",\"description\":\"You're preparing your ski holidays ? But you're not very familiar with the mountains ? We have planned an article for you to help you prepare your stay\",\"breadcrumb\":{\"@id\":\"https:\\\/\\\/www.les-balcons.com\\\/en\\\/winter-health-information\\\/#breadcrumb\"},\"inLanguage\":\"en-US\",\"potentialAction\":[{\"@type\":\"ReadAction\",\"target\":[\"https:\\\/\\\/www.les-balcons.com\\\/en\\\/winter-health-information\\\/\"]}]},{\"@type\":\"BreadcrumbList\",\"@id\":\"https:\\\/\\\/www.les-balcons.com\\\/en\\\/winter-health-information\\\/#breadcrumb\",\"itemListElement\":[{\"@type\":\"ListItem\",\"position\":1,\"name\":\"Homepage\",\"item\":\"https:\\\/\\\/www.les-balcons.com\\\/en\\\/fr\\\/\"},{\"@type\":\"ListItem\",\"position\":2,\"name\":\"Winter health information\"}]},{\"@type\":\"WebSite\",\"@id\":\"https:\\\/\\\/www.les-balcons.com\\\/en\\\/#website\",\"url\":\"https:\\\/\\\/www.les-balcons.com\\\/en\\\/\",\"name\":\"Les Balcons \u2013 R\u00e9sidences et s\u00e9jours Alpes du Nord\",\"description\":\"10 \u00e9tablissements, H\u00f4tel et R\u00e9sidences pour vos vacances \u00e0 la montagne\",\"publisher\":{\"@id\":\"https:\\\/\\\/www.les-balcons.com\\\/en\\\/#organization\"},\"potentialAction\":[{\"@type\":\"SearchAction\",\"target\":{\"@type\":\"EntryPoint\",\"urlTemplate\":\"https:\\\/\\\/www.les-balcons.com\\\/en\\\/?s={search_term_string}\"},\"query-input\":{\"@type\":\"PropertyValueSpecification\",\"valueRequired\":true,\"valueName\":\"search_term_string\"}}],\"inLanguage\":\"en-US\"},{\"@type\":\"Organization\",\"@id\":\"https:\\\/\\\/www.les-balcons.com\\\/en\\\/#organization\",\"name\":\"Les Balcons\",\"url\":\"https:\\\/\\\/www.les-balcons.com\\\/en\\\/\",\"logo\":{\"@type\":\"ImageObject\",\"inLanguage\":\"en-US\",\"@id\":\"https:\\\/\\\/www.les-balcons.com\\\/en\\\/#\\\/schema\\\/logo\\\/image\\\/\",\"url\":\"https:\\\/\\\/les-balcons.com\\\/wp-content\\\/uploads\\\/communs\\\/logos-et-gammes\\\/logo-les-balcons-base.png\",\"contentUrl\":\"https:\\\/\\\/les-balcons.com\\\/wp-content\\\/uploads\\\/communs\\\/logos-et-gammes\\\/logo-les-balcons-base.png\",\"width\":3508,\"height\":2481,\"caption\":\"Les Balcons\"},\"image\":{\"@id\":\"https:\\\/\\\/www.les-balcons.com\\\/en\\\/#\\\/schema\\\/logo\\\/image\\\/\"}}]}<\/script>\n<!-- \/ Yoast SEO plugin. -->","yoast_head_json":{"title":"Winter health information","description":"You're preparing your ski holidays ? But you're not very familiar with the mountains ? We have planned an article for you to help you prepare your stay","robots":{"index":"index","follow":"follow","max-snippet":"max-snippet:-1","max-image-preview":"max-image-preview:large","max-video-preview":"max-video-preview:-1"},"canonical":"https:\/\/www.les-balcons.com\/en\/winter-health-information\/","og_locale":"en_US","og_type":"article","og_title":"Winter health information","og_description":"You're preparing your ski holidays ? But you're not very familiar with the mountains ? We have planned an article for you to help you prepare your stay","og_url":"https:\/\/www.les-balcons.com\/en\/winter-health-information\/","og_site_name":"Les Balcons \u2013 R\u00e9sidences et s\u00e9jours Alpes du Nord","article_modified_time":"2024-08-30T14:09:42+00:00","twitter_card":"summary_large_image","twitter_misc":{"Est. reading time":"2 minutes"},"schema":{"@context":"https:\/\/schema.org","@graph":[{"@type":"WebPage","@id":"https:\/\/www.les-balcons.com\/en\/winter-health-information\/","url":"https:\/\/www.les-balcons.com\/en\/winter-health-information\/","name":"Winter health information","isPartOf":{"@id":"https:\/\/www.les-balcons.com\/en\/#website"},"datePublished":"2020-10-14T06:58:12+00:00","dateModified":"2024-08-30T14:09:42+00:00","description":"You're preparing your ski holidays ? But you're not very familiar with the mountains ? We have planned an article for you to help you prepare your stay","breadcrumb":{"@id":"https:\/\/www.les-balcons.com\/en\/winter-health-information\/#breadcrumb"},"inLanguage":"en-US","potentialAction":[{"@type":"ReadAction","target":["https:\/\/www.les-balcons.com\/en\/winter-health-information\/"]}]},{"@type":"BreadcrumbList","@id":"https:\/\/www.les-balcons.com\/en\/winter-health-information\/#breadcrumb","itemListElement":[{"@type":"ListItem","position":1,"name":"Homepage","item":"https:\/\/www.les-balcons.com\/en\/fr\/"},{"@type":"ListItem","position":2,"name":"Winter health information"}]},{"@type":"WebSite","@id":"https:\/\/www.les-balcons.com\/en\/#website","url":"https:\/\/www.les-balcons.com\/en\/","name":"Les Balcons \u2013 R\u00e9sidences et s\u00e9jours Alpes du Nord","description":"10 \u00e9tablissements, H\u00f4tel et R\u00e9sidences pour vos vacances \u00e0 la montagne","publisher":{"@id":"https:\/\/www.les-balcons.com\/en\/#organization"},"potentialAction":[{"@type":"SearchAction","target":{"@type":"EntryPoint","urlTemplate":"https:\/\/www.les-balcons.com\/en\/?s={search_term_string}"},"query-input":{"@type":"PropertyValueSpecification","valueRequired":true,"valueName":"search_term_string"}}],"inLanguage":"en-US"},{"@type":"Organization","@id":"https:\/\/www.les-balcons.com\/en\/#organization","name":"Les Balcons","url":"https:\/\/www.les-balcons.com\/en\/","logo":{"@type":"ImageObject","inLanguage":"en-US","@id":"https:\/\/www.les-balcons.com\/en\/#\/schema\/logo\/image\/","url":"https:\/\/les-balcons.com\/wp-content\/uploads\/communs\/logos-et-gammes\/logo-les-balcons-base.png","contentUrl":"https:\/\/les-balcons.com\/wp-content\/uploads\/communs\/logos-et-gammes\/logo-les-balcons-base.png","width":3508,"height":2481,"caption":"Les Balcons"},"image":{"@id":"https:\/\/www.les-balcons.com\/en\/#\/schema\/logo\/image\/"}}]}},"uagb_featured_image_src":{"full":false,"thumbnail":false,"medium":false,"medium_large":false,"large":false,"1536x1536":false,"2048x2048":false,"size-365x220":false},"uagb_author_info":{"display_name":"admin_balcons","author_link":"https:\/\/www.les-balcons.com\/en\/author\/admin_balcons\/"},"uagb_comment_info":0,"uagb_excerpt":"You&#8217;re preparing your ski holidays ? But you&#8217;re not very familiar with the mountains ? We have planned an article for you to help you prepare your stay the best. Those advices are here to help you protect your health, but also how to pack your luggage. Ready ? When you&#8217;re in a ski resort,&hellip;","post_mailing_queue_ids":[],"_links":{"self":[{"href":"https:\/\/www.les-balcons.com\/en\/wp-json\/wp\/v2\/pages\/11751","targetHints":{"allow":["GET"]}}],"collection":[{"href":"https:\/\/www.les-balcons.com\/en\/wp-json\/wp\/v2\/pages"}],"about":[{"href":"https:\/\/www.les-balcons.com\/en\/wp-json\/wp\/v2\/types\/page"}],"author":[{"embeddable":true,"href":"https:\/\/www.les-balcons.com\/en\/wp-json\/wp\/v2\/users\/2"}],"replies":[{"embeddable":true,"href":"https:\/\/www.les-balcons.com\/en\/wp-json\/wp\/v2\/comments?post=11751"}],"version-history":[{"count":0,"href":"https:\/\/www.les-balcons.com\/en\/wp-json\/wp\/v2\/pages\/11751\/revisions"}],"wp:attachment":[{"href":"https:\/\/www.les-balcons.com\/en\/wp-json\/wp\/v2\/media?parent=11751"}],"curies":[{"name":"wp","href":"https:\/\/api.w.org\/{rel}","templated":true}]}}