{"id":11736,"date":"2020-10-14T06:26:51","date_gmt":"2020-10-14T06:26:51","guid":{"rendered":"http:\/\/les-balcons.com\/?page_id=11736"},"modified":"2024-08-27T10:02:21","modified_gmt":"2024-08-27T10:02:21","slug":"winter-apartment-renting-for-couples","status":"publish","type":"page","link":"https:\/\/www.les-balcons.com\/en\/winter-apartment-renting-for-couples\/","title":{"rendered":"Winter apartment renting for couples"},"content":{"rendered":"<p>What&#8217;s best than having a getaway with your significant other in the mountains ? The snowy trees, the magical atmosphere, so many pretty things to see. Skiing lover, you will be able to ride along the ski area with your loved one.<br \/>\nWe now are gonna present in this article the apartment renting solution you have for your holidays with your loved one.<\/p>\n<p>Our apartments, warm and welcoming, are offering tailored solution that fit your needs. For a week end or a holiday, you will enjoy the pleasure of a winter holiday in the mountains. Whether you want to be close to the slopes, or the spa to relax together, our apartment residence are made for you !<\/p>\n<p>The Northern Alps are a dream location for a magical Christmas or February athletic holidays on the slopes. Whether you&#8217;re an experienced skiier or more of a snowplough kind of skier, our stations are here to to welcome you, whatever your needs are !<\/p>\n<h2>Couple apartment in Val Cenis<\/h2>\n<p>Family friendly station, Val Cenis is the perfect place for a getaway with your significant other. With its gentle slopes, ideal for beginner and its typical and charming village, your holidays will be smooth and punctuated with many typical savoy moments. What&#8217;s better than enjoying a raclette after a long day skiing ?<\/p>\n<h2>Couple apartment in La Rosi\u00e8re<\/h2>\n<p>Mythical station for its international ski area, La Rosi\u00e8re is welcoming you in its two accommodations for your holidays with your lover. You love luxury and relaxing ? The Alparena**** &amp; Spa Hotel is welcoming you for your apartment holidays. With all the freedom that an apartment is giving you but still giving the comfort of a 4 stars luxururious hotel, the Alparena will promise you many amazing moments with your significant other. The must in all of that ? The gorgeous hotel spa, the direct access to the slopes and its two restaurants. One of them is giving you coziness and warmthe for your evening dinner, while the other is welcoming you in its huge panoramic terrace for your lunch.<\/p>\n<p>And if you prefer the typical charm of an apartment residence, Les Balcons de La Rosi\u00e8re are welcoming you in its apartment for you holidays with your loved one. With its typical savoy apartment and its dream location, Les Balcons de La Rosi\u00e8re are welcoming you all winter long (and also summer) for your romantic getaway. The must ? The access to the Alparena**** swimming-pool when you&#8217;re sleeping in Les Balcons de La Rosi\u00e8re. Why hesitate longer ? GO !<\/p>\n<h2>Couple apartment in Belle Plagne<\/h2>\n<p>Well known for its ski area that allow you to train and still enjoy, La Plagne is welcoming you for your romantic getaway in the mountains. Come enjoy the ski area Paradiski with your chosen one and rest in one of our warm and welcoming apartment. And for more and more relaxing moments, the spa is welcoming you after a long day on the slopes (Or just strolling in the streets of La Plagne, we won&#8217;t judge if you&#8217;re not a skiing lover)<\/p>\n<h2>Couple apartment in Val Thorens<\/h2>\n<p>Even if Val Thorens is well known for its dynamic side and more of a &#8220;young people&#8221; ski resort, Val Thorens is also perfect for a couple holiday. With its huge ski area, its numerous slopes and ideal equipment for you to enjoy its ski area, your holidays in Val Thorens will be perfect !<br \/>\nSo let&#8217;s pack your bag alreay and take your loved one in a mountain holiday they won&#8217;t forget !<\/p>\n","protected":false},"excerpt":{"rendered":"<p>What&#8217;s best than having a getaway with your significant other in the mountains ? The snowy trees, the magical atmosphere, so many pretty things to see. Skiing lover, you will be able to ride along the ski area with your loved one. We now are gonna present in this article the apartment renting solution you [&hellip;]<\/p>\n","protected":false},"author":2,"featured_media":0,"parent":0,"menu_order":0,"comment_status":"closed","ping_status":"closed","template":"template-thematique.php","meta":{"_acf_changed":false,"_uag_custom_page_level_css":"","footnotes":""},"class_list":["post-11736","page","type-page","status-publish","hentry"],"acf":[],"yoast_head":"<!-- This site is optimized with the Yoast SEO plugin v27.3 - https:\/\/yoast.com\/product\/yoast-seo-wordpress\/ -->\n<title>Winter apartment renting for couples<\/title>\n<meta name=\"description\" content=\"What&#039;s best than having a getaway with your significant other in the mountains ? The snowy trees, the magical atmosphere, so many pretty things to see.\" \/>\n<meta name=\"robots\" content=\"index, follow, max-snippet:-1, max-image-preview:large, max-video-preview:-1\" \/>\n<link rel=\"canonical\" href=\"https:\/\/www.les-balcons.com\/en\/winter-apartment-renting-for-couples\/\" \/>\n<meta property=\"og:locale\" content=\"en_US\" \/>\n<meta property=\"og:type\" content=\"article\" \/>\n<meta property=\"og:title\" content=\"Winter apartment renting for couples\" \/>\n<meta property=\"og:description\" content=\"What&#039;s best than having a getaway with your significant other in the mountains ? The snowy trees, the magical atmosphere, so many pretty things to see.\" \/>\n<meta property=\"og:url\" content=\"https:\/\/www.les-balcons.com\/en\/winter-apartment-renting-for-couples\/\" \/>\n<meta property=\"og:site_name\" content=\"Les Balcons \u2013 R\u00e9sidences et s\u00e9jours Alpes du Nord\" \/>\n<meta property=\"article:modified_time\" content=\"2024-08-27T10:02:21+00:00\" \/>\n<meta name=\"twitter:card\" content=\"summary_large_image\" \/>\n<meta name=\"twitter:label1\" content=\"Est. reading time\" \/>\n\t<meta name=\"twitter:data1\" content=\"3 minutes\" \/>\n<script type=\"application\/ld+json\" class=\"yoast-schema-graph\">{\"@context\":\"https:\\\/\\\/schema.org\",\"@graph\":[{\"@type\":\"WebPage\",\"@id\":\"https:\\\/\\\/www.les-balcons.com\\\/en\\\/winter-apartment-renting-for-couples\\\/\",\"url\":\"https:\\\/\\\/www.les-balcons.com\\\/en\\\/winter-apartment-renting-for-couples\\\/\",\"name\":\"Winter apartment renting for couples\",\"isPartOf\":{\"@id\":\"https:\\\/\\\/www.les-balcons.com\\\/en\\\/#website\"},\"datePublished\":\"2020-10-14T06:26:51+00:00\",\"dateModified\":\"2024-08-27T10:02:21+00:00\",\"description\":\"What's best than having a getaway with your significant other in the mountains ? The snowy trees, the magical atmosphere, so many pretty things to see.\",\"breadcrumb\":{\"@id\":\"https:\\\/\\\/www.les-balcons.com\\\/en\\\/winter-apartment-renting-for-couples\\\/#breadcrumb\"},\"inLanguage\":\"en-US\",\"potentialAction\":[{\"@type\":\"ReadAction\",\"target\":[\"https:\\\/\\\/www.les-balcons.com\\\/en\\\/winter-apartment-renting-for-couples\\\/\"]}]},{\"@type\":\"BreadcrumbList\",\"@id\":\"https:\\\/\\\/www.les-balcons.com\\\/en\\\/winter-apartment-renting-for-couples\\\/#breadcrumb\",\"itemListElement\":[{\"@type\":\"ListItem\",\"position\":1,\"name\":\"Homepage\",\"item\":\"https:\\\/\\\/www.les-balcons.com\\\/en\\\/fr\\\/\"},{\"@type\":\"ListItem\",\"position\":2,\"name\":\"Winter apartment renting for couples\"}]},{\"@type\":\"WebSite\",\"@id\":\"https:\\\/\\\/www.les-balcons.com\\\/en\\\/#website\",\"url\":\"https:\\\/\\\/www.les-balcons.com\\\/en\\\/\",\"name\":\"Les Balcons \u2013 R\u00e9sidences et s\u00e9jours Alpes du Nord\",\"description\":\"10 \u00e9tablissements, H\u00f4tel et R\u00e9sidences pour vos vacances \u00e0 la montagne\",\"publisher\":{\"@id\":\"https:\\\/\\\/www.les-balcons.com\\\/en\\\/#organization\"},\"potentialAction\":[{\"@type\":\"SearchAction\",\"target\":{\"@type\":\"EntryPoint\",\"urlTemplate\":\"https:\\\/\\\/www.les-balcons.com\\\/en\\\/?s={search_term_string}\"},\"query-input\":{\"@type\":\"PropertyValueSpecification\",\"valueRequired\":true,\"valueName\":\"search_term_string\"}}],\"inLanguage\":\"en-US\"},{\"@type\":\"Organization\",\"@id\":\"https:\\\/\\\/www.les-balcons.com\\\/en\\\/#organization\",\"name\":\"Les Balcons\",\"url\":\"https:\\\/\\\/www.les-balcons.com\\\/en\\\/\",\"logo\":{\"@type\":\"ImageObject\",\"inLanguage\":\"en-US\",\"@id\":\"https:\\\/\\\/www.les-balcons.com\\\/en\\\/#\\\/schema\\\/logo\\\/image\\\/\",\"url\":\"https:\\\/\\\/les-balcons.com\\\/wp-content\\\/uploads\\\/communs\\\/logos-et-gammes\\\/logo-les-balcons-base.png\",\"contentUrl\":\"https:\\\/\\\/les-balcons.com\\\/wp-content\\\/uploads\\\/communs\\\/logos-et-gammes\\\/logo-les-balcons-base.png\",\"width\":3508,\"height\":2481,\"caption\":\"Les Balcons\"},\"image\":{\"@id\":\"https:\\\/\\\/www.les-balcons.com\\\/en\\\/#\\\/schema\\\/logo\\\/image\\\/\"}}]}<\/script>\n<!-- \/ Yoast SEO plugin. -->","yoast_head_json":{"title":"Winter apartment renting for couples","description":"What's best than having a getaway with your significant other in the mountains ? The snowy trees, the magical atmosphere, so many pretty things to see.","robots":{"index":"index","follow":"follow","max-snippet":"max-snippet:-1","max-image-preview":"max-image-preview:large","max-video-preview":"max-video-preview:-1"},"canonical":"https:\/\/www.les-balcons.com\/en\/winter-apartment-renting-for-couples\/","og_locale":"en_US","og_type":"article","og_title":"Winter apartment renting for couples","og_description":"What's best than having a getaway with your significant other in the mountains ? The snowy trees, the magical atmosphere, so many pretty things to see.","og_url":"https:\/\/www.les-balcons.com\/en\/winter-apartment-renting-for-couples\/","og_site_name":"Les Balcons \u2013 R\u00e9sidences et s\u00e9jours Alpes du Nord","article_modified_time":"2024-08-27T10:02:21+00:00","twitter_card":"summary_large_image","twitter_misc":{"Est. reading time":"3 minutes"},"schema":{"@context":"https:\/\/schema.org","@graph":[{"@type":"WebPage","@id":"https:\/\/www.les-balcons.com\/en\/winter-apartment-renting-for-couples\/","url":"https:\/\/www.les-balcons.com\/en\/winter-apartment-renting-for-couples\/","name":"Winter apartment renting for couples","isPartOf":{"@id":"https:\/\/www.les-balcons.com\/en\/#website"},"datePublished":"2020-10-14T06:26:51+00:00","dateModified":"2024-08-27T10:02:21+00:00","description":"What's best than having a getaway with your significant other in the mountains ? The snowy trees, the magical atmosphere, so many pretty things to see.","breadcrumb":{"@id":"https:\/\/www.les-balcons.com\/en\/winter-apartment-renting-for-couples\/#breadcrumb"},"inLanguage":"en-US","potentialAction":[{"@type":"ReadAction","target":["https:\/\/www.les-balcons.com\/en\/winter-apartment-renting-for-couples\/"]}]},{"@type":"BreadcrumbList","@id":"https:\/\/www.les-balcons.com\/en\/winter-apartment-renting-for-couples\/#breadcrumb","itemListElement":[{"@type":"ListItem","position":1,"name":"Homepage","item":"https:\/\/www.les-balcons.com\/en\/fr\/"},{"@type":"ListItem","position":2,"name":"Winter apartment renting for couples"}]},{"@type":"WebSite","@id":"https:\/\/www.les-balcons.com\/en\/#website","url":"https:\/\/www.les-balcons.com\/en\/","name":"Les Balcons \u2013 R\u00e9sidences et s\u00e9jours Alpes du Nord","description":"10 \u00e9tablissements, H\u00f4tel et R\u00e9sidences pour vos vacances \u00e0 la montagne","publisher":{"@id":"https:\/\/www.les-balcons.com\/en\/#organization"},"potentialAction":[{"@type":"SearchAction","target":{"@type":"EntryPoint","urlTemplate":"https:\/\/www.les-balcons.com\/en\/?s={search_term_string}"},"query-input":{"@type":"PropertyValueSpecification","valueRequired":true,"valueName":"search_term_string"}}],"inLanguage":"en-US"},{"@type":"Organization","@id":"https:\/\/www.les-balcons.com\/en\/#organization","name":"Les Balcons","url":"https:\/\/www.les-balcons.com\/en\/","logo":{"@type":"ImageObject","inLanguage":"en-US","@id":"https:\/\/www.les-balcons.com\/en\/#\/schema\/logo\/image\/","url":"https:\/\/les-balcons.com\/wp-content\/uploads\/communs\/logos-et-gammes\/logo-les-balcons-base.png","contentUrl":"https:\/\/les-balcons.com\/wp-content\/uploads\/communs\/logos-et-gammes\/logo-les-balcons-base.png","width":3508,"height":2481,"caption":"Les Balcons"},"image":{"@id":"https:\/\/www.les-balcons.com\/en\/#\/schema\/logo\/image\/"}}]}},"uagb_featured_image_src":{"full":false,"thumbnail":false,"medium":false,"medium_large":false,"large":false,"1536x1536":false,"2048x2048":false,"size-365x220":false},"uagb_author_info":{"display_name":"admin_balcons","author_link":"https:\/\/www.les-balcons.com\/en\/author\/admin_balcons\/"},"uagb_comment_info":0,"uagb_excerpt":"What&#8217;s best than having a getaway with your significant other in the mountains ? The snowy trees, the magical atmosphere, so many pretty things to see. Skiing lover, you will be able to ride along the ski area with your loved one. We now are gonna present in this article the apartment renting solution you&hellip;","post_mailing_queue_ids":[],"_links":{"self":[{"href":"https:\/\/www.les-balcons.com\/en\/wp-json\/wp\/v2\/pages\/11736","targetHints":{"allow":["GET"]}}],"collection":[{"href":"https:\/\/www.les-balcons.com\/en\/wp-json\/wp\/v2\/pages"}],"about":[{"href":"https:\/\/www.les-balcons.com\/en\/wp-json\/wp\/v2\/types\/page"}],"author":[{"embeddable":true,"href":"https:\/\/www.les-balcons.com\/en\/wp-json\/wp\/v2\/users\/2"}],"replies":[{"embeddable":true,"href":"https:\/\/www.les-balcons.com\/en\/wp-json\/wp\/v2\/comments?post=11736"}],"version-history":[{"count":0,"href":"https:\/\/www.les-balcons.com\/en\/wp-json\/wp\/v2\/pages\/11736\/revisions"}],"wp:attachment":[{"href":"https:\/\/www.les-balcons.com\/en\/wp-json\/wp\/v2\/media?parent=11736"}],"curies":[{"name":"wp","href":"https:\/\/api.w.org\/{rel}","templated":true}]}}