{"id":11273,"date":"2019-12-09T14:52:44","date_gmt":"2019-12-09T14:52:44","guid":{"rendered":"http:\/\/les-balcons.com\/les-hebergements-alpes-du-nord\/"},"modified":"2024-08-27T12:06:59","modified_gmt":"2024-08-27T12:06:59","slug":"northern-alps-accomodations","status":"publish","type":"page","link":"https:\/\/www.les-balcons.com\/en\/northern-alps-accomodations\/","title":{"rendered":"Northern Alps Accomodations"},"content":{"rendered":"<h2>An unforgettable ski stay in the Northern Alps !<\/h2>\n<p>The northern Alps are the most favorite destination for a ski week-end or holiday. The athletic one will love the ski domains of the station, the activites for the non-skier or to change from a day on the slopes, the villages and the local gastronomy. Kids are welcome and everything is done to help them love winter sports.<\/p>\n<h3>A renting in Savoy that will fit your needs<\/h3>\n<p>You\u2019re looking for a Northern Alps accommodation for your ski holiday ? Discover our offer for all kinds of stay in the most beautiful Savoy station; La Plagne, La Rosi\u00e8re, Val Cenis and Val Thorens. From 2 to 16 persons, the Les Balcons accomodation are wide, cozy, comfy and equipped with a balcony with a beautiful view on the mountains. Book now your stay in one the biggest ski domains in the Northern Alps and enjoy our deals and discounts !<\/p>\n<h3>Book an all included stay or an accomodation in the Northern Alps at the best prices with Les Balcons<\/h3>\n<p>Each winter, the ski lovers and ski professionals are waiting impatiently for the first snow. To make your ski holiday an unforgettable moment, choose your accommodation and the ski stay that fits your needs the most. You love all inclusive ski trips ? Discover our ski stay with meals, ski passes and ski renting. More freedom with a half board stay ? You will also find many accommodations offers in the Northern Alps : 3* h\u00f4tel, 4* h\u00f4tel, 3* residences as well as 4* and 5*.<\/p>\n<h3>A few clics away from renting a comfy and cozy accommodation in Savoy<\/h3>\n<p>Enjoy the beautiful snowy landscapes in the Northern Alps with the good deals from Les Balcons. For your February or New Year\u2019s Eve holiday, you just have to make your reservation online to pick the kind of accommodation you need. With many offers in a residence or a hotel, all the family will enjoy the slopes of the beautifuls ski stations that are La Plagne, La Rosi\u00e8re, Val Cenis and Val Thorens.<\/p>\n<h4>A range of services to make your winter holidays in the mountains much simpler.<\/h4>\n<p>With its wide range of apartments in the Northern Alps, Les Balcons are also offering complete concepts including ski rental, ski passes and other kinds of tailored services : Half-board and treatments in one of our Thalgo spas. Even at the last minute, do not hesitate to get yourself a nice accomodation in Val Thorens or La Rosi\u00e8re. Your mountain stay organization will be much more simpler with Les Balcons.<\/p>\n<p>You have never seen much simpler ski holiday to organize with Les Balcons. Don\u2019t wait any more and book now your stay with your favorite Northern Alps station !<\/p>\n","protected":false},"excerpt":{"rendered":"<p>An unforgettable ski stay in the Northern Alps ! The northern Alps are the most favorite destination for a ski week-end or holiday. The athletic one will love the ski domains of the station, the activites for the non-skier or to change from a day on the slopes, the villages and the local gastronomy. Kids [&hellip;]<\/p>\n","protected":false},"author":2,"featured_media":0,"parent":0,"menu_order":0,"comment_status":"closed","ping_status":"closed","template":"template-hebergements.php","meta":{"_acf_changed":false,"_uag_custom_page_level_css":"","footnotes":""},"class_list":["post-11273","page","type-page","status-publish","hentry"],"acf":[],"yoast_head":"<!-- This site is optimized with the Yoast SEO plugin v27.3 - https:\/\/yoast.com\/product\/yoast-seo-wordpress\/ -->\n<title>Northern Alps Accomodations - Stay, Savoie Winter Vacation Rental<\/title>\n<meta name=\"description\" content=\"The Northern Alps are the privileged destination for a weekend or ski holiday, sports enthusiasts appreciate the ski areas of the resorts.\" \/>\n<meta name=\"robots\" content=\"index, follow, max-snippet:-1, max-image-preview:large, max-video-preview:-1\" \/>\n<link rel=\"canonical\" href=\"https:\/\/www.les-balcons.com\/en\/northern-alps-accomodations\/\" \/>\n<meta property=\"og:locale\" content=\"en_US\" \/>\n<meta property=\"og:type\" content=\"article\" \/>\n<meta property=\"og:title\" content=\"Northern Alps Accomodations - Stay, Savoie Winter Vacation Rental\" \/>\n<meta property=\"og:description\" content=\"The Northern Alps are the privileged destination for a weekend or ski holiday, sports enthusiasts appreciate the ski areas of the resorts.\" \/>\n<meta property=\"og:url\" content=\"https:\/\/www.les-balcons.com\/en\/northern-alps-accomodations\/\" \/>\n<meta property=\"og:site_name\" content=\"Les Balcons \u2013 R\u00e9sidences et s\u00e9jours Alpes du Nord\" \/>\n<meta property=\"article:modified_time\" content=\"2024-08-27T12:06:59+00:00\" \/>\n<meta name=\"twitter:card\" content=\"summary_large_image\" \/>\n<meta name=\"twitter:label1\" content=\"Est. reading time\" \/>\n\t<meta name=\"twitter:data1\" content=\"3 minutes\" \/>\n<script type=\"application\/ld+json\" class=\"yoast-schema-graph\">{\"@context\":\"https:\\\/\\\/schema.org\",\"@graph\":[{\"@type\":\"WebPage\",\"@id\":\"https:\\\/\\\/www.les-balcons.com\\\/en\\\/northern-alps-accomodations\\\/\",\"url\":\"https:\\\/\\\/www.les-balcons.com\\\/en\\\/northern-alps-accomodations\\\/\",\"name\":\"Northern Alps Accomodations - Stay, Savoie Winter Vacation Rental\",\"isPartOf\":{\"@id\":\"https:\\\/\\\/www.les-balcons.com\\\/en\\\/#website\"},\"datePublished\":\"2019-12-09T14:52:44+00:00\",\"dateModified\":\"2024-08-27T12:06:59+00:00\",\"description\":\"The Northern Alps are the privileged destination for a weekend or ski holiday, sports enthusiasts appreciate the ski areas of the resorts.\",\"breadcrumb\":{\"@id\":\"https:\\\/\\\/www.les-balcons.com\\\/en\\\/northern-alps-accomodations\\\/#breadcrumb\"},\"inLanguage\":\"en-US\",\"potentialAction\":[{\"@type\":\"ReadAction\",\"target\":[\"https:\\\/\\\/www.les-balcons.com\\\/en\\\/northern-alps-accomodations\\\/\"]}]},{\"@type\":\"BreadcrumbList\",\"@id\":\"https:\\\/\\\/www.les-balcons.com\\\/en\\\/northern-alps-accomodations\\\/#breadcrumb\",\"itemListElement\":[{\"@type\":\"ListItem\",\"position\":1,\"name\":\"Homepage\",\"item\":\"https:\\\/\\\/www.les-balcons.com\\\/en\\\/fr\\\/\"},{\"@type\":\"ListItem\",\"position\":2,\"name\":\"Northern Alps Accomodations\"}]},{\"@type\":\"WebSite\",\"@id\":\"https:\\\/\\\/www.les-balcons.com\\\/en\\\/#website\",\"url\":\"https:\\\/\\\/www.les-balcons.com\\\/en\\\/\",\"name\":\"Les Balcons \u2013 R\u00e9sidences et s\u00e9jours Alpes du Nord\",\"description\":\"10 \u00e9tablissements, H\u00f4tel et R\u00e9sidences pour vos vacances \u00e0 la montagne\",\"publisher\":{\"@id\":\"https:\\\/\\\/www.les-balcons.com\\\/en\\\/#organization\"},\"potentialAction\":[{\"@type\":\"SearchAction\",\"target\":{\"@type\":\"EntryPoint\",\"urlTemplate\":\"https:\\\/\\\/www.les-balcons.com\\\/en\\\/?s={search_term_string}\"},\"query-input\":{\"@type\":\"PropertyValueSpecification\",\"valueRequired\":true,\"valueName\":\"search_term_string\"}}],\"inLanguage\":\"en-US\"},{\"@type\":\"Organization\",\"@id\":\"https:\\\/\\\/www.les-balcons.com\\\/en\\\/#organization\",\"name\":\"Les Balcons\",\"url\":\"https:\\\/\\\/www.les-balcons.com\\\/en\\\/\",\"logo\":{\"@type\":\"ImageObject\",\"inLanguage\":\"en-US\",\"@id\":\"https:\\\/\\\/www.les-balcons.com\\\/en\\\/#\\\/schema\\\/logo\\\/image\\\/\",\"url\":\"https:\\\/\\\/les-balcons.com\\\/wp-content\\\/uploads\\\/communs\\\/logos-et-gammes\\\/logo-les-balcons-base.png\",\"contentUrl\":\"https:\\\/\\\/les-balcons.com\\\/wp-content\\\/uploads\\\/communs\\\/logos-et-gammes\\\/logo-les-balcons-base.png\",\"width\":3508,\"height\":2481,\"caption\":\"Les Balcons\"},\"image\":{\"@id\":\"https:\\\/\\\/www.les-balcons.com\\\/en\\\/#\\\/schema\\\/logo\\\/image\\\/\"}}]}<\/script>\n<!-- \/ Yoast SEO plugin. -->","yoast_head_json":{"title":"Northern Alps Accomodations - Stay, Savoie Winter Vacation Rental","description":"The Northern Alps are the privileged destination for a weekend or ski holiday, sports enthusiasts appreciate the ski areas of the resorts.","robots":{"index":"index","follow":"follow","max-snippet":"max-snippet:-1","max-image-preview":"max-image-preview:large","max-video-preview":"max-video-preview:-1"},"canonical":"https:\/\/www.les-balcons.com\/en\/northern-alps-accomodations\/","og_locale":"en_US","og_type":"article","og_title":"Northern Alps Accomodations - Stay, Savoie Winter Vacation Rental","og_description":"The Northern Alps are the privileged destination for a weekend or ski holiday, sports enthusiasts appreciate the ski areas of the resorts.","og_url":"https:\/\/www.les-balcons.com\/en\/northern-alps-accomodations\/","og_site_name":"Les Balcons \u2013 R\u00e9sidences et s\u00e9jours Alpes du Nord","article_modified_time":"2024-08-27T12:06:59+00:00","twitter_card":"summary_large_image","twitter_misc":{"Est. reading time":"3 minutes"},"schema":{"@context":"https:\/\/schema.org","@graph":[{"@type":"WebPage","@id":"https:\/\/www.les-balcons.com\/en\/northern-alps-accomodations\/","url":"https:\/\/www.les-balcons.com\/en\/northern-alps-accomodations\/","name":"Northern Alps Accomodations - Stay, Savoie Winter Vacation Rental","isPartOf":{"@id":"https:\/\/www.les-balcons.com\/en\/#website"},"datePublished":"2019-12-09T14:52:44+00:00","dateModified":"2024-08-27T12:06:59+00:00","description":"The Northern Alps are the privileged destination for a weekend or ski holiday, sports enthusiasts appreciate the ski areas of the resorts.","breadcrumb":{"@id":"https:\/\/www.les-balcons.com\/en\/northern-alps-accomodations\/#breadcrumb"},"inLanguage":"en-US","potentialAction":[{"@type":"ReadAction","target":["https:\/\/www.les-balcons.com\/en\/northern-alps-accomodations\/"]}]},{"@type":"BreadcrumbList","@id":"https:\/\/www.les-balcons.com\/en\/northern-alps-accomodations\/#breadcrumb","itemListElement":[{"@type":"ListItem","position":1,"name":"Homepage","item":"https:\/\/www.les-balcons.com\/en\/fr\/"},{"@type":"ListItem","position":2,"name":"Northern Alps Accomodations"}]},{"@type":"WebSite","@id":"https:\/\/www.les-balcons.com\/en\/#website","url":"https:\/\/www.les-balcons.com\/en\/","name":"Les Balcons \u2013 R\u00e9sidences et s\u00e9jours Alpes du Nord","description":"10 \u00e9tablissements, H\u00f4tel et R\u00e9sidences pour vos vacances \u00e0 la montagne","publisher":{"@id":"https:\/\/www.les-balcons.com\/en\/#organization"},"potentialAction":[{"@type":"SearchAction","target":{"@type":"EntryPoint","urlTemplate":"https:\/\/www.les-balcons.com\/en\/?s={search_term_string}"},"query-input":{"@type":"PropertyValueSpecification","valueRequired":true,"valueName":"search_term_string"}}],"inLanguage":"en-US"},{"@type":"Organization","@id":"https:\/\/www.les-balcons.com\/en\/#organization","name":"Les Balcons","url":"https:\/\/www.les-balcons.com\/en\/","logo":{"@type":"ImageObject","inLanguage":"en-US","@id":"https:\/\/www.les-balcons.com\/en\/#\/schema\/logo\/image\/","url":"https:\/\/les-balcons.com\/wp-content\/uploads\/communs\/logos-et-gammes\/logo-les-balcons-base.png","contentUrl":"https:\/\/les-balcons.com\/wp-content\/uploads\/communs\/logos-et-gammes\/logo-les-balcons-base.png","width":3508,"height":2481,"caption":"Les Balcons"},"image":{"@id":"https:\/\/www.les-balcons.com\/en\/#\/schema\/logo\/image\/"}}]}},"uagb_featured_image_src":{"full":false,"thumbnail":false,"medium":false,"medium_large":false,"large":false,"1536x1536":false,"2048x2048":false,"size-365x220":false},"uagb_author_info":{"display_name":"admin_balcons","author_link":"https:\/\/www.les-balcons.com\/en\/author\/admin_balcons\/"},"uagb_comment_info":0,"uagb_excerpt":"An unforgettable ski stay in the Northern Alps ! The northern Alps are the most favorite destination for a ski week-end or holiday. The athletic one will love the ski domains of the station, the activites for the non-skier or to change from a day on the slopes, the villages and the local gastronomy. Kids&hellip;","post_mailing_queue_ids":[],"_links":{"self":[{"href":"https:\/\/www.les-balcons.com\/en\/wp-json\/wp\/v2\/pages\/11273","targetHints":{"allow":["GET"]}}],"collection":[{"href":"https:\/\/www.les-balcons.com\/en\/wp-json\/wp\/v2\/pages"}],"about":[{"href":"https:\/\/www.les-balcons.com\/en\/wp-json\/wp\/v2\/types\/page"}],"author":[{"embeddable":true,"href":"https:\/\/www.les-balcons.com\/en\/wp-json\/wp\/v2\/users\/2"}],"replies":[{"embeddable":true,"href":"https:\/\/www.les-balcons.com\/en\/wp-json\/wp\/v2\/comments?post=11273"}],"version-history":[{"count":0,"href":"https:\/\/www.les-balcons.com\/en\/wp-json\/wp\/v2\/pages\/11273\/revisions"}],"wp:attachment":[{"href":"https:\/\/www.les-balcons.com\/en\/wp-json\/wp\/v2\/media?parent=11273"}],"curies":[{"name":"wp","href":"https:\/\/api.w.org\/{rel}","templated":true}]}}